{"id":6559,"date":"2021-03-17T15:43:08","date_gmt":"2021-03-17T14:43:08","guid":{"rendered":"https:\/\/copyreu.myskia.net\/en\/?post_type=product&#038;p=6559"},"modified":"2023-10-25T12:59:36","modified_gmt":"2023-10-25T10:59:36","slug":"ciperpy","status":"publish","type":"product","link":"https:\/\/www.copyr.eu\/fr\/prodotto\/ciperpy\/","title":{"rendered":"CIPERPY 1l"},"content":{"rendered":"<p>CIPERPY est un insecticide concentr\u00e9 en micro-\u00e9mulsion aqueuse \u00e0 action destructrice rapide, r\u00e9manente et d\u00e9busquante pour la lutte contre les insectes volants et rampants. Le produit est bas\u00e9 sur deux ingr\u00e9dients actifs\u00a0: la cyperm\u00e9thrine et le pyr\u00e8thre. La cyperm\u00e9thrine est un pyr\u00e9thro\u00efde synth\u00e9tique photostable, particuli\u00e8rement adapt\u00e9 \u00e0 la lutte contre les insectes ayant un impact au niveau sanitaire, couramment utilis\u00e9 pour d\u00e9busquer les insectes pr\u00e9sents dans les fissures et les crevasses et en raison de son pouvoir r\u00e9manent. En revanche, le pyr\u00e8thre est un principe actif naturel pr\u00e9sentant une tr\u00e8s faible toxicit\u00e9 pour l&#8217;homme et les animaux \u00e0 sang chaud.<\/p>\n<h2>INSECTES CIBL\u00c9S<\/h2>\n<p>CIPERPY est actif contre les insectes volants dont la mouche (<em>Musca domestica<\/em>), le moustique-tigre (<em>Aedes albopictus<\/em>), et les insectes rampants dont la blatte et le cafard (<em>Blattella germanica<\/em>), la fourmi (<em>Lasius Niger<\/em>), la punaise de lit (<em>Halyomorpha halys<\/em>) et les ravageurs des denr\u00e9es alimentaires (<em>Plodia interpunctella<\/em> ou charan\u00e7on).<\/p>\n<h2>CADRES D\u2019UTILISATION<\/h2>\n<p>CIPERPY est indiqu\u00e9 pour la d\u00e9sinsectisation des zones collectives (zones urbaines, bureaux, cantines, h\u00f4tels, restaurants, th\u00e9\u00e2tres, cuisines, campings, stations touristiques, b\u00e2timents publics y compris h\u00f4pitaux, \u00e9coles, cliniques et casernes), des zones r\u00e9sidentielles (appartements, maisons, cuisines, auvents, garages, all\u00e9es, jardins, espaces verts en g\u00e9n\u00e9ral), des zones de production, des industries alimentaires (en l&#8217;absence de contact direct avec les denr\u00e9es), fromageries, laiteries, lieux d\u2019affinage, de stockage de charcuterie, moulins, silos, abattoirs, usines de tabac, entrep\u00f4ts et locaux utilis\u00e9s pour la production de cigarettes et le stockage du tabac, lieux vou\u00e9s \u00e0 l&#8217;\u00e9levage (fermes, abris pour animaux, \u00e9tables, chenils, man\u00e8ges), moyens de transport (m\u00e9tros, bus, camions, cales de bateaux, wagons de chemin de fer, moyens de transport de personnes, d&#8217;animaux ou de marchandises), usines de compostage, d\u00e9charges, \u00e9purateurs, \u00e9gouts, canalisations. CIPERPY convient aussi bien \u00e0 l&#8217;ext\u00e9rieur qu&#8217;\u00e0 l&#8217;int\u00e9rieur des environnements domestiques\u00a0: murs, fissures, sols, le long des montants des portes et des fen\u00eatres, sur les plinthes des sols, dans les caves, les entrep\u00f4ts, \u00e0 proximit\u00e9 des chenils, des abris pour chiens et chats. Dans les locaux, l&#8217;action insecticide persiste pendant plusieurs semaines (4-6). Le traitement antiparasitaire peut \u00eatre \u00e9tendu aux pelouses, aux haies, aux buissons, aux all\u00e9es bord\u00e9es d&#8217;arbres pour la lutte contre les moustiques uniquement.<\/p>\n<p><strong>Formule de nouvelle g\u00e9n\u00e9ration avec le synergiste MGK-264.<\/strong><\/p>\n","protected":false},"excerpt":{"rendered":"<p>Insecticide acaricide concentr\u00e9 en micro-\u00e9mulsion aqueuse \u00e0 action destructrice rapide, r\u00e9manente et d\u00e9busquante.\u00a0 Pour usage professionnel, civil et domestique.<\/p>\n","protected":false},"featured_media":8217,"comment_status":"open","ping_status":"closed","template":"","meta":{"content-type":""},"product_cat":[22],"product_tag":[],"malattie-piante":[],"infestanti-ambiente":[1122,1123,1130,1121,1131,1119,1120],"infestanti-piante":[],"utilizzo":[759],"yoast_head":"<!-- This site is optimized with the Yoast SEO plugin v17.0 - https:\/\/yoast.com\/wordpress\/plugins\/seo\/ -->\n<title>CIPERPY 1l - copyr.eu FR<\/title>\n<meta name=\"robots\" content=\"index, follow, max-snippet:-1, max-image-preview:large, max-video-preview:-1\" \/>\n<link rel=\"canonical\" href=\"https:\/\/www.copyr.eu\/fr\/prodotto\/ciperpy\/\" \/>\n<meta property=\"og:locale\" content=\"fr_FR\" \/>\n<meta property=\"og:type\" content=\"article\" \/>\n<meta property=\"og:title\" content=\"CIPERPY 1l - copyr.eu FR\" \/>\n<meta property=\"og:description\" content=\"Insecticide acaricide concentr\u00e9 en micro-\u00e9mulsion aqueuse \u00e0 action destructrice rapide, r\u00e9manente et d\u00e9busquante.\u00a0 Pour usage professionnel, civil et domestique.\" \/>\n<meta property=\"og:url\" content=\"https:\/\/www.copyr.eu\/fr\/prodotto\/ciperpy\/\" \/>\n<meta property=\"og:site_name\" content=\"copyr.eu FR\" \/>\n<meta property=\"article:modified_time\" content=\"2023-10-25T10:59:36+00:00\" \/>\n<meta property=\"og:image\" content=\"https:\/\/www.copyr.eu\/fr\/wp-content\/uploads\/sites\/11\/2020\/07\/1531015_Ciperpy-1L.jpg\" \/>\n\t<meta property=\"og:image:width\" content=\"1500\" \/>\n\t<meta property=\"og:image:height\" content=\"1499\" \/>\n<meta name=\"twitter:card\" content=\"summary_large_image\" \/>\n<meta name=\"twitter:label1\" content=\"Dur\u00e9e de lecture est.\" \/>\n\t<meta name=\"twitter:data1\" content=\"2 minutes\" \/>\n<script type=\"application\/ld+json\" class=\"yoast-schema-graph\">{\"@context\":\"https:\/\/schema.org\",\"@graph\":[{\"@type\":\"WebSite\",\"@id\":\"https:\/\/www.copyr.eu\/fr\/#website\",\"url\":\"https:\/\/www.copyr.eu\/fr\/\",\"name\":\"copyr.eu FR\",\"description\":\"Migliorare la qualit\\u00e0, la sicurezza e l&#039;igiene dei luoghi in cui viviamo\",\"potentialAction\":[{\"@type\":\"SearchAction\",\"target\":{\"@type\":\"EntryPoint\",\"urlTemplate\":\"https:\/\/www.copyr.eu\/fr\/?s={search_term_string}\"},\"query-input\":\"required name=search_term_string\"}],\"inLanguage\":\"fr-FR\"},{\"@type\":\"ImageObject\",\"@id\":\"https:\/\/www.copyr.eu\/fr\/prodotto\/ciperpy\/#primaryimage\",\"inLanguage\":\"fr-FR\",\"url\":\"https:\/\/www.copyr.eu\/fr\/wp-content\/uploads\/sites\/11\/2020\/07\/1531015_Ciperpy-1L.jpg\",\"contentUrl\":\"https:\/\/www.copyr.eu\/fr\/wp-content\/uploads\/sites\/11\/2020\/07\/1531015_Ciperpy-1L.jpg\",\"width\":1500,\"height\":1499,\"caption\":\"CIPERPY LT 1 | Copyr\"},{\"@type\":\"WebPage\",\"@id\":\"https:\/\/www.copyr.eu\/fr\/prodotto\/ciperpy\/#webpage\",\"url\":\"https:\/\/www.copyr.eu\/fr\/prodotto\/ciperpy\/\",\"name\":\"CIPERPY 1l - copyr.eu FR\",\"isPartOf\":{\"@id\":\"https:\/\/www.copyr.eu\/fr\/#website\"},\"primaryImageOfPage\":{\"@id\":\"https:\/\/www.copyr.eu\/fr\/prodotto\/ciperpy\/#primaryimage\"},\"datePublished\":\"2021-03-17T14:43:08+00:00\",\"dateModified\":\"2023-10-25T10:59:36+00:00\",\"breadcrumb\":{\"@id\":\"https:\/\/www.copyr.eu\/fr\/prodotto\/ciperpy\/#breadcrumb\"},\"inLanguage\":\"fr-FR\",\"potentialAction\":[{\"@type\":\"ReadAction\",\"target\":[\"https:\/\/www.copyr.eu\/fr\/prodotto\/ciperpy\/\"]}]},{\"@type\":\"BreadcrumbList\",\"@id\":\"https:\/\/www.copyr.eu\/fr\/prodotto\/ciperpy\/#breadcrumb\",\"itemListElement\":[{\"@type\":\"ListItem\",\"position\":1,\"name\":\"Home\",\"item\":\"https:\/\/www.copyr.eu\/fr\/\"},{\"@type\":\"ListItem\",\"position\":2,\"name\":\"All products\",\"item\":\"https:\/\/www.copyr.eu\/fr\/all-products\/\"},{\"@type\":\"ListItem\",\"position\":3,\"name\":\"CIPERPY 1l\"}]}]}<\/script>\n<!-- \/ Yoast SEO plugin. -->","yoast_head_json":{"title":"CIPERPY 1l - copyr.eu FR","robots":{"index":"index","follow":"follow","max-snippet":"max-snippet:-1","max-image-preview":"max-image-preview:large","max-video-preview":"max-video-preview:-1"},"canonical":"https:\/\/www.copyr.eu\/fr\/prodotto\/ciperpy\/","og_locale":"fr_FR","og_type":"article","og_title":"CIPERPY 1l - copyr.eu FR","og_description":"Insecticide acaricide concentr\u00e9 en micro-\u00e9mulsion aqueuse \u00e0 action destructrice rapide, r\u00e9manente et d\u00e9busquante.\u00a0 Pour usage professionnel, civil et domestique.","og_url":"https:\/\/www.copyr.eu\/fr\/prodotto\/ciperpy\/","og_site_name":"copyr.eu FR","article_modified_time":"2023-10-25T10:59:36+00:00","og_image":[{"width":1500,"height":1499,"url":"https:\/\/www.copyr.eu\/fr\/wp-content\/uploads\/sites\/11\/2020\/07\/1531015_Ciperpy-1L.jpg","path":"\/var\/www\/vhosts\/copyr.eu\/httpdocs\/wp-content\/uploads\/sites\/11\/2020\/07\/1531015_Ciperpy-1L.jpg","size":"full","id":8217,"alt":"CIPERPY LT 1 | Copyr","pixels":2248500,"type":"image\/jpeg"}],"twitter_card":"summary_large_image","twitter_misc":{"Dur\u00e9e de lecture est.":"2 minutes"},"schema":{"@context":"https:\/\/schema.org","@graph":[{"@type":"WebSite","@id":"https:\/\/www.copyr.eu\/fr\/#website","url":"https:\/\/www.copyr.eu\/fr\/","name":"copyr.eu FR","description":"Migliorare la qualit\u00e0, la sicurezza e l&#039;igiene dei luoghi in cui viviamo","potentialAction":[{"@type":"SearchAction","target":{"@type":"EntryPoint","urlTemplate":"https:\/\/www.copyr.eu\/fr\/?s={search_term_string}"},"query-input":"required name=search_term_string"}],"inLanguage":"fr-FR"},{"@type":"ImageObject","@id":"https:\/\/www.copyr.eu\/fr\/prodotto\/ciperpy\/#primaryimage","inLanguage":"fr-FR","url":"https:\/\/www.copyr.eu\/fr\/wp-content\/uploads\/sites\/11\/2020\/07\/1531015_Ciperpy-1L.jpg","contentUrl":"https:\/\/www.copyr.eu\/fr\/wp-content\/uploads\/sites\/11\/2020\/07\/1531015_Ciperpy-1L.jpg","width":1500,"height":1499,"caption":"CIPERPY LT 1 | Copyr"},{"@type":"WebPage","@id":"https:\/\/www.copyr.eu\/fr\/prodotto\/ciperpy\/#webpage","url":"https:\/\/www.copyr.eu\/fr\/prodotto\/ciperpy\/","name":"CIPERPY 1l - copyr.eu FR","isPartOf":{"@id":"https:\/\/www.copyr.eu\/fr\/#website"},"primaryImageOfPage":{"@id":"https:\/\/www.copyr.eu\/fr\/prodotto\/ciperpy\/#primaryimage"},"datePublished":"2021-03-17T14:43:08+00:00","dateModified":"2023-10-25T10:59:36+00:00","breadcrumb":{"@id":"https:\/\/www.copyr.eu\/fr\/prodotto\/ciperpy\/#breadcrumb"},"inLanguage":"fr-FR","potentialAction":[{"@type":"ReadAction","target":["https:\/\/www.copyr.eu\/fr\/prodotto\/ciperpy\/"]}]},{"@type":"BreadcrumbList","@id":"https:\/\/www.copyr.eu\/fr\/prodotto\/ciperpy\/#breadcrumb","itemListElement":[{"@type":"ListItem","position":1,"name":"Home","item":"https:\/\/www.copyr.eu\/fr\/"},{"@type":"ListItem","position":2,"name":"All products","item":"https:\/\/www.copyr.eu\/fr\/all-products\/"},{"@type":"ListItem","position":3,"name":"CIPERPY 1l"}]}]}},"_links":{"self":[{"href":"https:\/\/www.copyr.eu\/fr\/wp-json\/wp\/v2\/product\/6559"}],"collection":[{"href":"https:\/\/www.copyr.eu\/fr\/wp-json\/wp\/v2\/product"}],"about":[{"href":"https:\/\/www.copyr.eu\/fr\/wp-json\/wp\/v2\/types\/product"}],"replies":[{"embeddable":true,"href":"https:\/\/www.copyr.eu\/fr\/wp-json\/wp\/v2\/comments?post=6559"}],"wp:featuredmedia":[{"embeddable":true,"href":"https:\/\/www.copyr.eu\/fr\/wp-json\/wp\/v2\/media\/8217"}],"wp:attachment":[{"href":"https:\/\/www.copyr.eu\/fr\/wp-json\/wp\/v2\/media?parent=6559"}],"wp:term":[{"taxonomy":"product_cat","embeddable":true,"href":"https:\/\/www.copyr.eu\/fr\/wp-json\/wp\/v2\/product_cat?post=6559"},{"taxonomy":"product_tag","embeddable":true,"href":"https:\/\/www.copyr.eu\/fr\/wp-json\/wp\/v2\/product_tag?post=6559"},{"taxonomy":"malattie-piante","embeddable":true,"href":"https:\/\/www.copyr.eu\/fr\/wp-json\/wp\/v2\/malattie-piante?post=6559"},{"taxonomy":"infestanti-ambiente","embeddable":true,"href":"https:\/\/www.copyr.eu\/fr\/wp-json\/wp\/v2\/infestanti-ambiente?post=6559"},{"taxonomy":"infestanti-piante","embeddable":true,"href":"https:\/\/www.copyr.eu\/fr\/wp-json\/wp\/v2\/infestanti-piante?post=6559"},{"taxonomy":"utilizzo","embeddable":true,"href":"https:\/\/www.copyr.eu\/fr\/wp-json\/wp\/v2\/utilizzo?post=6559"}],"curies":[{"name":"wp","href":"https:\/\/api.w.org\/{rel}","templated":true}]}}