{"id":5320,"date":"2022-04-29T12:08:48","date_gmt":"2022-04-29T10:08:48","guid":{"rendered":"https:\/\/www.copyr.eu\/fr\/prodotto\/only-py-1-l-870010\/"},"modified":"2023-10-25T11:20:59","modified_gmt":"2023-10-25T09:20:59","slug":"only-py-1-l","status":"publish","type":"product","link":"https:\/\/www.copyr.eu\/fr\/prodotto\/only-py-1-l\/","title":{"rendered":"ONLY PY 1 L"},"content":{"rendered":"<p>ONLY PY est un insecticide liquide concentr\u00e9 \u00e9mulsionnable \u00e0 base uniquement de pyr\u00e9thrines.<br \/>\nONLY PY se distingue par une particuli\u00e8re efficacit\u00e9 foudroyante (knock down) et donc une grande rapidit\u00e9 d&#8217;action contre les insectes rampants (blattes et fourmis), volants (mouches et moustiques, dont le moustique tigre) et les ravageurs de denr\u00e9es alimentaires.<br \/>\nONLY PY est efficace contre :<br \/>\n\u2022 les insectes ravageurs de denr\u00e9es : volants (Plodia interpunctella, Ephestia kuehniella, etc.) et rampants (Stegobium paniceum, Lasioderma serricorne, etc.)<br \/>\n\u2022 les insectes rampants (cafards, fourmis et puces)<br \/>\n\u2022 les insectes volants (mouches et moustiques, moustique tigre Aedes albopictus compris)<br \/>\nretrouv\u00e9s dans:<br \/>\n\u2022 les industries alimentaires: fabriques de p\u00e2tes, boulangeries, restaurants, bars, cantines<br \/>\n\u2022 entrep\u00f4ts et silos (en l&#8217;absence de denr\u00e9es alimentaires)<br \/>\n\u2022 milieux ruraux et refuges pour animaux (utilisable en exploitations agro-zootechniques biologiques)<br \/>\n\u2022 maisons, bureaux, boutiques, h\u00f4tels, campings, villages touristiques<br \/>\n\u2022 \u00e9coles, garderies et h\u00f4pitaux<br \/>\n\u2022 moyens de transport: bateaux, trains, autobus, conteneurs sans denr\u00e9es alimentaires<br \/>\n\u2022 espaces verts: haies, jardins, parcs publics et priv\u00e9s, all\u00e9es\/avenues plant\u00e9es d&#8217;arbres et plantes d&#8217;ornement en g\u00e9n\u00e9ral<br \/>\n\u2022 industries en g\u00e9n\u00e9ral<\/p>\n","protected":false},"excerpt":{"rendered":"<p>Insecticide liquide concentr\u00e9 \u00e9mulsionnable.<\/p>\n","protected":false},"featured_media":11325,"comment_status":"closed","ping_status":"closed","template":"","meta":{"content-type":""},"product_cat":[22],"product_tag":[],"malattie-piante":[],"infestanti-ambiente":[1423,1422,1424,1425,1462,1474,1475,1428],"infestanti-piante":[],"utilizzo":[1429],"yoast_head":"<!-- This site is optimized with the Yoast SEO plugin v17.0 - https:\/\/yoast.com\/wordpress\/plugins\/seo\/ -->\n<title>ONLY PY 1 L - copyr.eu FR<\/title>\n<meta name=\"robots\" content=\"index, follow, max-snippet:-1, max-image-preview:large, max-video-preview:-1\" \/>\n<link rel=\"canonical\" href=\"https:\/\/www.copyr.eu\/fr\/prodotto\/only-py-1-l\/\" \/>\n<meta property=\"og:locale\" content=\"fr_FR\" \/>\n<meta property=\"og:type\" content=\"article\" \/>\n<meta property=\"og:title\" content=\"ONLY PY 1 L - copyr.eu FR\" \/>\n<meta property=\"og:description\" content=\"Insecticide liquide concentr\u00e9 \u00e9mulsionnable.\" \/>\n<meta property=\"og:url\" content=\"https:\/\/www.copyr.eu\/fr\/prodotto\/only-py-1-l\/\" \/>\n<meta property=\"og:site_name\" content=\"copyr.eu FR\" \/>\n<meta property=\"article:modified_time\" content=\"2023-10-25T09:20:59+00:00\" \/>\n<meta property=\"og:image\" content=\"https:\/\/www.copyr.eu\/fr\/wp-content\/uploads\/sites\/11\/2021\/08\/0870010_ONLY-PY-1L.jpg\" \/>\n\t<meta property=\"og:image:width\" content=\"1500\" \/>\n\t<meta property=\"og:image:height\" content=\"1500\" \/>\n<meta name=\"twitter:card\" content=\"summary_large_image\" \/>\n<meta name=\"twitter:label1\" content=\"Dur\u00e9e de lecture est.\" \/>\n\t<meta name=\"twitter:data1\" content=\"1 minute\" \/>\n<script type=\"application\/ld+json\" class=\"yoast-schema-graph\">{\"@context\":\"https:\/\/schema.org\",\"@graph\":[{\"@type\":\"WebSite\",\"@id\":\"https:\/\/www.copyr.eu\/fr\/#website\",\"url\":\"https:\/\/www.copyr.eu\/fr\/\",\"name\":\"copyr.eu FR\",\"description\":\"Migliorare la qualit\\u00e0, la sicurezza e l&#039;igiene dei luoghi in cui viviamo\",\"potentialAction\":[{\"@type\":\"SearchAction\",\"target\":{\"@type\":\"EntryPoint\",\"urlTemplate\":\"https:\/\/www.copyr.eu\/fr\/?s={search_term_string}\"},\"query-input\":\"required name=search_term_string\"}],\"inLanguage\":\"fr-FR\"},{\"@type\":\"ImageObject\",\"@id\":\"https:\/\/www.copyr.eu\/fr\/prodotto\/only-py-1-l\/#primaryimage\",\"inLanguage\":\"fr-FR\",\"url\":\"https:\/\/www.copyr.eu\/fr\/wp-content\/uploads\/sites\/11\/2021\/08\/0870010_ONLY-PY-1L.jpg\",\"contentUrl\":\"https:\/\/www.copyr.eu\/fr\/wp-content\/uploads\/sites\/11\/2021\/08\/0870010_ONLY-PY-1L.jpg\",\"width\":\"1500\",\"height\":\"1500\"},{\"@type\":\"WebPage\",\"@id\":\"https:\/\/www.copyr.eu\/fr\/prodotto\/only-py-1-l\/#webpage\",\"url\":\"https:\/\/www.copyr.eu\/fr\/prodotto\/only-py-1-l\/\",\"name\":\"ONLY PY 1 L - copyr.eu FR\",\"isPartOf\":{\"@id\":\"https:\/\/www.copyr.eu\/fr\/#website\"},\"primaryImageOfPage\":{\"@id\":\"https:\/\/www.copyr.eu\/fr\/prodotto\/only-py-1-l\/#primaryimage\"},\"datePublished\":\"2022-04-29T10:08:48+00:00\",\"dateModified\":\"2023-10-25T09:20:59+00:00\",\"breadcrumb\":{\"@id\":\"https:\/\/www.copyr.eu\/fr\/prodotto\/only-py-1-l\/#breadcrumb\"},\"inLanguage\":\"fr-FR\",\"potentialAction\":[{\"@type\":\"ReadAction\",\"target\":[\"https:\/\/www.copyr.eu\/fr\/prodotto\/only-py-1-l\/\"]}]},{\"@type\":\"BreadcrumbList\",\"@id\":\"https:\/\/www.copyr.eu\/fr\/prodotto\/only-py-1-l\/#breadcrumb\",\"itemListElement\":[{\"@type\":\"ListItem\",\"position\":1,\"name\":\"Home\",\"item\":\"https:\/\/www.copyr.eu\/fr\/\"},{\"@type\":\"ListItem\",\"position\":2,\"name\":\"All products\",\"item\":\"https:\/\/www.copyr.eu\/fr\/all-products\/\"},{\"@type\":\"ListItem\",\"position\":3,\"name\":\"ONLY PY 1 L\"}]}]}<\/script>\n<!-- \/ Yoast SEO plugin. -->","yoast_head_json":{"title":"ONLY PY 1 L - copyr.eu FR","robots":{"index":"index","follow":"follow","max-snippet":"max-snippet:-1","max-image-preview":"max-image-preview:large","max-video-preview":"max-video-preview:-1"},"canonical":"https:\/\/www.copyr.eu\/fr\/prodotto\/only-py-1-l\/","og_locale":"fr_FR","og_type":"article","og_title":"ONLY PY 1 L - copyr.eu FR","og_description":"Insecticide liquide concentr\u00e9 \u00e9mulsionnable.","og_url":"https:\/\/www.copyr.eu\/fr\/prodotto\/only-py-1-l\/","og_site_name":"copyr.eu FR","article_modified_time":"2023-10-25T09:20:59+00:00","og_image":[{"width":"1500","height":"1500","url":"https:\/\/www.copyr.eu\/fr\/wp-content\/uploads\/sites\/11\/2021\/08\/0870010_ONLY-PY-1L.jpg","path":"\/var\/www\/vhosts\/copyr.eu\/httpdocs\/wp-content\/uploads\/sites\/11\/2021\/08\/0870010_ONLY-PY-1L.jpg","size":"full","id":11325,"alt":"","pixels":2250000,"type":"image\/jpeg"}],"twitter_card":"summary_large_image","twitter_misc":{"Dur\u00e9e de lecture est.":"1 minute"},"schema":{"@context":"https:\/\/schema.org","@graph":[{"@type":"WebSite","@id":"https:\/\/www.copyr.eu\/fr\/#website","url":"https:\/\/www.copyr.eu\/fr\/","name":"copyr.eu FR","description":"Migliorare la qualit\u00e0, la sicurezza e l&#039;igiene dei luoghi in cui viviamo","potentialAction":[{"@type":"SearchAction","target":{"@type":"EntryPoint","urlTemplate":"https:\/\/www.copyr.eu\/fr\/?s={search_term_string}"},"query-input":"required name=search_term_string"}],"inLanguage":"fr-FR"},{"@type":"ImageObject","@id":"https:\/\/www.copyr.eu\/fr\/prodotto\/only-py-1-l\/#primaryimage","inLanguage":"fr-FR","url":"https:\/\/www.copyr.eu\/fr\/wp-content\/uploads\/sites\/11\/2021\/08\/0870010_ONLY-PY-1L.jpg","contentUrl":"https:\/\/www.copyr.eu\/fr\/wp-content\/uploads\/sites\/11\/2021\/08\/0870010_ONLY-PY-1L.jpg","width":"1500","height":"1500"},{"@type":"WebPage","@id":"https:\/\/www.copyr.eu\/fr\/prodotto\/only-py-1-l\/#webpage","url":"https:\/\/www.copyr.eu\/fr\/prodotto\/only-py-1-l\/","name":"ONLY PY 1 L - copyr.eu FR","isPartOf":{"@id":"https:\/\/www.copyr.eu\/fr\/#website"},"primaryImageOfPage":{"@id":"https:\/\/www.copyr.eu\/fr\/prodotto\/only-py-1-l\/#primaryimage"},"datePublished":"2022-04-29T10:08:48+00:00","dateModified":"2023-10-25T09:20:59+00:00","breadcrumb":{"@id":"https:\/\/www.copyr.eu\/fr\/prodotto\/only-py-1-l\/#breadcrumb"},"inLanguage":"fr-FR","potentialAction":[{"@type":"ReadAction","target":["https:\/\/www.copyr.eu\/fr\/prodotto\/only-py-1-l\/"]}]},{"@type":"BreadcrumbList","@id":"https:\/\/www.copyr.eu\/fr\/prodotto\/only-py-1-l\/#breadcrumb","itemListElement":[{"@type":"ListItem","position":1,"name":"Home","item":"https:\/\/www.copyr.eu\/fr\/"},{"@type":"ListItem","position":2,"name":"All products","item":"https:\/\/www.copyr.eu\/fr\/all-products\/"},{"@type":"ListItem","position":3,"name":"ONLY PY 1 L"}]}]}},"_links":{"self":[{"href":"https:\/\/www.copyr.eu\/fr\/wp-json\/wp\/v2\/product\/5320"}],"collection":[{"href":"https:\/\/www.copyr.eu\/fr\/wp-json\/wp\/v2\/product"}],"about":[{"href":"https:\/\/www.copyr.eu\/fr\/wp-json\/wp\/v2\/types\/product"}],"replies":[{"embeddable":true,"href":"https:\/\/www.copyr.eu\/fr\/wp-json\/wp\/v2\/comments?post=5320"}],"wp:featuredmedia":[{"embeddable":true,"href":"https:\/\/www.copyr.eu\/fr\/wp-json\/wp\/v2\/media\/11325"}],"wp:attachment":[{"href":"https:\/\/www.copyr.eu\/fr\/wp-json\/wp\/v2\/media?parent=5320"}],"wp:term":[{"taxonomy":"product_cat","embeddable":true,"href":"https:\/\/www.copyr.eu\/fr\/wp-json\/wp\/v2\/product_cat?post=5320"},{"taxonomy":"product_tag","embeddable":true,"href":"https:\/\/www.copyr.eu\/fr\/wp-json\/wp\/v2\/product_tag?post=5320"},{"taxonomy":"malattie-piante","embeddable":true,"href":"https:\/\/www.copyr.eu\/fr\/wp-json\/wp\/v2\/malattie-piante?post=5320"},{"taxonomy":"infestanti-ambiente","embeddable":true,"href":"https:\/\/www.copyr.eu\/fr\/wp-json\/wp\/v2\/infestanti-ambiente?post=5320"},{"taxonomy":"infestanti-piante","embeddable":true,"href":"https:\/\/www.copyr.eu\/fr\/wp-json\/wp\/v2\/infestanti-piante?post=5320"},{"taxonomy":"utilizzo","embeddable":true,"href":"https:\/\/www.copyr.eu\/fr\/wp-json\/wp\/v2\/utilizzo?post=5320"}],"curies":[{"name":"wp","href":"https:\/\/api.w.org\/{rel}","templated":true}]}}