{"id":5002,"date":"2020-02-07T16:16:52","date_gmt":"2020-02-07T15:16:52","guid":{"rendered":"https:\/\/www.copyr.eu\/fr\/prodotto\/nebulo-evo-3205300\/"},"modified":"2023-10-25T16:24:33","modified_gmt":"2023-10-25T14:24:33","slug":"nebulo-evo-3205300","status":"publish","type":"product","link":"https:\/\/www.copyr.eu\/fr\/prodotto\/nebulo-evo-3205300\/","title":{"rendered":"NEBULO\u00ae EVO"},"content":{"rendered":"<p>Nebulo\u00ae Evo est le n\u00e9buliseur innovant de Copyr, d\u00e9sormais encore plus polyvalent gr\u00e2ce au tube d&#8217;extension qui \u00e9largit son potentiel d&#8217;intervention par rapport \u00e0 Nebulo\u00ae Europa. Les principales caract\u00e9ristiques de Nebulo\u00ae Evo sont les suivantes\u00a0:<\/p>\n<p>&nbsp;<\/p>\n<ul>\n<li>Structure en mat\u00e9riau thermoplastique r\u00e9sistant aux chocs et aux agents chimiques<\/li>\n<li>Moteur \u00e9lectrique puissant<\/li>\n<li>Buse puissante et performante situ\u00e9e \u00e0 l&#8217;int\u00e9rieur de la t\u00eate de pulv\u00e9risation compacte<\/li>\n<li>Syst\u00e8me \u00e0 enclenchement pour le r\u00e9glage du d\u00e9bit<\/li>\n<li>R\u00e9servoir avec bouchon de recharge Nebulo\u00ae Evo pouvant \u00eatre utilis\u00e9\u00a0:<\/li>\n<li>\u00e0 la main (utilisation traditionnelle)<\/li>\n<li>sur l&#8217;\u00e9paule, gr\u00e2ce au sac \u00e0 dos (option) qui le rend encore plus ergonomique.<\/li>\n<\/ul>\n<p>&nbsp;<\/p>\n<p>De plus, gr\u00e2ce au tube d&#8217;extension (option), il est possible de diriger le jet de mani\u00e8re optimale et d&#8217;atteindre m\u00eame les endroits inaccessibles. Le r\u00e9gulateur de d\u00e9bit permet de toujours savoir quelle quantit\u00e9 de solution on vaporise (60 \u00e0 220 ml par minute, en fonction du niveau de viscosit\u00e9 du liquide \u00e0 atomiser). Quelle que soit la quantit\u00e9 de solution n\u00e9bulis\u00e9e, Nebulo\u00ae Evo produit toujours un brouillard optimal, compos\u00e9 de gouttelettes d&#8217;un diam\u00e8tre compris entre 5 et 30 microns (spectre ULV). Les gouttelettes comprises dans ce spectre peuvent \u00eatre class\u00e9es comme suit : 70 % inf\u00e9rieures \u00e0 10 \u00b5m, 20 % entre 10 et 20 \u00b5m et seulement 10 % sup\u00e9rieures \u00e0 20 \u00b5m. Ces tailles permettent \u00e0 la solution de flotter plus longtemps dans l&#8217;air et d&#8217;arriver id\u00e9alement sur la zone \u00e0 traiter, garantissant ainsi un rendement maximal du produit.<\/p>\n<p style=\"background-color: #239d46; padding: 10px; margin-bottom: 30px; width: 200px; text-align: center;\"><a style=\"color: #ffffff; text-decoration: none; text-transformation: uppercase;\" href=\"https:\/\/copyreu.myskia.net\/en\/wp-content\/uploads\/sites\/11\/2020\/02\/NEBULO_EVO_NEBUROTOR_MANUALE_USO_Rev2_ITA.pdf\">Owner&#8217;s Manual<\/a><\/p>\n","protected":false},"excerpt":{"rendered":"<p><strong>Absente<\/strong> N\u00e9buliseur \u00e9lectrique \u00e0 froid ULV<\/p>\n","protected":false},"featured_media":8815,"comment_status":"closed","ping_status":"closed","template":"","meta":{"content-type":""},"product_cat":[25],"product_tag":[],"malattie-piante":[],"infestanti-ambiente":[],"infestanti-piante":[],"utilizzo":[759],"yoast_head":"<!-- This site is optimized with the Yoast SEO plugin v17.0 - https:\/\/yoast.com\/wordpress\/plugins\/seo\/ -->\n<title>NEBULO\u00ae EVO 3205300<\/title>\n<meta name=\"robots\" content=\"index, follow, max-snippet:-1, max-image-preview:large, max-video-preview:-1\" \/>\n<link rel=\"canonical\" href=\"https:\/\/www.copyr.eu\/fr\/prodotto\/nebulo-evo-3205300\/\" \/>\n<meta property=\"og:locale\" content=\"fr_FR\" \/>\n<meta property=\"og:type\" content=\"article\" \/>\n<meta property=\"og:title\" content=\"NEBULO\u00ae EVO 3205300\" \/>\n<meta property=\"og:description\" content=\"Nebulizzatore elettrico a freddo ULV con prolunga\" \/>\n<meta property=\"og:url\" content=\"https:\/\/www.copyr.eu\/fr\/prodotto\/nebulo-evo-3205300\/\" \/>\n<meta property=\"og:site_name\" content=\"copyr.eu FR\" \/>\n<meta property=\"article:modified_time\" content=\"2023-10-25T14:24:33+00:00\" \/>\n<meta property=\"og:image\" content=\"https:\/\/www.copyr.eu\/fr\/wp-content\/uploads\/sites\/11\/2020\/02\/3205303_Nebulo-Evo_senza-prolunga.jpg\" \/>\n\t<meta property=\"og:image:width\" content=\"1500\" \/>\n\t<meta property=\"og:image:height\" content=\"1500\" \/>\n<meta name=\"twitter:card\" content=\"summary_large_image\" \/>\n<meta name=\"twitter:title\" content=\"NEBULO\u00ae EVO 3205300\" \/>\n<meta name=\"twitter:description\" content=\"Nebulizzatore elettrico a freddo ULV con prolunga\" \/>\n<meta name=\"twitter:label1\" content=\"Dur\u00e9e de lecture est.\" \/>\n\t<meta name=\"twitter:data1\" content=\"1 minute\" \/>\n<script type=\"application\/ld+json\" class=\"yoast-schema-graph\">{\"@context\":\"https:\/\/schema.org\",\"@graph\":[{\"@type\":\"WebSite\",\"@id\":\"https:\/\/www.copyr.eu\/fr\/#website\",\"url\":\"https:\/\/www.copyr.eu\/fr\/\",\"name\":\"copyr.eu FR\",\"description\":\"Migliorare la qualit\\u00e0, la sicurezza e l&#039;igiene dei luoghi in cui viviamo\",\"potentialAction\":[{\"@type\":\"SearchAction\",\"target\":{\"@type\":\"EntryPoint\",\"urlTemplate\":\"https:\/\/www.copyr.eu\/fr\/?s={search_term_string}\"},\"query-input\":\"required name=search_term_string\"}],\"inLanguage\":\"fr-FR\"},{\"@type\":\"ImageObject\",\"@id\":\"https:\/\/www.copyr.eu\/fr\/prodotto\/nebulo-evo-3205300\/#primaryimage\",\"inLanguage\":\"fr-FR\",\"url\":\"https:\/\/www.copyr.eu\/fr\/wp-content\/uploads\/sites\/11\/2020\/02\/3205303_Nebulo-Evo_senza-prolunga.jpg\",\"contentUrl\":\"https:\/\/www.copyr.eu\/fr\/wp-content\/uploads\/sites\/11\/2020\/02\/3205303_Nebulo-Evo_senza-prolunga.jpg\",\"width\":1500,\"height\":1500,\"caption\":\"NEBULO EVO\"},{\"@type\":\"WebPage\",\"@id\":\"https:\/\/www.copyr.eu\/fr\/prodotto\/nebulo-evo-3205300\/#webpage\",\"url\":\"https:\/\/www.copyr.eu\/fr\/prodotto\/nebulo-evo-3205300\/\",\"name\":\"NEBULO\\u00ae EVO 3205300\",\"isPartOf\":{\"@id\":\"https:\/\/www.copyr.eu\/fr\/#website\"},\"primaryImageOfPage\":{\"@id\":\"https:\/\/www.copyr.eu\/fr\/prodotto\/nebulo-evo-3205300\/#primaryimage\"},\"datePublished\":\"2020-02-07T15:16:52+00:00\",\"dateModified\":\"2023-10-25T14:24:33+00:00\",\"breadcrumb\":{\"@id\":\"https:\/\/www.copyr.eu\/fr\/prodotto\/nebulo-evo-3205300\/#breadcrumb\"},\"inLanguage\":\"fr-FR\",\"potentialAction\":[{\"@type\":\"ReadAction\",\"target\":[\"https:\/\/www.copyr.eu\/fr\/prodotto\/nebulo-evo-3205300\/\"]}]},{\"@type\":\"BreadcrumbList\",\"@id\":\"https:\/\/www.copyr.eu\/fr\/prodotto\/nebulo-evo-3205300\/#breadcrumb\",\"itemListElement\":[{\"@type\":\"ListItem\",\"position\":1,\"name\":\"Home\",\"item\":\"https:\/\/www.copyr.eu\/fr\/\"},{\"@type\":\"ListItem\",\"position\":2,\"name\":\"All products\",\"item\":\"https:\/\/www.copyr.eu\/fr\/all-products\/\"},{\"@type\":\"ListItem\",\"position\":3,\"name\":\"NEBULO\\u00ae EVO\"}]}]}<\/script>\n<!-- \/ Yoast SEO plugin. -->","yoast_head_json":{"title":"NEBULO\u00ae EVO 3205300","robots":{"index":"index","follow":"follow","max-snippet":"max-snippet:-1","max-image-preview":"max-image-preview:large","max-video-preview":"max-video-preview:-1"},"canonical":"https:\/\/www.copyr.eu\/fr\/prodotto\/nebulo-evo-3205300\/","og_locale":"fr_FR","og_type":"article","og_title":"NEBULO\u00ae EVO 3205300","og_description":"Nebulizzatore elettrico a freddo ULV con prolunga","og_url":"https:\/\/www.copyr.eu\/fr\/prodotto\/nebulo-evo-3205300\/","og_site_name":"copyr.eu FR","article_modified_time":"2023-10-25T14:24:33+00:00","og_image":[{"width":1500,"height":1500,"url":"https:\/\/www.copyr.eu\/fr\/wp-content\/uploads\/sites\/11\/2020\/02\/3205303_Nebulo-Evo_senza-prolunga.jpg","path":"\/var\/www\/vhosts\/copyr.eu\/httpdocs\/wp-content\/uploads\/sites\/11\/2020\/02\/3205303_Nebulo-Evo_senza-prolunga.jpg","size":"full","id":8815,"alt":"NEBULO EVO","pixels":2250000,"type":"image\/jpeg"}],"twitter_card":"summary_large_image","twitter_title":"NEBULO\u00ae EVO 3205300","twitter_description":"Nebulizzatore elettrico a freddo ULV con prolunga","twitter_misc":{"Dur\u00e9e de lecture est.":"1 minute"},"schema":{"@context":"https:\/\/schema.org","@graph":[{"@type":"WebSite","@id":"https:\/\/www.copyr.eu\/fr\/#website","url":"https:\/\/www.copyr.eu\/fr\/","name":"copyr.eu FR","description":"Migliorare la qualit\u00e0, la sicurezza e l&#039;igiene dei luoghi in cui viviamo","potentialAction":[{"@type":"SearchAction","target":{"@type":"EntryPoint","urlTemplate":"https:\/\/www.copyr.eu\/fr\/?s={search_term_string}"},"query-input":"required name=search_term_string"}],"inLanguage":"fr-FR"},{"@type":"ImageObject","@id":"https:\/\/www.copyr.eu\/fr\/prodotto\/nebulo-evo-3205300\/#primaryimage","inLanguage":"fr-FR","url":"https:\/\/www.copyr.eu\/fr\/wp-content\/uploads\/sites\/11\/2020\/02\/3205303_Nebulo-Evo_senza-prolunga.jpg","contentUrl":"https:\/\/www.copyr.eu\/fr\/wp-content\/uploads\/sites\/11\/2020\/02\/3205303_Nebulo-Evo_senza-prolunga.jpg","width":1500,"height":1500,"caption":"NEBULO EVO"},{"@type":"WebPage","@id":"https:\/\/www.copyr.eu\/fr\/prodotto\/nebulo-evo-3205300\/#webpage","url":"https:\/\/www.copyr.eu\/fr\/prodotto\/nebulo-evo-3205300\/","name":"NEBULO\u00ae EVO 3205300","isPartOf":{"@id":"https:\/\/www.copyr.eu\/fr\/#website"},"primaryImageOfPage":{"@id":"https:\/\/www.copyr.eu\/fr\/prodotto\/nebulo-evo-3205300\/#primaryimage"},"datePublished":"2020-02-07T15:16:52+00:00","dateModified":"2023-10-25T14:24:33+00:00","breadcrumb":{"@id":"https:\/\/www.copyr.eu\/fr\/prodotto\/nebulo-evo-3205300\/#breadcrumb"},"inLanguage":"fr-FR","potentialAction":[{"@type":"ReadAction","target":["https:\/\/www.copyr.eu\/fr\/prodotto\/nebulo-evo-3205300\/"]}]},{"@type":"BreadcrumbList","@id":"https:\/\/www.copyr.eu\/fr\/prodotto\/nebulo-evo-3205300\/#breadcrumb","itemListElement":[{"@type":"ListItem","position":1,"name":"Home","item":"https:\/\/www.copyr.eu\/fr\/"},{"@type":"ListItem","position":2,"name":"All products","item":"https:\/\/www.copyr.eu\/fr\/all-products\/"},{"@type":"ListItem","position":3,"name":"NEBULO\u00ae EVO"}]}]}},"_links":{"self":[{"href":"https:\/\/www.copyr.eu\/fr\/wp-json\/wp\/v2\/product\/5002"}],"collection":[{"href":"https:\/\/www.copyr.eu\/fr\/wp-json\/wp\/v2\/product"}],"about":[{"href":"https:\/\/www.copyr.eu\/fr\/wp-json\/wp\/v2\/types\/product"}],"replies":[{"embeddable":true,"href":"https:\/\/www.copyr.eu\/fr\/wp-json\/wp\/v2\/comments?post=5002"}],"wp:featuredmedia":[{"embeddable":true,"href":"https:\/\/www.copyr.eu\/fr\/wp-json\/wp\/v2\/media\/8815"}],"wp:attachment":[{"href":"https:\/\/www.copyr.eu\/fr\/wp-json\/wp\/v2\/media?parent=5002"}],"wp:term":[{"taxonomy":"product_cat","embeddable":true,"href":"https:\/\/www.copyr.eu\/fr\/wp-json\/wp\/v2\/product_cat?post=5002"},{"taxonomy":"product_tag","embeddable":true,"href":"https:\/\/www.copyr.eu\/fr\/wp-json\/wp\/v2\/product_tag?post=5002"},{"taxonomy":"malattie-piante","embeddable":true,"href":"https:\/\/www.copyr.eu\/fr\/wp-json\/wp\/v2\/malattie-piante?post=5002"},{"taxonomy":"infestanti-ambiente","embeddable":true,"href":"https:\/\/www.copyr.eu\/fr\/wp-json\/wp\/v2\/infestanti-ambiente?post=5002"},{"taxonomy":"infestanti-piante","embeddable":true,"href":"https:\/\/www.copyr.eu\/fr\/wp-json\/wp\/v2\/infestanti-piante?post=5002"},{"taxonomy":"utilizzo","embeddable":true,"href":"https:\/\/www.copyr.eu\/fr\/wp-json\/wp\/v2\/utilizzo?post=5002"}],"curies":[{"name":"wp","href":"https:\/\/api.w.org\/{rel}","templated":true}]}}