{"id":12069,"date":"2024-03-12T12:42:21","date_gmt":"2024-03-12T11:42:21","guid":{"rendered":"https:\/\/www.copyr.eu\/fr\/?post_type=product&#038;p=12069"},"modified":"2024-03-12T12:42:21","modified_gmt":"2024-03-12T11:42:21","slug":"gulp-box-mammoth","status":"publish","type":"product","link":"https:\/\/www.copyr.eu\/fr\/prodotto\/gulp-box-mammoth\/","title":{"rendered":"GULP BOX MAMMOTH"},"content":{"rendered":"<p>Distributeur d&#8217;app\u00e2ts rodenticides noir, avec regard de contr\u00f4le et cl\u00e9 universelle Fabriqu\u00e9 enti\u00e8rement en Italie. R\u00e9alis\u00e9 en mati\u00e8re plastique de 3 mm d&#8217;\u00e9paisseur, r\u00e9sistante aux chocs et aux UV. Adapt\u00e9 \u00e0 une utilisation en int\u00e9rieur et en ext\u00e9rieur, il peut \u00eatre utilis\u00e9 aussi bien contre les souris que contre les rats. Dot\u00e9 d&#8217;une cloison de s\u00e9curit\u00e9 centrale amovible qui emp\u00eache les animaux non cibl\u00e9s d&#8217;entrer en contact avec l&#8217;app\u00e2t. Contient un clip en acier inoxydable et quatre points de fixation verticaux pour le positionnement des app\u00e2ts. \u00c9quip\u00e9 de deux crochets arri\u00e8re pour l&#8217;ancrage et d&#8217;un support qui permet de le d\u00e9tacher rapidement du mur pour un entretien rapide. Crochet de verrouillage rempla\u00e7able en cas de d\u00e9t\u00e9rioration. Utilis\u00e9 en combinaison avec la MOUSE STATION GRANDE, ce distributeur devient une excellente station de capture multiple.<\/p>\n<p>\u00c9galement con\u00e7u pour l&#8217;insertion de la plate-forme de surveillance des insectes rampants GULP INSECT<\/p>\n","protected":false},"excerpt":{"rendered":"<p>Distributeur d&#8217;app\u00e2ts rodenticides noir avec regard de contr\u00f4le et cl\u00e9 universelle<\/p>\n","protected":false},"featured_media":12071,"comment_status":"open","ping_status":"closed","template":"","meta":{"content-type":""},"product_cat":[23],"product_tag":[],"malattie-piante":[],"infestanti-ambiente":[1456],"infestanti-piante":[],"utilizzo":[],"yoast_head":"<!-- This site is optimized with the Yoast SEO plugin v17.0 - https:\/\/yoast.com\/wordpress\/plugins\/seo\/ -->\n<title>GULP BOX MAMMOTH - copyr.eu FR<\/title>\n<meta name=\"robots\" content=\"index, follow, max-snippet:-1, max-image-preview:large, max-video-preview:-1\" \/>\n<link rel=\"canonical\" href=\"https:\/\/www.copyr.eu\/fr\/prodotto\/gulp-box-mammoth\/\" \/>\n<meta property=\"og:locale\" content=\"fr_FR\" \/>\n<meta property=\"og:type\" content=\"article\" \/>\n<meta property=\"og:title\" content=\"GULP BOX MAMMOTH - copyr.eu FR\" \/>\n<meta property=\"og:description\" content=\"Distributeur d&#039;app\u00e2ts rodenticides noir avec regard de contr\u00f4le et cl\u00e9 universelle\" \/>\n<meta property=\"og:url\" content=\"https:\/\/www.copyr.eu\/fr\/prodotto\/gulp-box-mammoth\/\" \/>\n<meta property=\"og:site_name\" content=\"copyr.eu FR\" \/>\n<meta property=\"og:image\" content=\"https:\/\/www.copyr.eu\/fr\/wp-content\/uploads\/sites\/11\/2024\/03\/Mammoth5_COMPLETA.png\" \/>\n\t<meta property=\"og:image:width\" content=\"2048\" \/>\n\t<meta property=\"og:image:height\" content=\"1536\" \/>\n<meta name=\"twitter:card\" content=\"summary_large_image\" \/>\n<meta name=\"twitter:label1\" content=\"Dur\u00e9e de lecture est.\" \/>\n\t<meta name=\"twitter:data1\" content=\"1 minute\" \/>\n<script type=\"application\/ld+json\" class=\"yoast-schema-graph\">{\"@context\":\"https:\/\/schema.org\",\"@graph\":[{\"@type\":\"WebSite\",\"@id\":\"https:\/\/www.copyr.eu\/fr\/#website\",\"url\":\"https:\/\/www.copyr.eu\/fr\/\",\"name\":\"copyr.eu FR\",\"description\":\"Migliorare la qualit\\u00e0, la sicurezza e l&#039;igiene dei luoghi in cui viviamo\",\"potentialAction\":[{\"@type\":\"SearchAction\",\"target\":{\"@type\":\"EntryPoint\",\"urlTemplate\":\"https:\/\/www.copyr.eu\/fr\/?s={search_term_string}\"},\"query-input\":\"required name=search_term_string\"}],\"inLanguage\":\"fr-FR\"},{\"@type\":\"ImageObject\",\"@id\":\"https:\/\/www.copyr.eu\/fr\/prodotto\/gulp-box-mammoth\/#primaryimage\",\"inLanguage\":\"fr-FR\",\"url\":\"https:\/\/www.copyr.eu\/fr\/wp-content\/uploads\/sites\/11\/2024\/03\/Mammoth5_COMPLETA.png\",\"contentUrl\":\"https:\/\/www.copyr.eu\/fr\/wp-content\/uploads\/sites\/11\/2024\/03\/Mammoth5_COMPLETA.png\",\"width\":2048,\"height\":1536},{\"@type\":\"WebPage\",\"@id\":\"https:\/\/www.copyr.eu\/fr\/prodotto\/gulp-box-mammoth\/#webpage\",\"url\":\"https:\/\/www.copyr.eu\/fr\/prodotto\/gulp-box-mammoth\/\",\"name\":\"GULP BOX MAMMOTH - copyr.eu FR\",\"isPartOf\":{\"@id\":\"https:\/\/www.copyr.eu\/fr\/#website\"},\"primaryImageOfPage\":{\"@id\":\"https:\/\/www.copyr.eu\/fr\/prodotto\/gulp-box-mammoth\/#primaryimage\"},\"datePublished\":\"2024-03-12T11:42:21+00:00\",\"dateModified\":\"2024-03-12T11:42:21+00:00\",\"breadcrumb\":{\"@id\":\"https:\/\/www.copyr.eu\/fr\/prodotto\/gulp-box-mammoth\/#breadcrumb\"},\"inLanguage\":\"fr-FR\",\"potentialAction\":[{\"@type\":\"ReadAction\",\"target\":[\"https:\/\/www.copyr.eu\/fr\/prodotto\/gulp-box-mammoth\/\"]}]},{\"@type\":\"BreadcrumbList\",\"@id\":\"https:\/\/www.copyr.eu\/fr\/prodotto\/gulp-box-mammoth\/#breadcrumb\",\"itemListElement\":[{\"@type\":\"ListItem\",\"position\":1,\"name\":\"Home\",\"item\":\"https:\/\/www.copyr.eu\/fr\/\"},{\"@type\":\"ListItem\",\"position\":2,\"name\":\"All products\",\"item\":\"https:\/\/www.copyr.eu\/fr\/all-products\/\"},{\"@type\":\"ListItem\",\"position\":3,\"name\":\"GULP BOX MAMMOTH\"}]}]}<\/script>\n<!-- \/ Yoast SEO plugin. -->","yoast_head_json":{"title":"GULP BOX MAMMOTH - copyr.eu FR","robots":{"index":"index","follow":"follow","max-snippet":"max-snippet:-1","max-image-preview":"max-image-preview:large","max-video-preview":"max-video-preview:-1"},"canonical":"https:\/\/www.copyr.eu\/fr\/prodotto\/gulp-box-mammoth\/","og_locale":"fr_FR","og_type":"article","og_title":"GULP BOX MAMMOTH - copyr.eu FR","og_description":"Distributeur d'app\u00e2ts rodenticides noir avec regard de contr\u00f4le et cl\u00e9 universelle","og_url":"https:\/\/www.copyr.eu\/fr\/prodotto\/gulp-box-mammoth\/","og_site_name":"copyr.eu FR","og_image":[{"width":2048,"height":1536,"url":"https:\/\/www.copyr.eu\/fr\/wp-content\/uploads\/sites\/11\/2024\/03\/Mammoth5_COMPLETA.png","path":"\/var\/www\/vhosts\/copyr.eu\/httpdocs\/wp-content\/uploads\/sites\/11\/2024\/03\/Mammoth5_COMPLETA.png","size":"full","id":12071,"alt":"","pixels":3145728,"type":"image\/png"}],"twitter_card":"summary_large_image","twitter_misc":{"Dur\u00e9e de lecture est.":"1 minute"},"schema":{"@context":"https:\/\/schema.org","@graph":[{"@type":"WebSite","@id":"https:\/\/www.copyr.eu\/fr\/#website","url":"https:\/\/www.copyr.eu\/fr\/","name":"copyr.eu FR","description":"Migliorare la qualit\u00e0, la sicurezza e l&#039;igiene dei luoghi in cui viviamo","potentialAction":[{"@type":"SearchAction","target":{"@type":"EntryPoint","urlTemplate":"https:\/\/www.copyr.eu\/fr\/?s={search_term_string}"},"query-input":"required name=search_term_string"}],"inLanguage":"fr-FR"},{"@type":"ImageObject","@id":"https:\/\/www.copyr.eu\/fr\/prodotto\/gulp-box-mammoth\/#primaryimage","inLanguage":"fr-FR","url":"https:\/\/www.copyr.eu\/fr\/wp-content\/uploads\/sites\/11\/2024\/03\/Mammoth5_COMPLETA.png","contentUrl":"https:\/\/www.copyr.eu\/fr\/wp-content\/uploads\/sites\/11\/2024\/03\/Mammoth5_COMPLETA.png","width":2048,"height":1536},{"@type":"WebPage","@id":"https:\/\/www.copyr.eu\/fr\/prodotto\/gulp-box-mammoth\/#webpage","url":"https:\/\/www.copyr.eu\/fr\/prodotto\/gulp-box-mammoth\/","name":"GULP BOX MAMMOTH - copyr.eu FR","isPartOf":{"@id":"https:\/\/www.copyr.eu\/fr\/#website"},"primaryImageOfPage":{"@id":"https:\/\/www.copyr.eu\/fr\/prodotto\/gulp-box-mammoth\/#primaryimage"},"datePublished":"2024-03-12T11:42:21+00:00","dateModified":"2024-03-12T11:42:21+00:00","breadcrumb":{"@id":"https:\/\/www.copyr.eu\/fr\/prodotto\/gulp-box-mammoth\/#breadcrumb"},"inLanguage":"fr-FR","potentialAction":[{"@type":"ReadAction","target":["https:\/\/www.copyr.eu\/fr\/prodotto\/gulp-box-mammoth\/"]}]},{"@type":"BreadcrumbList","@id":"https:\/\/www.copyr.eu\/fr\/prodotto\/gulp-box-mammoth\/#breadcrumb","itemListElement":[{"@type":"ListItem","position":1,"name":"Home","item":"https:\/\/www.copyr.eu\/fr\/"},{"@type":"ListItem","position":2,"name":"All products","item":"https:\/\/www.copyr.eu\/fr\/all-products\/"},{"@type":"ListItem","position":3,"name":"GULP BOX MAMMOTH"}]}]}},"_links":{"self":[{"href":"https:\/\/www.copyr.eu\/fr\/wp-json\/wp\/v2\/product\/12069"}],"collection":[{"href":"https:\/\/www.copyr.eu\/fr\/wp-json\/wp\/v2\/product"}],"about":[{"href":"https:\/\/www.copyr.eu\/fr\/wp-json\/wp\/v2\/types\/product"}],"replies":[{"embeddable":true,"href":"https:\/\/www.copyr.eu\/fr\/wp-json\/wp\/v2\/comments?post=12069"}],"wp:featuredmedia":[{"embeddable":true,"href":"https:\/\/www.copyr.eu\/fr\/wp-json\/wp\/v2\/media\/12071"}],"wp:attachment":[{"href":"https:\/\/www.copyr.eu\/fr\/wp-json\/wp\/v2\/media?parent=12069"}],"wp:term":[{"taxonomy":"product_cat","embeddable":true,"href":"https:\/\/www.copyr.eu\/fr\/wp-json\/wp\/v2\/product_cat?post=12069"},{"taxonomy":"product_tag","embeddable":true,"href":"https:\/\/www.copyr.eu\/fr\/wp-json\/wp\/v2\/product_tag?post=12069"},{"taxonomy":"malattie-piante","embeddable":true,"href":"https:\/\/www.copyr.eu\/fr\/wp-json\/wp\/v2\/malattie-piante?post=12069"},{"taxonomy":"infestanti-ambiente","embeddable":true,"href":"https:\/\/www.copyr.eu\/fr\/wp-json\/wp\/v2\/infestanti-ambiente?post=12069"},{"taxonomy":"infestanti-piante","embeddable":true,"href":"https:\/\/www.copyr.eu\/fr\/wp-json\/wp\/v2\/infestanti-piante?post=12069"},{"taxonomy":"utilizzo","embeddable":true,"href":"https:\/\/www.copyr.eu\/fr\/wp-json\/wp\/v2\/utilizzo?post=12069"}],"curies":[{"name":"wp","href":"https:\/\/api.w.org\/{rel}","templated":true}]}}