{"id":11933,"date":"2023-10-23T16:49:47","date_gmt":"2023-10-23T14:49:47","guid":{"rendered":"https:\/\/www.copyr.eu\/fr\/?post_type=product&#038;p=11933"},"modified":"2023-10-25T16:04:23","modified_gmt":"2023-10-25T14:04:23","slug":"py-cipertrin-t-1l","status":"publish","type":"product","link":"https:\/\/www.copyr.eu\/fr\/prodotto\/py-cipertrin-t-1l\/","title":{"rendered":"PY CIPERTRIN T 1l"},"content":{"rendered":"<p><strong>PY CIPERTRIN T<\/strong> est un insecticide liquide concentr\u00e9 en micro-\u00e9mulsion \u00e0 base de solvant contenant de la cyperm\u00e9thrine, des pyr\u00e9thrines naturelles (extrait de Chrysanthemum cinerariaefolium) et du synergiste MGK 264, d\u00e9velopp\u00e9 aux \u00c9tats-Unis. La combinaison de ces deux substances actives avec le synergiste MGK 264 garantit une action imm\u00e9diate et un effet r\u00e9manent jusqu&#8217;\u00e0 8 semaines. <strong>PY CIPERTRIN T<\/strong> est efficace contre\u00a0: &#8211; les insectes volants en g\u00e9n\u00e9ral (mouches et moustiques, y compris le moustique-tigre <em>Aedes albopictus<\/em>) &#8211; les insectes rampants en g\u00e9n\u00e9ral (blattes, fourmis, puces) &#8211; les insectes des denr\u00e9es alimentaires : volants (tels que <em>Plodia interpunctella<\/em> et <em>Ephestia kuehniella<\/em>) et rampants (tels que <em>Stegobium paniceum<\/em> et <em>Lasioderma serricorne<\/em>) &#8211; les tiques. <strong>PY CIPERTRIN T<\/strong> peut \u00eatre utilis\u00e9 pour la lutte contre les insectes nuisibles en int\u00e9rieur et en ext\u00e9rieur. Traitement en int\u00e9rieur\u00a0: &#8211; industries alimentaires : fabriques de p\u00e2tes, boulangeries, p\u00e2tisseries, restaurants, caf\u00e9s, cantines et cuisines (en l&#8217;absence de denr\u00e9es alimentaires) &#8211; entrep\u00f4ts de produits alimentaires (en l&#8217;absence de denr\u00e9es alimentaires) &#8211; entrep\u00f4ts et silos (en l&#8217;absence de denr\u00e9es alimentaires) &#8211; environnements ruraux et abris pour animaux &#8211; maisons, bureaux, magasins, h\u00f4tels, casernes, cin\u00e9mas, th\u00e9\u00e2tres, campings, stations touristiques &#8211; \u00e9coles, jardins d&#8217;enfants, h\u00f4pitaux, maisons de soins, maisons de repos &#8211; moyens de transport navires, trains, bus, conteneurs (en l&#8217;absence de denr\u00e9es alimentaires) &#8211; industries en g\u00e9n\u00e9ral &#8211; d\u00e9charges, trous d&#8217;homme, \u00e9gouts. Traitement en ext\u00e9rieur\u00a0: \u2022 zones situ\u00e9es autour des maisons et \u00e9tablissements industriels &#8211; parties ext\u00e9rieures des b\u00e2timents et bordures de routes &#8211; environnements ruraux et abris pour animaux &#8211; campings, stations touristiques &#8211; espaces verts : haies, jardins, parcs publics et priv\u00e9s, all\u00e9es bord\u00e9es d&#8217;arbres et plantes ornementales en g\u00e9n\u00e9ral &#8211; poubelles, d\u00e9charges et d\u00e9p\u00f4ts d&#8217;ordures.<\/p>\n","protected":false},"excerpt":{"rendered":"<p>Insecticide acaricide liquide concentr\u00e9 en micro-\u00e9mulsion \u00e0 base de solvant. Usage professionnel.<\/p>\n","protected":false},"featured_media":11935,"comment_status":"closed","ping_status":"closed","template":"","meta":{"content-type":""},"product_cat":[22],"product_tag":[],"malattie-piante":[],"infestanti-ambiente":[],"infestanti-piante":[],"utilizzo":[],"yoast_head":"<!-- This site is optimized with the Yoast SEO plugin v17.0 - https:\/\/yoast.com\/wordpress\/plugins\/seo\/ -->\n<title>CIPERTRIN T 1535010<\/title>\n<meta name=\"robots\" content=\"index, follow, max-snippet:-1, max-image-preview:large, max-video-preview:-1\" \/>\n<link rel=\"canonical\" href=\"https:\/\/www.copyr.eu\/fr\/prodotto\/py-cipertrin-t-1l\/\" \/>\n<meta property=\"og:locale\" content=\"fr_FR\" \/>\n<meta property=\"og:type\" content=\"article\" \/>\n<meta property=\"og:title\" content=\"CIPERTRIN T 1535010\" \/>\n<meta property=\"og:description\" content=\"Insetticida concentrato emulsionabile per uso civile e industriale\" \/>\n<meta property=\"og:url\" content=\"https:\/\/www.copyr.eu\/fr\/prodotto\/py-cipertrin-t-1l\/\" \/>\n<meta property=\"og:site_name\" content=\"copyr.eu FR\" \/>\n<meta property=\"article:modified_time\" content=\"2023-10-25T14:04:23+00:00\" \/>\n<meta property=\"og:image\" content=\"https:\/\/www.copyr.eu\/fr\/wp-content\/uploads\/sites\/11\/2023\/10\/PY-CIPERTRIN-T-flacone-1L-1420014-scaled-1.jpg\" \/>\n\t<meta property=\"og:image:width\" content=\"1117\" \/>\n\t<meta property=\"og:image:height\" content=\"2048\" \/>\n<meta name=\"twitter:card\" content=\"summary_large_image\" \/>\n<meta name=\"twitter:title\" content=\"CIPERTRIN T 1535010\" \/>\n<meta name=\"twitter:description\" content=\"Insetticida concentrato emulsionabile per uso civile e industriale\" \/>\n<meta name=\"twitter:label1\" content=\"Dur\u00e9e de lecture est.\" \/>\n\t<meta name=\"twitter:data1\" content=\"2 minutes\" \/>\n<script type=\"application\/ld+json\" class=\"yoast-schema-graph\">{\"@context\":\"https:\/\/schema.org\",\"@graph\":[{\"@type\":\"WebSite\",\"@id\":\"https:\/\/www.copyr.eu\/fr\/#website\",\"url\":\"https:\/\/www.copyr.eu\/fr\/\",\"name\":\"copyr.eu FR\",\"description\":\"Migliorare la qualit\\u00e0, la sicurezza e l&#039;igiene dei luoghi in cui viviamo\",\"potentialAction\":[{\"@type\":\"SearchAction\",\"target\":{\"@type\":\"EntryPoint\",\"urlTemplate\":\"https:\/\/www.copyr.eu\/fr\/?s={search_term_string}\"},\"query-input\":\"required name=search_term_string\"}],\"inLanguage\":\"fr-FR\"},{\"@type\":\"ImageObject\",\"@id\":\"https:\/\/www.copyr.eu\/fr\/prodotto\/py-cipertrin-t-1l\/#primaryimage\",\"inLanguage\":\"fr-FR\",\"url\":\"https:\/\/www.copyr.eu\/fr\/wp-content\/uploads\/sites\/11\/2023\/10\/PY-CIPERTRIN-T-flacone-1L-1420014-scaled-1.jpg\",\"contentUrl\":\"https:\/\/www.copyr.eu\/fr\/wp-content\/uploads\/sites\/11\/2023\/10\/PY-CIPERTRIN-T-flacone-1L-1420014-scaled-1.jpg\",\"width\":1117,\"height\":2048},{\"@type\":\"WebPage\",\"@id\":\"https:\/\/www.copyr.eu\/fr\/prodotto\/py-cipertrin-t-1l\/#webpage\",\"url\":\"https:\/\/www.copyr.eu\/fr\/prodotto\/py-cipertrin-t-1l\/\",\"name\":\"CIPERTRIN T 1535010\",\"isPartOf\":{\"@id\":\"https:\/\/www.copyr.eu\/fr\/#website\"},\"primaryImageOfPage\":{\"@id\":\"https:\/\/www.copyr.eu\/fr\/prodotto\/py-cipertrin-t-1l\/#primaryimage\"},\"datePublished\":\"2023-10-23T14:49:47+00:00\",\"dateModified\":\"2023-10-25T14:04:23+00:00\",\"breadcrumb\":{\"@id\":\"https:\/\/www.copyr.eu\/fr\/prodotto\/py-cipertrin-t-1l\/#breadcrumb\"},\"inLanguage\":\"fr-FR\",\"potentialAction\":[{\"@type\":\"ReadAction\",\"target\":[\"https:\/\/www.copyr.eu\/fr\/prodotto\/py-cipertrin-t-1l\/\"]}]},{\"@type\":\"BreadcrumbList\",\"@id\":\"https:\/\/www.copyr.eu\/fr\/prodotto\/py-cipertrin-t-1l\/#breadcrumb\",\"itemListElement\":[{\"@type\":\"ListItem\",\"position\":1,\"name\":\"Home\",\"item\":\"https:\/\/www.copyr.eu\/fr\/\"},{\"@type\":\"ListItem\",\"position\":2,\"name\":\"All products\",\"item\":\"https:\/\/www.copyr.eu\/fr\/all-products\/\"},{\"@type\":\"ListItem\",\"position\":3,\"name\":\"PY CIPERTRIN T 1l\"}]}]}<\/script>\n<!-- \/ Yoast SEO plugin. -->","yoast_head_json":{"title":"CIPERTRIN T 1535010","robots":{"index":"index","follow":"follow","max-snippet":"max-snippet:-1","max-image-preview":"max-image-preview:large","max-video-preview":"max-video-preview:-1"},"canonical":"https:\/\/www.copyr.eu\/fr\/prodotto\/py-cipertrin-t-1l\/","og_locale":"fr_FR","og_type":"article","og_title":"CIPERTRIN T 1535010","og_description":"Insetticida concentrato emulsionabile per uso civile e industriale","og_url":"https:\/\/www.copyr.eu\/fr\/prodotto\/py-cipertrin-t-1l\/","og_site_name":"copyr.eu FR","article_modified_time":"2023-10-25T14:04:23+00:00","og_image":[{"width":1117,"height":2048,"url":"https:\/\/www.copyr.eu\/fr\/wp-content\/uploads\/sites\/11\/2023\/10\/PY-CIPERTRIN-T-flacone-1L-1420014-scaled-1.jpg","path":"\/var\/www\/vhosts\/copyr.eu\/httpdocs\/wp-content\/uploads\/sites\/11\/2023\/10\/PY-CIPERTRIN-T-flacone-1L-1420014-scaled-1.jpg","size":"full","id":11935,"alt":"","pixels":2287616,"type":"image\/jpeg"}],"twitter_card":"summary_large_image","twitter_title":"CIPERTRIN T 1535010","twitter_description":"Insetticida concentrato emulsionabile per uso civile e industriale","twitter_misc":{"Dur\u00e9e de lecture est.":"2 minutes"},"schema":{"@context":"https:\/\/schema.org","@graph":[{"@type":"WebSite","@id":"https:\/\/www.copyr.eu\/fr\/#website","url":"https:\/\/www.copyr.eu\/fr\/","name":"copyr.eu FR","description":"Migliorare la qualit\u00e0, la sicurezza e l&#039;igiene dei luoghi in cui viviamo","potentialAction":[{"@type":"SearchAction","target":{"@type":"EntryPoint","urlTemplate":"https:\/\/www.copyr.eu\/fr\/?s={search_term_string}"},"query-input":"required name=search_term_string"}],"inLanguage":"fr-FR"},{"@type":"ImageObject","@id":"https:\/\/www.copyr.eu\/fr\/prodotto\/py-cipertrin-t-1l\/#primaryimage","inLanguage":"fr-FR","url":"https:\/\/www.copyr.eu\/fr\/wp-content\/uploads\/sites\/11\/2023\/10\/PY-CIPERTRIN-T-flacone-1L-1420014-scaled-1.jpg","contentUrl":"https:\/\/www.copyr.eu\/fr\/wp-content\/uploads\/sites\/11\/2023\/10\/PY-CIPERTRIN-T-flacone-1L-1420014-scaled-1.jpg","width":1117,"height":2048},{"@type":"WebPage","@id":"https:\/\/www.copyr.eu\/fr\/prodotto\/py-cipertrin-t-1l\/#webpage","url":"https:\/\/www.copyr.eu\/fr\/prodotto\/py-cipertrin-t-1l\/","name":"CIPERTRIN T 1535010","isPartOf":{"@id":"https:\/\/www.copyr.eu\/fr\/#website"},"primaryImageOfPage":{"@id":"https:\/\/www.copyr.eu\/fr\/prodotto\/py-cipertrin-t-1l\/#primaryimage"},"datePublished":"2023-10-23T14:49:47+00:00","dateModified":"2023-10-25T14:04:23+00:00","breadcrumb":{"@id":"https:\/\/www.copyr.eu\/fr\/prodotto\/py-cipertrin-t-1l\/#breadcrumb"},"inLanguage":"fr-FR","potentialAction":[{"@type":"ReadAction","target":["https:\/\/www.copyr.eu\/fr\/prodotto\/py-cipertrin-t-1l\/"]}]},{"@type":"BreadcrumbList","@id":"https:\/\/www.copyr.eu\/fr\/prodotto\/py-cipertrin-t-1l\/#breadcrumb","itemListElement":[{"@type":"ListItem","position":1,"name":"Home","item":"https:\/\/www.copyr.eu\/fr\/"},{"@type":"ListItem","position":2,"name":"All products","item":"https:\/\/www.copyr.eu\/fr\/all-products\/"},{"@type":"ListItem","position":3,"name":"PY CIPERTRIN T 1l"}]}]}},"_links":{"self":[{"href":"https:\/\/www.copyr.eu\/fr\/wp-json\/wp\/v2\/product\/11933"}],"collection":[{"href":"https:\/\/www.copyr.eu\/fr\/wp-json\/wp\/v2\/product"}],"about":[{"href":"https:\/\/www.copyr.eu\/fr\/wp-json\/wp\/v2\/types\/product"}],"replies":[{"embeddable":true,"href":"https:\/\/www.copyr.eu\/fr\/wp-json\/wp\/v2\/comments?post=11933"}],"wp:featuredmedia":[{"embeddable":true,"href":"https:\/\/www.copyr.eu\/fr\/wp-json\/wp\/v2\/media\/11935"}],"wp:attachment":[{"href":"https:\/\/www.copyr.eu\/fr\/wp-json\/wp\/v2\/media?parent=11933"}],"wp:term":[{"taxonomy":"product_cat","embeddable":true,"href":"https:\/\/www.copyr.eu\/fr\/wp-json\/wp\/v2\/product_cat?post=11933"},{"taxonomy":"product_tag","embeddable":true,"href":"https:\/\/www.copyr.eu\/fr\/wp-json\/wp\/v2\/product_tag?post=11933"},{"taxonomy":"malattie-piante","embeddable":true,"href":"https:\/\/www.copyr.eu\/fr\/wp-json\/wp\/v2\/malattie-piante?post=11933"},{"taxonomy":"infestanti-ambiente","embeddable":true,"href":"https:\/\/www.copyr.eu\/fr\/wp-json\/wp\/v2\/infestanti-ambiente?post=11933"},{"taxonomy":"infestanti-piante","embeddable":true,"href":"https:\/\/www.copyr.eu\/fr\/wp-json\/wp\/v2\/infestanti-piante?post=11933"},{"taxonomy":"utilizzo","embeddable":true,"href":"https:\/\/www.copyr.eu\/fr\/wp-json\/wp\/v2\/utilizzo?post=11933"}],"curies":[{"name":"wp","href":"https:\/\/api.w.org\/{rel}","templated":true}]}}