{"id":11931,"date":"2023-10-23T16:14:03","date_gmt":"2023-10-23T14:14:03","guid":{"rendered":"https:\/\/www.copyr.eu\/fr\/?post_type=product&#038;p=11931"},"modified":"2023-10-25T16:10:03","modified_gmt":"2023-10-25T14:10:03","slug":"kenyasafe-py-plus","status":"publish","type":"product","link":"https:\/\/www.copyr.eu\/fr\/prodotto\/kenyasafe-py-plus\/","title":{"rendered":"KENYASAFE PY PLUS"},"content":{"rendered":"<p>KENYASAFE PY PLUS est un insecticide en bombe \u00e0 base de pyr\u00e9thrines naturelles (extrait de <em>Chrysanthemum cinerariaefolium<\/em>), de g\u00e9raniol et du synergiste MGK264, d\u00e9velopp\u00e9 aux \u00c9tats-Unis, \u00e0 utiliser en combinaison avec le distributeur automatique Copyrmatic pr\u00e9vu \u00e0 cet effet, pour prot\u00e9ger les maisons, les bureaux, les caf\u00e9s, les restaurants, les h\u00f4tels, les \u00e9coles, les magasins, les h\u00f4pitaux, les collectivit\u00e9s en g\u00e9n\u00e9ral, les entrep\u00f4ts, les industries alimentaires et les zones d&#8217;\u00e9levage contre les insectes volants. KENYASAFE PY PLUS assure le contr\u00f4le de tous les insectes volants, tels que les mouches (<em>Musca domestica<\/em> et <em>Stomoxys calcitrans<\/em>), les moustiques (y compris le moustique-tigre) et les insectes des denr\u00e9es alimentaires (<em>Plodia interpunctella<\/em> et <em>Ephestia kuehniella<\/em>), gr\u00e2ce au pouvoir de destruction exerc\u00e9 par le pyr\u00e8thre et le g\u00e9raniol sur tous les insectes, qui sont ainsi \u00e9limin\u00e9s des lieux trait\u00e9s.<\/p>\n<p><strong>INSTRUCTIONS<\/strong><\/p>\n<p>Cette bombe est actionn\u00e9e m\u00e9caniquement par un distributeur automatique. Placer le distributeur \u00e0 au moins 1,80 m du sol, dans un endroit o\u00f9 le jet est dirig\u00e9 \u00e0 l&#8217;\u00e9cart des personnes. Ne pas appliquer \u00e0 proximit\u00e9 de syst\u00e8mes de climatisation. Tenir \u00e0 l&#8217;\u00e9cart des flammes nues, des corps incandescents ou d&#8217;autres sources de combustion afin d&#8217;\u00e9viter les risques d&#8217;inflammabilit\u00e9. Veiller \u00e0 ce que l&#8217;air soit suffisamment renouvel\u00e9 dans la pi\u00e8ce.<\/p>\n<p><iframe loading=\"lazy\" src=\"https:\/\/www.youtube.com\/embed\/rOaxQYLI5D0\" width=\"560\" height=\"315\" frameborder=\"0\" allowfullscreen=\"allowfullscreen\"><\/iframe><\/p>\n","protected":false},"excerpt":{"rendered":"<p>Insecticide en a\u00e9rosol \u00e0 usage domestique et civil, pour application avec le distributeur automatique Copyrmatic<\/p>\n","protected":false},"featured_media":11932,"comment_status":"closed","ping_status":"closed","template":"","meta":{"content-type":""},"product_cat":[22],"product_tag":[],"malattie-piante":[],"infestanti-ambiente":[],"infestanti-piante":[],"utilizzo":[],"yoast_head":"<!-- This site is optimized with the Yoast SEO plugin v17.0 - https:\/\/yoast.com\/wordpress\/plugins\/seo\/ -->\n<title>KENYASAFE PY PLUS - copyr.eu FR<\/title>\n<meta name=\"robots\" content=\"index, follow, max-snippet:-1, max-image-preview:large, max-video-preview:-1\" \/>\n<link rel=\"canonical\" href=\"https:\/\/www.copyr.eu\/fr\/prodotto\/kenyasafe-py-plus\/\" \/>\n<meta property=\"og:locale\" content=\"fr_FR\" \/>\n<meta property=\"og:type\" content=\"article\" \/>\n<meta property=\"og:title\" content=\"KENYASAFE PY PLUS - copyr.eu FR\" \/>\n<meta property=\"og:description\" content=\"Insecticide en a\u00e9rosol \u00e0 usage domestique et civil, pour application avec le distributeur automatique Copyrmatic\" \/>\n<meta property=\"og:url\" content=\"https:\/\/www.copyr.eu\/fr\/prodotto\/kenyasafe-py-plus\/\" \/>\n<meta property=\"og:site_name\" content=\"copyr.eu FR\" \/>\n<meta property=\"article:modified_time\" content=\"2023-10-25T14:10:03+00:00\" \/>\n<meta property=\"og:image\" content=\"https:\/\/www.copyr.eu\/fr\/wp-content\/uploads\/sites\/11\/2023\/10\/KENYASAFE-PY-PLUS-bombola-250ml-3400372.jpg\" \/>\n\t<meta property=\"og:image:width\" content=\"1293\" \/>\n\t<meta property=\"og:image:height\" content=\"2048\" \/>\n<meta name=\"twitter:card\" content=\"summary_large_image\" \/>\n<meta name=\"twitter:label1\" content=\"Dur\u00e9e de lecture est.\" \/>\n\t<meta name=\"twitter:data1\" content=\"1 minute\" \/>\n<script type=\"application\/ld+json\" class=\"yoast-schema-graph\">{\"@context\":\"https:\/\/schema.org\",\"@graph\":[{\"@type\":\"WebSite\",\"@id\":\"https:\/\/www.copyr.eu\/fr\/#website\",\"url\":\"https:\/\/www.copyr.eu\/fr\/\",\"name\":\"copyr.eu FR\",\"description\":\"Migliorare la qualit\\u00e0, la sicurezza e l&#039;igiene dei luoghi in cui viviamo\",\"potentialAction\":[{\"@type\":\"SearchAction\",\"target\":{\"@type\":\"EntryPoint\",\"urlTemplate\":\"https:\/\/www.copyr.eu\/fr\/?s={search_term_string}\"},\"query-input\":\"required name=search_term_string\"}],\"inLanguage\":\"fr-FR\"},{\"@type\":\"ImageObject\",\"@id\":\"https:\/\/www.copyr.eu\/fr\/prodotto\/kenyasafe-py-plus\/#primaryimage\",\"inLanguage\":\"fr-FR\",\"url\":\"https:\/\/www.copyr.eu\/fr\/wp-content\/uploads\/sites\/11\/2023\/10\/KENYASAFE-PY-PLUS-bombola-250ml-3400372.jpg\",\"contentUrl\":\"https:\/\/www.copyr.eu\/fr\/wp-content\/uploads\/sites\/11\/2023\/10\/KENYASAFE-PY-PLUS-bombola-250ml-3400372.jpg\",\"width\":1293,\"height\":2048},{\"@type\":\"WebPage\",\"@id\":\"https:\/\/www.copyr.eu\/fr\/prodotto\/kenyasafe-py-plus\/#webpage\",\"url\":\"https:\/\/www.copyr.eu\/fr\/prodotto\/kenyasafe-py-plus\/\",\"name\":\"KENYASAFE PY PLUS - copyr.eu FR\",\"isPartOf\":{\"@id\":\"https:\/\/www.copyr.eu\/fr\/#website\"},\"primaryImageOfPage\":{\"@id\":\"https:\/\/www.copyr.eu\/fr\/prodotto\/kenyasafe-py-plus\/#primaryimage\"},\"datePublished\":\"2023-10-23T14:14:03+00:00\",\"dateModified\":\"2023-10-25T14:10:03+00:00\",\"breadcrumb\":{\"@id\":\"https:\/\/www.copyr.eu\/fr\/prodotto\/kenyasafe-py-plus\/#breadcrumb\"},\"inLanguage\":\"fr-FR\",\"potentialAction\":[{\"@type\":\"ReadAction\",\"target\":[\"https:\/\/www.copyr.eu\/fr\/prodotto\/kenyasafe-py-plus\/\"]}]},{\"@type\":\"BreadcrumbList\",\"@id\":\"https:\/\/www.copyr.eu\/fr\/prodotto\/kenyasafe-py-plus\/#breadcrumb\",\"itemListElement\":[{\"@type\":\"ListItem\",\"position\":1,\"name\":\"Home\",\"item\":\"https:\/\/www.copyr.eu\/fr\/\"},{\"@type\":\"ListItem\",\"position\":2,\"name\":\"All products\",\"item\":\"https:\/\/www.copyr.eu\/fr\/all-products\/\"},{\"@type\":\"ListItem\",\"position\":3,\"name\":\"KENYASAFE PY PLUS\"}]}]}<\/script>\n<!-- \/ Yoast SEO plugin. -->","yoast_head_json":{"title":"KENYASAFE PY PLUS - copyr.eu FR","robots":{"index":"index","follow":"follow","max-snippet":"max-snippet:-1","max-image-preview":"max-image-preview:large","max-video-preview":"max-video-preview:-1"},"canonical":"https:\/\/www.copyr.eu\/fr\/prodotto\/kenyasafe-py-plus\/","og_locale":"fr_FR","og_type":"article","og_title":"KENYASAFE PY PLUS - copyr.eu FR","og_description":"Insecticide en a\u00e9rosol \u00e0 usage domestique et civil, pour application avec le distributeur automatique Copyrmatic","og_url":"https:\/\/www.copyr.eu\/fr\/prodotto\/kenyasafe-py-plus\/","og_site_name":"copyr.eu FR","article_modified_time":"2023-10-25T14:10:03+00:00","og_image":[{"width":1293,"height":2048,"url":"https:\/\/www.copyr.eu\/fr\/wp-content\/uploads\/sites\/11\/2023\/10\/KENYASAFE-PY-PLUS-bombola-250ml-3400372.jpg","path":"\/var\/www\/vhosts\/copyr.eu\/httpdocs\/wp-content\/uploads\/sites\/11\/2023\/10\/KENYASAFE-PY-PLUS-bombola-250ml-3400372.jpg","size":"full","id":11932,"alt":"","pixels":2648064,"type":"image\/jpeg"}],"twitter_card":"summary_large_image","twitter_misc":{"Dur\u00e9e de lecture est.":"1 minute"},"schema":{"@context":"https:\/\/schema.org","@graph":[{"@type":"WebSite","@id":"https:\/\/www.copyr.eu\/fr\/#website","url":"https:\/\/www.copyr.eu\/fr\/","name":"copyr.eu FR","description":"Migliorare la qualit\u00e0, la sicurezza e l&#039;igiene dei luoghi in cui viviamo","potentialAction":[{"@type":"SearchAction","target":{"@type":"EntryPoint","urlTemplate":"https:\/\/www.copyr.eu\/fr\/?s={search_term_string}"},"query-input":"required name=search_term_string"}],"inLanguage":"fr-FR"},{"@type":"ImageObject","@id":"https:\/\/www.copyr.eu\/fr\/prodotto\/kenyasafe-py-plus\/#primaryimage","inLanguage":"fr-FR","url":"https:\/\/www.copyr.eu\/fr\/wp-content\/uploads\/sites\/11\/2023\/10\/KENYASAFE-PY-PLUS-bombola-250ml-3400372.jpg","contentUrl":"https:\/\/www.copyr.eu\/fr\/wp-content\/uploads\/sites\/11\/2023\/10\/KENYASAFE-PY-PLUS-bombola-250ml-3400372.jpg","width":1293,"height":2048},{"@type":"WebPage","@id":"https:\/\/www.copyr.eu\/fr\/prodotto\/kenyasafe-py-plus\/#webpage","url":"https:\/\/www.copyr.eu\/fr\/prodotto\/kenyasafe-py-plus\/","name":"KENYASAFE PY PLUS - copyr.eu FR","isPartOf":{"@id":"https:\/\/www.copyr.eu\/fr\/#website"},"primaryImageOfPage":{"@id":"https:\/\/www.copyr.eu\/fr\/prodotto\/kenyasafe-py-plus\/#primaryimage"},"datePublished":"2023-10-23T14:14:03+00:00","dateModified":"2023-10-25T14:10:03+00:00","breadcrumb":{"@id":"https:\/\/www.copyr.eu\/fr\/prodotto\/kenyasafe-py-plus\/#breadcrumb"},"inLanguage":"fr-FR","potentialAction":[{"@type":"ReadAction","target":["https:\/\/www.copyr.eu\/fr\/prodotto\/kenyasafe-py-plus\/"]}]},{"@type":"BreadcrumbList","@id":"https:\/\/www.copyr.eu\/fr\/prodotto\/kenyasafe-py-plus\/#breadcrumb","itemListElement":[{"@type":"ListItem","position":1,"name":"Home","item":"https:\/\/www.copyr.eu\/fr\/"},{"@type":"ListItem","position":2,"name":"All products","item":"https:\/\/www.copyr.eu\/fr\/all-products\/"},{"@type":"ListItem","position":3,"name":"KENYASAFE PY PLUS"}]}]}},"_links":{"self":[{"href":"https:\/\/www.copyr.eu\/fr\/wp-json\/wp\/v2\/product\/11931"}],"collection":[{"href":"https:\/\/www.copyr.eu\/fr\/wp-json\/wp\/v2\/product"}],"about":[{"href":"https:\/\/www.copyr.eu\/fr\/wp-json\/wp\/v2\/types\/product"}],"replies":[{"embeddable":true,"href":"https:\/\/www.copyr.eu\/fr\/wp-json\/wp\/v2\/comments?post=11931"}],"wp:featuredmedia":[{"embeddable":true,"href":"https:\/\/www.copyr.eu\/fr\/wp-json\/wp\/v2\/media\/11932"}],"wp:attachment":[{"href":"https:\/\/www.copyr.eu\/fr\/wp-json\/wp\/v2\/media?parent=11931"}],"wp:term":[{"taxonomy":"product_cat","embeddable":true,"href":"https:\/\/www.copyr.eu\/fr\/wp-json\/wp\/v2\/product_cat?post=11931"},{"taxonomy":"product_tag","embeddable":true,"href":"https:\/\/www.copyr.eu\/fr\/wp-json\/wp\/v2\/product_tag?post=11931"},{"taxonomy":"malattie-piante","embeddable":true,"href":"https:\/\/www.copyr.eu\/fr\/wp-json\/wp\/v2\/malattie-piante?post=11931"},{"taxonomy":"infestanti-ambiente","embeddable":true,"href":"https:\/\/www.copyr.eu\/fr\/wp-json\/wp\/v2\/infestanti-ambiente?post=11931"},{"taxonomy":"infestanti-piante","embeddable":true,"href":"https:\/\/www.copyr.eu\/fr\/wp-json\/wp\/v2\/infestanti-piante?post=11931"},{"taxonomy":"utilizzo","embeddable":true,"href":"https:\/\/www.copyr.eu\/fr\/wp-json\/wp\/v2\/utilizzo?post=11931"}],"curies":[{"name":"wp","href":"https:\/\/api.w.org\/{rel}","templated":true}]}}