{"id":9184,"date":"2020-10-12T16:46:02","date_gmt":"2020-10-12T14:46:02","guid":{"rendered":"https:\/\/copyreu.myskia.net\/en\/?page_id=9184"},"modified":"2023-10-09T17:41:27","modified_gmt":"2023-10-09T15:41:27","slug":"trainingcourses","status":"publish","type":"page","link":"https:\/\/www.copyr.eu\/fr\/copyr\/trainingcourses\/","title":{"rendered":"Training Courses"},"content":{"rendered":"\t\t<div data-elementor-type=\"wp-page\" data-elementor-id=\"9184\" class=\"elementor elementor-9184\" data-elementor-settings=\"[]\">\n\t\t\t\t\t\t<div class=\"elementor-inner\">\n\t\t\t\t\t\t\t<div class=\"elementor-section-wrap\">\n\t\t\t\t\t\t\t<section class=\"elementor-section elementor-top-section elementor-element elementor-element-605b3f9 elementor-section-boxed elementor-section-height-default elementor-section-height-default\" data-id=\"605b3f9\" data-element_type=\"section\" data-settings=\"{&quot;background_background&quot;:&quot;classic&quot;}\">\n\t\t\t\t\t\t<div class=\"elementor-container elementor-column-gap-default\">\n\t\t\t\t\t\t\t<div class=\"elementor-row\">\n\t\t\t\t\t<div class=\"elementor-column elementor-col-100 elementor-top-column elementor-element elementor-element-52fc5aa\" data-id=\"52fc5aa\" data-element_type=\"column\">\n\t\t\t<div class=\"elementor-column-wrap elementor-element-populated\">\n\t\t\t\t\t\t\t<div class=\"elementor-widget-wrap\">\n\t\t\t\t\t\t<div class=\"elementor-element elementor-element-7bc5469 elementor-widget elementor-widget-breadcrumbs\" data-id=\"7bc5469\" data-element_type=\"widget\" data-widget_type=\"breadcrumbs.default\">\n\t\t\t\t<div class=\"elementor-widget-container\">\n\t\t\t<p id=\"breadcrumbs\"><span><span><a href=\"https:\/\/www.copyr.eu\/fr\/\">Home<\/a><\/span><\/p>\t\t<\/div>\n\t\t\t\t<\/div>\n\t\t\t\t\t\t<\/div>\n\t\t\t\t\t<\/div>\n\t\t<\/div>\n\t\t\t\t\t\t\t\t<\/div>\n\t\t\t\t\t<\/div>\n\t\t<\/section>\n\t\t\t\t<section class=\"elementor-section elementor-top-section elementor-element elementor-element-e130a61 elementor-section-height-min-height elementor-section-content-middle elementor-section-boxed elementor-section-height-default elementor-section-items-middle\" data-id=\"e130a61\" data-element_type=\"section\" data-settings=\"{&quot;background_background&quot;:&quot;classic&quot;}\">\n\t\t\t\t\t\t\t<div class=\"elementor-background-overlay\"><\/div>\n\t\t\t\t\t\t\t<div class=\"elementor-container elementor-column-gap-default\">\n\t\t\t\t\t\t\t<div class=\"elementor-row\">\n\t\t\t\t\t<div class=\"elementor-column elementor-col-100 elementor-top-column elementor-element elementor-element-8262bbe\" data-id=\"8262bbe\" data-element_type=\"column\" data-settings=\"{&quot;background_background&quot;:&quot;classic&quot;}\">\n\t\t\t<div class=\"elementor-column-wrap elementor-element-populated\">\n\t\t\t\t\t\t\t<div class=\"elementor-widget-wrap\">\n\t\t\t\t\t\t<div class=\"elementor-element elementor-element-b1ec15a elementor-widget elementor-widget-heading\" data-id=\"b1ec15a\" data-element_type=\"widget\" data-widget_type=\"heading.default\">\n\t\t\t\t<div class=\"elementor-widget-container\">\n\t\t\t<h2 class=\"elementor-heading-title elementor-size-default\">Formation<\/h2>\t\t<\/div>\n\t\t\t\t<\/div>\n\t\t\t\t\t\t<\/div>\n\t\t\t\t\t<\/div>\n\t\t<\/div>\n\t\t\t\t\t\t\t\t<\/div>\n\t\t\t\t\t<\/div>\n\t\t<\/section>\n\t\t\t\t<section class=\"elementor-section elementor-top-section elementor-element elementor-element-d2a458f elementor-section-boxed elementor-section-height-default elementor-section-height-default\" data-id=\"d2a458f\" data-element_type=\"section\">\n\t\t\t\t\t\t<div class=\"elementor-container elementor-column-gap-default\">\n\t\t\t\t\t\t\t<div class=\"elementor-row\">\n\t\t\t\t\t<div class=\"elementor-column elementor-col-100 elementor-top-column elementor-element elementor-element-ee8643f\" data-id=\"ee8643f\" data-element_type=\"column\">\n\t\t\t<div class=\"elementor-column-wrap elementor-element-populated\">\n\t\t\t\t\t\t\t<div class=\"elementor-widget-wrap\">\n\t\t\t\t\t\t<section class=\"elementor-section elementor-inner-section elementor-element elementor-element-bd67ab2 elementor-section-boxed elementor-section-height-default elementor-section-height-default\" data-id=\"bd67ab2\" data-element_type=\"section\">\n\t\t\t\t\t\t<div class=\"elementor-container elementor-column-gap-default\">\n\t\t\t\t\t\t\t<div class=\"elementor-row\">\n\t\t\t\t\t<div class=\"elementor-column elementor-col-100 elementor-inner-column elementor-element elementor-element-3f694ec\" data-id=\"3f694ec\" data-element_type=\"column\">\n\t\t\t<div class=\"elementor-column-wrap elementor-element-populated\">\n\t\t\t\t\t\t\t<div class=\"elementor-widget-wrap\">\n\t\t\t\t\t\t<div class=\"elementor-element elementor-element-2e38b7c elementor-widget elementor-widget-heading\" data-id=\"2e38b7c\" data-element_type=\"widget\" data-widget_type=\"heading.default\">\n\t\t\t\t<div class=\"elementor-widget-container\">\n\t\t\t<h2 class=\"elementor-heading-title elementor-size-default\">Copyr Campus<\/h2>\t\t<\/div>\n\t\t\t\t<\/div>\n\t\t\t\t<div class=\"elementor-element elementor-element-acebd37 elementor-widget elementor-widget-text-editor\" data-id=\"acebd37\" data-element_type=\"widget\" data-widget_type=\"text-editor.default\">\n\t\t\t\t<div class=\"elementor-widget-container\">\n\t\t\t\t\t\t\t\t<div class=\"elementor-text-editor elementor-clearfix\">\n\t\t\t\t<p>Nous avons cr\u00e9\u00e9 une \u00e9quipe de travail compos\u00e9e de membres exp\u00e9riment\u00e9s du personnel de Copyr, ainsi que d&#8217;enseignants et de chercheurs issus des principales universit\u00e9s et centres de recherche italiens, ce qui nous permet de proposer une offre de formation multidisciplinaire, modulaire et actualis\u00e9e, \u00e0 la fois en classe et sur le terrain, con\u00e7ue en fonction des besoins de nos clients et du march\u00e9 final.<\/p>\t\t\t\t\t<\/div>\n\t\t\t\t\t\t<\/div>\n\t\t\t\t<\/div>\n\t\t\t\t\t\t<\/div>\n\t\t\t\t\t<\/div>\n\t\t<\/div>\n\t\t\t\t\t\t\t\t<\/div>\n\t\t\t\t\t<\/div>\n\t\t<\/section>\n\t\t\t\t<section class=\"elementor-section elementor-inner-section elementor-element elementor-element-f1dd2ce elementor-section-boxed elementor-section-height-default elementor-section-height-default\" data-id=\"f1dd2ce\" data-element_type=\"section\">\n\t\t\t\t\t\t<div class=\"elementor-container elementor-column-gap-default\">\n\t\t\t\t\t\t\t<div class=\"elementor-row\">\n\t\t\t\t\t<div class=\"elementor-column elementor-col-100 elementor-inner-column elementor-element elementor-element-55c7c29\" data-id=\"55c7c29\" data-element_type=\"column\">\n\t\t\t<div class=\"elementor-column-wrap elementor-element-populated\">\n\t\t\t\t\t\t\t<div class=\"elementor-widget-wrap\">\n\t\t\t\t\t\t<div class=\"elementor-element elementor-element-0ed9e68 elementor-widget elementor-widget-heading\" data-id=\"0ed9e68\" data-element_type=\"widget\" data-widget_type=\"heading.default\">\n\t\t\t\t<div class=\"elementor-widget-container\">\n\t\t\t<h3 class=\"elementor-heading-title elementor-size-default\">Cours de formation certifi\u00e9e ISO 21001:2019<\/h3>\t\t<\/div>\n\t\t\t\t<\/div>\n\t\t\t\t\t\t<\/div>\n\t\t\t\t\t<\/div>\n\t\t<\/div>\n\t\t\t\t\t\t\t\t<\/div>\n\t\t\t\t\t<\/div>\n\t\t<\/section>\n\t\t\t\t<section class=\"elementor-section elementor-inner-section elementor-element elementor-element-76e77c9 elementor-section-boxed elementor-section-height-default elementor-section-height-default\" data-id=\"76e77c9\" data-element_type=\"section\">\n\t\t\t\t\t\t<div class=\"elementor-container elementor-column-gap-default\">\n\t\t\t\t\t\t\t<div class=\"elementor-row\">\n\t\t\t\t\t<div class=\"elementor-column elementor-col-50 elementor-inner-column elementor-element elementor-element-ddccfb5\" data-id=\"ddccfb5\" data-element_type=\"column\">\n\t\t\t<div class=\"elementor-column-wrap elementor-element-populated\">\n\t\t\t\t\t\t\t<div class=\"elementor-widget-wrap\">\n\t\t\t\t\t\t<div class=\"elementor-element elementor-element-1456855 elementor-widget elementor-widget-image\" data-id=\"1456855\" data-element_type=\"widget\" data-widget_type=\"image.default\">\n\t\t\t\t<div class=\"elementor-widget-container\">\n\t\t\t\t\t\t\t\t<div class=\"elementor-image\">\n\t\t\t\t\t\t\t\t\t\t\t\t<img width=\"800\" height=\"552\" src=\"https:\/\/www.copyr.eu\/fr\/wp-content\/uploads\/sites\/11\/2023\/10\/ISTRUZIONE-E-FORMAZIONE-1024x707.jpg\" class=\"attachment-large size-large\" alt=\"\" loading=\"lazy\" \/>\t\t\t\t\t\t\t\t\t\t\t\t\t\t<\/div>\n\t\t\t\t\t\t<\/div>\n\t\t\t\t<\/div>\n\t\t\t\t\t\t<\/div>\n\t\t\t\t\t<\/div>\n\t\t<\/div>\n\t\t\t\t<div class=\"elementor-column elementor-col-50 elementor-inner-column elementor-element elementor-element-733785b\" data-id=\"733785b\" data-element_type=\"column\">\n\t\t\t<div class=\"elementor-column-wrap elementor-element-populated\">\n\t\t\t\t\t\t\t<div class=\"elementor-widget-wrap\">\n\t\t\t\t\t\t<div class=\"elementor-element elementor-element-d1fb124 elementor-widget elementor-widget-text-editor\" data-id=\"d1fb124\" data-element_type=\"widget\" data-widget_type=\"text-editor.default\">\n\t\t\t\t<div class=\"elementor-widget-container\">\n\t\t\t\t\t\t\t\t<div class=\"elementor-text-editor elementor-clearfix\">\n\t\t\t\t<p>En 2019, Copyr a obtenu la certification <strong>UNI ISO 21001:2019<\/strong> pour la prestation de <strong>formation<\/strong>.<\/p><p>Plus pr\u00e9cis\u00e9ment, notre certificat contient la sp\u00e9cification suivante:<strong> \u201cServices d&#8217;apprentissage li\u00e9s \u00e0 l&#8217;\u00e9ducation et \u00e0 la formation non formelles\u201d<\/strong><\/p><p>Avec l&#8217;acquisition de la certification, nous sommes \u00e9galement heureux d&#8217;annoncer la cr\u00e9ation de la <strong>Copyr Campus School<\/strong> qui ajoutera de la valeur \u00e0 chacun de nos cours.<\/p><p>Copyr offre \u00e9galement la <strong>possibilit\u00e9 d&#8217;organiser<\/strong>, sur demande, <strong>des formations sur le territoire<\/strong>, con\u00e7ues sur la base des besoins des clients et des entreprises individuelles.<\/p>\t\t\t\t\t<\/div>\n\t\t\t\t\t\t<\/div>\n\t\t\t\t<\/div>\n\t\t\t\t\t\t<\/div>\n\t\t\t\t\t<\/div>\n\t\t<\/div>\n\t\t\t\t\t\t\t\t<\/div>\n\t\t\t\t\t<\/div>\n\t\t<\/section>\n\t\t\t\t\t\t<\/div>\n\t\t\t\t\t<\/div>\n\t\t<\/div>\n\t\t\t\t\t\t\t\t<\/div>\n\t\t\t\t\t<\/div>\n\t\t<\/section>\n\t\t\t\t<section class=\"elementor-section elementor-top-section elementor-element elementor-element-fe8a3c8 elementor-section-boxed elementor-section-height-default elementor-section-height-default\" data-id=\"fe8a3c8\" data-element_type=\"section\">\n\t\t\t\t\t\t<div class=\"elementor-container elementor-column-gap-default\">\n\t\t\t\t\t\t\t<div class=\"elementor-row\">\n\t\t\t\t\t<div class=\"elementor-column elementor-col-100 elementor-top-column elementor-element elementor-element-44177ff\" data-id=\"44177ff\" data-element_type=\"column\">\n\t\t\t<div class=\"elementor-column-wrap elementor-element-populated\">\n\t\t\t\t\t\t\t<div class=\"elementor-widget-wrap\">\n\t\t\t\t\t\t<section class=\"elementor-section elementor-inner-section elementor-element elementor-element-f215c91 elementor-section-boxed elementor-section-height-default elementor-section-height-default\" data-id=\"f215c91\" data-element_type=\"section\">\n\t\t\t\t\t\t<div class=\"elementor-container elementor-column-gap-narrow\">\n\t\t\t\t\t\t\t<div class=\"elementor-row\">\n\t\t\t\t\t<div class=\"elementor-column elementor-col-50 elementor-inner-column elementor-element elementor-element-15df609\" data-id=\"15df609\" data-element_type=\"column\">\n\t\t\t<div class=\"elementor-column-wrap elementor-element-populated\">\n\t\t\t\t\t\t\t<div class=\"elementor-widget-wrap\">\n\t\t\t\t\t\t<div class=\"elementor-element elementor-element-1468d55 elementor-widget elementor-widget-text-editor\" data-id=\"1468d55\" data-element_type=\"widget\" data-widget_type=\"text-editor.default\">\n\t\t\t\t<div class=\"elementor-widget-container\">\n\t\t\t\t\t\t\t\t<div class=\"elementor-text-editor elementor-clearfix\">\n\t\t\t\t<p><span style=\"color: #23a455;\">3 BONNES RAISONS\u00a0<\/span> DE CHOISIR\u00a0<\/p>\t\t\t\t\t<\/div>\n\t\t\t\t\t\t<\/div>\n\t\t\t\t<\/div>\n\t\t\t\t\t\t<\/div>\n\t\t\t\t\t<\/div>\n\t\t<\/div>\n\t\t\t\t<div class=\"elementor-column elementor-col-50 elementor-inner-column elementor-element elementor-element-4b520f2\" data-id=\"4b520f2\" data-element_type=\"column\">\n\t\t\t<div class=\"elementor-column-wrap elementor-element-populated\">\n\t\t\t\t\t\t\t<div class=\"elementor-widget-wrap\">\n\t\t\t\t\t\t<div class=\"elementor-element elementor-element-c818ab6 elementor-widget elementor-widget-image\" data-id=\"c818ab6\" data-element_type=\"widget\" data-widget_type=\"image.default\">\n\t\t\t\t<div class=\"elementor-widget-container\">\n\t\t\t\t\t\t\t\t<div class=\"elementor-image\">\n\t\t\t\t\t\t\t\t\t\t\t\t<img width=\"800\" height=\"343\" src=\"https:\/\/www.copyr.eu\/fr\/wp-content\/uploads\/sites\/11\/2020\/10\/logo-campus-copyr.png\" class=\"attachment-large size-large\" alt=\"\" loading=\"lazy\" \/>\t\t\t\t\t\t\t\t\t\t\t\t\t\t<\/div>\n\t\t\t\t\t\t<\/div>\n\t\t\t\t<\/div>\n\t\t\t\t\t\t<\/div>\n\t\t\t\t\t<\/div>\n\t\t<\/div>\n\t\t\t\t\t\t\t\t<\/div>\n\t\t\t\t\t<\/div>\n\t\t<\/section>\n\t\t\t\t<section class=\"elementor-section elementor-inner-section elementor-element elementor-element-dd13adc elementor-section-boxed elementor-section-height-default elementor-section-height-default\" data-id=\"dd13adc\" data-element_type=\"section\">\n\t\t\t\t\t\t<div class=\"elementor-container elementor-column-gap-wider\">\n\t\t\t\t\t\t\t<div class=\"elementor-row\">\n\t\t\t\t\t<div class=\"elementor-column elementor-col-33 elementor-inner-column elementor-element elementor-element-c0f8417\" data-id=\"c0f8417\" data-element_type=\"column\">\n\t\t\t<div class=\"elementor-column-wrap elementor-element-populated\">\n\t\t\t\t\t\t\t<div class=\"elementor-widget-wrap\">\n\t\t\t\t\t\t<div class=\"elementor-element elementor-element-e9f107f elementor-view-default elementor-position-top elementor-vertical-align-top elementor-widget elementor-widget-icon-box\" data-id=\"e9f107f\" data-element_type=\"widget\" data-widget_type=\"icon-box.default\">\n\t\t\t\t<div class=\"elementor-widget-container\">\n\t\t\t\t\t<div class=\"elementor-icon-box-wrapper\">\n\t\t\t\t\t\t<div class=\"elementor-icon-box-icon\">\n\t\t\t\t<span class=\"elementor-icon elementor-animation-\" >\n\t\t\t\t<i aria-hidden=\"true\" class=\"fas fa-check\"><\/i>\t\t\t\t<\/span>\n\t\t\t<\/div>\n\t\t\t\t\t\t<div class=\"elementor-icon-box-content\">\n\t\t\t\t<h3 class=\"elementor-icon-box-title\">\n\t\t\t\t\t<span  >\n\t\t\t\t\t\tCOURS SUR MESURE ET PERSONNALIS\u00c9S\t\t\t\t\t<\/span>\n\t\t\t\t<\/h3>\n\t\t\t\t\t\t\t<\/div>\n\t\t<\/div>\n\t\t\t\t<\/div>\n\t\t\t\t<\/div>\n\t\t\t\t\t\t<\/div>\n\t\t\t\t\t<\/div>\n\t\t<\/div>\n\t\t\t\t<div class=\"elementor-column elementor-col-33 elementor-inner-column elementor-element elementor-element-7ac24e3\" data-id=\"7ac24e3\" data-element_type=\"column\">\n\t\t\t<div class=\"elementor-column-wrap elementor-element-populated\">\n\t\t\t\t\t\t\t<div class=\"elementor-widget-wrap\">\n\t\t\t\t\t\t<div class=\"elementor-element elementor-element-c5f440e elementor-view-default elementor-position-top elementor-vertical-align-top elementor-widget elementor-widget-icon-box\" data-id=\"c5f440e\" data-element_type=\"widget\" data-widget_type=\"icon-box.default\">\n\t\t\t\t<div class=\"elementor-widget-container\">\n\t\t\t\t\t<div class=\"elementor-icon-box-wrapper\">\n\t\t\t\t\t\t<div class=\"elementor-icon-box-icon\">\n\t\t\t\t<span class=\"elementor-icon elementor-animation-\" >\n\t\t\t\t<i aria-hidden=\"true\" class=\"fas fa-check\"><\/i>\t\t\t\t<\/span>\n\t\t\t<\/div>\n\t\t\t\t\t\t<div class=\"elementor-icon-box-content\">\n\t\t\t\t<h3 class=\"elementor-icon-box-title\">\n\t\t\t\t\t<span  >\n\t\t\t\t\t\t\u00c9QUIPE D'EXPERTS QUALIFI\u00c9S\t\t\t\t\t<\/span>\n\t\t\t\t<\/h3>\n\t\t\t\t\t\t\t<\/div>\n\t\t<\/div>\n\t\t\t\t<\/div>\n\t\t\t\t<\/div>\n\t\t\t\t\t\t<\/div>\n\t\t\t\t\t<\/div>\n\t\t<\/div>\n\t\t\t\t<div class=\"elementor-column elementor-col-33 elementor-inner-column elementor-element elementor-element-08d9540\" data-id=\"08d9540\" data-element_type=\"column\">\n\t\t\t<div class=\"elementor-column-wrap elementor-element-populated\">\n\t\t\t\t\t\t\t<div class=\"elementor-widget-wrap\">\n\t\t\t\t\t\t<div class=\"elementor-element elementor-element-0a38acf elementor-view-default elementor-position-top elementor-vertical-align-top elementor-widget elementor-widget-icon-box\" data-id=\"0a38acf\" data-element_type=\"widget\" data-widget_type=\"icon-box.default\">\n\t\t\t\t<div class=\"elementor-widget-container\">\n\t\t\t\t\t<div class=\"elementor-icon-box-wrapper\">\n\t\t\t\t\t\t<div class=\"elementor-icon-box-icon\">\n\t\t\t\t<span class=\"elementor-icon elementor-animation-\" >\n\t\t\t\t<i aria-hidden=\"true\" class=\"fas fa-check\"><\/i>\t\t\t\t<\/span>\n\t\t\t<\/div>\n\t\t\t\t\t\t<div class=\"elementor-icon-box-content\">\n\t\t\t\t<h3 class=\"elementor-icon-box-title\">\n\t\t\t\t\t<span  >\n\t\t\t\t\t\tEN PHASE AVEC LES BESOINS DU MARCH\u00c9\t\t\t\t\t<\/span>\n\t\t\t\t<\/h3>\n\t\t\t\t\t\t\t<\/div>\n\t\t<\/div>\n\t\t\t\t<\/div>\n\t\t\t\t<\/div>\n\t\t\t\t\t\t<\/div>\n\t\t\t\t\t<\/div>\n\t\t<\/div>\n\t\t\t\t\t\t\t\t<\/div>\n\t\t\t\t\t<\/div>\n\t\t<\/section>\n\t\t\t\t\t\t<\/div>\n\t\t\t\t\t<\/div>\n\t\t<\/div>\n\t\t\t\t\t\t\t\t<\/div>\n\t\t\t\t\t<\/div>\n\t\t<\/section>\n\t\t\t\t\t\t<\/div>\n\t\t\t\t\t\t<\/div>\n\t\t\t\t\t<\/div>\n\t\t","protected":false},"excerpt":{"rendered":"<p>Formation Copyr Campus Nous avons cr\u00e9\u00e9 une \u00e9quipe de travail compos\u00e9e de membres exp\u00e9riment\u00e9s du personnel de Copyr, ainsi que d&#8217;enseignants et de chercheurs issus des principales universit\u00e9s et centres de recherche italiens, ce qui nous permet de proposer une offre de formation multidisciplinaire, modulaire et actualis\u00e9e, \u00e0 la fois en classe et sur le [&hellip;]<\/p>\n","protected":false},"author":1,"featured_media":9973,"parent":238,"menu_order":0,"comment_status":"closed","ping_status":"closed","template":"","meta":{"content-type":""},"yoast_head":"<!-- This site is optimized with the Yoast SEO plugin v17.0 - https:\/\/yoast.com\/wordpress\/plugins\/seo\/ -->\n<title>Training Courses - copyr.eu FR<\/title>\n<meta name=\"description\" content=\"Campus Copyr, un team di lavoro composto da personale Copyr esperto, affiancato da docenti e ricercatori delle principali Universit\u00e0 e Centri di Ricerca.\" \/>\n<meta name=\"robots\" content=\"index, follow, max-snippet:-1, max-image-preview:large, max-video-preview:-1\" \/>\n<link rel=\"canonical\" href=\"https:\/\/www.copyr.eu\/fr\/copyr\/trainingcourses\/\" \/>\n<meta property=\"og:locale\" content=\"fr_FR\" \/>\n<meta property=\"og:type\" content=\"article\" \/>\n<meta property=\"og:title\" content=\"Training Courses - copyr.eu FR\" \/>\n<meta property=\"og:description\" content=\"Campus Copyr, un team di lavoro composto da personale Copyr esperto, affiancato da docenti e ricercatori delle principali Universit\u00e0 e Centri di Ricerca.\" \/>\n<meta property=\"og:url\" content=\"https:\/\/www.copyr.eu\/fr\/copyr\/trainingcourses\/\" \/>\n<meta property=\"og:site_name\" content=\"copyr.eu FR\" \/>\n<meta property=\"article:modified_time\" content=\"2023-10-09T15:41:27+00:00\" \/>\n<meta property=\"og:image\" content=\"https:\/\/www.copyr.eu\/fr\/wp-content\/uploads\/sites\/11\/2021\/02\/formazione-social.jpg\" \/>\n\t<meta property=\"og:image:width\" content=\"552\" \/>\n\t<meta property=\"og:image:height\" content=\"288\" \/>\n<meta name=\"twitter:card\" content=\"summary_large_image\" \/>\n<meta name=\"twitter:label1\" content=\"Dur\u00e9e de lecture est.\" \/>\n\t<meta name=\"twitter:data1\" content=\"2 minutes\" \/>\n<script type=\"application\/ld+json\" class=\"yoast-schema-graph\">{\"@context\":\"https:\/\/schema.org\",\"@graph\":[{\"@type\":\"WebSite\",\"@id\":\"https:\/\/www.copyr.eu\/fr\/#website\",\"url\":\"https:\/\/www.copyr.eu\/fr\/\",\"name\":\"copyr.eu FR\",\"description\":\"Migliorare la qualit\\u00e0, la sicurezza e l&#039;igiene dei luoghi in cui viviamo\",\"potentialAction\":[{\"@type\":\"SearchAction\",\"target\":{\"@type\":\"EntryPoint\",\"urlTemplate\":\"https:\/\/www.copyr.eu\/fr\/?s={search_term_string}\"},\"query-input\":\"required name=search_term_string\"}],\"inLanguage\":\"fr-FR\"},{\"@type\":\"ImageObject\",\"@id\":\"https:\/\/www.copyr.eu\/fr\/copyr\/trainingcourses\/#primaryimage\",\"inLanguage\":\"fr-FR\",\"url\":\"https:\/\/www.copyr.eu\/fr\/wp-content\/uploads\/sites\/11\/2021\/02\/formazione-social.jpg\",\"contentUrl\":\"https:\/\/www.copyr.eu\/fr\/wp-content\/uploads\/sites\/11\/2021\/02\/formazione-social.jpg\",\"width\":552,\"height\":288},{\"@type\":\"WebPage\",\"@id\":\"https:\/\/www.copyr.eu\/fr\/copyr\/trainingcourses\/#webpage\",\"url\":\"https:\/\/www.copyr.eu\/fr\/copyr\/trainingcourses\/\",\"name\":\"Training Courses - copyr.eu FR\",\"isPartOf\":{\"@id\":\"https:\/\/www.copyr.eu\/fr\/#website\"},\"primaryImageOfPage\":{\"@id\":\"https:\/\/www.copyr.eu\/fr\/copyr\/trainingcourses\/#primaryimage\"},\"datePublished\":\"2020-10-12T14:46:02+00:00\",\"dateModified\":\"2023-10-09T15:41:27+00:00\",\"description\":\"Campus Copyr, un team di lavoro composto da personale Copyr esperto, affiancato da docenti e ricercatori delle principali Universit\\u00e0 e Centri di Ricerca.\",\"breadcrumb\":{\"@id\":\"https:\/\/www.copyr.eu\/fr\/copyr\/trainingcourses\/#breadcrumb\"},\"inLanguage\":\"fr-FR\",\"potentialAction\":[{\"@type\":\"ReadAction\",\"target\":[\"https:\/\/www.copyr.eu\/fr\/copyr\/trainingcourses\/\"]}]},{\"@type\":\"BreadcrumbList\",\"@id\":\"https:\/\/www.copyr.eu\/fr\/copyr\/trainingcourses\/#breadcrumb\",\"itemListElement\":[{\"@type\":\"ListItem\",\"position\":1,\"name\":\"Home\",\"item\":\"https:\/\/www.copyr.eu\/fr\/\"},{\"@type\":\"ListItem\",\"position\":2,\"name\":\"Copyr\",\"item\":\"https:\/\/www.copyr.eu\/fr\/copyr\/\"},{\"@type\":\"ListItem\",\"position\":3,\"name\":\"Training Courses\"}]}]}<\/script>\n<!-- \/ Yoast SEO plugin. -->","yoast_head_json":{"title":"Training Courses - copyr.eu FR","description":"Campus Copyr, un team di lavoro composto da personale Copyr esperto, affiancato da docenti e ricercatori delle principali Universit\u00e0 e Centri di Ricerca.","robots":{"index":"index","follow":"follow","max-snippet":"max-snippet:-1","max-image-preview":"max-image-preview:large","max-video-preview":"max-video-preview:-1"},"canonical":"https:\/\/www.copyr.eu\/fr\/copyr\/trainingcourses\/","og_locale":"fr_FR","og_type":"article","og_title":"Training Courses - copyr.eu FR","og_description":"Campus Copyr, un team di lavoro composto da personale Copyr esperto, affiancato da docenti e ricercatori delle principali Universit\u00e0 e Centri di Ricerca.","og_url":"https:\/\/www.copyr.eu\/fr\/copyr\/trainingcourses\/","og_site_name":"copyr.eu FR","article_modified_time":"2023-10-09T15:41:27+00:00","og_image":[{"width":552,"height":288,"url":"https:\/\/www.copyr.eu\/fr\/wp-content\/uploads\/sites\/11\/2021\/02\/formazione-social.jpg","path":"\/var\/www\/vhosts\/copyr.eu\/httpdocs\/wp-content\/uploads\/sites\/11\/2021\/02\/formazione-social.jpg","size":"full","id":"9973","alt":"","pixels":158976,"type":"image\/jpeg"}],"twitter_card":"summary_large_image","twitter_misc":{"Dur\u00e9e de lecture est.":"2 minutes"},"schema":{"@context":"https:\/\/schema.org","@graph":[{"@type":"WebSite","@id":"https:\/\/www.copyr.eu\/fr\/#website","url":"https:\/\/www.copyr.eu\/fr\/","name":"copyr.eu FR","description":"Migliorare la qualit\u00e0, la sicurezza e l&#039;igiene dei luoghi in cui viviamo","potentialAction":[{"@type":"SearchAction","target":{"@type":"EntryPoint","urlTemplate":"https:\/\/www.copyr.eu\/fr\/?s={search_term_string}"},"query-input":"required name=search_term_string"}],"inLanguage":"fr-FR"},{"@type":"ImageObject","@id":"https:\/\/www.copyr.eu\/fr\/copyr\/trainingcourses\/#primaryimage","inLanguage":"fr-FR","url":"https:\/\/www.copyr.eu\/fr\/wp-content\/uploads\/sites\/11\/2021\/02\/formazione-social.jpg","contentUrl":"https:\/\/www.copyr.eu\/fr\/wp-content\/uploads\/sites\/11\/2021\/02\/formazione-social.jpg","width":552,"height":288},{"@type":"WebPage","@id":"https:\/\/www.copyr.eu\/fr\/copyr\/trainingcourses\/#webpage","url":"https:\/\/www.copyr.eu\/fr\/copyr\/trainingcourses\/","name":"Training Courses - copyr.eu FR","isPartOf":{"@id":"https:\/\/www.copyr.eu\/fr\/#website"},"primaryImageOfPage":{"@id":"https:\/\/www.copyr.eu\/fr\/copyr\/trainingcourses\/#primaryimage"},"datePublished":"2020-10-12T14:46:02+00:00","dateModified":"2023-10-09T15:41:27+00:00","description":"Campus Copyr, un team di lavoro composto da personale Copyr esperto, affiancato da docenti e ricercatori delle principali Universit\u00e0 e Centri di Ricerca.","breadcrumb":{"@id":"https:\/\/www.copyr.eu\/fr\/copyr\/trainingcourses\/#breadcrumb"},"inLanguage":"fr-FR","potentialAction":[{"@type":"ReadAction","target":["https:\/\/www.copyr.eu\/fr\/copyr\/trainingcourses\/"]}]},{"@type":"BreadcrumbList","@id":"https:\/\/www.copyr.eu\/fr\/copyr\/trainingcourses\/#breadcrumb","itemListElement":[{"@type":"ListItem","position":1,"name":"Home","item":"https:\/\/www.copyr.eu\/fr\/"},{"@type":"ListItem","position":2,"name":"Copyr","item":"https:\/\/www.copyr.eu\/fr\/copyr\/"},{"@type":"ListItem","position":3,"name":"Training Courses"}]}]}},"_links":{"self":[{"href":"https:\/\/www.copyr.eu\/fr\/wp-json\/wp\/v2\/pages\/9184"}],"collection":[{"href":"https:\/\/www.copyr.eu\/fr\/wp-json\/wp\/v2\/pages"}],"about":[{"href":"https:\/\/www.copyr.eu\/fr\/wp-json\/wp\/v2\/types\/page"}],"author":[{"embeddable":true,"href":"https:\/\/www.copyr.eu\/fr\/wp-json\/wp\/v2\/users\/1"}],"replies":[{"embeddable":true,"href":"https:\/\/www.copyr.eu\/fr\/wp-json\/wp\/v2\/comments?post=9184"}],"version-history":[{"count":23,"href":"https:\/\/www.copyr.eu\/fr\/wp-json\/wp\/v2\/pages\/9184\/revisions"}],"predecessor-version":[{"id":11861,"href":"https:\/\/www.copyr.eu\/fr\/wp-json\/wp\/v2\/pages\/9184\/revisions\/11861"}],"up":[{"embeddable":true,"href":"https:\/\/www.copyr.eu\/fr\/wp-json\/wp\/v2\/pages\/238"}],"wp:featuredmedia":[{"embeddable":true,"href":"https:\/\/www.copyr.eu\/fr\/wp-json\/wp\/v2\/media\/9973"}],"wp:attachment":[{"href":"https:\/\/www.copyr.eu\/fr\/wp-json\/wp\/v2\/media?parent=9184"}],"curies":[{"name":"wp","href":"https:\/\/api.w.org\/{rel}","templated":true}]}}