{"id":5956,"date":"2020-02-14T10:38:10","date_gmt":"2020-02-14T09:38:10","guid":{"rendered":"https:\/\/www.copyr.eu\/fr\/?page_id=5956"},"modified":"2023-10-16T09:43:35","modified_gmt":"2023-10-16T07:43:35","slug":"pyrethrum","status":"publish","type":"page","link":"https:\/\/www.copyr.eu\/fr\/copyr\/pyrethrum\/","title":{"rendered":"Pyrethrum"},"content":{"rendered":"\t\t<div data-elementor-type=\"wp-page\" data-elementor-id=\"5956\" class=\"elementor elementor-5956\" data-elementor-settings=\"[]\">\n\t\t\t\t\t\t<div class=\"elementor-inner\">\n\t\t\t\t\t\t\t<div class=\"elementor-section-wrap\">\n\t\t\t\t\t\t\t<section class=\"elementor-section elementor-top-section elementor-element elementor-element-12dd576 elementor-section-boxed elementor-section-height-default elementor-section-height-default\" data-id=\"12dd576\" data-element_type=\"section\" data-settings=\"{&quot;background_background&quot;:&quot;classic&quot;}\">\n\t\t\t\t\t\t<div class=\"elementor-container elementor-column-gap-default\">\n\t\t\t\t\t\t\t<div class=\"elementor-row\">\n\t\t\t\t\t<div class=\"elementor-column elementor-col-100 elementor-top-column elementor-element elementor-element-67cada7\" data-id=\"67cada7\" data-element_type=\"column\">\n\t\t\t<div class=\"elementor-column-wrap elementor-element-populated\">\n\t\t\t\t\t\t\t<div class=\"elementor-widget-wrap\">\n\t\t\t\t\t\t<div class=\"elementor-element elementor-element-4319c06 elementor-widget elementor-widget-breadcrumbs\" data-id=\"4319c06\" data-element_type=\"widget\" data-widget_type=\"breadcrumbs.default\">\n\t\t\t\t<div class=\"elementor-widget-container\">\n\t\t\t<p id=\"breadcrumbs\"><span><span><a href=\"https:\/\/www.copyr.eu\/fr\/\">Home<\/a><\/span><\/p>\t\t<\/div>\n\t\t\t\t<\/div>\n\t\t\t\t\t\t<\/div>\n\t\t\t\t\t<\/div>\n\t\t<\/div>\n\t\t\t\t\t\t\t\t<\/div>\n\t\t\t\t\t<\/div>\n\t\t<\/section>\n\t\t\t\t<section class=\"elementor-section elementor-top-section elementor-element elementor-element-2902dcb elementor-section-height-min-height elementor-section-boxed elementor-section-height-default elementor-section-items-middle\" data-id=\"2902dcb\" data-element_type=\"section\">\n\t\t\t\t\t\t<div class=\"elementor-container elementor-column-gap-default\">\n\t\t\t\t\t\t\t<div class=\"elementor-row\">\n\t\t\t\t\t<div class=\"elementor-column elementor-col-100 elementor-top-column elementor-element elementor-element-5cb54b6\" data-id=\"5cb54b6\" data-element_type=\"column\">\n\t\t\t<div class=\"elementor-column-wrap elementor-element-populated\">\n\t\t\t\t\t\t\t<div class=\"elementor-widget-wrap\">\n\t\t\t\t\t\t<div class=\"elementor-element elementor-element-7656c60 elementor-invisible elementor-widget elementor-widget-heading\" data-id=\"7656c60\" data-element_type=\"widget\" data-settings=\"{&quot;_animation&quot;:&quot;fadeIn&quot;}\" data-widget_type=\"heading.default\">\n\t\t\t\t<div class=\"elementor-widget-container\">\n\t\t\t<h2 class=\"elementor-heading-title elementor-size-default\">LE PYR\u00c8THRE, UNE HISTOIRE QUI VIENT DE LOIN<\/h2>\t\t<\/div>\n\t\t\t\t<\/div>\n\t\t\t\t<section class=\"elementor-section elementor-inner-section elementor-element elementor-element-72addef elementor-reverse-mobile elementor-section-boxed elementor-section-height-default elementor-section-height-default\" data-id=\"72addef\" data-element_type=\"section\">\n\t\t\t\t\t\t<div class=\"elementor-container elementor-column-gap-default\">\n\t\t\t\t\t\t\t<div class=\"elementor-row\">\n\t\t\t\t\t<div class=\"elementor-column elementor-col-50 elementor-inner-column elementor-element elementor-element-7b1f58a\" data-id=\"7b1f58a\" data-element_type=\"column\">\n\t\t\t<div class=\"elementor-column-wrap elementor-element-populated\">\n\t\t\t\t\t\t\t<div class=\"elementor-widget-wrap\">\n\t\t\t\t\t\t<div class=\"elementor-element elementor-element-2ac4e5d elementor-invisible elementor-widget elementor-widget-text-editor\" data-id=\"2ac4e5d\" data-element_type=\"widget\" data-settings=\"{&quot;_animation&quot;:&quot;fadeInUp&quot;}\" data-widget_type=\"text-editor.default\">\n\t\t\t\t<div class=\"elementor-widget-container\">\n\t\t\t\t\t\t\t\t<div class=\"elementor-text-editor elementor-clearfix\">\n\t\t\t\t<p>Le Pyr\u00e8thre a une longue histoire \u00e0 raconter. L\u2019homme a d\u00e9couvert ses propri\u00e9t\u00e9s il y a des milliers d&#8217;ann\u00e9es et a commenc\u00e9 \u00e0 le cultiver d\u00e8s les temps les plus recul\u00e9s.<\/p><p>Le <em>Chrysanthemum cinerariaefolium<\/em> est une plante de la famille des Ast\u00e9rac\u00e9es, semblable \u00e0 une marguerite commune, qui pousse \u00e0 l&#8217;\u00e9tat sauvage dans les r\u00e9gions situ\u00e9es \u00e0 l\u2019est de la mer Adriatique, de l&#8217;Istrie au Mont\u00e9n\u00e9gro, dans des endroits calcaires et arides. C&#8217;est la raison pour laquelle cette plante est souvent appel\u00e9e \u00ab\u00a0pyr\u00e8thre de Dalmatie\u00a0\u00bb. Aujourd&#8217;hui, les cultures les plus importantes se concentrent en Australie et en Nouvelle-Z\u00e9lande.<\/p><p>Il s&#8217;agit d&#8217;une plante rustique, que l&#8217;on trouve souvent dans les prairies ou que l&#8217;on utilise pour d\u00e9corer les jardins et les balcons et qui, par sa simplicit\u00e9, donne des r\u00e9sultats enchanteurs.<\/p><p>\u00c0 partir des capitules r\u00e9colt\u00e9s, s\u00e9ch\u00e9s et broy\u00e9s, il est possible d&#8217;obtenir une mati\u00e8re active efficace dans la lutte contre les insectes nuisibles. Les formulations peuvent \u00eatre pulv\u00e9ris\u00e9es sur les plantes en tant que pesticide ayant un effet destructeur et r\u00e9pulsif.<\/p><p>\u00a0<\/p>\t\t\t\t\t<\/div>\n\t\t\t\t\t\t<\/div>\n\t\t\t\t<\/div>\n\t\t\t\t<div class=\"elementor-element elementor-element-cfbd6d8 elementor-invisible elementor-widget elementor-widget-text-editor\" data-id=\"cfbd6d8\" data-element_type=\"widget\" data-settings=\"{&quot;_animation&quot;:&quot;fadeInUp&quot;,&quot;_animation_delay&quot;:300}\" data-widget_type=\"text-editor.default\">\n\t\t\t\t<div class=\"elementor-widget-container\">\n\t\t\t\t\t\t\t\t<div class=\"elementor-text-editor elementor-clearfix\">\n\t\t\t\t<p>Le Pyr\u00e8thre est d&#8217;origine v\u00e9g\u00e9tale et naturelle et c\u2019est donc un insecticide autoris\u00e9 dans l&#8217;agriculture biologique<\/p>\t\t\t\t\t<\/div>\n\t\t\t\t\t\t<\/div>\n\t\t\t\t<\/div>\n\t\t\t\t\t\t<\/div>\n\t\t\t\t\t<\/div>\n\t\t<\/div>\n\t\t\t\t<div class=\"elementor-column elementor-col-50 elementor-inner-column elementor-element elementor-element-4b5b9ad\" data-id=\"4b5b9ad\" data-element_type=\"column\">\n\t\t\t<div class=\"elementor-column-wrap elementor-element-populated\">\n\t\t\t\t\t\t\t<div class=\"elementor-widget-wrap\">\n\t\t\t\t\t\t<div class=\"elementor-element elementor-element-44c3945 elementor-widget__width-initial elementor-absolute elementor-invisible elementor-widget elementor-widget-image\" data-id=\"44c3945\" data-element_type=\"widget\" data-settings=\"{&quot;_animation&quot;:&quot;fadeInRight&quot;,&quot;_position&quot;:&quot;absolute&quot;}\" data-widget_type=\"image.default\">\n\t\t\t\t<div class=\"elementor-widget-container\">\n\t\t\t\t\t\t\t\t<div class=\"elementor-image\">\n\t\t\t\t\t\t\t\t\t\t\t\t<img width=\"1000\" height=\"955\" src=\"https:\/\/www.copyr.eu\/fr\/wp-content\/uploads\/sites\/11\/2021\/01\/fiori.png\" class=\"attachment-2048x2048 size-2048x2048\" alt=\"\" loading=\"lazy\" \/>\t\t\t\t\t\t\t\t\t\t\t\t\t\t<\/div>\n\t\t\t\t\t\t<\/div>\n\t\t\t\t<\/div>\n\t\t\t\t\t\t<\/div>\n\t\t\t\t\t<\/div>\n\t\t<\/div>\n\t\t\t\t\t\t\t\t<\/div>\n\t\t\t\t\t<\/div>\n\t\t<\/section>\n\t\t\t\t\t\t<\/div>\n\t\t\t\t\t<\/div>\n\t\t<\/div>\n\t\t\t\t\t\t\t\t<\/div>\n\t\t\t\t\t<\/div>\n\t\t<\/section>\n\t\t\t\t<section class=\"elementor-section elementor-top-section elementor-element elementor-element-972c080 elementor-section-stretched elementor-section-height-min-height elementor-section-boxed elementor-section-height-default elementor-section-items-middle\" data-id=\"972c080\" data-element_type=\"section\" data-settings=\"{&quot;stretch_section&quot;:&quot;section-stretched&quot;}\">\n\t\t\t\t\t\t<div class=\"elementor-container elementor-column-gap-default\">\n\t\t\t\t\t\t\t<div class=\"elementor-row\">\n\t\t\t\t\t<div class=\"elementor-column elementor-col-100 elementor-top-column elementor-element elementor-element-c78945a\" data-id=\"c78945a\" data-element_type=\"column\">\n\t\t\t<div class=\"elementor-column-wrap elementor-element-populated\">\n\t\t\t\t\t\t\t<div class=\"elementor-widget-wrap\">\n\t\t\t\t\t\t<div class=\"elementor-element elementor-element-fb7f18b elementor-invisible elementor-widget elementor-widget-image\" data-id=\"fb7f18b\" data-element_type=\"widget\" data-settings=\"{&quot;_animation&quot;:&quot;zoomIn&quot;}\" data-widget_type=\"image.default\">\n\t\t\t\t<div class=\"elementor-widget-container\">\n\t\t\t\t\t\t\t\t<div class=\"elementor-image\">\n\t\t\t\t\t\t\t\t\t\t\t\t<img width=\"800\" height=\"667\" src=\"https:\/\/www.copyr.eu\/fr\/wp-content\/uploads\/sites\/11\/2023\/10\/piretro-grande-FR.png\" class=\"attachment-large size-large\" alt=\"\" loading=\"lazy\" \/>\t\t\t\t\t\t\t\t\t\t\t\t\t\t<\/div>\n\t\t\t\t\t\t<\/div>\n\t\t\t\t<\/div>\n\t\t\t\t<div class=\"elementor-element elementor-element-8e0c29e elementor-invisible elementor-widget elementor-widget-heading\" data-id=\"8e0c29e\" data-element_type=\"widget\" data-settings=\"{&quot;_animation&quot;:&quot;fadeIn&quot;}\" data-widget_type=\"heading.default\">\n\t\t\t\t<div class=\"elementor-widget-container\">\n\t\t\t<h2 class=\"elementor-heading-title elementor-size-default\">L'efficacit\u00e9 la plus naturelle qui soit<\/h2>\t\t<\/div>\n\t\t\t\t<\/div>\n\t\t\t\t<div class=\"elementor-element elementor-element-ab664e9 elementor-invisible elementor-widget elementor-widget-text-editor\" data-id=\"ab664e9\" data-element_type=\"widget\" data-settings=\"{&quot;_animation&quot;:&quot;fadeInUp&quot;}\" data-widget_type=\"text-editor.default\">\n\t\t\t\t<div class=\"elementor-widget-container\">\n\t\t\t\t\t\t\t\t<div class=\"elementor-text-editor elementor-clearfix\">\n\t\t\t\t<p><span lang=\"FR\">L&#8217;\u00e9volution de la nature peut \u00eatre extraordinairement surprenante. D&#8217;un c\u00f4t\u00e9, celle-ci est capable de g\u00e9n\u00e9rer des millions d&#8217;insectes, tous diff\u00e9rents, et en m\u00eame temps de cr\u00e9er une fleur qui produit un principe actif naturel capable de les \u00e9liminer.<\/span><\/p><p><span lang=\"FR\">L&#8217;histoire de cette substance active, si pr\u00e9cieuse pour le bien-\u00eatre de l&#8217;homme, est rest\u00e9e inchang\u00e9e jusqu&#8217;\u00e0 aujourd&#8217;hui.<\/span><\/p><p>Les fleurs de cette plante contiennent des <strong>pyr\u00e9thrines<\/strong>, des principes actifs \u00e0 <strong>action insecticide et r\u00e9pulsive<\/strong>, qui ont un effet rapide sur tous les insectes. Le pyr\u00e8thre ne laisse aucun r\u00e9sidu toxique pour l&#8217;homme et il n&#8217;est pas nocif pour les cultures, \u00e0 tel point que d\u00e8s le lendemain de son utilisation, il n&#8217;en reste pratiquement aucune trace dans les milieux o\u00f9 il a \u00e9t\u00e9 utilis\u00e9.<\/p><p><span lang=\"FR\">Gr\u00e2ce \u00e0 son origine v\u00e9g\u00e9tale naturelle, le pyr\u00e8thre est l&#8217;un des rares insecticides autoris\u00e9s, voire recommand\u00e9s, dans l&#8217;agriculture biologique.<\/span><\/p><p><span lang=\"FR\">L&#8217;une des caract\u00e9ristiques les plus appr\u00e9ci\u00e9es du pyr\u00e8thre est que, s&#8217;agissant d&#8217;une substance naturelle, sa mol\u00e9cule est tr\u00e8s complexe. Cette caract\u00e9ristique unique du pyr\u00e8thre fait qu&#8217;il est extr\u00eamement difficile pour les insectes de cr\u00e9er des souches ou des populations r\u00e9sistantes, ce qui garantit un r\u00e9sultat toujours tr\u00e8s fiable.<\/span><\/p>\t\t\t\t\t<\/div>\n\t\t\t\t\t\t<\/div>\n\t\t\t\t<\/div>\n\t\t\t\t\t\t<\/div>\n\t\t\t\t\t<\/div>\n\t\t<\/div>\n\t\t\t\t\t\t\t\t<\/div>\n\t\t\t\t\t<\/div>\n\t\t<\/section>\n\t\t\t\t<section class=\"elementor-section elementor-top-section elementor-element elementor-element-84f7f14 elementor-section-height-min-height elementor-section-boxed elementor-section-height-default elementor-section-items-middle\" data-id=\"84f7f14\" data-element_type=\"section\">\n\t\t\t\t\t\t<div class=\"elementor-container elementor-column-gap-default\">\n\t\t\t\t\t\t\t<div class=\"elementor-row\">\n\t\t\t\t\t<div class=\"elementor-column elementor-col-100 elementor-top-column elementor-element elementor-element-e4a8410\" data-id=\"e4a8410\" data-element_type=\"column\">\n\t\t\t<div class=\"elementor-column-wrap elementor-element-populated\">\n\t\t\t\t\t\t\t<div class=\"elementor-widget-wrap\">\n\t\t\t\t\t\t<section class=\"elementor-section elementor-inner-section elementor-element elementor-element-638cd78 elementor-section-height-min-height elementor-section-content-top elementor-section-boxed elementor-section-height-default\" data-id=\"638cd78\" data-element_type=\"section\">\n\t\t\t\t\t\t<div class=\"elementor-container elementor-column-gap-default\">\n\t\t\t\t\t\t\t<div class=\"elementor-row\">\n\t\t\t\t\t<div class=\"elementor-column elementor-col-50 elementor-inner-column elementor-element elementor-element-1d46fba\" data-id=\"1d46fba\" data-element_type=\"column\">\n\t\t\t<div class=\"elementor-column-wrap elementor-element-populated\">\n\t\t\t\t\t\t\t<div class=\"elementor-widget-wrap\">\n\t\t\t\t\t\t<div class=\"elementor-element elementor-element-aea5e44 elementor-widget__width-initial elementor-absolute elementor-invisible elementor-widget elementor-widget-image\" data-id=\"aea5e44\" data-element_type=\"widget\" data-settings=\"{&quot;_animation&quot;:&quot;fadeInLeft&quot;,&quot;_position&quot;:&quot;absolute&quot;}\" data-widget_type=\"image.default\">\n\t\t\t\t<div class=\"elementor-widget-container\">\n\t\t\t\t\t\t\t\t<div class=\"elementor-image\">\n\t\t\t\t\t\t\t\t\t\t\t\t<img width=\"800\" height=\"764\" src=\"https:\/\/www.copyr.eu\/fr\/wp-content\/uploads\/sites\/11\/2021\/01\/piretro-in-mano.png\" class=\"attachment-large size-large\" alt=\"\" loading=\"lazy\" \/>\t\t\t\t\t\t\t\t\t\t\t\t\t\t<\/div>\n\t\t\t\t\t\t<\/div>\n\t\t\t\t<\/div>\n\t\t\t\t\t\t<\/div>\n\t\t\t\t\t<\/div>\n\t\t<\/div>\n\t\t\t\t<div class=\"elementor-column elementor-col-50 elementor-inner-column elementor-element elementor-element-b769f32\" data-id=\"b769f32\" data-element_type=\"column\">\n\t\t\t<div class=\"elementor-column-wrap elementor-element-populated\">\n\t\t\t\t\t\t\t<div class=\"elementor-widget-wrap\">\n\t\t\t\t\t\t<div class=\"elementor-element elementor-element-199cdb0 elementor-invisible elementor-widget elementor-widget-heading\" data-id=\"199cdb0\" data-element_type=\"widget\" data-settings=\"{&quot;_animation&quot;:&quot;fadeIn&quot;}\" data-widget_type=\"heading.default\">\n\t\t\t\t<div class=\"elementor-widget-container\">\n\t\t\t<h2 class=\"elementor-heading-title elementor-size-default\">Un alli\u00e9 aux atouts multiples<\/h2>\t\t<\/div>\n\t\t\t\t<\/div>\n\t\t\t\t<div class=\"elementor-element elementor-element-785ef5e elementor-invisible elementor-widget elementor-widget-text-editor\" data-id=\"785ef5e\" data-element_type=\"widget\" data-settings=\"{&quot;_animation&quot;:&quot;fadeInUp&quot;}\" data-widget_type=\"text-editor.default\">\n\t\t\t\t<div class=\"elementor-widget-container\">\n\t\t\t\t\t\t\t\t<div class=\"elementor-text-editor elementor-clearfix\">\n\t\t\t\t<p>Peu d&#8217;ingr\u00e9dients actifs naturels contiennent et mettent \u00e0 la disposition de l&#8217;homme autant de propri\u00e9t\u00e9s que le pyr\u00e8thre. Il constitue un v\u00e9ritable patrimoine que la recherche scientifique de Copyr a encore enrichi gr\u00e2ce \u00e0 la mise au point de formulations qui assurent des produits de plus en plus efficaces et fiables, ainsi que des produits pouvant \u00eatre utilis\u00e9s dans le respect total de l&#8217;environnement.<\/p><p>Aujourd&#8217;hui, Copyr garantit un pyr\u00e8thre naturel et s\u00fbr, capable de s&#8217;attaquer aux insectes gr\u00e2ce \u00e0 son action multifonctionnelle radicale\u00a0: tuer, expulser et repousser. La polyvalence du pyr\u00e8thre est vraiment unique et peut garantir des r\u00e9sultats exceptionnels contre une grande vari\u00e9t\u00e9 de parasites int\u00e9rieurs et ext\u00e9rieurs dans de nombreux secteurs, en particulier dans les zones sensibles et dans l&#8217;industrie alimentaire.<\/p><p>L&#8217;une des caract\u00e9ristiques distinctives du pyr\u00e8thre est sa totale innocuit\u00e9, qui d\u00e9coule de sa grande d\u00e9gradabilit\u00e9 due au fait qu&#8217;il est naturellement thermolabile et photolabile. Enfin, son efficacit\u00e9 est rapide et imm\u00e9diatement v\u00e9rifiable, elle ne laisse aucune chance aux insectes cibl\u00e9s.<\/p>\t\t\t\t\t<\/div>\n\t\t\t\t\t\t<\/div>\n\t\t\t\t<\/div>\n\t\t\t\t<div class=\"elementor-element elementor-element-2fa13b3 elementor-invisible elementor-widget elementor-widget-text-editor\" data-id=\"2fa13b3\" data-element_type=\"widget\" data-settings=\"{&quot;_animation&quot;:&quot;fadeInUp&quot;,&quot;_animation_delay&quot;:300}\" data-widget_type=\"text-editor.default\">\n\t\t\t\t<div class=\"elementor-widget-container\">\n\t\t\t\t\t\t\t\t<div class=\"elementor-text-editor elementor-clearfix\">\n\t\t\t\t<p>Naturel et s\u00fbr, capable d&#8217;attaquer les insectes gr\u00e2ce \u00e0 son action multifonctionnelle radicale.<\/p>\t\t\t\t\t<\/div>\n\t\t\t\t\t\t<\/div>\n\t\t\t\t<\/div>\n\t\t\t\t\t\t<\/div>\n\t\t\t\t\t<\/div>\n\t\t<\/div>\n\t\t\t\t\t\t\t\t<\/div>\n\t\t\t\t\t<\/div>\n\t\t<\/section>\n\t\t\t\t\t\t<\/div>\n\t\t\t\t\t<\/div>\n\t\t<\/div>\n\t\t\t\t\t\t\t\t<\/div>\n\t\t\t\t\t<\/div>\n\t\t<\/section>\n\t\t\t\t\t\t<\/div>\n\t\t\t\t\t\t<\/div>\n\t\t\t\t\t<\/div>\n\t\t","protected":false},"excerpt":{"rendered":"<p>LE PYR\u00c8THRE, UNE HISTOIRE QUI VIENT DE LOIN Le Pyr\u00e8thre a une longue histoire \u00e0 raconter. L\u2019homme a d\u00e9couvert ses propri\u00e9t\u00e9s il y a des milliers d&#8217;ann\u00e9es et a commenc\u00e9 \u00e0 le cultiver d\u00e8s les temps les plus recul\u00e9s. Le Chrysanthemum cinerariaefolium est une plante de la famille des Ast\u00e9rac\u00e9es, semblable \u00e0 une marguerite commune, [&hellip;]<\/p>\n","protected":false},"author":1,"featured_media":0,"parent":238,"menu_order":0,"comment_status":"closed","ping_status":"closed","template":"elementor_header_footer","meta":{"content-type":""},"yoast_head":"<!-- This site is optimized with the Yoast SEO plugin v17.0 - https:\/\/yoast.com\/wordpress\/plugins\/seo\/ -->\n<title>Pyrethrum - copyr.eu FR<\/title>\n<meta name=\"description\" content=\"Copyr produce un formulato che pu\u00f2 essere irrorato sulle piante con funzione di antiparassitario o negli ambienti per combattere gli insetti molesti.\" \/>\n<meta name=\"robots\" content=\"index, follow, max-snippet:-1, max-image-preview:large, max-video-preview:-1\" \/>\n<link rel=\"canonical\" href=\"https:\/\/www.copyr.eu\/fr\/copyr\/pyrethrum\/\" \/>\n<meta property=\"og:locale\" content=\"fr_FR\" \/>\n<meta property=\"og:type\" content=\"article\" \/>\n<meta property=\"og:title\" content=\"Pyrethrum - copyr.eu FR\" \/>\n<meta property=\"og:description\" content=\"Copyr produce un formulato che pu\u00f2 essere irrorato sulle piante con funzione di antiparassitario o negli ambienti per combattere gli insetti molesti.\" \/>\n<meta property=\"og:url\" content=\"https:\/\/www.copyr.eu\/fr\/copyr\/pyrethrum\/\" \/>\n<meta property=\"og:site_name\" content=\"copyr.eu FR\" \/>\n<meta property=\"article:modified_time\" content=\"2023-10-16T07:43:35+00:00\" \/>\n<meta property=\"og:image\" content=\"https:\/\/www.copyr.eu\/fr\/wp-content\/uploads\/sites\/11\/2021\/01\/fiori.png\" \/>\n<meta name=\"twitter:card\" content=\"summary_large_image\" \/>\n<meta name=\"twitter:label1\" content=\"Dur\u00e9e de lecture est.\" \/>\n\t<meta name=\"twitter:data1\" content=\"4 minutes\" \/>\n<script type=\"application\/ld+json\" class=\"yoast-schema-graph\">{\"@context\":\"https:\/\/schema.org\",\"@graph\":[{\"@type\":\"WebSite\",\"@id\":\"https:\/\/www.copyr.eu\/fr\/#website\",\"url\":\"https:\/\/www.copyr.eu\/fr\/\",\"name\":\"copyr.eu FR\",\"description\":\"Migliorare la qualit\\u00e0, la sicurezza e l&#039;igiene dei luoghi in cui viviamo\",\"potentialAction\":[{\"@type\":\"SearchAction\",\"target\":{\"@type\":\"EntryPoint\",\"urlTemplate\":\"https:\/\/www.copyr.eu\/fr\/?s={search_term_string}\"},\"query-input\":\"required name=search_term_string\"}],\"inLanguage\":\"fr-FR\"},{\"@type\":\"ImageObject\",\"@id\":\"https:\/\/www.copyr.eu\/fr\/copyr\/pyrethrum\/#primaryimage\",\"inLanguage\":\"fr-FR\",\"url\":\"https:\/\/www.copyr.eu\/fr\/wp-content\/uploads\/sites\/11\/2021\/01\/fiori.png\",\"contentUrl\":\"https:\/\/www.copyr.eu\/fr\/wp-content\/uploads\/sites\/11\/2021\/01\/fiori.png\",\"width\":1000,\"height\":955},{\"@type\":\"WebPage\",\"@id\":\"https:\/\/www.copyr.eu\/fr\/copyr\/pyrethrum\/#webpage\",\"url\":\"https:\/\/www.copyr.eu\/fr\/copyr\/pyrethrum\/\",\"name\":\"Pyrethrum - copyr.eu FR\",\"isPartOf\":{\"@id\":\"https:\/\/www.copyr.eu\/fr\/#website\"},\"primaryImageOfPage\":{\"@id\":\"https:\/\/www.copyr.eu\/fr\/copyr\/pyrethrum\/#primaryimage\"},\"datePublished\":\"2020-02-14T09:38:10+00:00\",\"dateModified\":\"2023-10-16T07:43:35+00:00\",\"description\":\"Copyr produce un formulato che pu\\u00f2 essere irrorato sulle piante con funzione di antiparassitario o negli ambienti per combattere gli insetti molesti.\",\"breadcrumb\":{\"@id\":\"https:\/\/www.copyr.eu\/fr\/copyr\/pyrethrum\/#breadcrumb\"},\"inLanguage\":\"fr-FR\",\"potentialAction\":[{\"@type\":\"ReadAction\",\"target\":[\"https:\/\/www.copyr.eu\/fr\/copyr\/pyrethrum\/\"]}]},{\"@type\":\"BreadcrumbList\",\"@id\":\"https:\/\/www.copyr.eu\/fr\/copyr\/pyrethrum\/#breadcrumb\",\"itemListElement\":[{\"@type\":\"ListItem\",\"position\":1,\"name\":\"Home\",\"item\":\"https:\/\/www.copyr.eu\/fr\/\"},{\"@type\":\"ListItem\",\"position\":2,\"name\":\"Copyr\",\"item\":\"https:\/\/www.copyr.eu\/fr\/copyr\/\"},{\"@type\":\"ListItem\",\"position\":3,\"name\":\"Pyrethrum\"}]}]}<\/script>\n<!-- \/ Yoast SEO plugin. -->","yoast_head_json":{"title":"Pyrethrum - copyr.eu FR","description":"Copyr produce un formulato che pu\u00f2 essere irrorato sulle piante con funzione di antiparassitario o negli ambienti per combattere gli insetti molesti.","robots":{"index":"index","follow":"follow","max-snippet":"max-snippet:-1","max-image-preview":"max-image-preview:large","max-video-preview":"max-video-preview:-1"},"canonical":"https:\/\/www.copyr.eu\/fr\/copyr\/pyrethrum\/","og_locale":"fr_FR","og_type":"article","og_title":"Pyrethrum - copyr.eu FR","og_description":"Copyr produce un formulato che pu\u00f2 essere irrorato sulle piante con funzione di antiparassitario o negli ambienti per combattere gli insetti molesti.","og_url":"https:\/\/www.copyr.eu\/fr\/copyr\/pyrethrum\/","og_site_name":"copyr.eu FR","article_modified_time":"2023-10-16T07:43:35+00:00","og_image":[{"url":"https:\/\/www.copyr.eu\/fr\/wp-content\/uploads\/sites\/11\/2021\/01\/fiori.png"}],"twitter_card":"summary_large_image","twitter_misc":{"Dur\u00e9e de lecture est.":"4 minutes"},"schema":{"@context":"https:\/\/schema.org","@graph":[{"@type":"WebSite","@id":"https:\/\/www.copyr.eu\/fr\/#website","url":"https:\/\/www.copyr.eu\/fr\/","name":"copyr.eu FR","description":"Migliorare la qualit\u00e0, la sicurezza e l&#039;igiene dei luoghi in cui viviamo","potentialAction":[{"@type":"SearchAction","target":{"@type":"EntryPoint","urlTemplate":"https:\/\/www.copyr.eu\/fr\/?s={search_term_string}"},"query-input":"required name=search_term_string"}],"inLanguage":"fr-FR"},{"@type":"ImageObject","@id":"https:\/\/www.copyr.eu\/fr\/copyr\/pyrethrum\/#primaryimage","inLanguage":"fr-FR","url":"https:\/\/www.copyr.eu\/fr\/wp-content\/uploads\/sites\/11\/2021\/01\/fiori.png","contentUrl":"https:\/\/www.copyr.eu\/fr\/wp-content\/uploads\/sites\/11\/2021\/01\/fiori.png","width":1000,"height":955},{"@type":"WebPage","@id":"https:\/\/www.copyr.eu\/fr\/copyr\/pyrethrum\/#webpage","url":"https:\/\/www.copyr.eu\/fr\/copyr\/pyrethrum\/","name":"Pyrethrum - copyr.eu FR","isPartOf":{"@id":"https:\/\/www.copyr.eu\/fr\/#website"},"primaryImageOfPage":{"@id":"https:\/\/www.copyr.eu\/fr\/copyr\/pyrethrum\/#primaryimage"},"datePublished":"2020-02-14T09:38:10+00:00","dateModified":"2023-10-16T07:43:35+00:00","description":"Copyr produce un formulato che pu\u00f2 essere irrorato sulle piante con funzione di antiparassitario o negli ambienti per combattere gli insetti molesti.","breadcrumb":{"@id":"https:\/\/www.copyr.eu\/fr\/copyr\/pyrethrum\/#breadcrumb"},"inLanguage":"fr-FR","potentialAction":[{"@type":"ReadAction","target":["https:\/\/www.copyr.eu\/fr\/copyr\/pyrethrum\/"]}]},{"@type":"BreadcrumbList","@id":"https:\/\/www.copyr.eu\/fr\/copyr\/pyrethrum\/#breadcrumb","itemListElement":[{"@type":"ListItem","position":1,"name":"Home","item":"https:\/\/www.copyr.eu\/fr\/"},{"@type":"ListItem","position":2,"name":"Copyr","item":"https:\/\/www.copyr.eu\/fr\/copyr\/"},{"@type":"ListItem","position":3,"name":"Pyrethrum"}]}]}},"_links":{"self":[{"href":"https:\/\/www.copyr.eu\/fr\/wp-json\/wp\/v2\/pages\/5956"}],"collection":[{"href":"https:\/\/www.copyr.eu\/fr\/wp-json\/wp\/v2\/pages"}],"about":[{"href":"https:\/\/www.copyr.eu\/fr\/wp-json\/wp\/v2\/types\/page"}],"author":[{"embeddable":true,"href":"https:\/\/www.copyr.eu\/fr\/wp-json\/wp\/v2\/users\/1"}],"replies":[{"embeddable":true,"href":"https:\/\/www.copyr.eu\/fr\/wp-json\/wp\/v2\/comments?post=5956"}],"version-history":[{"count":10,"href":"https:\/\/www.copyr.eu\/fr\/wp-json\/wp\/v2\/pages\/5956\/revisions"}],"predecessor-version":[{"id":11922,"href":"https:\/\/www.copyr.eu\/fr\/wp-json\/wp\/v2\/pages\/5956\/revisions\/11922"}],"up":[{"embeddable":true,"href":"https:\/\/www.copyr.eu\/fr\/wp-json\/wp\/v2\/pages\/238"}],"wp:attachment":[{"href":"https:\/\/www.copyr.eu\/fr\/wp-json\/wp\/v2\/media?parent=5956"}],"curies":[{"name":"wp","href":"https:\/\/api.w.org\/{rel}","templated":true}]}}