{"id":367,"date":"2019-09-25T11:44:42","date_gmt":"2019-09-25T09:44:42","guid":{"rendered":"https:\/\/www.copyr.eu\/fr\/?page_id=367"},"modified":"2023-10-10T12:40:11","modified_gmt":"2023-10-10T10:40:11","slug":"aree-di-business","status":"publish","type":"page","link":"https:\/\/www.copyr.eu\/fr\/aree-di-business\/","title":{"rendered":"Business Sectors"},"content":{"rendered":"\t\t<div data-elementor-type=\"wp-page\" data-elementor-id=\"367\" class=\"elementor elementor-367\" data-elementor-settings=\"[]\">\n\t\t\t\t\t\t<div class=\"elementor-inner\">\n\t\t\t\t\t\t\t<div class=\"elementor-section-wrap\">\n\t\t\t\t\t\t\t<section class=\"elementor-section elementor-top-section elementor-element elementor-element-72fc0710 elementor-section-boxed elementor-section-height-default elementor-section-height-default\" data-id=\"72fc0710\" data-element_type=\"section\" data-settings=\"{&quot;background_background&quot;:&quot;classic&quot;}\">\n\t\t\t\t\t\t<div class=\"elementor-container elementor-column-gap-default\">\n\t\t\t\t\t\t\t<div class=\"elementor-row\">\n\t\t\t\t\t<div class=\"elementor-column elementor-col-100 elementor-top-column elementor-element elementor-element-2f9fda62\" data-id=\"2f9fda62\" data-element_type=\"column\">\n\t\t\t<div class=\"elementor-column-wrap elementor-element-populated\">\n\t\t\t\t\t\t\t<div class=\"elementor-widget-wrap\">\n\t\t\t\t\t\t<div class=\"elementor-element elementor-element-ab8d9e0 elementor-widget elementor-widget-breadcrumbs\" data-id=\"ab8d9e0\" data-element_type=\"widget\" data-widget_type=\"breadcrumbs.default\">\n\t\t\t\t<div class=\"elementor-widget-container\">\n\t\t\t<p id=\"breadcrumbs\"><span><span><a href=\"https:\/\/www.copyr.eu\/fr\/\">Home<\/a><\/span><\/p>\t\t<\/div>\n\t\t\t\t<\/div>\n\t\t\t\t\t\t<\/div>\n\t\t\t\t\t<\/div>\n\t\t<\/div>\n\t\t\t\t\t\t\t\t<\/div>\n\t\t\t\t\t<\/div>\n\t\t<\/section>\n\t\t\t\t<section class=\"elementor-section elementor-top-section elementor-element elementor-element-45dc9033 elementor-section-height-min-height elementor-section-content-middle elementor-section-boxed elementor-section-height-default elementor-section-items-middle\" data-id=\"45dc9033\" data-element_type=\"section\" data-settings=\"{&quot;background_background&quot;:&quot;classic&quot;}\">\n\t\t\t\t\t\t<div class=\"elementor-container elementor-column-gap-default\">\n\t\t\t\t\t\t\t<div class=\"elementor-row\">\n\t\t\t\t\t<div class=\"elementor-column elementor-col-100 elementor-top-column elementor-element elementor-element-169e056a\" data-id=\"169e056a\" data-element_type=\"column\">\n\t\t\t<div class=\"elementor-column-wrap elementor-element-populated\">\n\t\t\t\t\t\t\t<div class=\"elementor-widget-wrap\">\n\t\t\t\t\t\t<div class=\"elementor-element elementor-element-3e2ef716 elementor-widget elementor-widget-heading\" data-id=\"3e2ef716\" data-element_type=\"widget\" data-widget_type=\"heading.default\">\n\t\t\t\t<div class=\"elementor-widget-container\">\n\t\t\t<h2 class=\"elementor-heading-title elementor-size-default\">Secteurs commerciaux<\/h2>\t\t<\/div>\n\t\t\t\t<\/div>\n\t\t\t\t\t\t<\/div>\n\t\t\t\t\t<\/div>\n\t\t<\/div>\n\t\t\t\t\t\t\t\t<\/div>\n\t\t\t\t\t<\/div>\n\t\t<\/section>\n\t\t\t\t<section class=\"elementor-section elementor-top-section elementor-element elementor-element-03407e6 aree-business-page elementor-section-boxed elementor-section-height-default elementor-section-height-default\" data-id=\"03407e6\" data-element_type=\"section\">\n\t\t\t\t\t\t<div class=\"elementor-container elementor-column-gap-default\">\n\t\t\t\t\t\t\t<div class=\"elementor-row\">\n\t\t\t\t\t<div class=\"elementor-column elementor-col-100 elementor-top-column elementor-element elementor-element-97f1e80\" data-id=\"97f1e80\" data-element_type=\"column\">\n\t\t\t<div class=\"elementor-column-wrap elementor-element-populated\">\n\t\t\t\t\t\t\t<div class=\"elementor-widget-wrap\">\n\t\t\t\t\t\t<div class=\"elementor-element elementor-element-d1c3f7a home-aree-business-grid elementor-widget elementor-widget-shortcode\" data-id=\"d1c3f7a\" data-element_type=\"widget\" data-widget_type=\"shortcode.default\">\n\t\t\t\t<div class=\"elementor-widget-container\">\n\t\t\t\t\t<div class=\"elementor-shortcode\"><div class=\"aree-business-card elementor-element elementor-cta--skin-classic elementor-animated-content elementor-bg-transform elementor-bg-transform-zoom-in elementor-widget elementor-widget-call-to-action\"><div class=\"elementor-widget-container\"><div class=\"elementor-cta\"><a completed=\"\" href=\"https:\/\/www.copyr.eu\/fr\/aree-di-business\/pco\/\"><div class=\"elementor-cta__bg-wrapper\"><div class=\"elementor-cta__bg elementor-bg\" style=\"background-image: url(https:\/\/www.copyr.eu\/fr\/wp-content\/uploads\/sites\/11\/2019\/09\/area-di-business-pco.jpg) \"><\/div><\/div><\/a><div class=\"elementor-cta__content\"><a class=\"link-title\" href=\"https:\/\/www.copyr.eu\/fr\/aree-di-business\/pco\/\"><h2 class=\"elementor-cta__title elementor-cta__content-item elementor-content-item\">PCO<\/h2><\/a><div class=\"elementor-cta__description elementor-cta__content-item elementor-content-item\">Plus de soixante ans d'exp\u00e9rience dans le secteur ont permis \u00e0 Copyr de devenir un partenaire exclusif et un point de r\u00e9f\u00e9rence pour les professionnels de la lutte antiparasitaire et tous les op\u00e9rateurs du monde de la lutte contre les infestants.<\/div><div class=\"elementor-cta__button-wrapper elementor-cta__content-item elementor-content-item\"><a class=\"elementor-cta__button elementor-button elementor-size-sm\" href=\"https:\/\/www.copyr.eu\/fr\/aree-di-business\/pco\/\">D\u00e9couvrir Plus<\/a><\/div><\/div><\/div><\/div><\/div><div class=\"aree-business-card elementor-element elementor-cta--skin-classic elementor-animated-content elementor-bg-transform elementor-bg-transform-zoom-in elementor-widget elementor-widget-call-to-action\"><div class=\"elementor-widget-container\"><div class=\"elementor-cta\"><a completed=\"\" href=\"https:\/\/www.copyr.eu\/fr\/aree-di-business\/ho-re-ca\/\"><div class=\"elementor-cta__bg-wrapper\"><div class=\"elementor-cta__bg elementor-bg\" style=\"background-image: url(https:\/\/www.copyr.eu\/fr\/wp-content\/uploads\/sites\/11\/2020\/02\/horeca_bu.jpg) \"><\/div><\/div><\/a><div class=\"elementor-cta__content\"><a class=\"link-title\" href=\"https:\/\/www.copyr.eu\/fr\/aree-di-business\/ho-re-ca\/\"><h2 class=\"elementor-cta__title elementor-cta__content-item elementor-content-item\">H\u00f4tellerie et restauration<\/h2><\/a><div class=\"elementor-cta__description elementor-cta__content-item elementor-content-item\"><b>Depuis plus de soixante ans<\/b> nous soutenons les revendeurs du secteur de l\u2019h\u00f4tellerie et de la restauration en leur <b>fournissant des solutions<\/b> et <b>des services de pr\u00e9vention des nuisibles et d'entretien des locaux<\/b>.<\/div><div class=\"elementor-cta__button-wrapper elementor-cta__content-item elementor-content-item\"><a class=\"elementor-cta__button elementor-button elementor-size-sm\" href=\"https:\/\/www.copyr.eu\/fr\/aree-di-business\/ho-re-ca\/\">D\u00e9couvrir Plus<\/a><\/div><\/div><\/div><\/div><\/div><div class=\"aree-business-card elementor-element elementor-cta--skin-classic elementor-animated-content elementor-bg-transform elementor-bg-transform-zoom-in elementor-widget elementor-widget-call-to-action\"><div class=\"elementor-widget-container\"><div class=\"elementor-cta\"><a completed=\"Si\" href=\"https:\/\/www.copyr.eu\/fr\/aree-di-business\/industria\/\"><div class=\"elementor-cta__bg-wrapper\"><div class=\"elementor-cta__bg elementor-bg\" style=\"background-image: url(https:\/\/www.copyr.eu\/fr\/wp-content\/uploads\/sites\/11\/2019\/09\/area-di-business-industria.jpg) \"><\/div><\/div><\/a><div class=\"elementor-cta__content\"><a class=\"link-title\" href=\"https:\/\/www.copyr.eu\/fr\/aree-di-business\/industria\/\"><h2 class=\"elementor-cta__title elementor-cta__content-item elementor-content-item\">Industrie<\/h2><\/a><div class=\"elementor-cta__description elementor-cta__content-item elementor-content-item\">Pour les entreprises cherchant \u00e0 produire leur propre gamme de solutions de lutte contre les nuisibles ou par l'achat de mati\u00e8res premi\u00e8res, business to business.<\/div><div class=\"elementor-cta__button-wrapper elementor-cta__content-item elementor-content-item\"><a class=\"elementor-cta__button elementor-button elementor-size-sm\" href=\"https:\/\/www.copyr.eu\/fr\/aree-di-business\/industria\/\">D\u00e9couvrir Plus<\/a><\/div><\/div><\/div><\/div><\/div><div class=\"aree-business-card elementor-element elementor-cta--skin-classic elementor-animated-content elementor-bg-transform elementor-bg-transform-zoom-in elementor-widget elementor-widget-call-to-action\"><div class=\"elementor-widget-container\"><div class=\"elementor-cta\"><a completed=\"Si\" href=\"https:\/\/www.copyr.eu\/fr\/aree-di-business\/agricoltura\/\"><div class=\"elementor-cta__bg-wrapper\"><div class=\"elementor-cta__bg elementor-bg\" style=\"background-image: url(https:\/\/www.copyr.eu\/fr\/wp-content\/uploads\/sites\/11\/2021\/01\/agricoltura-vigna-header.jpg) \"><\/div><\/div><\/a><div class=\"elementor-cta__content\"><a class=\"link-title\" href=\"https:\/\/www.copyr.eu\/fr\/aree-di-business\/agricoltura\/\"><h2 class=\"elementor-cta__title elementor-cta__content-item elementor-content-item\">Agriculture<\/h2><\/a><div class=\"elementor-cta__description elementor-cta__content-item elementor-content-item\">Notre <b>gamme de produits phytosanitaires \u00e0 base de pyr\u00e8thre<\/b> est particuli\u00e8rement adapt\u00e9e \u00e0 l'agriculture<b>, aux cultures biologiques et int\u00e9gr\u00e9es<\/b>, den raison du caract\u00e8re naturel du pyr\u00e8thre et des faibles intervalles de carence.<\/div><div class=\"elementor-cta__button-wrapper elementor-cta__content-item elementor-content-item\"><a class=\"elementor-cta__button elementor-button elementor-size-sm\" href=\"https:\/\/www.copyr.eu\/fr\/aree-di-business\/agricoltura\/\">D\u00e9couvrir Plus<\/a><\/div><\/div><\/div><\/div><\/div><div class=\"aree-business-card elementor-element elementor-cta--skin-classic elementor-animated-content elementor-bg-transform elementor-bg-transform-zoom-in elementor-widget elementor-widget-call-to-action\"><div class=\"elementor-widget-container\"><div class=\"elementor-cta\"><a completed=\"\" href=\"https:\/\/www.copyr.eu\/fr\/aree-di-business\/home-garden\/\"><div class=\"elementor-cta__bg-wrapper\"><div class=\"elementor-cta__bg elementor-bg\" style=\"background-image: url(https:\/\/www.copyr.eu\/fr\/wp-content\/uploads\/sites\/11\/2019\/09\/area-di-business-home-garden.jpg) \"><\/div><\/div><\/a><div class=\"elementor-cta__content\"><a class=\"link-title\" href=\"https:\/\/www.copyr.eu\/fr\/aree-di-business\/home-garden\/\"><h2 class=\"elementor-cta__title elementor-cta__content-item elementor-content-item\">Maison &amp; Jardin<\/h2><\/a><div class=\"elementor-cta__description elementor-cta__content-item elementor-content-item\">Notre exp\u00e9rience dans le domaine de l'agriculture et de la lutte antiparasitaire professionnelle a donn\u00e9 naissance \u00e0 <b>une ligne d\u00e9di\u00e9e aux utilisateurs finaux <\/b> qui souhaitent prendre soin de leurs espaces verts et de leur environnement domestique <b>avec des produits sp\u00e9cifiques et efficaces<\/b>, en privil\u00e9giant ceux <b>d'origine naturelle<\/b>.<\/div><div class=\"elementor-cta__button-wrapper elementor-cta__content-item elementor-content-item\"><a class=\"elementor-cta__button elementor-button elementor-size-sm\" href=\"https:\/\/www.copyr.eu\/fr\/aree-di-business\/home-garden\/\">D\u00e9couvrir Plus<\/a><\/div><\/div><\/div><\/div><\/div><\/div>\n\t\t\t\t<\/div>\n\t\t\t\t<\/div>\n\t\t\t\t\t\t<\/div>\n\t\t\t\t\t<\/div>\n\t\t<\/div>\n\t\t\t\t\t\t\t\t<\/div>\n\t\t\t\t\t<\/div>\n\t\t<\/section>\n\t\t\t\t\t\t<\/div>\n\t\t\t\t\t\t<\/div>\n\t\t\t\t\t<\/div>\n\t\t","protected":false},"excerpt":{"rendered":"<p>Secteurs commerciaux<\/p>\n","protected":false},"author":1,"featured_media":0,"parent":0,"menu_order":0,"comment_status":"closed","ping_status":"closed","template":"","meta":{"content-type":""},"yoast_head":"<!-- This site is optimized with the Yoast SEO plugin v17.0 - https:\/\/yoast.com\/wordpress\/plugins\/seo\/ -->\n<title>Business Sectors - copyr.eu FR<\/title>\n<meta name=\"description\" content=\"Copyr sviluppa soluzioni efficaci per i diversi mercati in cui opera: Pest Control, Ho.re.ca., Agricoltura, Home&amp;Garden, Industria e Largo Consumo.\" \/>\n<meta name=\"robots\" content=\"index, follow, max-snippet:-1, max-image-preview:large, max-video-preview:-1\" \/>\n<link rel=\"canonical\" href=\"https:\/\/www.copyr.eu\/fr\/aree-di-business\/\" \/>\n<meta property=\"og:locale\" content=\"fr_FR\" \/>\n<meta property=\"og:type\" content=\"article\" \/>\n<meta property=\"og:title\" content=\"Business Sectors - copyr.eu FR\" \/>\n<meta property=\"og:description\" content=\"Copyr sviluppa soluzioni efficaci per i diversi mercati in cui opera: Pest Control, Ho.re.ca., Agricoltura, Home&amp;Garden, Industria e Largo Consumo.\" \/>\n<meta property=\"og:url\" content=\"https:\/\/www.copyr.eu\/fr\/aree-di-business\/\" \/>\n<meta property=\"og:site_name\" content=\"copyr.eu FR\" \/>\n<meta property=\"article:modified_time\" content=\"2023-10-10T10:40:11+00:00\" \/>\n<meta name=\"twitter:card\" content=\"summary_large_image\" \/>\n<meta name=\"twitter:label1\" content=\"Dur\u00e9e de lecture est.\" \/>\n\t<meta name=\"twitter:data1\" content=\"2 minutes\" \/>\n<script type=\"application\/ld+json\" class=\"yoast-schema-graph\">{\"@context\":\"https:\/\/schema.org\",\"@graph\":[{\"@type\":\"WebSite\",\"@id\":\"https:\/\/www.copyr.eu\/fr\/#website\",\"url\":\"https:\/\/www.copyr.eu\/fr\/\",\"name\":\"copyr.eu FR\",\"description\":\"Migliorare la qualit\\u00e0, la sicurezza e l&#039;igiene dei luoghi in cui viviamo\",\"potentialAction\":[{\"@type\":\"SearchAction\",\"target\":{\"@type\":\"EntryPoint\",\"urlTemplate\":\"https:\/\/www.copyr.eu\/fr\/?s={search_term_string}\"},\"query-input\":\"required name=search_term_string\"}],\"inLanguage\":\"fr-FR\"},{\"@type\":\"WebPage\",\"@id\":\"https:\/\/www.copyr.eu\/fr\/aree-di-business\/#webpage\",\"url\":\"https:\/\/www.copyr.eu\/fr\/aree-di-business\/\",\"name\":\"Business Sectors - copyr.eu FR\",\"isPartOf\":{\"@id\":\"https:\/\/www.copyr.eu\/fr\/#website\"},\"datePublished\":\"2019-09-25T09:44:42+00:00\",\"dateModified\":\"2023-10-10T10:40:11+00:00\",\"description\":\"Copyr sviluppa soluzioni efficaci per i diversi mercati in cui opera: Pest Control, Ho.re.ca., Agricoltura, Home&Garden, Industria e Largo Consumo.\",\"breadcrumb\":{\"@id\":\"https:\/\/www.copyr.eu\/fr\/aree-di-business\/#breadcrumb\"},\"inLanguage\":\"fr-FR\",\"potentialAction\":[{\"@type\":\"ReadAction\",\"target\":[\"https:\/\/www.copyr.eu\/fr\/aree-di-business\/\"]}]},{\"@type\":\"BreadcrumbList\",\"@id\":\"https:\/\/www.copyr.eu\/fr\/aree-di-business\/#breadcrumb\",\"itemListElement\":[{\"@type\":\"ListItem\",\"position\":1,\"name\":\"Home\",\"item\":\"https:\/\/www.copyr.eu\/fr\/\"},{\"@type\":\"ListItem\",\"position\":2,\"name\":\"Business Sectors\"}]}]}<\/script>\n<!-- \/ Yoast SEO plugin. -->","yoast_head_json":{"title":"Business Sectors - copyr.eu FR","description":"Copyr sviluppa soluzioni efficaci per i diversi mercati in cui opera: Pest Control, Ho.re.ca., Agricoltura, Home&Garden, Industria e Largo Consumo.","robots":{"index":"index","follow":"follow","max-snippet":"max-snippet:-1","max-image-preview":"max-image-preview:large","max-video-preview":"max-video-preview:-1"},"canonical":"https:\/\/www.copyr.eu\/fr\/aree-di-business\/","og_locale":"fr_FR","og_type":"article","og_title":"Business Sectors - copyr.eu FR","og_description":"Copyr sviluppa soluzioni efficaci per i diversi mercati in cui opera: Pest Control, Ho.re.ca., Agricoltura, Home&Garden, Industria e Largo Consumo.","og_url":"https:\/\/www.copyr.eu\/fr\/aree-di-business\/","og_site_name":"copyr.eu FR","article_modified_time":"2023-10-10T10:40:11+00:00","twitter_card":"summary_large_image","twitter_misc":{"Dur\u00e9e de lecture est.":"2 minutes"},"schema":{"@context":"https:\/\/schema.org","@graph":[{"@type":"WebSite","@id":"https:\/\/www.copyr.eu\/fr\/#website","url":"https:\/\/www.copyr.eu\/fr\/","name":"copyr.eu FR","description":"Migliorare la qualit\u00e0, la sicurezza e l&#039;igiene dei luoghi in cui viviamo","potentialAction":[{"@type":"SearchAction","target":{"@type":"EntryPoint","urlTemplate":"https:\/\/www.copyr.eu\/fr\/?s={search_term_string}"},"query-input":"required name=search_term_string"}],"inLanguage":"fr-FR"},{"@type":"WebPage","@id":"https:\/\/www.copyr.eu\/fr\/aree-di-business\/#webpage","url":"https:\/\/www.copyr.eu\/fr\/aree-di-business\/","name":"Business Sectors - copyr.eu FR","isPartOf":{"@id":"https:\/\/www.copyr.eu\/fr\/#website"},"datePublished":"2019-09-25T09:44:42+00:00","dateModified":"2023-10-10T10:40:11+00:00","description":"Copyr sviluppa soluzioni efficaci per i diversi mercati in cui opera: Pest Control, Ho.re.ca., Agricoltura, Home&Garden, Industria e Largo Consumo.","breadcrumb":{"@id":"https:\/\/www.copyr.eu\/fr\/aree-di-business\/#breadcrumb"},"inLanguage":"fr-FR","potentialAction":[{"@type":"ReadAction","target":["https:\/\/www.copyr.eu\/fr\/aree-di-business\/"]}]},{"@type":"BreadcrumbList","@id":"https:\/\/www.copyr.eu\/fr\/aree-di-business\/#breadcrumb","itemListElement":[{"@type":"ListItem","position":1,"name":"Home","item":"https:\/\/www.copyr.eu\/fr\/"},{"@type":"ListItem","position":2,"name":"Business Sectors"}]}]}},"_links":{"self":[{"href":"https:\/\/www.copyr.eu\/fr\/wp-json\/wp\/v2\/pages\/367"}],"collection":[{"href":"https:\/\/www.copyr.eu\/fr\/wp-json\/wp\/v2\/pages"}],"about":[{"href":"https:\/\/www.copyr.eu\/fr\/wp-json\/wp\/v2\/types\/page"}],"author":[{"embeddable":true,"href":"https:\/\/www.copyr.eu\/fr\/wp-json\/wp\/v2\/users\/1"}],"replies":[{"embeddable":true,"href":"https:\/\/www.copyr.eu\/fr\/wp-json\/wp\/v2\/comments?post=367"}],"version-history":[{"count":11,"href":"https:\/\/www.copyr.eu\/fr\/wp-json\/wp\/v2\/pages\/367\/revisions"}],"predecessor-version":[{"id":11871,"href":"https:\/\/www.copyr.eu\/fr\/wp-json\/wp\/v2\/pages\/367\/revisions\/11871"}],"wp:attachment":[{"href":"https:\/\/www.copyr.eu\/fr\/wp-json\/wp\/v2\/media?parent=367"}],"curies":[{"name":"wp","href":"https:\/\/api.w.org\/{rel}","templated":true}]}}