{"id":289,"date":"2019-09-25T09:28:17","date_gmt":"2019-09-25T07:28:17","guid":{"rendered":"https:\/\/www.copyr.eu\/fr\/?page_id=289"},"modified":"2023-10-09T17:28:43","modified_gmt":"2023-10-09T15:28:43","slug":"expertise","status":"publish","type":"page","link":"https:\/\/www.copyr.eu\/fr\/copyr\/expertise\/","title":{"rendered":"Expertise"},"content":{"rendered":"\t\t<div data-elementor-type=\"wp-page\" data-elementor-id=\"289\" class=\"elementor elementor-289\" data-elementor-settings=\"[]\">\n\t\t\t\t\t\t<div class=\"elementor-inner\">\n\t\t\t\t\t\t\t<div class=\"elementor-section-wrap\">\n\t\t\t\t\t\t\t<section class=\"elementor-section elementor-top-section elementor-element elementor-element-37c87d59 elementor-section-boxed elementor-section-height-default elementor-section-height-default\" data-id=\"37c87d59\" data-element_type=\"section\" data-settings=\"{&quot;background_background&quot;:&quot;classic&quot;}\">\n\t\t\t\t\t\t<div class=\"elementor-container elementor-column-gap-default\">\n\t\t\t\t\t\t\t<div class=\"elementor-row\">\n\t\t\t\t\t<div class=\"elementor-column elementor-col-100 elementor-top-column elementor-element elementor-element-3e534aeb\" data-id=\"3e534aeb\" data-element_type=\"column\">\n\t\t\t<div class=\"elementor-column-wrap elementor-element-populated\">\n\t\t\t\t\t\t\t<div class=\"elementor-widget-wrap\">\n\t\t\t\t\t\t<div class=\"elementor-element elementor-element-56fdd70d elementor-widget elementor-widget-breadcrumbs\" data-id=\"56fdd70d\" data-element_type=\"widget\" data-widget_type=\"breadcrumbs.default\">\n\t\t\t\t<div class=\"elementor-widget-container\">\n\t\t\t<p id=\"breadcrumbs\"><span><span><a href=\"https:\/\/www.copyr.eu\/fr\/\">Home<\/a><\/span><\/p>\t\t<\/div>\n\t\t\t\t<\/div>\n\t\t\t\t\t\t<\/div>\n\t\t\t\t\t<\/div>\n\t\t<\/div>\n\t\t\t\t\t\t\t\t<\/div>\n\t\t\t\t\t<\/div>\n\t\t<\/section>\n\t\t\t\t<section class=\"elementor-section elementor-top-section elementor-element elementor-element-2461c66a elementor-section-height-min-height elementor-section-content-middle elementor-section-boxed elementor-section-height-default elementor-section-items-middle\" data-id=\"2461c66a\" data-element_type=\"section\" data-settings=\"{&quot;background_background&quot;:&quot;classic&quot;}\">\n\t\t\t\t\t\t\t<div class=\"elementor-background-overlay\"><\/div>\n\t\t\t\t\t\t\t<div class=\"elementor-container elementor-column-gap-default\">\n\t\t\t\t\t\t\t<div class=\"elementor-row\">\n\t\t\t\t\t<div class=\"elementor-column elementor-col-100 elementor-top-column elementor-element elementor-element-175a5441\" data-id=\"175a5441\" data-element_type=\"column\">\n\t\t\t<div class=\"elementor-column-wrap elementor-element-populated\">\n\t\t\t\t\t\t\t<div class=\"elementor-widget-wrap\">\n\t\t\t\t\t\t<div class=\"elementor-element elementor-element-3ba5e8a6 elementor-widget elementor-widget-heading\" data-id=\"3ba5e8a6\" data-element_type=\"widget\" data-widget_type=\"heading.default\">\n\t\t\t\t<div class=\"elementor-widget-container\">\n\t\t\t<h2 class=\"elementor-heading-title elementor-size-default\">Savoir-faire<\/h2>\t\t<\/div>\n\t\t\t\t<\/div>\n\t\t\t\t\t\t<\/div>\n\t\t\t\t\t<\/div>\n\t\t<\/div>\n\t\t\t\t\t\t\t\t<\/div>\n\t\t\t\t\t<\/div>\n\t\t<\/section>\n\t\t\t\t<section class=\"elementor-section elementor-top-section elementor-element elementor-element-043af5c exp-img-left elementor-section-boxed elementor-section-height-default elementor-section-height-default\" data-id=\"043af5c\" data-element_type=\"section\" data-settings=\"{&quot;background_background&quot;:&quot;classic&quot;}\">\n\t\t\t\t\t\t\t<div class=\"elementor-background-overlay\"><\/div>\n\t\t\t\t\t\t\t<div class=\"elementor-container elementor-column-gap-default\">\n\t\t\t\t\t\t\t<div class=\"elementor-row\">\n\t\t\t\t\t<div class=\"elementor-column elementor-col-50 elementor-top-column elementor-element elementor-element-8325e54\" data-id=\"8325e54\" data-element_type=\"column\">\n\t\t\t<div class=\"elementor-column-wrap elementor-element-populated\">\n\t\t\t\t\t\t\t<div class=\"elementor-widget-wrap\">\n\t\t\t\t\t\t<div class=\"elementor-element elementor-element-d9b3350 elementor-widget elementor-widget-image\" data-id=\"d9b3350\" data-element_type=\"widget\" data-widget_type=\"image.default\">\n\t\t\t\t<div class=\"elementor-widget-container\">\n\t\t\t\t\t\t\t\t<div class=\"elementor-image\">\n\t\t\t\t\t\t\t\t\t\t\t\t<img width=\"555\" height=\"457\" src=\"https:\/\/www.copyr.eu\/fr\/wp-content\/uploads\/sites\/11\/2020\/02\/RnD.png\" class=\"attachment-large size-large\" alt=\"\" loading=\"lazy\" \/>\t\t\t\t\t\t\t\t\t\t\t\t\t\t<\/div>\n\t\t\t\t\t\t<\/div>\n\t\t\t\t<\/div>\n\t\t\t\t\t\t<\/div>\n\t\t\t\t\t<\/div>\n\t\t<\/div>\n\t\t\t\t<div class=\"elementor-column elementor-col-50 elementor-top-column elementor-element elementor-element-627a83f\" data-id=\"627a83f\" data-element_type=\"column\">\n\t\t\t<div class=\"elementor-column-wrap elementor-element-populated\">\n\t\t\t\t\t\t\t<div class=\"elementor-widget-wrap\">\n\t\t\t\t\t\t<div class=\"elementor-element elementor-element-707d5ed elementor-widget elementor-widget-heading\" data-id=\"707d5ed\" data-element_type=\"widget\" data-widget_type=\"heading.default\">\n\t\t\t\t<div class=\"elementor-widget-container\">\n\t\t\t<h2 class=\"elementor-heading-title elementor-size-default\">R&D<\/h2>\t\t<\/div>\n\t\t\t\t<\/div>\n\t\t\t\t<div class=\"elementor-element elementor-element-afbf3e8 elementor-widget elementor-widget-text-editor\" data-id=\"afbf3e8\" data-element_type=\"widget\" data-widget_type=\"text-editor.default\">\n\t\t\t\t<div class=\"elementor-widget-container\">\n\t\t\t\t\t\t\t\t<div class=\"elementor-text-editor elementor-clearfix\">\n\t\t\t\t<p>Afin de maintenir l&#8217;\u00e9cosyst\u00e8me dans son \u00e9quilibre naturel, nous nous engageons \u00e0 rechercher et \u00e0 d\u00e9velopper des formulations sp\u00e9cifiques bas\u00e9es sur des mol\u00e9cules \u00e0 haut profil de s\u00e9curit\u00e9 et respectueuses de l&#8217;environnement, et \u00e0 prot\u00e9ger les utilisateurs en combinant le meilleur de la technologie avec les m\u00e9thodes d&#8217;utilisation les plus appropri\u00e9es.<\/p>\t\t\t\t\t<\/div>\n\t\t\t\t\t\t<\/div>\n\t\t\t\t<\/div>\n\t\t\t\t\t\t<\/div>\n\t\t\t\t\t<\/div>\n\t\t<\/div>\n\t\t\t\t\t\t\t\t<\/div>\n\t\t\t\t\t<\/div>\n\t\t<\/section>\n\t\t\t\t<section class=\"elementor-section elementor-top-section elementor-element elementor-element-54d67c8 exp-img-left elementor-reverse-mobile elementor-section-boxed elementor-section-height-default elementor-section-height-default\" data-id=\"54d67c8\" data-element_type=\"section\" data-settings=\"{&quot;background_background&quot;:&quot;classic&quot;}\">\n\t\t\t\t\t\t\t<div class=\"elementor-background-overlay\"><\/div>\n\t\t\t\t\t\t\t<div class=\"elementor-container elementor-column-gap-default\">\n\t\t\t\t\t\t\t<div class=\"elementor-row\">\n\t\t\t\t\t<div class=\"elementor-column elementor-col-50 elementor-top-column elementor-element elementor-element-791e79d\" data-id=\"791e79d\" data-element_type=\"column\">\n\t\t\t<div class=\"elementor-column-wrap elementor-element-populated\">\n\t\t\t\t\t\t\t<div class=\"elementor-widget-wrap\">\n\t\t\t\t\t\t<div class=\"elementor-element elementor-element-b6d4f13 elementor-widget elementor-widget-heading\" data-id=\"b6d4f13\" data-element_type=\"widget\" data-widget_type=\"heading.default\">\n\t\t\t\t<div class=\"elementor-widget-container\">\n\t\t\t<h2 class=\"elementor-heading-title elementor-size-default\">R\u00c9GLEMENTATIONS<\/h2>\t\t<\/div>\n\t\t\t\t<\/div>\n\t\t\t\t<div class=\"elementor-element elementor-element-05c6eb9 elementor-widget elementor-widget-text-editor\" data-id=\"05c6eb9\" data-element_type=\"widget\" data-widget_type=\"text-editor.default\">\n\t\t\t\t<div class=\"elementor-widget-container\">\n\t\t\t\t\t\t\t\t<div class=\"elementor-text-editor elementor-clearfix\">\n\t\t\t\t<p>Notre sens de la responsabilit\u00e9 d&#8217;entreprise nous a incit\u00e9s \u00e0 accorder la plus grande importance aux questions r\u00e9glementaires et au respect de la l\u00e9gislation.<\/p><p>C&#8217;est la raison pour laquelle nous nous sommes dot\u00e9s d&#8217;une structure interne et externe capable:<\/p><ul><li><strong>D&#8217;interagir avec les autorit\u00e9s<\/strong> comp\u00e9tentes pour respecter les engagements commerciaux<\/li><li><strong>De veiller<\/strong> \u00e0 ce que nos produits soient toujours conformes aux exigences l\u00e9gales<\/li><li><strong>D&#8217;\u00e9laborer des \u00e9tudes sp\u00e9ciales et des certifications<\/strong> pour \u00e9tayer l&#8217;efficacit\u00e9 et la conformit\u00e9 de nos produits, afin qu&#8217;ils puissent \u00eatre vendus correctement, dans le respect des r\u00e9glementations en vigueur.<\/li><\/ul>\t\t\t\t\t<\/div>\n\t\t\t\t\t\t<\/div>\n\t\t\t\t<\/div>\n\t\t\t\t\t\t<\/div>\n\t\t\t\t\t<\/div>\n\t\t<\/div>\n\t\t\t\t<div class=\"elementor-column elementor-col-50 elementor-top-column elementor-element elementor-element-c6d232e\" data-id=\"c6d232e\" data-element_type=\"column\">\n\t\t\t<div class=\"elementor-column-wrap elementor-element-populated\">\n\t\t\t\t\t\t\t<div class=\"elementor-widget-wrap\">\n\t\t\t\t\t\t<div class=\"elementor-element elementor-element-bf79baf elementor-widget elementor-widget-image\" data-id=\"bf79baf\" data-element_type=\"widget\" data-widget_type=\"image.default\">\n\t\t\t\t<div class=\"elementor-widget-container\">\n\t\t\t\t\t\t\t\t<div class=\"elementor-image\">\n\t\t\t\t\t\t\t\t\t\t\t\t<img width=\"555\" height=\"457\" src=\"https:\/\/www.copyr.eu\/fr\/wp-content\/uploads\/sites\/11\/2020\/02\/regulatory.png\" class=\"attachment-large size-large\" alt=\"\" loading=\"lazy\" \/>\t\t\t\t\t\t\t\t\t\t\t\t\t\t<\/div>\n\t\t\t\t\t\t<\/div>\n\t\t\t\t<\/div>\n\t\t\t\t\t\t<\/div>\n\t\t\t\t\t<\/div>\n\t\t<\/div>\n\t\t\t\t\t\t\t\t<\/div>\n\t\t\t\t\t<\/div>\n\t\t<\/section>\n\t\t\t\t<section class=\"elementor-section elementor-top-section elementor-element elementor-element-75ac05e exp-img-left elementor-section-boxed elementor-section-height-default elementor-section-height-default\" data-id=\"75ac05e\" data-element_type=\"section\" data-settings=\"{&quot;background_background&quot;:&quot;classic&quot;}\">\n\t\t\t\t\t\t\t<div class=\"elementor-background-overlay\"><\/div>\n\t\t\t\t\t\t\t<div class=\"elementor-container elementor-column-gap-default\">\n\t\t\t\t\t\t\t<div class=\"elementor-row\">\n\t\t\t\t\t<div class=\"elementor-column elementor-col-50 elementor-top-column elementor-element elementor-element-8cd36d5\" data-id=\"8cd36d5\" data-element_type=\"column\">\n\t\t\t<div class=\"elementor-column-wrap elementor-element-populated\">\n\t\t\t\t\t\t\t<div class=\"elementor-widget-wrap\">\n\t\t\t\t\t\t<div class=\"elementor-element elementor-element-b2aa329 elementor-widget elementor-widget-image\" data-id=\"b2aa329\" data-element_type=\"widget\" data-widget_type=\"image.default\">\n\t\t\t\t<div class=\"elementor-widget-container\">\n\t\t\t\t\t\t\t\t<div class=\"elementor-image\">\n\t\t\t\t\t\t\t\t\t\t\t\t<img width=\"555\" height=\"457\" src=\"https:\/\/www.copyr.eu\/fr\/wp-content\/uploads\/sites\/11\/2019\/09\/formazione.png\" class=\"attachment-large size-large\" alt=\"\" loading=\"lazy\" \/>\t\t\t\t\t\t\t\t\t\t\t\t\t\t<\/div>\n\t\t\t\t\t\t<\/div>\n\t\t\t\t<\/div>\n\t\t\t\t\t\t<\/div>\n\t\t\t\t\t<\/div>\n\t\t<\/div>\n\t\t\t\t<div class=\"elementor-column elementor-col-50 elementor-top-column elementor-element elementor-element-33b0a81\" data-id=\"33b0a81\" data-element_type=\"column\">\n\t\t\t<div class=\"elementor-column-wrap elementor-element-populated\">\n\t\t\t\t\t\t\t<div class=\"elementor-widget-wrap\">\n\t\t\t\t\t\t<div class=\"elementor-element elementor-element-8851021 elementor-widget elementor-widget-heading\" data-id=\"8851021\" data-element_type=\"widget\" data-widget_type=\"heading.default\">\n\t\t\t\t<div class=\"elementor-widget-container\">\n\t\t\t<h2 class=\"elementor-heading-title elementor-size-default\">FORMATION<\/h2>\t\t<\/div>\n\t\t\t\t<\/div>\n\t\t\t\t<div class=\"elementor-element elementor-element-663991b elementor-widget elementor-widget-text-editor\" data-id=\"663991b\" data-element_type=\"widget\" data-widget_type=\"text-editor.default\">\n\t\t\t\t<div class=\"elementor-widget-container\">\n\t\t\t\t\t\t\t\t<div class=\"elementor-text-editor elementor-clearfix\">\n\t\t\t\t<p>En 2019, nous avons obtenu la certification <strong>UNI ISO 29990:2011<\/strong> pour la prestation de formation.<\/p><p>Nous sommes fiers d&#8217;entreprendre une exp\u00e9rience de formation certifi\u00e9e qui <strong>qualifie davantage nos comp\u00e9tences techniques et notre savoir-faire acquis en plus de cinquante ans d&#8217;activit\u00e9<\/strong>.<\/p><p>Nous avons cr\u00e9\u00e9 une \u00e9quipe de travail compos\u00e9e de membres exp\u00e9riment\u00e9s du personnel de Copyr, ainsi que d&#8217;enseignants et de chercheurs issus des principales universit\u00e9s et centres de recherche italiens, ce qui nous permet de proposer une offre de formation multidisciplinaire, modulaire et actualis\u00e9e, \u00e0 la fois en classe et sur le terrain, con\u00e7ue en fonction des besoins de nos clients et du march\u00e9 final. <strong>Tout cela s&#8217;inscrit parfaitement dans le projet Campus Copyr de formation et d&#8217;information en ligne<\/strong>.<\/p>\t\t\t\t\t<\/div>\n\t\t\t\t\t\t<\/div>\n\t\t\t\t<\/div>\n\t\t\t\t<div class=\"elementor-element elementor-element-aa95750 elementor-align-left elementor-widget elementor-widget-button\" data-id=\"aa95750\" data-element_type=\"widget\" data-widget_type=\"button.default\">\n\t\t\t\t<div class=\"elementor-widget-container\">\n\t\t\t\t\t<div class=\"elementor-button-wrapper\">\n\t\t\t<a href=\"mailto:formazione_copyr@copyr.it\" class=\"elementor-button-link elementor-button elementor-size-md\" role=\"button\">\n\t\t\t\t\t\t<span class=\"elementor-button-content-wrapper\">\n\t\t\t\t\t\t<span class=\"elementor-button-text\">Cliquer ici pour en savoir davantage<\/span>\n\t\t<\/span>\n\t\t\t\t\t<\/a>\n\t\t<\/div>\n\t\t\t\t<\/div>\n\t\t\t\t<\/div>\n\t\t\t\t\t\t<\/div>\n\t\t\t\t\t<\/div>\n\t\t<\/div>\n\t\t\t\t\t\t\t\t<\/div>\n\t\t\t\t\t<\/div>\n\t\t<\/section>\n\t\t\t\t\t\t<\/div>\n\t\t\t\t\t\t<\/div>\n\t\t\t\t\t<\/div>\n\t\t","protected":false},"excerpt":{"rendered":"<p>Savoir-faire R&#038;D Afin de maintenir l&#8217;\u00e9cosyst\u00e8me dans son \u00e9quilibre naturel, nous nous engageons \u00e0 rechercher et \u00e0 d\u00e9velopper des formulations sp\u00e9cifiques bas\u00e9es sur des mol\u00e9cules \u00e0 haut profil de s\u00e9curit\u00e9 et respectueuses de l&#8217;environnement, et \u00e0 prot\u00e9ger les utilisateurs en combinant le meilleur de la technologie avec les m\u00e9thodes d&#8217;utilisation les plus appropri\u00e9es. R\u00c9GLEMENTATIONS Notre [&hellip;]<\/p>\n","protected":false},"author":1,"featured_media":0,"parent":238,"menu_order":0,"comment_status":"closed","ping_status":"closed","template":"","meta":{"content-type":""},"yoast_head":"<!-- This site is optimized with the Yoast SEO plugin v17.0 - https:\/\/yoast.com\/wordpress\/plugins\/seo\/ -->\n<title>Expertise - copyr.eu FR<\/title>\n<meta name=\"description\" content=\"Ricerca e sviluppo, adempimenti di legge e formazione. Copyr \u00e8 la Compagnia del Piretro, azienda globale caratterizzata da un\u2019elevata cultura scientifica.\" \/>\n<meta name=\"robots\" content=\"index, follow, max-snippet:-1, max-image-preview:large, max-video-preview:-1\" \/>\n<link rel=\"canonical\" href=\"https:\/\/www.copyr.eu\/fr\/copyr\/expertise\/\" \/>\n<meta property=\"og:locale\" content=\"fr_FR\" \/>\n<meta property=\"og:type\" content=\"article\" \/>\n<meta property=\"og:title\" content=\"Expertise - copyr.eu FR\" \/>\n<meta property=\"og:description\" content=\"Ricerca e sviluppo, adempimenti di legge e formazione. Copyr \u00e8 la Compagnia del Piretro, azienda globale caratterizzata da un\u2019elevata cultura scientifica.\" \/>\n<meta property=\"og:url\" content=\"https:\/\/www.copyr.eu\/fr\/copyr\/expertise\/\" \/>\n<meta property=\"og:site_name\" content=\"copyr.eu FR\" \/>\n<meta property=\"article:modified_time\" content=\"2023-10-09T15:28:43+00:00\" \/>\n<meta property=\"og:image\" content=\"https:\/\/www.copyr.eu\/fr\/wp-content\/uploads\/sites\/11\/2020\/02\/RnD.png\" \/>\n<meta name=\"twitter:card\" content=\"summary_large_image\" \/>\n<meta name=\"twitter:label1\" content=\"Dur\u00e9e de lecture est.\" \/>\n\t<meta name=\"twitter:data1\" content=\"2 minutes\" \/>\n<script type=\"application\/ld+json\" class=\"yoast-schema-graph\">{\"@context\":\"https:\/\/schema.org\",\"@graph\":[{\"@type\":\"WebSite\",\"@id\":\"https:\/\/www.copyr.eu\/fr\/#website\",\"url\":\"https:\/\/www.copyr.eu\/fr\/\",\"name\":\"copyr.eu FR\",\"description\":\"Migliorare la qualit\\u00e0, la sicurezza e l&#039;igiene dei luoghi in cui viviamo\",\"potentialAction\":[{\"@type\":\"SearchAction\",\"target\":{\"@type\":\"EntryPoint\",\"urlTemplate\":\"https:\/\/www.copyr.eu\/fr\/?s={search_term_string}\"},\"query-input\":\"required name=search_term_string\"}],\"inLanguage\":\"fr-FR\"},{\"@type\":\"ImageObject\",\"@id\":\"https:\/\/www.copyr.eu\/fr\/copyr\/expertise\/#primaryimage\",\"inLanguage\":\"fr-FR\",\"url\":\"https:\/\/www.copyr.eu\/fr\/wp-content\/uploads\/sites\/11\/2020\/02\/RnD.png\",\"contentUrl\":\"https:\/\/www.copyr.eu\/fr\/wp-content\/uploads\/sites\/11\/2020\/02\/RnD.png\",\"width\":555,\"height\":457},{\"@type\":\"WebPage\",\"@id\":\"https:\/\/www.copyr.eu\/fr\/copyr\/expertise\/#webpage\",\"url\":\"https:\/\/www.copyr.eu\/fr\/copyr\/expertise\/\",\"name\":\"Expertise - copyr.eu FR\",\"isPartOf\":{\"@id\":\"https:\/\/www.copyr.eu\/fr\/#website\"},\"primaryImageOfPage\":{\"@id\":\"https:\/\/www.copyr.eu\/fr\/copyr\/expertise\/#primaryimage\"},\"datePublished\":\"2019-09-25T07:28:17+00:00\",\"dateModified\":\"2023-10-09T15:28:43+00:00\",\"description\":\"Ricerca e sviluppo, adempimenti di legge e formazione. Copyr \\u00e8 la Compagnia del Piretro, azienda globale caratterizzata da un\\u2019elevata cultura scientifica.\",\"breadcrumb\":{\"@id\":\"https:\/\/www.copyr.eu\/fr\/copyr\/expertise\/#breadcrumb\"},\"inLanguage\":\"fr-FR\",\"potentialAction\":[{\"@type\":\"ReadAction\",\"target\":[\"https:\/\/www.copyr.eu\/fr\/copyr\/expertise\/\"]}]},{\"@type\":\"BreadcrumbList\",\"@id\":\"https:\/\/www.copyr.eu\/fr\/copyr\/expertise\/#breadcrumb\",\"itemListElement\":[{\"@type\":\"ListItem\",\"position\":1,\"name\":\"Home\",\"item\":\"https:\/\/www.copyr.eu\/fr\/\"},{\"@type\":\"ListItem\",\"position\":2,\"name\":\"Copyr\",\"item\":\"https:\/\/www.copyr.eu\/fr\/copyr\/\"},{\"@type\":\"ListItem\",\"position\":3,\"name\":\"Expertise\"}]}]}<\/script>\n<!-- \/ Yoast SEO plugin. -->","yoast_head_json":{"title":"Expertise - copyr.eu FR","description":"Ricerca e sviluppo, adempimenti di legge e formazione. Copyr \u00e8 la Compagnia del Piretro, azienda globale caratterizzata da un\u2019elevata cultura scientifica.","robots":{"index":"index","follow":"follow","max-snippet":"max-snippet:-1","max-image-preview":"max-image-preview:large","max-video-preview":"max-video-preview:-1"},"canonical":"https:\/\/www.copyr.eu\/fr\/copyr\/expertise\/","og_locale":"fr_FR","og_type":"article","og_title":"Expertise - copyr.eu FR","og_description":"Ricerca e sviluppo, adempimenti di legge e formazione. Copyr \u00e8 la Compagnia del Piretro, azienda globale caratterizzata da un\u2019elevata cultura scientifica.","og_url":"https:\/\/www.copyr.eu\/fr\/copyr\/expertise\/","og_site_name":"copyr.eu FR","article_modified_time":"2023-10-09T15:28:43+00:00","og_image":[{"url":"https:\/\/www.copyr.eu\/fr\/wp-content\/uploads\/sites\/11\/2020\/02\/RnD.png"}],"twitter_card":"summary_large_image","twitter_misc":{"Dur\u00e9e de lecture est.":"2 minutes"},"schema":{"@context":"https:\/\/schema.org","@graph":[{"@type":"WebSite","@id":"https:\/\/www.copyr.eu\/fr\/#website","url":"https:\/\/www.copyr.eu\/fr\/","name":"copyr.eu FR","description":"Migliorare la qualit\u00e0, la sicurezza e l&#039;igiene dei luoghi in cui viviamo","potentialAction":[{"@type":"SearchAction","target":{"@type":"EntryPoint","urlTemplate":"https:\/\/www.copyr.eu\/fr\/?s={search_term_string}"},"query-input":"required name=search_term_string"}],"inLanguage":"fr-FR"},{"@type":"ImageObject","@id":"https:\/\/www.copyr.eu\/fr\/copyr\/expertise\/#primaryimage","inLanguage":"fr-FR","url":"https:\/\/www.copyr.eu\/fr\/wp-content\/uploads\/sites\/11\/2020\/02\/RnD.png","contentUrl":"https:\/\/www.copyr.eu\/fr\/wp-content\/uploads\/sites\/11\/2020\/02\/RnD.png","width":555,"height":457},{"@type":"WebPage","@id":"https:\/\/www.copyr.eu\/fr\/copyr\/expertise\/#webpage","url":"https:\/\/www.copyr.eu\/fr\/copyr\/expertise\/","name":"Expertise - copyr.eu FR","isPartOf":{"@id":"https:\/\/www.copyr.eu\/fr\/#website"},"primaryImageOfPage":{"@id":"https:\/\/www.copyr.eu\/fr\/copyr\/expertise\/#primaryimage"},"datePublished":"2019-09-25T07:28:17+00:00","dateModified":"2023-10-09T15:28:43+00:00","description":"Ricerca e sviluppo, adempimenti di legge e formazione. Copyr \u00e8 la Compagnia del Piretro, azienda globale caratterizzata da un\u2019elevata cultura scientifica.","breadcrumb":{"@id":"https:\/\/www.copyr.eu\/fr\/copyr\/expertise\/#breadcrumb"},"inLanguage":"fr-FR","potentialAction":[{"@type":"ReadAction","target":["https:\/\/www.copyr.eu\/fr\/copyr\/expertise\/"]}]},{"@type":"BreadcrumbList","@id":"https:\/\/www.copyr.eu\/fr\/copyr\/expertise\/#breadcrumb","itemListElement":[{"@type":"ListItem","position":1,"name":"Home","item":"https:\/\/www.copyr.eu\/fr\/"},{"@type":"ListItem","position":2,"name":"Copyr","item":"https:\/\/www.copyr.eu\/fr\/copyr\/"},{"@type":"ListItem","position":3,"name":"Expertise"}]}]}},"_links":{"self":[{"href":"https:\/\/www.copyr.eu\/fr\/wp-json\/wp\/v2\/pages\/289"}],"collection":[{"href":"https:\/\/www.copyr.eu\/fr\/wp-json\/wp\/v2\/pages"}],"about":[{"href":"https:\/\/www.copyr.eu\/fr\/wp-json\/wp\/v2\/types\/page"}],"author":[{"embeddable":true,"href":"https:\/\/www.copyr.eu\/fr\/wp-json\/wp\/v2\/users\/1"}],"replies":[{"embeddable":true,"href":"https:\/\/www.copyr.eu\/fr\/wp-json\/wp\/v2\/comments?post=289"}],"version-history":[{"count":12,"href":"https:\/\/www.copyr.eu\/fr\/wp-json\/wp\/v2\/pages\/289\/revisions"}],"predecessor-version":[{"id":11857,"href":"https:\/\/www.copyr.eu\/fr\/wp-json\/wp\/v2\/pages\/289\/revisions\/11857"}],"up":[{"embeddable":true,"href":"https:\/\/www.copyr.eu\/fr\/wp-json\/wp\/v2\/pages\/238"}],"wp:attachment":[{"href":"https:\/\/www.copyr.eu\/fr\/wp-json\/wp\/v2\/media?parent=289"}],"curies":[{"name":"wp","href":"https:\/\/api.w.org\/{rel}","templated":true}]}}