{"id":8059,"date":"2022-04-29T12:10:15","date_gmt":"2022-04-29T10:10:15","guid":{"rendered":"https:\/\/copyreu.myskia.net\/es\/?post_type=product&#038;p=8059"},"modified":"2022-04-29T12:40:13","modified_gmt":"2022-04-29T10:40:13","slug":"rodillo-mosquicida-kit-700-m","status":"publish","type":"product","link":"https:\/\/www.copyr.eu\/es\/prodotto\/rodillo-mosquicida-kit-700-m\/","title":{"rendered":"Rodillo mosquicida &#8211; kit 700 m"},"content":{"rendered":"<p>Cinta viscosa, destinada a la protecci\u00f3n de los animales. Pegamento activo en el 100% de la cinta desenrollada. No contiene sustancias t\u00f3xicas. Permite realizar capturas sumamente elevadas, de hasta 500 moscas por metro.  El sistema es f\u00e1cil de instalar y el producto, en poco tiempo, hace que las moscas existentes disminuyan dr\u00e1sticamente.<\/p>\n","protected":false},"excerpt":{"rendered":"<p>Rodillo mosquicida profesional ecol\u00f3gico con kit de montaje<\/p>\n","protected":false},"featured_media":11376,"comment_status":"closed","ping_status":"open","template":"","meta":{"content-type":""},"product_cat":[22],"product_tag":[],"malattie-piante":[],"infestanti-ambiente":[1425],"infestanti-piante":[],"utilizzo":[1429],"yoast_head":"<!-- This site is optimized with the Yoast SEO plugin v17.0 - https:\/\/yoast.com\/wordpress\/plugins\/seo\/ -->\n<title>Rodillo mosquicida - kit 700 m - Copyr.eu ES<\/title>\n<meta name=\"robots\" content=\"index, follow, max-snippet:-1, max-image-preview:large, max-video-preview:-1\" \/>\n<link rel=\"canonical\" href=\"https:\/\/www.copyr.eu\/es\/prodotto\/rodillo-mosquicida-kit-700-m\/\" \/>\n<meta property=\"og:locale\" content=\"es_ES\" \/>\n<meta property=\"og:type\" content=\"article\" \/>\n<meta property=\"og:title\" content=\"Rodillo mosquicida - kit 700 m - Copyr.eu ES\" \/>\n<meta property=\"og:description\" content=\"Rodillo mosquicida profesional ecol\u00f3gico con kit de montaje\" \/>\n<meta property=\"og:url\" content=\"https:\/\/www.copyr.eu\/es\/prodotto\/rodillo-mosquicida-kit-700-m\/\" \/>\n<meta property=\"og:site_name\" content=\"Copyr.eu ES\" \/>\n<meta property=\"article:modified_time\" content=\"2022-04-29T10:40:13+00:00\" \/>\n<meta property=\"og:image\" content=\"https:\/\/www.copyr.eu\/es\/wp-content\/uploads\/sites\/10\/2021\/08\/2492010A_Rullo-Moschicida-Kit-700m.jpg\" \/>\n\t<meta property=\"og:image:width\" content=\"1000\" \/>\n\t<meta property=\"og:image:height\" content=\"1000\" \/>\n<meta name=\"twitter:card\" content=\"summary_large_image\" \/>\n<script type=\"application\/ld+json\" class=\"yoast-schema-graph\">{\"@context\":\"https:\/\/schema.org\",\"@graph\":[{\"@type\":\"WebSite\",\"@id\":\"https:\/\/www.copyr.eu\/es\/#website\",\"url\":\"https:\/\/www.copyr.eu\/es\/\",\"name\":\"Copyr.eu ES\",\"description\":\"Migliorare la qualit\\u00e0, la sicurezza e l&#039;igiene dei luoghi in cui viviamo\",\"potentialAction\":[{\"@type\":\"SearchAction\",\"target\":{\"@type\":\"EntryPoint\",\"urlTemplate\":\"https:\/\/www.copyr.eu\/es\/?s={search_term_string}\"},\"query-input\":\"required name=search_term_string\"}],\"inLanguage\":\"es\"},{\"@type\":\"ImageObject\",\"@id\":\"https:\/\/www.copyr.eu\/es\/prodotto\/rodillo-mosquicida-kit-700-m\/#primaryimage\",\"inLanguage\":\"es\",\"url\":\"https:\/\/www.copyr.eu\/es\/wp-content\/uploads\/sites\/10\/2021\/08\/2492010A_Rullo-Moschicida-Kit-700m.jpg\",\"contentUrl\":\"https:\/\/www.copyr.eu\/es\/wp-content\/uploads\/sites\/10\/2021\/08\/2492010A_Rullo-Moschicida-Kit-700m.jpg\",\"width\":\"1000\",\"height\":\"1000\"},{\"@type\":\"WebPage\",\"@id\":\"https:\/\/www.copyr.eu\/es\/prodotto\/rodillo-mosquicida-kit-700-m\/#webpage\",\"url\":\"https:\/\/www.copyr.eu\/es\/prodotto\/rodillo-mosquicida-kit-700-m\/\",\"name\":\"Rodillo mosquicida - kit 700 m - Copyr.eu ES\",\"isPartOf\":{\"@id\":\"https:\/\/www.copyr.eu\/es\/#website\"},\"primaryImageOfPage\":{\"@id\":\"https:\/\/www.copyr.eu\/es\/prodotto\/rodillo-mosquicida-kit-700-m\/#primaryimage\"},\"datePublished\":\"2022-04-29T10:10:15+00:00\",\"dateModified\":\"2022-04-29T10:40:13+00:00\",\"breadcrumb\":{\"@id\":\"https:\/\/www.copyr.eu\/es\/prodotto\/rodillo-mosquicida-kit-700-m\/#breadcrumb\"},\"inLanguage\":\"es\",\"potentialAction\":[{\"@type\":\"ReadAction\",\"target\":[\"https:\/\/www.copyr.eu\/es\/prodotto\/rodillo-mosquicida-kit-700-m\/\"]}]},{\"@type\":\"BreadcrumbList\",\"@id\":\"https:\/\/www.copyr.eu\/es\/prodotto\/rodillo-mosquicida-kit-700-m\/#breadcrumb\",\"itemListElement\":[{\"@type\":\"ListItem\",\"position\":1,\"name\":\"Home\",\"item\":\"https:\/\/www.copyr.eu\/es\/\"},{\"@type\":\"ListItem\",\"position\":2,\"name\":\"Tutti i prodotti\",\"item\":\"https:\/\/www.copyr.eu\/es\/tutti-i-prodotti\/\"},{\"@type\":\"ListItem\",\"position\":3,\"name\":\"Rodillo mosquicida &#8211; kit 700 m\"}]}]}<\/script>\n<!-- \/ Yoast SEO plugin. -->","yoast_head_json":{"title":"Rodillo mosquicida - kit 700 m - Copyr.eu ES","robots":{"index":"index","follow":"follow","max-snippet":"max-snippet:-1","max-image-preview":"max-image-preview:large","max-video-preview":"max-video-preview:-1"},"canonical":"https:\/\/www.copyr.eu\/es\/prodotto\/rodillo-mosquicida-kit-700-m\/","og_locale":"es_ES","og_type":"article","og_title":"Rodillo mosquicida - kit 700 m - Copyr.eu ES","og_description":"Rodillo mosquicida profesional ecol\u00f3gico con kit de montaje","og_url":"https:\/\/www.copyr.eu\/es\/prodotto\/rodillo-mosquicida-kit-700-m\/","og_site_name":"Copyr.eu ES","article_modified_time":"2022-04-29T10:40:13+00:00","og_image":[{"width":"1000","height":"1000","url":"https:\/\/www.copyr.eu\/es\/wp-content\/uploads\/sites\/10\/2021\/08\/2492010A_Rullo-Moschicida-Kit-700m.jpg","path":"\/var\/www\/vhosts\/copyr.eu\/httpdocs\/wp-content\/uploads\/sites\/10\/2021\/08\/2492010A_Rullo-Moschicida-Kit-700m.jpg","size":"full","id":11376,"alt":"","pixels":1000000,"type":"image\/jpeg"}],"twitter_card":"summary_large_image","schema":{"@context":"https:\/\/schema.org","@graph":[{"@type":"WebSite","@id":"https:\/\/www.copyr.eu\/es\/#website","url":"https:\/\/www.copyr.eu\/es\/","name":"Copyr.eu ES","description":"Migliorare la qualit\u00e0, la sicurezza e l&#039;igiene dei luoghi in cui viviamo","potentialAction":[{"@type":"SearchAction","target":{"@type":"EntryPoint","urlTemplate":"https:\/\/www.copyr.eu\/es\/?s={search_term_string}"},"query-input":"required name=search_term_string"}],"inLanguage":"es"},{"@type":"ImageObject","@id":"https:\/\/www.copyr.eu\/es\/prodotto\/rodillo-mosquicida-kit-700-m\/#primaryimage","inLanguage":"es","url":"https:\/\/www.copyr.eu\/es\/wp-content\/uploads\/sites\/10\/2021\/08\/2492010A_Rullo-Moschicida-Kit-700m.jpg","contentUrl":"https:\/\/www.copyr.eu\/es\/wp-content\/uploads\/sites\/10\/2021\/08\/2492010A_Rullo-Moschicida-Kit-700m.jpg","width":"1000","height":"1000"},{"@type":"WebPage","@id":"https:\/\/www.copyr.eu\/es\/prodotto\/rodillo-mosquicida-kit-700-m\/#webpage","url":"https:\/\/www.copyr.eu\/es\/prodotto\/rodillo-mosquicida-kit-700-m\/","name":"Rodillo mosquicida - kit 700 m - Copyr.eu ES","isPartOf":{"@id":"https:\/\/www.copyr.eu\/es\/#website"},"primaryImageOfPage":{"@id":"https:\/\/www.copyr.eu\/es\/prodotto\/rodillo-mosquicida-kit-700-m\/#primaryimage"},"datePublished":"2022-04-29T10:10:15+00:00","dateModified":"2022-04-29T10:40:13+00:00","breadcrumb":{"@id":"https:\/\/www.copyr.eu\/es\/prodotto\/rodillo-mosquicida-kit-700-m\/#breadcrumb"},"inLanguage":"es","potentialAction":[{"@type":"ReadAction","target":["https:\/\/www.copyr.eu\/es\/prodotto\/rodillo-mosquicida-kit-700-m\/"]}]},{"@type":"BreadcrumbList","@id":"https:\/\/www.copyr.eu\/es\/prodotto\/rodillo-mosquicida-kit-700-m\/#breadcrumb","itemListElement":[{"@type":"ListItem","position":1,"name":"Home","item":"https:\/\/www.copyr.eu\/es\/"},{"@type":"ListItem","position":2,"name":"Tutti i prodotti","item":"https:\/\/www.copyr.eu\/es\/tutti-i-prodotti\/"},{"@type":"ListItem","position":3,"name":"Rodillo mosquicida &#8211; kit 700 m"}]}]}},"_links":{"self":[{"href":"https:\/\/www.copyr.eu\/es\/wp-json\/wp\/v2\/product\/8059"}],"collection":[{"href":"https:\/\/www.copyr.eu\/es\/wp-json\/wp\/v2\/product"}],"about":[{"href":"https:\/\/www.copyr.eu\/es\/wp-json\/wp\/v2\/types\/product"}],"replies":[{"embeddable":true,"href":"https:\/\/www.copyr.eu\/es\/wp-json\/wp\/v2\/comments?post=8059"}],"wp:featuredmedia":[{"embeddable":true,"href":"https:\/\/www.copyr.eu\/es\/wp-json\/wp\/v2\/media\/11376"}],"wp:attachment":[{"href":"https:\/\/www.copyr.eu\/es\/wp-json\/wp\/v2\/media?parent=8059"}],"wp:term":[{"taxonomy":"product_cat","embeddable":true,"href":"https:\/\/www.copyr.eu\/es\/wp-json\/wp\/v2\/product_cat?post=8059"},{"taxonomy":"product_tag","embeddable":true,"href":"https:\/\/www.copyr.eu\/es\/wp-json\/wp\/v2\/product_tag?post=8059"},{"taxonomy":"malattie-piante","embeddable":true,"href":"https:\/\/www.copyr.eu\/es\/wp-json\/wp\/v2\/malattie-piante?post=8059"},{"taxonomy":"infestanti-ambiente","embeddable":true,"href":"https:\/\/www.copyr.eu\/es\/wp-json\/wp\/v2\/infestanti-ambiente?post=8059"},{"taxonomy":"infestanti-piante","embeddable":true,"href":"https:\/\/www.copyr.eu\/es\/wp-json\/wp\/v2\/infestanti-piante?post=8059"},{"taxonomy":"utilizzo","embeddable":true,"href":"https:\/\/www.copyr.eu\/es\/wp-json\/wp\/v2\/utilizzo?post=8059"}],"curies":[{"name":"wp","href":"https:\/\/api.w.org\/{rel}","templated":true}]}}