{"id":5357,"date":"2022-04-29T12:10:15","date_gmt":"2022-04-29T10:10:15","guid":{"rendered":"https:\/\/www.copyr.eu\/es\/prodotto\/ratacum-pasta-per-professionisti-formati-2538383p\/"},"modified":"2022-04-29T12:39:14","modified_gmt":"2022-04-29T10:39:14","slug":"ratacum-pasta-15-kg-para-profesionales-con-formacion-especifica","status":"publish","type":"product","link":"https:\/\/www.copyr.eu\/es\/prodotto\/ratacum-pasta-15-kg-para-profesionales-con-formacion-especifica\/","title":{"rendered":"RATACUM PASTA 15 Kg -para profesionales con formaci\u00f3n espec\u00edfica"},"content":{"rendered":"<p>RATACUM PASTA FRESCA es un cebo rodenticida, listo para usar, a base de Difenacoum, una sustancia activa anticoagulante, que resulta efectiva contra el rat\u00f3n com\u00fan o dom\u00e9stico (Mus musculus), la rata de alcantarilla (Rattus norvegicus) y la rata negra (Rattus rattus), incluso despu\u00e9s de una \u00fanica ingesta. La formulaci\u00f3n consiste en una pasta apetitosa para las especies de roedores indicadas. El producto no alarma ni suscita sospechas entre los otros miembros de la poblaci\u00f3n de roedores. RATACUM PASTA FRESCA contiene una sustancia amarga id\u00f3nea para prevenir la ingesti\u00f3n accidental por parte de los ni\u00f1os. RATACUM PASTA FRESCA se puede usar en el interior y alrededor de edificios industriales (incluidos los almacenes, los dep\u00f3sitos y las bodegas de los barcos), rurales, no industriales, viviendas, s\u00f3tanos, garajes, trasteros, jardines y zonas aleda\u00f1as pertinentes. Al aire libre y en las zonas abiertas.<\/p>\n<p>ORGANISMOS DIANA &#8211; rat\u00f3n com\u00fan o dom\u00e9stico (Mus musculus), tanto j\u00f3venes como adultos, rata de alcantarilla (Rattus norvegicus), tanto j\u00f3venes como adultas, rata negra (Rattus rattus), tanto j\u00f3venes como adultas.<\/p>\n","protected":false},"excerpt":{"rendered":"<p>Cebo rodenticida listo para usar<br \/>\nen forma de pasta fresca<br \/>\nDE USO PROFESIONAL<br \/>\nTIPOS DE USUARIOS: PROFESIONALES CON FORMACI\u00d3N ESPEC\u00cdFICA<br \/>\nSUPERFICIES DE USO: ESPACIOS INTERIORES, AL AIRE LIBRE, ALREDEDOR DE LOS EDIFICIOS y EN ZONAS ABIERTAS<\/p>\n","protected":false},"featured_media":11360,"comment_status":"closed","ping_status":"open","template":"","meta":{"content-type":""},"product_cat":[23],"product_tag":[],"malattie-piante":[],"infestanti-ambiente":[1457,1458],"infestanti-piante":[],"utilizzo":[1429],"yoast_head":"<!-- This site is optimized with the Yoast SEO plugin v17.0 - https:\/\/yoast.com\/wordpress\/plugins\/seo\/ -->\n<title>RATACUM PASTA 15 Kg -para profesionales con formaci\u00f3n espec\u00edfica - Copyr.eu ES<\/title>\n<meta name=\"robots\" content=\"index, follow, max-snippet:-1, max-image-preview:large, max-video-preview:-1\" \/>\n<link rel=\"canonical\" href=\"https:\/\/www.copyr.eu\/es\/prodotto\/ratacum-pasta-15-kg-para-profesionales-con-formacion-especifica\/\" \/>\n<meta property=\"og:locale\" content=\"es_ES\" \/>\n<meta property=\"og:type\" content=\"article\" \/>\n<meta property=\"og:title\" content=\"RATACUM PASTA 15 Kg -para profesionales con formaci\u00f3n espec\u00edfica - Copyr.eu ES\" \/>\n<meta property=\"og:description\" content=\"Cebo rodenticida listo para usar en forma de pasta fresca DE USO PROFESIONAL TIPOS DE USUARIOS: PROFESIONALES CON FORMACI\u00d3N ESPEC\u00cdFICA SUPERFICIES DE USO: ESPACIOS INTERIORES, AL AIRE LIBRE, ALREDEDOR DE LOS EDIFICIOS y EN ZONAS ABIERTAS\" \/>\n<meta property=\"og:url\" content=\"https:\/\/www.copyr.eu\/es\/prodotto\/ratacum-pasta-15-kg-para-profesionales-con-formacion-especifica\/\" \/>\n<meta property=\"og:site_name\" content=\"Copyr.eu ES\" \/>\n<meta property=\"article:modified_time\" content=\"2022-04-29T10:39:14+00:00\" \/>\n<meta property=\"og:image\" content=\"https:\/\/www.copyr.eu\/es\/wp-content\/uploads\/sites\/10\/2021\/08\/2538383P_Ratacum-Pasta15kg.jpg\" \/>\n\t<meta property=\"og:image:width\" content=\"1500\" \/>\n\t<meta property=\"og:image:height\" content=\"1500\" \/>\n<meta name=\"twitter:card\" content=\"summary_large_image\" \/>\n<meta name=\"twitter:label1\" content=\"Tiempo de lectura\" \/>\n\t<meta name=\"twitter:data1\" content=\"1 minuto\" \/>\n<script type=\"application\/ld+json\" class=\"yoast-schema-graph\">{\"@context\":\"https:\/\/schema.org\",\"@graph\":[{\"@type\":\"WebSite\",\"@id\":\"https:\/\/www.copyr.eu\/es\/#website\",\"url\":\"https:\/\/www.copyr.eu\/es\/\",\"name\":\"Copyr.eu ES\",\"description\":\"Migliorare la qualit\\u00e0, la sicurezza e l&#039;igiene dei luoghi in cui viviamo\",\"potentialAction\":[{\"@type\":\"SearchAction\",\"target\":{\"@type\":\"EntryPoint\",\"urlTemplate\":\"https:\/\/www.copyr.eu\/es\/?s={search_term_string}\"},\"query-input\":\"required name=search_term_string\"}],\"inLanguage\":\"es\"},{\"@type\":\"ImageObject\",\"@id\":\"https:\/\/www.copyr.eu\/es\/prodotto\/ratacum-pasta-15-kg-para-profesionales-con-formacion-especifica\/#primaryimage\",\"inLanguage\":\"es\",\"url\":\"https:\/\/www.copyr.eu\/es\/wp-content\/uploads\/sites\/10\/2021\/08\/2538383P_Ratacum-Pasta15kg.jpg\",\"contentUrl\":\"https:\/\/www.copyr.eu\/es\/wp-content\/uploads\/sites\/10\/2021\/08\/2538383P_Ratacum-Pasta15kg.jpg\",\"width\":\"1500\",\"height\":\"1500\"},{\"@type\":\"WebPage\",\"@id\":\"https:\/\/www.copyr.eu\/es\/prodotto\/ratacum-pasta-15-kg-para-profesionales-con-formacion-especifica\/#webpage\",\"url\":\"https:\/\/www.copyr.eu\/es\/prodotto\/ratacum-pasta-15-kg-para-profesionales-con-formacion-especifica\/\",\"name\":\"RATACUM PASTA 15 Kg -para profesionales con formaci\\u00f3n espec\\u00edfica - Copyr.eu ES\",\"isPartOf\":{\"@id\":\"https:\/\/www.copyr.eu\/es\/#website\"},\"primaryImageOfPage\":{\"@id\":\"https:\/\/www.copyr.eu\/es\/prodotto\/ratacum-pasta-15-kg-para-profesionales-con-formacion-especifica\/#primaryimage\"},\"datePublished\":\"2022-04-29T10:10:15+00:00\",\"dateModified\":\"2022-04-29T10:39:14+00:00\",\"breadcrumb\":{\"@id\":\"https:\/\/www.copyr.eu\/es\/prodotto\/ratacum-pasta-15-kg-para-profesionales-con-formacion-especifica\/#breadcrumb\"},\"inLanguage\":\"es\",\"potentialAction\":[{\"@type\":\"ReadAction\",\"target\":[\"https:\/\/www.copyr.eu\/es\/prodotto\/ratacum-pasta-15-kg-para-profesionales-con-formacion-especifica\/\"]}]},{\"@type\":\"BreadcrumbList\",\"@id\":\"https:\/\/www.copyr.eu\/es\/prodotto\/ratacum-pasta-15-kg-para-profesionales-con-formacion-especifica\/#breadcrumb\",\"itemListElement\":[{\"@type\":\"ListItem\",\"position\":1,\"name\":\"Home\",\"item\":\"https:\/\/www.copyr.eu\/es\/\"},{\"@type\":\"ListItem\",\"position\":2,\"name\":\"Tutti i prodotti\",\"item\":\"https:\/\/www.copyr.eu\/es\/tutti-i-prodotti\/\"},{\"@type\":\"ListItem\",\"position\":3,\"name\":\"RATACUM PASTA 15 Kg -para profesionales con formaci\\u00f3n espec\\u00edfica\"}]}]}<\/script>\n<!-- \/ Yoast SEO plugin. -->","yoast_head_json":{"title":"RATACUM PASTA 15 Kg -para profesionales con formaci\u00f3n espec\u00edfica - Copyr.eu ES","robots":{"index":"index","follow":"follow","max-snippet":"max-snippet:-1","max-image-preview":"max-image-preview:large","max-video-preview":"max-video-preview:-1"},"canonical":"https:\/\/www.copyr.eu\/es\/prodotto\/ratacum-pasta-15-kg-para-profesionales-con-formacion-especifica\/","og_locale":"es_ES","og_type":"article","og_title":"RATACUM PASTA 15 Kg -para profesionales con formaci\u00f3n espec\u00edfica - Copyr.eu ES","og_description":"Cebo rodenticida listo para usar en forma de pasta fresca DE USO PROFESIONAL TIPOS DE USUARIOS: PROFESIONALES CON FORMACI\u00d3N ESPEC\u00cdFICA SUPERFICIES DE USO: ESPACIOS INTERIORES, AL AIRE LIBRE, ALREDEDOR DE LOS EDIFICIOS y EN ZONAS ABIERTAS","og_url":"https:\/\/www.copyr.eu\/es\/prodotto\/ratacum-pasta-15-kg-para-profesionales-con-formacion-especifica\/","og_site_name":"Copyr.eu ES","article_modified_time":"2022-04-29T10:39:14+00:00","og_image":[{"width":"1500","height":"1500","url":"https:\/\/www.copyr.eu\/es\/wp-content\/uploads\/sites\/10\/2021\/08\/2538383P_Ratacum-Pasta15kg.jpg","path":"\/var\/www\/vhosts\/copyr.eu\/httpdocs\/wp-content\/uploads\/sites\/10\/2021\/08\/2538383P_Ratacum-Pasta15kg.jpg","size":"full","id":11360,"alt":"","pixels":2250000,"type":"image\/jpeg"}],"twitter_card":"summary_large_image","twitter_misc":{"Tiempo de lectura":"1 minuto"},"schema":{"@context":"https:\/\/schema.org","@graph":[{"@type":"WebSite","@id":"https:\/\/www.copyr.eu\/es\/#website","url":"https:\/\/www.copyr.eu\/es\/","name":"Copyr.eu ES","description":"Migliorare la qualit\u00e0, la sicurezza e l&#039;igiene dei luoghi in cui viviamo","potentialAction":[{"@type":"SearchAction","target":{"@type":"EntryPoint","urlTemplate":"https:\/\/www.copyr.eu\/es\/?s={search_term_string}"},"query-input":"required name=search_term_string"}],"inLanguage":"es"},{"@type":"ImageObject","@id":"https:\/\/www.copyr.eu\/es\/prodotto\/ratacum-pasta-15-kg-para-profesionales-con-formacion-especifica\/#primaryimage","inLanguage":"es","url":"https:\/\/www.copyr.eu\/es\/wp-content\/uploads\/sites\/10\/2021\/08\/2538383P_Ratacum-Pasta15kg.jpg","contentUrl":"https:\/\/www.copyr.eu\/es\/wp-content\/uploads\/sites\/10\/2021\/08\/2538383P_Ratacum-Pasta15kg.jpg","width":"1500","height":"1500"},{"@type":"WebPage","@id":"https:\/\/www.copyr.eu\/es\/prodotto\/ratacum-pasta-15-kg-para-profesionales-con-formacion-especifica\/#webpage","url":"https:\/\/www.copyr.eu\/es\/prodotto\/ratacum-pasta-15-kg-para-profesionales-con-formacion-especifica\/","name":"RATACUM PASTA 15 Kg -para profesionales con formaci\u00f3n espec\u00edfica - Copyr.eu ES","isPartOf":{"@id":"https:\/\/www.copyr.eu\/es\/#website"},"primaryImageOfPage":{"@id":"https:\/\/www.copyr.eu\/es\/prodotto\/ratacum-pasta-15-kg-para-profesionales-con-formacion-especifica\/#primaryimage"},"datePublished":"2022-04-29T10:10:15+00:00","dateModified":"2022-04-29T10:39:14+00:00","breadcrumb":{"@id":"https:\/\/www.copyr.eu\/es\/prodotto\/ratacum-pasta-15-kg-para-profesionales-con-formacion-especifica\/#breadcrumb"},"inLanguage":"es","potentialAction":[{"@type":"ReadAction","target":["https:\/\/www.copyr.eu\/es\/prodotto\/ratacum-pasta-15-kg-para-profesionales-con-formacion-especifica\/"]}]},{"@type":"BreadcrumbList","@id":"https:\/\/www.copyr.eu\/es\/prodotto\/ratacum-pasta-15-kg-para-profesionales-con-formacion-especifica\/#breadcrumb","itemListElement":[{"@type":"ListItem","position":1,"name":"Home","item":"https:\/\/www.copyr.eu\/es\/"},{"@type":"ListItem","position":2,"name":"Tutti i prodotti","item":"https:\/\/www.copyr.eu\/es\/tutti-i-prodotti\/"},{"@type":"ListItem","position":3,"name":"RATACUM PASTA 15 Kg -para profesionales con formaci\u00f3n espec\u00edfica"}]}]}},"_links":{"self":[{"href":"https:\/\/www.copyr.eu\/es\/wp-json\/wp\/v2\/product\/5357"}],"collection":[{"href":"https:\/\/www.copyr.eu\/es\/wp-json\/wp\/v2\/product"}],"about":[{"href":"https:\/\/www.copyr.eu\/es\/wp-json\/wp\/v2\/types\/product"}],"replies":[{"embeddable":true,"href":"https:\/\/www.copyr.eu\/es\/wp-json\/wp\/v2\/comments?post=5357"}],"wp:featuredmedia":[{"embeddable":true,"href":"https:\/\/www.copyr.eu\/es\/wp-json\/wp\/v2\/media\/11360"}],"wp:attachment":[{"href":"https:\/\/www.copyr.eu\/es\/wp-json\/wp\/v2\/media?parent=5357"}],"wp:term":[{"taxonomy":"product_cat","embeddable":true,"href":"https:\/\/www.copyr.eu\/es\/wp-json\/wp\/v2\/product_cat?post=5357"},{"taxonomy":"product_tag","embeddable":true,"href":"https:\/\/www.copyr.eu\/es\/wp-json\/wp\/v2\/product_tag?post=5357"},{"taxonomy":"malattie-piante","embeddable":true,"href":"https:\/\/www.copyr.eu\/es\/wp-json\/wp\/v2\/malattie-piante?post=5357"},{"taxonomy":"infestanti-ambiente","embeddable":true,"href":"https:\/\/www.copyr.eu\/es\/wp-json\/wp\/v2\/infestanti-ambiente?post=5357"},{"taxonomy":"infestanti-piante","embeddable":true,"href":"https:\/\/www.copyr.eu\/es\/wp-json\/wp\/v2\/infestanti-piante?post=5357"},{"taxonomy":"utilizzo","embeddable":true,"href":"https:\/\/www.copyr.eu\/es\/wp-json\/wp\/v2\/utilizzo?post=5357"}],"curies":[{"name":"wp","href":"https:\/\/api.w.org\/{rel}","templated":true}]}}