{"id":5332,"date":"2022-04-29T12:10:15","date_gmt":"2022-04-29T10:10:15","guid":{"rendered":"https:\/\/www.copyr.eu\/es\/prodotto\/ratadiol-blocco-per-professionista-formato-2538254\/"},"modified":"2022-04-29T12:39:13","modified_gmt":"2022-04-29T10:39:13","slug":"ratadiol-blocco-15-kg-para-el-profesional-con-formacion-especifica","status":"publish","type":"product","link":"https:\/\/www.copyr.eu\/es\/prodotto\/ratadiol-blocco-15-kg-para-el-profesional-con-formacion-especifica\/","title":{"rendered":"RATADIOL BLOCCO 15 kg &#8211; para el profesional con formaci\u00f3n espec\u00edfica"},"content":{"rendered":"<p>RATADIOL BLOCCO es un cebo rodenticida que viene listo para usar a<br \/>base de Bromadiolone, una sustancia activa anticoagulante que<br \/>resulta efectivo contra el rat\u00f3n com\u00fan o dom\u00e9stico (Mus<br \/>musculus), la rata de alcantarilla (Rattus norvegicus) y la rata negra<br \/>(Rattus rattus), incluso despu\u00e9s de una \u00fanica ingesta. La formulaci\u00f3n<br \/>consiste en un bloque parafinado para las especies de<br \/>roedores indicadas. El producto no alarma ni suscita sospechas<br \/>a los otros miembros de la poblaci\u00f3n de roedores.<br \/>RATADIOL BLOCCO contiene una sustancia amarga id\u00f3nea<br \/>para prevenir la ingesta accidental por parte de los ni\u00f1os.<br \/>RATADIOL BLOCCO se puede usar en el interior y alrededor<br \/>de edificios industriales (incluidos almacenes y bodegas de los<br \/>barcos), rurales, no industriales, viviendas, s\u00f3tanos, garajes, trasteros, jardines<br \/>y espacios exteriores pertinentes. Al aire libre y en las zonas<br \/>abiertas.<\/p>\n","protected":false},"excerpt":{"rendered":"<p>Cebo rodenticida que viene listo para usar en forma de bloque parafinado.<br \/>DE USO PROFESIONAL<br \/>TIPOS DE USUARIOS: PROFESIONALES CON FORMACI\u00d3N ESPEC\u00cdFICA<br \/>SUPERFICIES DE USO: ESPACIOS INTERIORES, AL AIRE LIBRE, ALREDEDOR DE LOS EDIFICIOS y EN ZONAS ABIERTAS<\/p>\n","protected":false},"featured_media":11355,"comment_status":"closed","ping_status":"open","template":"","meta":{"content-type":""},"product_cat":[23],"product_tag":[],"malattie-piante":[],"infestanti-ambiente":[1457,1458],"infestanti-piante":[],"utilizzo":[1429],"yoast_head":"<!-- This site is optimized with the Yoast SEO plugin v17.0 - https:\/\/yoast.com\/wordpress\/plugins\/seo\/ -->\n<title>RATADIOL BLOCCO 15 kg - para el profesional con formaci\u00f3n espec\u00edfica - Copyr.eu ES<\/title>\n<meta name=\"robots\" content=\"index, follow, max-snippet:-1, max-image-preview:large, max-video-preview:-1\" \/>\n<link rel=\"canonical\" href=\"https:\/\/www.copyr.eu\/es\/prodotto\/ratadiol-blocco-15-kg-para-el-profesional-con-formacion-especifica\/\" \/>\n<meta property=\"og:locale\" content=\"es_ES\" \/>\n<meta property=\"og:type\" content=\"article\" \/>\n<meta property=\"og:title\" content=\"RATADIOL BLOCCO 15 kg - para el profesional con formaci\u00f3n espec\u00edfica - Copyr.eu ES\" \/>\n<meta property=\"og:description\" content=\"Cebo rodenticida que viene listo para usar en forma de bloque parafinado.DE USO PROFESIONALTIPOS DE USUARIOS: PROFESIONALES CON FORMACI\u00d3N ESPEC\u00cdFICASUPERFICIES DE USO: ESPACIOS INTERIORES, AL AIRE LIBRE, ALREDEDOR DE LOS EDIFICIOS y EN ZONAS ABIERTAS\" \/>\n<meta property=\"og:url\" content=\"https:\/\/www.copyr.eu\/es\/prodotto\/ratadiol-blocco-15-kg-para-el-profesional-con-formacion-especifica\/\" \/>\n<meta property=\"og:site_name\" content=\"Copyr.eu ES\" \/>\n<meta property=\"article:modified_time\" content=\"2022-04-29T10:39:13+00:00\" \/>\n<meta property=\"og:image\" content=\"https:\/\/www.copyr.eu\/es\/wp-content\/uploads\/sites\/10\/2021\/08\/2538254_RATADIOL-Blocco-15-kg.jpg\" \/>\n\t<meta property=\"og:image:width\" content=\"1500\" \/>\n\t<meta property=\"og:image:height\" content=\"1500\" \/>\n<meta name=\"twitter:card\" content=\"summary_large_image\" \/>\n<meta name=\"twitter:label1\" content=\"Tiempo de lectura\" \/>\n\t<meta name=\"twitter:data1\" content=\"1 minuto\" \/>\n<script type=\"application\/ld+json\" class=\"yoast-schema-graph\">{\"@context\":\"https:\/\/schema.org\",\"@graph\":[{\"@type\":\"WebSite\",\"@id\":\"https:\/\/www.copyr.eu\/es\/#website\",\"url\":\"https:\/\/www.copyr.eu\/es\/\",\"name\":\"Copyr.eu ES\",\"description\":\"Migliorare la qualit\\u00e0, la sicurezza e l&#039;igiene dei luoghi in cui viviamo\",\"potentialAction\":[{\"@type\":\"SearchAction\",\"target\":{\"@type\":\"EntryPoint\",\"urlTemplate\":\"https:\/\/www.copyr.eu\/es\/?s={search_term_string}\"},\"query-input\":\"required name=search_term_string\"}],\"inLanguage\":\"es\"},{\"@type\":\"ImageObject\",\"@id\":\"https:\/\/www.copyr.eu\/es\/prodotto\/ratadiol-blocco-15-kg-para-el-profesional-con-formacion-especifica\/#primaryimage\",\"inLanguage\":\"es\",\"url\":\"https:\/\/www.copyr.eu\/es\/wp-content\/uploads\/sites\/10\/2021\/08\/2538254_RATADIOL-Blocco-15-kg.jpg\",\"contentUrl\":\"https:\/\/www.copyr.eu\/es\/wp-content\/uploads\/sites\/10\/2021\/08\/2538254_RATADIOL-Blocco-15-kg.jpg\",\"width\":\"1500\",\"height\":\"1500\"},{\"@type\":\"WebPage\",\"@id\":\"https:\/\/www.copyr.eu\/es\/prodotto\/ratadiol-blocco-15-kg-para-el-profesional-con-formacion-especifica\/#webpage\",\"url\":\"https:\/\/www.copyr.eu\/es\/prodotto\/ratadiol-blocco-15-kg-para-el-profesional-con-formacion-especifica\/\",\"name\":\"RATADIOL BLOCCO 15 kg - para el profesional con formaci\\u00f3n espec\\u00edfica - Copyr.eu ES\",\"isPartOf\":{\"@id\":\"https:\/\/www.copyr.eu\/es\/#website\"},\"primaryImageOfPage\":{\"@id\":\"https:\/\/www.copyr.eu\/es\/prodotto\/ratadiol-blocco-15-kg-para-el-profesional-con-formacion-especifica\/#primaryimage\"},\"datePublished\":\"2022-04-29T10:10:15+00:00\",\"dateModified\":\"2022-04-29T10:39:13+00:00\",\"breadcrumb\":{\"@id\":\"https:\/\/www.copyr.eu\/es\/prodotto\/ratadiol-blocco-15-kg-para-el-profesional-con-formacion-especifica\/#breadcrumb\"},\"inLanguage\":\"es\",\"potentialAction\":[{\"@type\":\"ReadAction\",\"target\":[\"https:\/\/www.copyr.eu\/es\/prodotto\/ratadiol-blocco-15-kg-para-el-profesional-con-formacion-especifica\/\"]}]},{\"@type\":\"BreadcrumbList\",\"@id\":\"https:\/\/www.copyr.eu\/es\/prodotto\/ratadiol-blocco-15-kg-para-el-profesional-con-formacion-especifica\/#breadcrumb\",\"itemListElement\":[{\"@type\":\"ListItem\",\"position\":1,\"name\":\"Home\",\"item\":\"https:\/\/www.copyr.eu\/es\/\"},{\"@type\":\"ListItem\",\"position\":2,\"name\":\"Tutti i prodotti\",\"item\":\"https:\/\/www.copyr.eu\/es\/tutti-i-prodotti\/\"},{\"@type\":\"ListItem\",\"position\":3,\"name\":\"RATADIOL BLOCCO 15 kg &#8211; para el profesional con formaci\\u00f3n espec\\u00edfica\"}]}]}<\/script>\n<!-- \/ Yoast SEO plugin. -->","yoast_head_json":{"title":"RATADIOL BLOCCO 15 kg - para el profesional con formaci\u00f3n espec\u00edfica - Copyr.eu ES","robots":{"index":"index","follow":"follow","max-snippet":"max-snippet:-1","max-image-preview":"max-image-preview:large","max-video-preview":"max-video-preview:-1"},"canonical":"https:\/\/www.copyr.eu\/es\/prodotto\/ratadiol-blocco-15-kg-para-el-profesional-con-formacion-especifica\/","og_locale":"es_ES","og_type":"article","og_title":"RATADIOL BLOCCO 15 kg - para el profesional con formaci\u00f3n espec\u00edfica - Copyr.eu ES","og_description":"Cebo rodenticida que viene listo para usar en forma de bloque parafinado.DE USO PROFESIONALTIPOS DE USUARIOS: PROFESIONALES CON FORMACI\u00d3N ESPEC\u00cdFICASUPERFICIES DE USO: ESPACIOS INTERIORES, AL AIRE LIBRE, ALREDEDOR DE LOS EDIFICIOS y EN ZONAS ABIERTAS","og_url":"https:\/\/www.copyr.eu\/es\/prodotto\/ratadiol-blocco-15-kg-para-el-profesional-con-formacion-especifica\/","og_site_name":"Copyr.eu ES","article_modified_time":"2022-04-29T10:39:13+00:00","og_image":[{"width":"1500","height":"1500","url":"https:\/\/www.copyr.eu\/es\/wp-content\/uploads\/sites\/10\/2021\/08\/2538254_RATADIOL-Blocco-15-kg.jpg","path":"\/var\/www\/vhosts\/copyr.eu\/httpdocs\/wp-content\/uploads\/sites\/10\/2021\/08\/2538254_RATADIOL-Blocco-15-kg.jpg","size":"full","id":11355,"alt":"","pixels":2250000,"type":"image\/jpeg"}],"twitter_card":"summary_large_image","twitter_misc":{"Tiempo de lectura":"1 minuto"},"schema":{"@context":"https:\/\/schema.org","@graph":[{"@type":"WebSite","@id":"https:\/\/www.copyr.eu\/es\/#website","url":"https:\/\/www.copyr.eu\/es\/","name":"Copyr.eu ES","description":"Migliorare la qualit\u00e0, la sicurezza e l&#039;igiene dei luoghi in cui viviamo","potentialAction":[{"@type":"SearchAction","target":{"@type":"EntryPoint","urlTemplate":"https:\/\/www.copyr.eu\/es\/?s={search_term_string}"},"query-input":"required name=search_term_string"}],"inLanguage":"es"},{"@type":"ImageObject","@id":"https:\/\/www.copyr.eu\/es\/prodotto\/ratadiol-blocco-15-kg-para-el-profesional-con-formacion-especifica\/#primaryimage","inLanguage":"es","url":"https:\/\/www.copyr.eu\/es\/wp-content\/uploads\/sites\/10\/2021\/08\/2538254_RATADIOL-Blocco-15-kg.jpg","contentUrl":"https:\/\/www.copyr.eu\/es\/wp-content\/uploads\/sites\/10\/2021\/08\/2538254_RATADIOL-Blocco-15-kg.jpg","width":"1500","height":"1500"},{"@type":"WebPage","@id":"https:\/\/www.copyr.eu\/es\/prodotto\/ratadiol-blocco-15-kg-para-el-profesional-con-formacion-especifica\/#webpage","url":"https:\/\/www.copyr.eu\/es\/prodotto\/ratadiol-blocco-15-kg-para-el-profesional-con-formacion-especifica\/","name":"RATADIOL BLOCCO 15 kg - para el profesional con formaci\u00f3n espec\u00edfica - Copyr.eu ES","isPartOf":{"@id":"https:\/\/www.copyr.eu\/es\/#website"},"primaryImageOfPage":{"@id":"https:\/\/www.copyr.eu\/es\/prodotto\/ratadiol-blocco-15-kg-para-el-profesional-con-formacion-especifica\/#primaryimage"},"datePublished":"2022-04-29T10:10:15+00:00","dateModified":"2022-04-29T10:39:13+00:00","breadcrumb":{"@id":"https:\/\/www.copyr.eu\/es\/prodotto\/ratadiol-blocco-15-kg-para-el-profesional-con-formacion-especifica\/#breadcrumb"},"inLanguage":"es","potentialAction":[{"@type":"ReadAction","target":["https:\/\/www.copyr.eu\/es\/prodotto\/ratadiol-blocco-15-kg-para-el-profesional-con-formacion-especifica\/"]}]},{"@type":"BreadcrumbList","@id":"https:\/\/www.copyr.eu\/es\/prodotto\/ratadiol-blocco-15-kg-para-el-profesional-con-formacion-especifica\/#breadcrumb","itemListElement":[{"@type":"ListItem","position":1,"name":"Home","item":"https:\/\/www.copyr.eu\/es\/"},{"@type":"ListItem","position":2,"name":"Tutti i prodotti","item":"https:\/\/www.copyr.eu\/es\/tutti-i-prodotti\/"},{"@type":"ListItem","position":3,"name":"RATADIOL BLOCCO 15 kg &#8211; para el profesional con formaci\u00f3n espec\u00edfica"}]}]}},"_links":{"self":[{"href":"https:\/\/www.copyr.eu\/es\/wp-json\/wp\/v2\/product\/5332"}],"collection":[{"href":"https:\/\/www.copyr.eu\/es\/wp-json\/wp\/v2\/product"}],"about":[{"href":"https:\/\/www.copyr.eu\/es\/wp-json\/wp\/v2\/types\/product"}],"replies":[{"embeddable":true,"href":"https:\/\/www.copyr.eu\/es\/wp-json\/wp\/v2\/comments?post=5332"}],"wp:featuredmedia":[{"embeddable":true,"href":"https:\/\/www.copyr.eu\/es\/wp-json\/wp\/v2\/media\/11355"}],"wp:attachment":[{"href":"https:\/\/www.copyr.eu\/es\/wp-json\/wp\/v2\/media?parent=5332"}],"wp:term":[{"taxonomy":"product_cat","embeddable":true,"href":"https:\/\/www.copyr.eu\/es\/wp-json\/wp\/v2\/product_cat?post=5332"},{"taxonomy":"product_tag","embeddable":true,"href":"https:\/\/www.copyr.eu\/es\/wp-json\/wp\/v2\/product_tag?post=5332"},{"taxonomy":"malattie-piante","embeddable":true,"href":"https:\/\/www.copyr.eu\/es\/wp-json\/wp\/v2\/malattie-piante?post=5332"},{"taxonomy":"infestanti-ambiente","embeddable":true,"href":"https:\/\/www.copyr.eu\/es\/wp-json\/wp\/v2\/infestanti-ambiente?post=5332"},{"taxonomy":"infestanti-piante","embeddable":true,"href":"https:\/\/www.copyr.eu\/es\/wp-json\/wp\/v2\/infestanti-piante?post=5332"},{"taxonomy":"utilizzo","embeddable":true,"href":"https:\/\/www.copyr.eu\/es\/wp-json\/wp\/v2\/utilizzo?post=5332"}],"curies":[{"name":"wp","href":"https:\/\/api.w.org\/{rel}","templated":true}]}}