{"id":5323,"date":"2022-04-29T12:10:15","date_gmt":"2022-04-29T10:10:15","guid":{"rendered":"https:\/\/www.copyr.eu\/es\/prodotto\/ratadiol-pasta-fresca-per-professionista-2538242p-e-2538244\/"},"modified":"2022-04-29T12:39:11","modified_gmt":"2022-04-29T10:39:11","slug":"ratadiol-pasta-fresca-5-kg-producto-de-uso-profesional","status":"publish","type":"product","link":"https:\/\/www.copyr.eu\/es\/prodotto\/ratadiol-pasta-fresca-5-kg-producto-de-uso-profesional\/","title":{"rendered":"RATADIOL PASTA FRESCA 5 kg &#8211; producto de uso profesional"},"content":{"rendered":"<p>RATADIOL PASTA FRESCA 5 kg &#8211; producto de uso profesional<br \/>\nRATADIOL PASTA FRESCA es un cebo rodenticida, listo para usar, a base de Bromadiolone, una sustancia activa anticoagulante, que resulta efectiva contra el rat\u00f3n com\u00fan o dom\u00e9stico (Mus musculus), la rata de alcantarilla (Rattus norvegicus) y la rata negra (Rattus rattus), incluso despu\u00e9s de una \u00fanica ingesta. La formulaci\u00f3n consiste en una pasta fresca apetitosa para las especies de roedores indicadas. El producto no alarma ni suscita sospechas entre los otros miembros de la poblaci\u00f3n de roedores.<br \/>\nRATADIOL PASTA FRESCA contiene una sustancia amarga id\u00f3nea para prevenir la ingesti\u00f3n accidental por parte de los ni\u00f1os.<br \/>\nRATADIOL PASTA FRESCA se puede usar en el interior y alrededor de edificios industriales (incluidos almacenes, dep\u00f3sitos y bodegas<br \/>\nde los barcos), rurales, no industriales, viviendas, s\u00f3tanos, garajes, trasteros, jardines y espacios exteriores pertinentes.<\/p>\n","protected":false},"excerpt":{"rendered":"<p>Cebo rodenticida listo para usar en forma de pasta fresca<br \/>\nDE USO PROFESIONAL<br \/>\nTIPOS DE USUARIOS: PROFESIONALES<br \/>\nSUPERFICIES DE USO: ESPACIOS INTERIORES y ALREDEDOR DE LOS EDIFICIOS<\/p>\n","protected":false},"featured_media":11349,"comment_status":"closed","ping_status":"open","template":"","meta":{"content-type":""},"product_cat":[23],"product_tag":[],"malattie-piante":[],"infestanti-ambiente":[1457,1458],"infestanti-piante":[],"utilizzo":[1429],"yoast_head":"<!-- This site is optimized with the Yoast SEO plugin v17.0 - https:\/\/yoast.com\/wordpress\/plugins\/seo\/ -->\n<title>RATADIOL PASTA FRESCA 5 kg - producto de uso profesional - Copyr.eu ES<\/title>\n<meta name=\"robots\" content=\"index, follow, max-snippet:-1, max-image-preview:large, max-video-preview:-1\" \/>\n<link rel=\"canonical\" href=\"https:\/\/www.copyr.eu\/es\/prodotto\/ratadiol-pasta-fresca-5-kg-producto-de-uso-profesional\/\" \/>\n<meta property=\"og:locale\" content=\"es_ES\" \/>\n<meta property=\"og:type\" content=\"article\" \/>\n<meta property=\"og:title\" content=\"RATADIOL PASTA FRESCA 5 kg - producto de uso profesional - Copyr.eu ES\" \/>\n<meta property=\"og:description\" content=\"Cebo rodenticida listo para usar en forma de pasta fresca DE USO PROFESIONAL TIPOS DE USUARIOS: PROFESIONALES SUPERFICIES DE USO: ESPACIOS INTERIORES y ALREDEDOR DE LOS EDIFICIOS\" \/>\n<meta property=\"og:url\" content=\"https:\/\/www.copyr.eu\/es\/prodotto\/ratadiol-pasta-fresca-5-kg-producto-de-uso-profesional\/\" \/>\n<meta property=\"og:site_name\" content=\"Copyr.eu ES\" \/>\n<meta property=\"article:modified_time\" content=\"2022-04-29T10:39:11+00:00\" \/>\n<meta property=\"og:image\" content=\"https:\/\/www.copyr.eu\/es\/wp-content\/uploads\/sites\/10\/2021\/08\/RATADIOL-PASTA-5Kg-SECCHIO-PROF.-50ppm_2538242P-scaled-1.jpg\" \/>\n\t<meta property=\"og:image:width\" content=\"1632\" \/>\n\t<meta property=\"og:image:height\" content=\"2048\" \/>\n<meta name=\"twitter:card\" content=\"summary_large_image\" \/>\n<meta name=\"twitter:label1\" content=\"Tiempo de lectura\" \/>\n\t<meta name=\"twitter:data1\" content=\"1 minuto\" \/>\n<script type=\"application\/ld+json\" class=\"yoast-schema-graph\">{\"@context\":\"https:\/\/schema.org\",\"@graph\":[{\"@type\":\"WebSite\",\"@id\":\"https:\/\/www.copyr.eu\/es\/#website\",\"url\":\"https:\/\/www.copyr.eu\/es\/\",\"name\":\"Copyr.eu ES\",\"description\":\"Migliorare la qualit\\u00e0, la sicurezza e l&#039;igiene dei luoghi in cui viviamo\",\"potentialAction\":[{\"@type\":\"SearchAction\",\"target\":{\"@type\":\"EntryPoint\",\"urlTemplate\":\"https:\/\/www.copyr.eu\/es\/?s={search_term_string}\"},\"query-input\":\"required name=search_term_string\"}],\"inLanguage\":\"es\"},{\"@type\":\"ImageObject\",\"@id\":\"https:\/\/www.copyr.eu\/es\/prodotto\/ratadiol-pasta-fresca-5-kg-producto-de-uso-profesional\/#primaryimage\",\"inLanguage\":\"es\",\"url\":\"https:\/\/www.copyr.eu\/es\/wp-content\/uploads\/sites\/10\/2021\/08\/RATADIOL-PASTA-5Kg-SECCHIO-PROF.-50ppm_2538242P-scaled-1.jpg\",\"contentUrl\":\"https:\/\/www.copyr.eu\/es\/wp-content\/uploads\/sites\/10\/2021\/08\/RATADIOL-PASTA-5Kg-SECCHIO-PROF.-50ppm_2538242P-scaled-1.jpg\",\"width\":\"1632\",\"height\":\"2048\"},{\"@type\":\"WebPage\",\"@id\":\"https:\/\/www.copyr.eu\/es\/prodotto\/ratadiol-pasta-fresca-5-kg-producto-de-uso-profesional\/#webpage\",\"url\":\"https:\/\/www.copyr.eu\/es\/prodotto\/ratadiol-pasta-fresca-5-kg-producto-de-uso-profesional\/\",\"name\":\"RATADIOL PASTA FRESCA 5 kg - producto de uso profesional - Copyr.eu ES\",\"isPartOf\":{\"@id\":\"https:\/\/www.copyr.eu\/es\/#website\"},\"primaryImageOfPage\":{\"@id\":\"https:\/\/www.copyr.eu\/es\/prodotto\/ratadiol-pasta-fresca-5-kg-producto-de-uso-profesional\/#primaryimage\"},\"datePublished\":\"2022-04-29T10:10:15+00:00\",\"dateModified\":\"2022-04-29T10:39:11+00:00\",\"breadcrumb\":{\"@id\":\"https:\/\/www.copyr.eu\/es\/prodotto\/ratadiol-pasta-fresca-5-kg-producto-de-uso-profesional\/#breadcrumb\"},\"inLanguage\":\"es\",\"potentialAction\":[{\"@type\":\"ReadAction\",\"target\":[\"https:\/\/www.copyr.eu\/es\/prodotto\/ratadiol-pasta-fresca-5-kg-producto-de-uso-profesional\/\"]}]},{\"@type\":\"BreadcrumbList\",\"@id\":\"https:\/\/www.copyr.eu\/es\/prodotto\/ratadiol-pasta-fresca-5-kg-producto-de-uso-profesional\/#breadcrumb\",\"itemListElement\":[{\"@type\":\"ListItem\",\"position\":1,\"name\":\"Home\",\"item\":\"https:\/\/www.copyr.eu\/es\/\"},{\"@type\":\"ListItem\",\"position\":2,\"name\":\"Tutti i prodotti\",\"item\":\"https:\/\/www.copyr.eu\/es\/tutti-i-prodotti\/\"},{\"@type\":\"ListItem\",\"position\":3,\"name\":\"RATADIOL PASTA FRESCA 5 kg &#8211; producto de uso profesional\"}]}]}<\/script>\n<!-- \/ Yoast SEO plugin. -->","yoast_head_json":{"title":"RATADIOL PASTA FRESCA 5 kg - producto de uso profesional - Copyr.eu ES","robots":{"index":"index","follow":"follow","max-snippet":"max-snippet:-1","max-image-preview":"max-image-preview:large","max-video-preview":"max-video-preview:-1"},"canonical":"https:\/\/www.copyr.eu\/es\/prodotto\/ratadiol-pasta-fresca-5-kg-producto-de-uso-profesional\/","og_locale":"es_ES","og_type":"article","og_title":"RATADIOL PASTA FRESCA 5 kg - producto de uso profesional - Copyr.eu ES","og_description":"Cebo rodenticida listo para usar en forma de pasta fresca DE USO PROFESIONAL TIPOS DE USUARIOS: PROFESIONALES SUPERFICIES DE USO: ESPACIOS INTERIORES y ALREDEDOR DE LOS EDIFICIOS","og_url":"https:\/\/www.copyr.eu\/es\/prodotto\/ratadiol-pasta-fresca-5-kg-producto-de-uso-profesional\/","og_site_name":"Copyr.eu ES","article_modified_time":"2022-04-29T10:39:11+00:00","og_image":[{"width":"1632","height":"2048","url":"https:\/\/www.copyr.eu\/es\/wp-content\/uploads\/sites\/10\/2021\/08\/RATADIOL-PASTA-5Kg-SECCHIO-PROF.-50ppm_2538242P-scaled-1.jpg","path":"\/var\/www\/vhosts\/copyr.eu\/httpdocs\/wp-content\/uploads\/sites\/10\/2021\/08\/RATADIOL-PASTA-5Kg-SECCHIO-PROF.-50ppm_2538242P-scaled-1.jpg","size":"full","id":11349,"alt":"","pixels":3342336,"type":"image\/jpeg"}],"twitter_card":"summary_large_image","twitter_misc":{"Tiempo de lectura":"1 minuto"},"schema":{"@context":"https:\/\/schema.org","@graph":[{"@type":"WebSite","@id":"https:\/\/www.copyr.eu\/es\/#website","url":"https:\/\/www.copyr.eu\/es\/","name":"Copyr.eu ES","description":"Migliorare la qualit\u00e0, la sicurezza e l&#039;igiene dei luoghi in cui viviamo","potentialAction":[{"@type":"SearchAction","target":{"@type":"EntryPoint","urlTemplate":"https:\/\/www.copyr.eu\/es\/?s={search_term_string}"},"query-input":"required name=search_term_string"}],"inLanguage":"es"},{"@type":"ImageObject","@id":"https:\/\/www.copyr.eu\/es\/prodotto\/ratadiol-pasta-fresca-5-kg-producto-de-uso-profesional\/#primaryimage","inLanguage":"es","url":"https:\/\/www.copyr.eu\/es\/wp-content\/uploads\/sites\/10\/2021\/08\/RATADIOL-PASTA-5Kg-SECCHIO-PROF.-50ppm_2538242P-scaled-1.jpg","contentUrl":"https:\/\/www.copyr.eu\/es\/wp-content\/uploads\/sites\/10\/2021\/08\/RATADIOL-PASTA-5Kg-SECCHIO-PROF.-50ppm_2538242P-scaled-1.jpg","width":"1632","height":"2048"},{"@type":"WebPage","@id":"https:\/\/www.copyr.eu\/es\/prodotto\/ratadiol-pasta-fresca-5-kg-producto-de-uso-profesional\/#webpage","url":"https:\/\/www.copyr.eu\/es\/prodotto\/ratadiol-pasta-fresca-5-kg-producto-de-uso-profesional\/","name":"RATADIOL PASTA FRESCA 5 kg - producto de uso profesional - Copyr.eu ES","isPartOf":{"@id":"https:\/\/www.copyr.eu\/es\/#website"},"primaryImageOfPage":{"@id":"https:\/\/www.copyr.eu\/es\/prodotto\/ratadiol-pasta-fresca-5-kg-producto-de-uso-profesional\/#primaryimage"},"datePublished":"2022-04-29T10:10:15+00:00","dateModified":"2022-04-29T10:39:11+00:00","breadcrumb":{"@id":"https:\/\/www.copyr.eu\/es\/prodotto\/ratadiol-pasta-fresca-5-kg-producto-de-uso-profesional\/#breadcrumb"},"inLanguage":"es","potentialAction":[{"@type":"ReadAction","target":["https:\/\/www.copyr.eu\/es\/prodotto\/ratadiol-pasta-fresca-5-kg-producto-de-uso-profesional\/"]}]},{"@type":"BreadcrumbList","@id":"https:\/\/www.copyr.eu\/es\/prodotto\/ratadiol-pasta-fresca-5-kg-producto-de-uso-profesional\/#breadcrumb","itemListElement":[{"@type":"ListItem","position":1,"name":"Home","item":"https:\/\/www.copyr.eu\/es\/"},{"@type":"ListItem","position":2,"name":"Tutti i prodotti","item":"https:\/\/www.copyr.eu\/es\/tutti-i-prodotti\/"},{"@type":"ListItem","position":3,"name":"RATADIOL PASTA FRESCA 5 kg &#8211; producto de uso profesional"}]}]}},"_links":{"self":[{"href":"https:\/\/www.copyr.eu\/es\/wp-json\/wp\/v2\/product\/5323"}],"collection":[{"href":"https:\/\/www.copyr.eu\/es\/wp-json\/wp\/v2\/product"}],"about":[{"href":"https:\/\/www.copyr.eu\/es\/wp-json\/wp\/v2\/types\/product"}],"replies":[{"embeddable":true,"href":"https:\/\/www.copyr.eu\/es\/wp-json\/wp\/v2\/comments?post=5323"}],"wp:featuredmedia":[{"embeddable":true,"href":"https:\/\/www.copyr.eu\/es\/wp-json\/wp\/v2\/media\/11349"}],"wp:attachment":[{"href":"https:\/\/www.copyr.eu\/es\/wp-json\/wp\/v2\/media?parent=5323"}],"wp:term":[{"taxonomy":"product_cat","embeddable":true,"href":"https:\/\/www.copyr.eu\/es\/wp-json\/wp\/v2\/product_cat?post=5323"},{"taxonomy":"product_tag","embeddable":true,"href":"https:\/\/www.copyr.eu\/es\/wp-json\/wp\/v2\/product_tag?post=5323"},{"taxonomy":"malattie-piante","embeddable":true,"href":"https:\/\/www.copyr.eu\/es\/wp-json\/wp\/v2\/malattie-piante?post=5323"},{"taxonomy":"infestanti-ambiente","embeddable":true,"href":"https:\/\/www.copyr.eu\/es\/wp-json\/wp\/v2\/infestanti-ambiente?post=5323"},{"taxonomy":"infestanti-piante","embeddable":true,"href":"https:\/\/www.copyr.eu\/es\/wp-json\/wp\/v2\/infestanti-piante?post=5323"},{"taxonomy":"utilizzo","embeddable":true,"href":"https:\/\/www.copyr.eu\/es\/wp-json\/wp\/v2\/utilizzo?post=5323"}],"curies":[{"name":"wp","href":"https:\/\/api.w.org\/{rel}","templated":true}]}}