{"id":5320,"date":"2022-04-29T12:10:15","date_gmt":"2022-04-29T10:10:15","guid":{"rendered":"https:\/\/www.copyr.eu\/es\/prodotto\/only-py-1-l-870010\/"},"modified":"2024-01-18T10:27:43","modified_gmt":"2024-01-18T09:27:43","slug":"only-py-1-l","status":"publish","type":"product","link":"https:\/\/www.copyr.eu\/es\/prodotto\/only-py-1-l\/","title":{"rendered":"ONLY PY 1 L"},"content":{"rendered":"<p class=\"prod-content\">ONLY PY es un insecticida l\u00edquido concentrado emulsionable, exclusivamente a base de Piretrina, sustancia activa de origen natural. ONLY PY se caracteriza por su acentuada efectividad de derribo (knock down) y, por tanto, por actuar muy r\u00e1pidamente contra los insectos rastreros (cucarachas y hormigas), los voladores (moscas y mosquitos, incluido el mosquito tigre) y los insectos de los g\u00e9neros alimenticios. Merced a sus caracter\u00edsticas, las Piretrinas tambi\u00e9n se pueden usar en zonas sensibles; a saber: escuelas, hospitales, zonas verdes e industria alimentaria. ONLY PY es efectivo contra:<\/p>\n<ul>\n<li>\u00a0insectos de los g\u00e9neros alimenticios: voladores (<em>Plodia interpunctella, Ephestia kuehniella<\/em>) y rastreros (<em>gorgojo del pan (Stegobium paniceum), escarabajo del tabaco (Lasioderma serricorne<\/em>)<\/li>\n<li>insectos rastreros (cucarachas, hormigas y pulgas)<\/li>\n<li>insectos voladores (moscas y mosquitos, incluido el mosquito tigre <em> (Aedes albopictus<\/em>)<\/li>\n<\/ul>\n<p>que se encuentran en:<\/p>\n<ul>\n<li>la industria alimentaria: f\u00e1bricas de fideos, panader\u00edas, confiter\u00edas, restaurantes, bares, comedores escolares o de empresas;<\/li>\n<li>almacenes y silos (sin alimentos)<\/li>\n<li>zonas rurales y refugios de animales (se puede usar en explotaciones agr\u00edcolas org\u00e1nicas)<\/li>\n<li>viviendas, oficinas, puntos de venta, hoteles, campings, urbanizaciones tur\u00edsticas<\/li>\n<li>escuelas, sanatorios y hospitales<\/li>\n<li>medios de transporte: barcos, trenes, autobuses, containers sin alimentos<\/li>\n<li>zonas verdes: setos, jardines, parques p\u00fablicos y privados, avenidas arboladas y plantas ornamentales en general<\/li>\n<li>establecimientos industriales en general.<\/li>\n<\/ul>\n<p><strong>DOSIS Y FORMAS DE EMPLEO<\/strong><br \/>\nONLY PY se puede usar tanto al aire libre (efectuando los tratamientos preferentemente a la noche o, de todas formas, en las horas m\u00e1s frescas del d\u00eda), como bajo techo: deje que el producto act\u00fae durante 2 horas, como m\u00ednimo. Luego, ventile bien el lugar. Diluya ONLY PY en agua para bombas de riego precomprimidas, atomizadores, nebulizadores de ultra bajo volumen (ULV) en fr\u00edo y en solventes espec\u00edficos con base glicol para nebulizadores en caliente. Emplee ONLY PY a las siguientes dosis:<\/p>\n<ul>\n<li>3% (300 ml de producto en 10 l de agua o solvente) contra las plagas de g\u00e9neros alimenticios;<\/li>\n<li>3% (300 ml de producto en 10 l de agua o solvente) contra moscas y mosquitos, incluido el mosquito tigre;<\/li>\n<li>3-5% (300-500 ml de producto en 10 l de agua o solvente) contra hormigas, cucarachas y pulgas.<\/li>\n<\/ul>\n<p>1 l de soluci\u00f3n est\u00e1 indicado para tratar 20 m2 de superficie. Para el tratamiento con nebulizadores, atomizadores y ultra bajo volumen (ULV), emplee ONLY PY a las siguientes dosis:<\/p>\n<ul>\n<li>contra las plagas de g\u00e9neros alimenticios, en espacios interiores: 1 l de soluci\u00f3n al 30% (correspondiente a 300 ml de producto en 700 ml de agua o solvente) para tratar 1500 m3;<\/li>\n<li>contra moscas y mosquitos, incluido el mosquito tigre, en espacios interiores: 1 l de soluci\u00f3n al 12% (correspondiente a 120 ml de producto en 880 ml de agua o solvente) para tratar 1500 m3;<\/li>\n<li>contra los mosquitos, incluido el mosquito tigre, al aire libre: 1 l de soluci\u00f3n al 3% (correspondiente a 30 ml de producto en 970 ml de agua o solvente) para tratar 200 m2;<\/li>\n<\/ul>\n<p><strong>ESTRATEGIAS DE MANEJO INTEGRADO DE PLAGAS (MIP)<\/strong><br \/>\nLas caracter\u00edsticas de derribo de las Piretrinas puras, que contiene ONLY PY, hacen que el formulado sea id\u00f3neo para planes MIP.<br \/>\n<b>Producto id\u00f3neo para la producci\u00f3n org\u00e1nica a tenor de los Reglamentos (CE) 834\/2007 y 889\/2008<\/b><\/p>\n","protected":false},"excerpt":{"rendered":"<p>Insecticida l\u00edquido concentrado emulsionable para uso profesional<\/p>\n","protected":false},"featured_media":11348,"comment_status":"closed","ping_status":"closed","template":"","meta":{"content-type":""},"product_cat":[22],"product_tag":[],"malattie-piante":[],"infestanti-ambiente":[1422,1423,1468,1424,1450,1472,1425,1428],"infestanti-piante":[],"utilizzo":[1429],"yoast_head":"<!-- This site is optimized with the Yoast SEO plugin v17.0 - https:\/\/yoast.com\/wordpress\/plugins\/seo\/ -->\n<title>ONLY PY 1 L - Copyr.eu ES<\/title>\n<meta name=\"robots\" content=\"index, follow, max-snippet:-1, max-image-preview:large, max-video-preview:-1\" \/>\n<link rel=\"canonical\" href=\"https:\/\/www.copyr.eu\/es\/prodotto\/only-py-1-l\/\" \/>\n<meta property=\"og:locale\" content=\"es_ES\" \/>\n<meta property=\"og:type\" content=\"article\" \/>\n<meta property=\"og:title\" content=\"ONLY PY 1 L - Copyr.eu ES\" \/>\n<meta property=\"og:description\" content=\"Insecticida l\u00edquido concentrado emulsionable para uso profesional\" \/>\n<meta property=\"og:url\" content=\"https:\/\/www.copyr.eu\/es\/prodotto\/only-py-1-l\/\" \/>\n<meta property=\"og:site_name\" content=\"Copyr.eu ES\" \/>\n<meta property=\"article:modified_time\" content=\"2024-01-18T09:27:43+00:00\" \/>\n<meta property=\"og:image\" content=\"https:\/\/www.copyr.eu\/es\/wp-content\/uploads\/sites\/10\/2021\/08\/0870010_ONLY-PY-1L.jpg\" \/>\n\t<meta property=\"og:image:width\" content=\"1500\" \/>\n\t<meta property=\"og:image:height\" content=\"1500\" \/>\n<meta name=\"twitter:card\" content=\"summary_large_image\" \/>\n<meta name=\"twitter:label1\" content=\"Tiempo de lectura\" \/>\n\t<meta name=\"twitter:data1\" content=\"3 minutos\" \/>\n<script type=\"application\/ld+json\" class=\"yoast-schema-graph\">{\"@context\":\"https:\/\/schema.org\",\"@graph\":[{\"@type\":\"WebSite\",\"@id\":\"https:\/\/www.copyr.eu\/es\/#website\",\"url\":\"https:\/\/www.copyr.eu\/es\/\",\"name\":\"Copyr.eu ES\",\"description\":\"Migliorare la qualit\\u00e0, la sicurezza e l&#039;igiene dei luoghi in cui viviamo\",\"potentialAction\":[{\"@type\":\"SearchAction\",\"target\":{\"@type\":\"EntryPoint\",\"urlTemplate\":\"https:\/\/www.copyr.eu\/es\/?s={search_term_string}\"},\"query-input\":\"required name=search_term_string\"}],\"inLanguage\":\"es\"},{\"@type\":\"ImageObject\",\"@id\":\"https:\/\/www.copyr.eu\/es\/prodotto\/only-py-1-l\/#primaryimage\",\"inLanguage\":\"es\",\"url\":\"https:\/\/www.copyr.eu\/es\/wp-content\/uploads\/sites\/10\/2021\/08\/0870010_ONLY-PY-1L.jpg\",\"contentUrl\":\"https:\/\/www.copyr.eu\/es\/wp-content\/uploads\/sites\/10\/2021\/08\/0870010_ONLY-PY-1L.jpg\",\"width\":\"1500\",\"height\":\"1500\"},{\"@type\":\"WebPage\",\"@id\":\"https:\/\/www.copyr.eu\/es\/prodotto\/only-py-1-l\/#webpage\",\"url\":\"https:\/\/www.copyr.eu\/es\/prodotto\/only-py-1-l\/\",\"name\":\"ONLY PY 1 L - Copyr.eu ES\",\"isPartOf\":{\"@id\":\"https:\/\/www.copyr.eu\/es\/#website\"},\"primaryImageOfPage\":{\"@id\":\"https:\/\/www.copyr.eu\/es\/prodotto\/only-py-1-l\/#primaryimage\"},\"datePublished\":\"2022-04-29T10:10:15+00:00\",\"dateModified\":\"2024-01-18T09:27:43+00:00\",\"breadcrumb\":{\"@id\":\"https:\/\/www.copyr.eu\/es\/prodotto\/only-py-1-l\/#breadcrumb\"},\"inLanguage\":\"es\",\"potentialAction\":[{\"@type\":\"ReadAction\",\"target\":[\"https:\/\/www.copyr.eu\/es\/prodotto\/only-py-1-l\/\"]}]},{\"@type\":\"BreadcrumbList\",\"@id\":\"https:\/\/www.copyr.eu\/es\/prodotto\/only-py-1-l\/#breadcrumb\",\"itemListElement\":[{\"@type\":\"ListItem\",\"position\":1,\"name\":\"Home\",\"item\":\"https:\/\/www.copyr.eu\/es\/\"},{\"@type\":\"ListItem\",\"position\":2,\"name\":\"Tutti i prodotti\",\"item\":\"https:\/\/www.copyr.eu\/es\/tutti-i-prodotti\/\"},{\"@type\":\"ListItem\",\"position\":3,\"name\":\"ONLY PY 1 L\"}]}]}<\/script>\n<!-- \/ Yoast SEO plugin. -->","yoast_head_json":{"title":"ONLY PY 1 L - Copyr.eu ES","robots":{"index":"index","follow":"follow","max-snippet":"max-snippet:-1","max-image-preview":"max-image-preview:large","max-video-preview":"max-video-preview:-1"},"canonical":"https:\/\/www.copyr.eu\/es\/prodotto\/only-py-1-l\/","og_locale":"es_ES","og_type":"article","og_title":"ONLY PY 1 L - Copyr.eu ES","og_description":"Insecticida l\u00edquido concentrado emulsionable para uso profesional","og_url":"https:\/\/www.copyr.eu\/es\/prodotto\/only-py-1-l\/","og_site_name":"Copyr.eu ES","article_modified_time":"2024-01-18T09:27:43+00:00","og_image":[{"width":"1500","height":"1500","url":"https:\/\/www.copyr.eu\/es\/wp-content\/uploads\/sites\/10\/2021\/08\/0870010_ONLY-PY-1L.jpg","path":"\/var\/www\/vhosts\/copyr.eu\/httpdocs\/wp-content\/uploads\/sites\/10\/2021\/08\/0870010_ONLY-PY-1L.jpg","size":"full","id":11348,"alt":"","pixels":2250000,"type":"image\/jpeg"}],"twitter_card":"summary_large_image","twitter_misc":{"Tiempo de lectura":"3 minutos"},"schema":{"@context":"https:\/\/schema.org","@graph":[{"@type":"WebSite","@id":"https:\/\/www.copyr.eu\/es\/#website","url":"https:\/\/www.copyr.eu\/es\/","name":"Copyr.eu ES","description":"Migliorare la qualit\u00e0, la sicurezza e l&#039;igiene dei luoghi in cui viviamo","potentialAction":[{"@type":"SearchAction","target":{"@type":"EntryPoint","urlTemplate":"https:\/\/www.copyr.eu\/es\/?s={search_term_string}"},"query-input":"required name=search_term_string"}],"inLanguage":"es"},{"@type":"ImageObject","@id":"https:\/\/www.copyr.eu\/es\/prodotto\/only-py-1-l\/#primaryimage","inLanguage":"es","url":"https:\/\/www.copyr.eu\/es\/wp-content\/uploads\/sites\/10\/2021\/08\/0870010_ONLY-PY-1L.jpg","contentUrl":"https:\/\/www.copyr.eu\/es\/wp-content\/uploads\/sites\/10\/2021\/08\/0870010_ONLY-PY-1L.jpg","width":"1500","height":"1500"},{"@type":"WebPage","@id":"https:\/\/www.copyr.eu\/es\/prodotto\/only-py-1-l\/#webpage","url":"https:\/\/www.copyr.eu\/es\/prodotto\/only-py-1-l\/","name":"ONLY PY 1 L - Copyr.eu ES","isPartOf":{"@id":"https:\/\/www.copyr.eu\/es\/#website"},"primaryImageOfPage":{"@id":"https:\/\/www.copyr.eu\/es\/prodotto\/only-py-1-l\/#primaryimage"},"datePublished":"2022-04-29T10:10:15+00:00","dateModified":"2024-01-18T09:27:43+00:00","breadcrumb":{"@id":"https:\/\/www.copyr.eu\/es\/prodotto\/only-py-1-l\/#breadcrumb"},"inLanguage":"es","potentialAction":[{"@type":"ReadAction","target":["https:\/\/www.copyr.eu\/es\/prodotto\/only-py-1-l\/"]}]},{"@type":"BreadcrumbList","@id":"https:\/\/www.copyr.eu\/es\/prodotto\/only-py-1-l\/#breadcrumb","itemListElement":[{"@type":"ListItem","position":1,"name":"Home","item":"https:\/\/www.copyr.eu\/es\/"},{"@type":"ListItem","position":2,"name":"Tutti i prodotti","item":"https:\/\/www.copyr.eu\/es\/tutti-i-prodotti\/"},{"@type":"ListItem","position":3,"name":"ONLY PY 1 L"}]}]}},"_links":{"self":[{"href":"https:\/\/www.copyr.eu\/es\/wp-json\/wp\/v2\/product\/5320"}],"collection":[{"href":"https:\/\/www.copyr.eu\/es\/wp-json\/wp\/v2\/product"}],"about":[{"href":"https:\/\/www.copyr.eu\/es\/wp-json\/wp\/v2\/types\/product"}],"replies":[{"embeddable":true,"href":"https:\/\/www.copyr.eu\/es\/wp-json\/wp\/v2\/comments?post=5320"}],"wp:featuredmedia":[{"embeddable":true,"href":"https:\/\/www.copyr.eu\/es\/wp-json\/wp\/v2\/media\/11348"}],"wp:attachment":[{"href":"https:\/\/www.copyr.eu\/es\/wp-json\/wp\/v2\/media?parent=5320"}],"wp:term":[{"taxonomy":"product_cat","embeddable":true,"href":"https:\/\/www.copyr.eu\/es\/wp-json\/wp\/v2\/product_cat?post=5320"},{"taxonomy":"product_tag","embeddable":true,"href":"https:\/\/www.copyr.eu\/es\/wp-json\/wp\/v2\/product_tag?post=5320"},{"taxonomy":"malattie-piante","embeddable":true,"href":"https:\/\/www.copyr.eu\/es\/wp-json\/wp\/v2\/malattie-piante?post=5320"},{"taxonomy":"infestanti-ambiente","embeddable":true,"href":"https:\/\/www.copyr.eu\/es\/wp-json\/wp\/v2\/infestanti-ambiente?post=5320"},{"taxonomy":"infestanti-piante","embeddable":true,"href":"https:\/\/www.copyr.eu\/es\/wp-json\/wp\/v2\/infestanti-piante?post=5320"},{"taxonomy":"utilizzo","embeddable":true,"href":"https:\/\/www.copyr.eu\/es\/wp-json\/wp\/v2\/utilizzo?post=5320"}],"curies":[{"name":"wp","href":"https:\/\/api.w.org\/{rel}","templated":true}]}}