{"id":5308,"date":"2022-04-29T12:09:51","date_gmt":"2022-04-29T10:09:51","guid":{"rendered":"https:\/\/www.copyr.eu\/es\/prodotto\/bromus-blocco-per-professionisti-formati-2450631\/"},"modified":"2022-04-29T12:39:15","modified_gmt":"2022-04-29T10:39:15","slug":"bromus-block-para-profesionales-con-formacion-especifica","status":"publish","type":"product","link":"https:\/\/www.copyr.eu\/es\/prodotto\/bromus-block-para-profesionales-con-formacion-especifica\/","title":{"rendered":"BROMUS BLOCK para profesionales con formaci\u00f3n espec\u00edfica"},"content":{"rendered":"<p style=\"text-align: justify;\">BROMUS BLOCK es un cebo rodenticida que viene listo para usar, a base de Brodifacoum, una sustancia activa anticoagulante, que resulta efectiva contra el rat\u00f3n com\u00fan o dom\u00e9stico (Mus musculus), la rata de alcantarilla (Rattus norvegicus) y la rata negra (Rattus rattus), incluso despu\u00e9s de una \u00fanica ingesta. La formulaci\u00f3n consiste en un bloque parafinado, apetitoso para las especies de roedores indicadas. El producto no alarma ni suscita sospechas entre los otros miembros de la poblaci\u00f3n de roedores.<\/p>\n<p style=\"text-align: justify;\">BROMUS BLOCK contiene una sustancia amarga id\u00f3nea para prevenir la ingesta accidental por parte de los ni\u00f1os.<br \/>BROMUS BLOCK se puede usar en el interior y alrededor de edificios industriales (incluidos los almacenes, los dep\u00f3sitos y las bodegas de los barcos), rurales, no industriales, viviendas, s\u00f3tanos, garajes, trasteros, jardines y espacios exteriores pertinentes.<\/p>\n","protected":false},"excerpt":{"rendered":"<p>Cebo rodenticida que viene listo para usar en forma de bloque parafinado. Para profesionales con formaci\u00f3n espec\u00edfica.<\/p>\n","protected":false},"featured_media":11344,"comment_status":"closed","ping_status":"open","template":"","meta":{"content-type":""},"product_cat":[23],"product_tag":[],"malattie-piante":[],"infestanti-ambiente":[1457,1458],"infestanti-piante":[],"utilizzo":[1429],"yoast_head":"<!-- This site is optimized with the Yoast SEO plugin v17.0 - https:\/\/yoast.com\/wordpress\/plugins\/seo\/ -->\n<title>BROMUS BLOCK para profesionales con formaci\u00f3n espec\u00edfica - Copyr.eu ES<\/title>\n<meta name=\"robots\" content=\"index, follow, max-snippet:-1, max-image-preview:large, max-video-preview:-1\" \/>\n<link rel=\"canonical\" href=\"https:\/\/www.copyr.eu\/es\/prodotto\/bromus-block-para-profesionales-con-formacion-especifica\/\" \/>\n<meta property=\"og:locale\" content=\"es_ES\" \/>\n<meta property=\"og:type\" content=\"article\" \/>\n<meta property=\"og:title\" content=\"BROMUS BLOCK para profesionales con formaci\u00f3n espec\u00edfica - Copyr.eu ES\" \/>\n<meta property=\"og:description\" content=\"Cebo rodenticida que viene listo para usar en forma de bloque parafinado. Para profesionales con formaci\u00f3n espec\u00edfica.\" \/>\n<meta property=\"og:url\" content=\"https:\/\/www.copyr.eu\/es\/prodotto\/bromus-block-para-profesionales-con-formacion-especifica\/\" \/>\n<meta property=\"og:site_name\" content=\"Copyr.eu ES\" \/>\n<meta property=\"article:modified_time\" content=\"2022-04-29T10:39:15+00:00\" \/>\n<meta property=\"og:image\" content=\"https:\/\/www.copyr.eu\/es\/wp-content\/uploads\/sites\/10\/2021\/08\/155680510695964.jpg\" \/>\n\t<meta property=\"og:image:width\" content=\"300\" \/>\n\t<meta property=\"og:image:height\" content=\"363\" \/>\n<meta name=\"twitter:card\" content=\"summary_large_image\" \/>\n<meta name=\"twitter:label1\" content=\"Tiempo de lectura\" \/>\n\t<meta name=\"twitter:data1\" content=\"1 minuto\" \/>\n<script type=\"application\/ld+json\" class=\"yoast-schema-graph\">{\"@context\":\"https:\/\/schema.org\",\"@graph\":[{\"@type\":\"WebSite\",\"@id\":\"https:\/\/www.copyr.eu\/es\/#website\",\"url\":\"https:\/\/www.copyr.eu\/es\/\",\"name\":\"Copyr.eu ES\",\"description\":\"Migliorare la qualit\\u00e0, la sicurezza e l&#039;igiene dei luoghi in cui viviamo\",\"potentialAction\":[{\"@type\":\"SearchAction\",\"target\":{\"@type\":\"EntryPoint\",\"urlTemplate\":\"https:\/\/www.copyr.eu\/es\/?s={search_term_string}\"},\"query-input\":\"required name=search_term_string\"}],\"inLanguage\":\"es\"},{\"@type\":\"ImageObject\",\"@id\":\"https:\/\/www.copyr.eu\/es\/prodotto\/bromus-block-para-profesionales-con-formacion-especifica\/#primaryimage\",\"inLanguage\":\"es\",\"url\":\"https:\/\/www.copyr.eu\/es\/wp-content\/uploads\/sites\/10\/2021\/08\/155680510695964.jpg\",\"contentUrl\":\"https:\/\/www.copyr.eu\/es\/wp-content\/uploads\/sites\/10\/2021\/08\/155680510695964.jpg\",\"width\":300,\"height\":363},{\"@type\":\"WebPage\",\"@id\":\"https:\/\/www.copyr.eu\/es\/prodotto\/bromus-block-para-profesionales-con-formacion-especifica\/#webpage\",\"url\":\"https:\/\/www.copyr.eu\/es\/prodotto\/bromus-block-para-profesionales-con-formacion-especifica\/\",\"name\":\"BROMUS BLOCK para profesionales con formaci\\u00f3n espec\\u00edfica - Copyr.eu ES\",\"isPartOf\":{\"@id\":\"https:\/\/www.copyr.eu\/es\/#website\"},\"primaryImageOfPage\":{\"@id\":\"https:\/\/www.copyr.eu\/es\/prodotto\/bromus-block-para-profesionales-con-formacion-especifica\/#primaryimage\"},\"datePublished\":\"2022-04-29T10:09:51+00:00\",\"dateModified\":\"2022-04-29T10:39:15+00:00\",\"breadcrumb\":{\"@id\":\"https:\/\/www.copyr.eu\/es\/prodotto\/bromus-block-para-profesionales-con-formacion-especifica\/#breadcrumb\"},\"inLanguage\":\"es\",\"potentialAction\":[{\"@type\":\"ReadAction\",\"target\":[\"https:\/\/www.copyr.eu\/es\/prodotto\/bromus-block-para-profesionales-con-formacion-especifica\/\"]}]},{\"@type\":\"BreadcrumbList\",\"@id\":\"https:\/\/www.copyr.eu\/es\/prodotto\/bromus-block-para-profesionales-con-formacion-especifica\/#breadcrumb\",\"itemListElement\":[{\"@type\":\"ListItem\",\"position\":1,\"name\":\"Home\",\"item\":\"https:\/\/www.copyr.eu\/es\/\"},{\"@type\":\"ListItem\",\"position\":2,\"name\":\"Tutti i prodotti\",\"item\":\"https:\/\/www.copyr.eu\/es\/tutti-i-prodotti\/\"},{\"@type\":\"ListItem\",\"position\":3,\"name\":\"BROMUS BLOCK para profesionales con formaci\\u00f3n espec\\u00edfica\"}]}]}<\/script>\n<!-- \/ Yoast SEO plugin. -->","yoast_head_json":{"title":"BROMUS BLOCK para profesionales con formaci\u00f3n espec\u00edfica - Copyr.eu ES","robots":{"index":"index","follow":"follow","max-snippet":"max-snippet:-1","max-image-preview":"max-image-preview:large","max-video-preview":"max-video-preview:-1"},"canonical":"https:\/\/www.copyr.eu\/es\/prodotto\/bromus-block-para-profesionales-con-formacion-especifica\/","og_locale":"es_ES","og_type":"article","og_title":"BROMUS BLOCK para profesionales con formaci\u00f3n espec\u00edfica - Copyr.eu ES","og_description":"Cebo rodenticida que viene listo para usar en forma de bloque parafinado. Para profesionales con formaci\u00f3n espec\u00edfica.","og_url":"https:\/\/www.copyr.eu\/es\/prodotto\/bromus-block-para-profesionales-con-formacion-especifica\/","og_site_name":"Copyr.eu ES","article_modified_time":"2022-04-29T10:39:15+00:00","og_image":[{"width":300,"height":363,"url":"https:\/\/www.copyr.eu\/es\/wp-content\/uploads\/sites\/10\/2021\/08\/155680510695964.jpg","path":"\/var\/www\/vhosts\/copyr.eu\/httpdocs\/wp-content\/uploads\/sites\/10\/2021\/08\/155680510695964.jpg","size":"full","id":11344,"alt":"","pixels":108900,"type":"image\/jpeg"}],"twitter_card":"summary_large_image","twitter_misc":{"Tiempo de lectura":"1 minuto"},"schema":{"@context":"https:\/\/schema.org","@graph":[{"@type":"WebSite","@id":"https:\/\/www.copyr.eu\/es\/#website","url":"https:\/\/www.copyr.eu\/es\/","name":"Copyr.eu ES","description":"Migliorare la qualit\u00e0, la sicurezza e l&#039;igiene dei luoghi in cui viviamo","potentialAction":[{"@type":"SearchAction","target":{"@type":"EntryPoint","urlTemplate":"https:\/\/www.copyr.eu\/es\/?s={search_term_string}"},"query-input":"required name=search_term_string"}],"inLanguage":"es"},{"@type":"ImageObject","@id":"https:\/\/www.copyr.eu\/es\/prodotto\/bromus-block-para-profesionales-con-formacion-especifica\/#primaryimage","inLanguage":"es","url":"https:\/\/www.copyr.eu\/es\/wp-content\/uploads\/sites\/10\/2021\/08\/155680510695964.jpg","contentUrl":"https:\/\/www.copyr.eu\/es\/wp-content\/uploads\/sites\/10\/2021\/08\/155680510695964.jpg","width":300,"height":363},{"@type":"WebPage","@id":"https:\/\/www.copyr.eu\/es\/prodotto\/bromus-block-para-profesionales-con-formacion-especifica\/#webpage","url":"https:\/\/www.copyr.eu\/es\/prodotto\/bromus-block-para-profesionales-con-formacion-especifica\/","name":"BROMUS BLOCK para profesionales con formaci\u00f3n espec\u00edfica - Copyr.eu ES","isPartOf":{"@id":"https:\/\/www.copyr.eu\/es\/#website"},"primaryImageOfPage":{"@id":"https:\/\/www.copyr.eu\/es\/prodotto\/bromus-block-para-profesionales-con-formacion-especifica\/#primaryimage"},"datePublished":"2022-04-29T10:09:51+00:00","dateModified":"2022-04-29T10:39:15+00:00","breadcrumb":{"@id":"https:\/\/www.copyr.eu\/es\/prodotto\/bromus-block-para-profesionales-con-formacion-especifica\/#breadcrumb"},"inLanguage":"es","potentialAction":[{"@type":"ReadAction","target":["https:\/\/www.copyr.eu\/es\/prodotto\/bromus-block-para-profesionales-con-formacion-especifica\/"]}]},{"@type":"BreadcrumbList","@id":"https:\/\/www.copyr.eu\/es\/prodotto\/bromus-block-para-profesionales-con-formacion-especifica\/#breadcrumb","itemListElement":[{"@type":"ListItem","position":1,"name":"Home","item":"https:\/\/www.copyr.eu\/es\/"},{"@type":"ListItem","position":2,"name":"Tutti i prodotti","item":"https:\/\/www.copyr.eu\/es\/tutti-i-prodotti\/"},{"@type":"ListItem","position":3,"name":"BROMUS BLOCK para profesionales con formaci\u00f3n espec\u00edfica"}]}]}},"_links":{"self":[{"href":"https:\/\/www.copyr.eu\/es\/wp-json\/wp\/v2\/product\/5308"}],"collection":[{"href":"https:\/\/www.copyr.eu\/es\/wp-json\/wp\/v2\/product"}],"about":[{"href":"https:\/\/www.copyr.eu\/es\/wp-json\/wp\/v2\/types\/product"}],"replies":[{"embeddable":true,"href":"https:\/\/www.copyr.eu\/es\/wp-json\/wp\/v2\/comments?post=5308"}],"wp:featuredmedia":[{"embeddable":true,"href":"https:\/\/www.copyr.eu\/es\/wp-json\/wp\/v2\/media\/11344"}],"wp:attachment":[{"href":"https:\/\/www.copyr.eu\/es\/wp-json\/wp\/v2\/media?parent=5308"}],"wp:term":[{"taxonomy":"product_cat","embeddable":true,"href":"https:\/\/www.copyr.eu\/es\/wp-json\/wp\/v2\/product_cat?post=5308"},{"taxonomy":"product_tag","embeddable":true,"href":"https:\/\/www.copyr.eu\/es\/wp-json\/wp\/v2\/product_tag?post=5308"},{"taxonomy":"malattie-piante","embeddable":true,"href":"https:\/\/www.copyr.eu\/es\/wp-json\/wp\/v2\/malattie-piante?post=5308"},{"taxonomy":"infestanti-ambiente","embeddable":true,"href":"https:\/\/www.copyr.eu\/es\/wp-json\/wp\/v2\/infestanti-ambiente?post=5308"},{"taxonomy":"infestanti-piante","embeddable":true,"href":"https:\/\/www.copyr.eu\/es\/wp-json\/wp\/v2\/infestanti-piante?post=5308"},{"taxonomy":"utilizzo","embeddable":true,"href":"https:\/\/www.copyr.eu\/es\/wp-json\/wp\/v2\/utilizzo?post=5308"}],"curies":[{"name":"wp","href":"https:\/\/api.w.org\/{rel}","templated":true}]}}