{"id":5243,"date":"2022-04-29T12:09:51","date_gmt":"2022-04-29T10:09:51","guid":{"rendered":"https:\/\/www.copyr.eu\/es\/prodotto\/fresh-air-sensitive-odor-out-3400957\/"},"modified":"2022-04-29T12:41:48","modified_gmt":"2022-04-29T10:41:48","slug":"fresh-air-sensitive-odor-out","status":"publish","type":"product","link":"https:\/\/www.copyr.eu\/es\/prodotto\/fresh-air-sensitive-odor-out\/","title":{"rendered":"FRESH AIR SENSITIVE ODOR OUT"},"content":{"rendered":"<p>FRESH AIR SENSITIVE \u00c1LOE es un desodorante estudiado para interiores. Producto de uso profesional. Gracias a la concentraci\u00f3n elevada de esencias nobles y a la v\u00e1lvula especial con dispensador dosificador, FRESH AIR SENSITIVE desodoriza a la perfecci\u00f3n espacios de hasta 100 m3. El aerosol garantiza 3.000 dosis aproximadamente. Hazte el regalo de unos momentos de relax con la fragancia FRESH AIR SENSITIVE \u00c1LOE, desodorizando tus espacios de manera delicada y sin al\u00e9rgenos. La fragancia FRESH AIRSENSITIVE ODOR-OUT carece de al\u00e9rgenos y es espec\u00edfica para eliminar los olores desagradables.<iframe loading=\"lazy\" width=\"560\" height=\"315\" src=\"https:\/\/www.youtube.com\/embed\/DjZ4DEIpj4A\" frameborder=\"0\" allow=\"accelerometer; autoplay; encrypted-media; gyroscope; picture-in-picture\" allowfullscreen><\/iframe><\/p>\n","protected":false},"excerpt":{"rendered":"<p>FRESH AIR SENSITIVE ODOR OUT es un desodorante en aerosol con dispensador autom\u00e1tico COPYR, para espacios interiores.<\/p>\n","protected":false},"featured_media":11320,"comment_status":"closed","ping_status":"open","template":"","meta":{"content-type":""},"product_cat":[600],"product_tag":[],"malattie-piante":[],"infestanti-ambiente":[],"infestanti-piante":[],"utilizzo":[1429],"yoast_head":"<!-- This site is optimized with the Yoast SEO plugin v17.0 - https:\/\/yoast.com\/wordpress\/plugins\/seo\/ -->\n<title>FRESH AIR SENSITIVE ODOR OUT - Copyr.eu ES<\/title>\n<meta name=\"robots\" content=\"index, follow, max-snippet:-1, max-image-preview:large, max-video-preview:-1\" \/>\n<link rel=\"canonical\" href=\"https:\/\/www.copyr.eu\/es\/prodotto\/fresh-air-sensitive-odor-out\/\" \/>\n<meta property=\"og:locale\" content=\"es_ES\" \/>\n<meta property=\"og:type\" content=\"article\" \/>\n<meta property=\"og:title\" content=\"FRESH AIR SENSITIVE ODOR OUT - Copyr.eu ES\" \/>\n<meta property=\"og:description\" content=\"FRESH AIR SENSITIVE ODOR OUT es un desodorante en aerosol con dispensador autom\u00e1tico COPYR, para espacios interiores.\" \/>\n<meta property=\"og:url\" content=\"https:\/\/www.copyr.eu\/es\/prodotto\/fresh-air-sensitive-odor-out\/\" \/>\n<meta property=\"og:site_name\" content=\"Copyr.eu ES\" \/>\n<meta property=\"article:modified_time\" content=\"2022-04-29T10:41:48+00:00\" \/>\n<meta property=\"og:image\" content=\"https:\/\/www.copyr.eu\/es\/wp-content\/uploads\/sites\/10\/2021\/08\/3400957_FRESH-AIR-Render-SENSITIVE_Odor-Out.jpg\" \/>\n\t<meta property=\"og:image:width\" content=\"1500\" \/>\n\t<meta property=\"og:image:height\" content=\"1500\" \/>\n<meta name=\"twitter:card\" content=\"summary_large_image\" \/>\n<script type=\"application\/ld+json\" class=\"yoast-schema-graph\">{\"@context\":\"https:\/\/schema.org\",\"@graph\":[{\"@type\":\"WebSite\",\"@id\":\"https:\/\/www.copyr.eu\/es\/#website\",\"url\":\"https:\/\/www.copyr.eu\/es\/\",\"name\":\"Copyr.eu ES\",\"description\":\"Migliorare la qualit\\u00e0, la sicurezza e l&#039;igiene dei luoghi in cui viviamo\",\"potentialAction\":[{\"@type\":\"SearchAction\",\"target\":{\"@type\":\"EntryPoint\",\"urlTemplate\":\"https:\/\/www.copyr.eu\/es\/?s={search_term_string}\"},\"query-input\":\"required name=search_term_string\"}],\"inLanguage\":\"es\"},{\"@type\":\"ImageObject\",\"@id\":\"https:\/\/www.copyr.eu\/es\/prodotto\/fresh-air-sensitive-odor-out\/#primaryimage\",\"inLanguage\":\"es\",\"url\":\"https:\/\/www.copyr.eu\/es\/wp-content\/uploads\/sites\/10\/2021\/08\/3400957_FRESH-AIR-Render-SENSITIVE_Odor-Out.jpg\",\"contentUrl\":\"https:\/\/www.copyr.eu\/es\/wp-content\/uploads\/sites\/10\/2021\/08\/3400957_FRESH-AIR-Render-SENSITIVE_Odor-Out.jpg\",\"width\":\"1500\",\"height\":\"1500\"},{\"@type\":\"WebPage\",\"@id\":\"https:\/\/www.copyr.eu\/es\/prodotto\/fresh-air-sensitive-odor-out\/#webpage\",\"url\":\"https:\/\/www.copyr.eu\/es\/prodotto\/fresh-air-sensitive-odor-out\/\",\"name\":\"FRESH AIR SENSITIVE ODOR OUT - Copyr.eu ES\",\"isPartOf\":{\"@id\":\"https:\/\/www.copyr.eu\/es\/#website\"},\"primaryImageOfPage\":{\"@id\":\"https:\/\/www.copyr.eu\/es\/prodotto\/fresh-air-sensitive-odor-out\/#primaryimage\"},\"datePublished\":\"2022-04-29T10:09:51+00:00\",\"dateModified\":\"2022-04-29T10:41:48+00:00\",\"breadcrumb\":{\"@id\":\"https:\/\/www.copyr.eu\/es\/prodotto\/fresh-air-sensitive-odor-out\/#breadcrumb\"},\"inLanguage\":\"es\",\"potentialAction\":[{\"@type\":\"ReadAction\",\"target\":[\"https:\/\/www.copyr.eu\/es\/prodotto\/fresh-air-sensitive-odor-out\/\"]}]},{\"@type\":\"BreadcrumbList\",\"@id\":\"https:\/\/www.copyr.eu\/es\/prodotto\/fresh-air-sensitive-odor-out\/#breadcrumb\",\"itemListElement\":[{\"@type\":\"ListItem\",\"position\":1,\"name\":\"Home\",\"item\":\"https:\/\/www.copyr.eu\/es\/\"},{\"@type\":\"ListItem\",\"position\":2,\"name\":\"Tutti i prodotti\",\"item\":\"https:\/\/www.copyr.eu\/es\/tutti-i-prodotti\/\"},{\"@type\":\"ListItem\",\"position\":3,\"name\":\"FRESH AIR SENSITIVE ODOR OUT\"}]}]}<\/script>\n<!-- \/ Yoast SEO plugin. -->","yoast_head_json":{"title":"FRESH AIR SENSITIVE ODOR OUT - Copyr.eu ES","robots":{"index":"index","follow":"follow","max-snippet":"max-snippet:-1","max-image-preview":"max-image-preview:large","max-video-preview":"max-video-preview:-1"},"canonical":"https:\/\/www.copyr.eu\/es\/prodotto\/fresh-air-sensitive-odor-out\/","og_locale":"es_ES","og_type":"article","og_title":"FRESH AIR SENSITIVE ODOR OUT - Copyr.eu ES","og_description":"FRESH AIR SENSITIVE ODOR OUT es un desodorante en aerosol con dispensador autom\u00e1tico COPYR, para espacios interiores.","og_url":"https:\/\/www.copyr.eu\/es\/prodotto\/fresh-air-sensitive-odor-out\/","og_site_name":"Copyr.eu ES","article_modified_time":"2022-04-29T10:41:48+00:00","og_image":[{"width":"1500","height":"1500","url":"https:\/\/www.copyr.eu\/es\/wp-content\/uploads\/sites\/10\/2021\/08\/3400957_FRESH-AIR-Render-SENSITIVE_Odor-Out.jpg","path":"\/var\/www\/vhosts\/copyr.eu\/httpdocs\/wp-content\/uploads\/sites\/10\/2021\/08\/3400957_FRESH-AIR-Render-SENSITIVE_Odor-Out.jpg","size":"full","id":11320,"alt":"","pixels":2250000,"type":"image\/jpeg"}],"twitter_card":"summary_large_image","schema":{"@context":"https:\/\/schema.org","@graph":[{"@type":"WebSite","@id":"https:\/\/www.copyr.eu\/es\/#website","url":"https:\/\/www.copyr.eu\/es\/","name":"Copyr.eu ES","description":"Migliorare la qualit\u00e0, la sicurezza e l&#039;igiene dei luoghi in cui viviamo","potentialAction":[{"@type":"SearchAction","target":{"@type":"EntryPoint","urlTemplate":"https:\/\/www.copyr.eu\/es\/?s={search_term_string}"},"query-input":"required name=search_term_string"}],"inLanguage":"es"},{"@type":"ImageObject","@id":"https:\/\/www.copyr.eu\/es\/prodotto\/fresh-air-sensitive-odor-out\/#primaryimage","inLanguage":"es","url":"https:\/\/www.copyr.eu\/es\/wp-content\/uploads\/sites\/10\/2021\/08\/3400957_FRESH-AIR-Render-SENSITIVE_Odor-Out.jpg","contentUrl":"https:\/\/www.copyr.eu\/es\/wp-content\/uploads\/sites\/10\/2021\/08\/3400957_FRESH-AIR-Render-SENSITIVE_Odor-Out.jpg","width":"1500","height":"1500"},{"@type":"WebPage","@id":"https:\/\/www.copyr.eu\/es\/prodotto\/fresh-air-sensitive-odor-out\/#webpage","url":"https:\/\/www.copyr.eu\/es\/prodotto\/fresh-air-sensitive-odor-out\/","name":"FRESH AIR SENSITIVE ODOR OUT - Copyr.eu ES","isPartOf":{"@id":"https:\/\/www.copyr.eu\/es\/#website"},"primaryImageOfPage":{"@id":"https:\/\/www.copyr.eu\/es\/prodotto\/fresh-air-sensitive-odor-out\/#primaryimage"},"datePublished":"2022-04-29T10:09:51+00:00","dateModified":"2022-04-29T10:41:48+00:00","breadcrumb":{"@id":"https:\/\/www.copyr.eu\/es\/prodotto\/fresh-air-sensitive-odor-out\/#breadcrumb"},"inLanguage":"es","potentialAction":[{"@type":"ReadAction","target":["https:\/\/www.copyr.eu\/es\/prodotto\/fresh-air-sensitive-odor-out\/"]}]},{"@type":"BreadcrumbList","@id":"https:\/\/www.copyr.eu\/es\/prodotto\/fresh-air-sensitive-odor-out\/#breadcrumb","itemListElement":[{"@type":"ListItem","position":1,"name":"Home","item":"https:\/\/www.copyr.eu\/es\/"},{"@type":"ListItem","position":2,"name":"Tutti i prodotti","item":"https:\/\/www.copyr.eu\/es\/tutti-i-prodotti\/"},{"@type":"ListItem","position":3,"name":"FRESH AIR SENSITIVE ODOR OUT"}]}]}},"_links":{"self":[{"href":"https:\/\/www.copyr.eu\/es\/wp-json\/wp\/v2\/product\/5243"}],"collection":[{"href":"https:\/\/www.copyr.eu\/es\/wp-json\/wp\/v2\/product"}],"about":[{"href":"https:\/\/www.copyr.eu\/es\/wp-json\/wp\/v2\/types\/product"}],"replies":[{"embeddable":true,"href":"https:\/\/www.copyr.eu\/es\/wp-json\/wp\/v2\/comments?post=5243"}],"wp:featuredmedia":[{"embeddable":true,"href":"https:\/\/www.copyr.eu\/es\/wp-json\/wp\/v2\/media\/11320"}],"wp:attachment":[{"href":"https:\/\/www.copyr.eu\/es\/wp-json\/wp\/v2\/media?parent=5243"}],"wp:term":[{"taxonomy":"product_cat","embeddable":true,"href":"https:\/\/www.copyr.eu\/es\/wp-json\/wp\/v2\/product_cat?post=5243"},{"taxonomy":"product_tag","embeddable":true,"href":"https:\/\/www.copyr.eu\/es\/wp-json\/wp\/v2\/product_tag?post=5243"},{"taxonomy":"malattie-piante","embeddable":true,"href":"https:\/\/www.copyr.eu\/es\/wp-json\/wp\/v2\/malattie-piante?post=5243"},{"taxonomy":"infestanti-ambiente","embeddable":true,"href":"https:\/\/www.copyr.eu\/es\/wp-json\/wp\/v2\/infestanti-ambiente?post=5243"},{"taxonomy":"infestanti-piante","embeddable":true,"href":"https:\/\/www.copyr.eu\/es\/wp-json\/wp\/v2\/infestanti-piante?post=5243"},{"taxonomy":"utilizzo","embeddable":true,"href":"https:\/\/www.copyr.eu\/es\/wp-json\/wp\/v2\/utilizzo?post=5243"}],"curies":[{"name":"wp","href":"https:\/\/api.w.org\/{rel}","templated":true}]}}