{"id":5222,"date":"2022-04-29T12:09:51","date_gmt":"2022-04-29T10:09:51","guid":{"rendered":"https:\/\/www.copyr.eu\/es\/prodotto\/fresh-air-sensitive-lime-3400950\/"},"modified":"2022-04-29T12:41:48","modified_gmt":"2022-04-29T10:41:48","slug":"fresh-air-sensitive-lime","status":"publish","type":"product","link":"https:\/\/www.copyr.eu\/es\/prodotto\/fresh-air-sensitive-lime\/","title":{"rendered":"FRESH AIR SENSITIVE LIME"},"content":{"rendered":"<p>FRESH AIR SENSITIVE LIME es un desodorante estudiado para interiores con aroma a lima. Producto de uso profesional. Gracias a la concentraci\u00f3n elevada de esencias nobles y a la v\u00e1lvula especial con dispensador dosificador, FRESH AIR SENSITIVE desodoriza a la perfecci\u00f3n espacios de hasta 100 m3. El aerosol garantiza 3.000 dosis aproximadamente. Hazte el regalo de unos momentos de relax con la fragancia FRESH AIR SENSITIVE LIME, desodorizando tus espacios de manera delicada y sin al\u00e9rgenos.<iframe loading=\"lazy\" width=\"560\" height=\"315\" src=\"https:\/\/www.youtube.com\/embed\/DjZ4DEIpj4A\" frameborder=\"0\" allow=\"accelerometer; autoplay; encrypted-media; gyroscope; picture-in-picture\" allowfullscreen><\/iframe><\/p>\n","protected":false},"excerpt":{"rendered":"<p>FRESH AIR SENSITIVE LIME es un desodorante en aerosol con dispensador autom\u00e1tico COPYR, para espacios interiores.<\/p>\n","protected":false},"featured_media":11318,"comment_status":"closed","ping_status":"open","template":"","meta":{"content-type":""},"product_cat":[600],"product_tag":[],"malattie-piante":[],"infestanti-ambiente":[],"infestanti-piante":[],"utilizzo":[1429],"yoast_head":"<!-- This site is optimized with the Yoast SEO plugin v17.0 - https:\/\/yoast.com\/wordpress\/plugins\/seo\/ -->\n<title>FRESH AIR SENSITIVE LIME - Copyr.eu ES<\/title>\n<meta name=\"robots\" content=\"index, follow, max-snippet:-1, max-image-preview:large, max-video-preview:-1\" \/>\n<link rel=\"canonical\" href=\"https:\/\/www.copyr.eu\/es\/prodotto\/fresh-air-sensitive-lime\/\" \/>\n<meta property=\"og:locale\" content=\"es_ES\" \/>\n<meta property=\"og:type\" content=\"article\" \/>\n<meta property=\"og:title\" content=\"FRESH AIR SENSITIVE LIME - Copyr.eu ES\" \/>\n<meta property=\"og:description\" content=\"FRESH AIR SENSITIVE LIME es un desodorante en aerosol con dispensador autom\u00e1tico COPYR, para espacios interiores.\" \/>\n<meta property=\"og:url\" content=\"https:\/\/www.copyr.eu\/es\/prodotto\/fresh-air-sensitive-lime\/\" \/>\n<meta property=\"og:site_name\" content=\"Copyr.eu ES\" \/>\n<meta property=\"article:modified_time\" content=\"2022-04-29T10:41:48+00:00\" \/>\n<meta property=\"og:image\" content=\"https:\/\/www.copyr.eu\/es\/wp-content\/uploads\/sites\/10\/2021\/08\/3400950_FRESH-AIR-Render-SENSITIVE_Lime.jpg\" \/>\n\t<meta property=\"og:image:width\" content=\"1500\" \/>\n\t<meta property=\"og:image:height\" content=\"1500\" \/>\n<meta name=\"twitter:card\" content=\"summary_large_image\" \/>\n<script type=\"application\/ld+json\" class=\"yoast-schema-graph\">{\"@context\":\"https:\/\/schema.org\",\"@graph\":[{\"@type\":\"WebSite\",\"@id\":\"https:\/\/www.copyr.eu\/es\/#website\",\"url\":\"https:\/\/www.copyr.eu\/es\/\",\"name\":\"Copyr.eu ES\",\"description\":\"Migliorare la qualit\\u00e0, la sicurezza e l&#039;igiene dei luoghi in cui viviamo\",\"potentialAction\":[{\"@type\":\"SearchAction\",\"target\":{\"@type\":\"EntryPoint\",\"urlTemplate\":\"https:\/\/www.copyr.eu\/es\/?s={search_term_string}\"},\"query-input\":\"required name=search_term_string\"}],\"inLanguage\":\"es\"},{\"@type\":\"ImageObject\",\"@id\":\"https:\/\/www.copyr.eu\/es\/prodotto\/fresh-air-sensitive-lime\/#primaryimage\",\"inLanguage\":\"es\",\"url\":\"https:\/\/www.copyr.eu\/es\/wp-content\/uploads\/sites\/10\/2021\/08\/3400950_FRESH-AIR-Render-SENSITIVE_Lime.jpg\",\"contentUrl\":\"https:\/\/www.copyr.eu\/es\/wp-content\/uploads\/sites\/10\/2021\/08\/3400950_FRESH-AIR-Render-SENSITIVE_Lime.jpg\",\"width\":\"1500\",\"height\":\"1500\"},{\"@type\":\"WebPage\",\"@id\":\"https:\/\/www.copyr.eu\/es\/prodotto\/fresh-air-sensitive-lime\/#webpage\",\"url\":\"https:\/\/www.copyr.eu\/es\/prodotto\/fresh-air-sensitive-lime\/\",\"name\":\"FRESH AIR SENSITIVE LIME - Copyr.eu ES\",\"isPartOf\":{\"@id\":\"https:\/\/www.copyr.eu\/es\/#website\"},\"primaryImageOfPage\":{\"@id\":\"https:\/\/www.copyr.eu\/es\/prodotto\/fresh-air-sensitive-lime\/#primaryimage\"},\"datePublished\":\"2022-04-29T10:09:51+00:00\",\"dateModified\":\"2022-04-29T10:41:48+00:00\",\"breadcrumb\":{\"@id\":\"https:\/\/www.copyr.eu\/es\/prodotto\/fresh-air-sensitive-lime\/#breadcrumb\"},\"inLanguage\":\"es\",\"potentialAction\":[{\"@type\":\"ReadAction\",\"target\":[\"https:\/\/www.copyr.eu\/es\/prodotto\/fresh-air-sensitive-lime\/\"]}]},{\"@type\":\"BreadcrumbList\",\"@id\":\"https:\/\/www.copyr.eu\/es\/prodotto\/fresh-air-sensitive-lime\/#breadcrumb\",\"itemListElement\":[{\"@type\":\"ListItem\",\"position\":1,\"name\":\"Home\",\"item\":\"https:\/\/www.copyr.eu\/es\/\"},{\"@type\":\"ListItem\",\"position\":2,\"name\":\"Tutti i prodotti\",\"item\":\"https:\/\/www.copyr.eu\/es\/tutti-i-prodotti\/\"},{\"@type\":\"ListItem\",\"position\":3,\"name\":\"FRESH AIR SENSITIVE LIME\"}]}]}<\/script>\n<!-- \/ Yoast SEO plugin. -->","yoast_head_json":{"title":"FRESH AIR SENSITIVE LIME - Copyr.eu ES","robots":{"index":"index","follow":"follow","max-snippet":"max-snippet:-1","max-image-preview":"max-image-preview:large","max-video-preview":"max-video-preview:-1"},"canonical":"https:\/\/www.copyr.eu\/es\/prodotto\/fresh-air-sensitive-lime\/","og_locale":"es_ES","og_type":"article","og_title":"FRESH AIR SENSITIVE LIME - Copyr.eu ES","og_description":"FRESH AIR SENSITIVE LIME es un desodorante en aerosol con dispensador autom\u00e1tico COPYR, para espacios interiores.","og_url":"https:\/\/www.copyr.eu\/es\/prodotto\/fresh-air-sensitive-lime\/","og_site_name":"Copyr.eu ES","article_modified_time":"2022-04-29T10:41:48+00:00","og_image":[{"width":"1500","height":"1500","url":"https:\/\/www.copyr.eu\/es\/wp-content\/uploads\/sites\/10\/2021\/08\/3400950_FRESH-AIR-Render-SENSITIVE_Lime.jpg","path":"\/var\/www\/vhosts\/copyr.eu\/httpdocs\/wp-content\/uploads\/sites\/10\/2021\/08\/3400950_FRESH-AIR-Render-SENSITIVE_Lime.jpg","size":"full","id":11318,"alt":"","pixels":2250000,"type":"image\/jpeg"}],"twitter_card":"summary_large_image","schema":{"@context":"https:\/\/schema.org","@graph":[{"@type":"WebSite","@id":"https:\/\/www.copyr.eu\/es\/#website","url":"https:\/\/www.copyr.eu\/es\/","name":"Copyr.eu ES","description":"Migliorare la qualit\u00e0, la sicurezza e l&#039;igiene dei luoghi in cui viviamo","potentialAction":[{"@type":"SearchAction","target":{"@type":"EntryPoint","urlTemplate":"https:\/\/www.copyr.eu\/es\/?s={search_term_string}"},"query-input":"required name=search_term_string"}],"inLanguage":"es"},{"@type":"ImageObject","@id":"https:\/\/www.copyr.eu\/es\/prodotto\/fresh-air-sensitive-lime\/#primaryimage","inLanguage":"es","url":"https:\/\/www.copyr.eu\/es\/wp-content\/uploads\/sites\/10\/2021\/08\/3400950_FRESH-AIR-Render-SENSITIVE_Lime.jpg","contentUrl":"https:\/\/www.copyr.eu\/es\/wp-content\/uploads\/sites\/10\/2021\/08\/3400950_FRESH-AIR-Render-SENSITIVE_Lime.jpg","width":"1500","height":"1500"},{"@type":"WebPage","@id":"https:\/\/www.copyr.eu\/es\/prodotto\/fresh-air-sensitive-lime\/#webpage","url":"https:\/\/www.copyr.eu\/es\/prodotto\/fresh-air-sensitive-lime\/","name":"FRESH AIR SENSITIVE LIME - Copyr.eu ES","isPartOf":{"@id":"https:\/\/www.copyr.eu\/es\/#website"},"primaryImageOfPage":{"@id":"https:\/\/www.copyr.eu\/es\/prodotto\/fresh-air-sensitive-lime\/#primaryimage"},"datePublished":"2022-04-29T10:09:51+00:00","dateModified":"2022-04-29T10:41:48+00:00","breadcrumb":{"@id":"https:\/\/www.copyr.eu\/es\/prodotto\/fresh-air-sensitive-lime\/#breadcrumb"},"inLanguage":"es","potentialAction":[{"@type":"ReadAction","target":["https:\/\/www.copyr.eu\/es\/prodotto\/fresh-air-sensitive-lime\/"]}]},{"@type":"BreadcrumbList","@id":"https:\/\/www.copyr.eu\/es\/prodotto\/fresh-air-sensitive-lime\/#breadcrumb","itemListElement":[{"@type":"ListItem","position":1,"name":"Home","item":"https:\/\/www.copyr.eu\/es\/"},{"@type":"ListItem","position":2,"name":"Tutti i prodotti","item":"https:\/\/www.copyr.eu\/es\/tutti-i-prodotti\/"},{"@type":"ListItem","position":3,"name":"FRESH AIR SENSITIVE LIME"}]}]}},"_links":{"self":[{"href":"https:\/\/www.copyr.eu\/es\/wp-json\/wp\/v2\/product\/5222"}],"collection":[{"href":"https:\/\/www.copyr.eu\/es\/wp-json\/wp\/v2\/product"}],"about":[{"href":"https:\/\/www.copyr.eu\/es\/wp-json\/wp\/v2\/types\/product"}],"replies":[{"embeddable":true,"href":"https:\/\/www.copyr.eu\/es\/wp-json\/wp\/v2\/comments?post=5222"}],"wp:featuredmedia":[{"embeddable":true,"href":"https:\/\/www.copyr.eu\/es\/wp-json\/wp\/v2\/media\/11318"}],"wp:attachment":[{"href":"https:\/\/www.copyr.eu\/es\/wp-json\/wp\/v2\/media?parent=5222"}],"wp:term":[{"taxonomy":"product_cat","embeddable":true,"href":"https:\/\/www.copyr.eu\/es\/wp-json\/wp\/v2\/product_cat?post=5222"},{"taxonomy":"product_tag","embeddable":true,"href":"https:\/\/www.copyr.eu\/es\/wp-json\/wp\/v2\/product_tag?post=5222"},{"taxonomy":"malattie-piante","embeddable":true,"href":"https:\/\/www.copyr.eu\/es\/wp-json\/wp\/v2\/malattie-piante?post=5222"},{"taxonomy":"infestanti-ambiente","embeddable":true,"href":"https:\/\/www.copyr.eu\/es\/wp-json\/wp\/v2\/infestanti-ambiente?post=5222"},{"taxonomy":"infestanti-piante","embeddable":true,"href":"https:\/\/www.copyr.eu\/es\/wp-json\/wp\/v2\/infestanti-piante?post=5222"},{"taxonomy":"utilizzo","embeddable":true,"href":"https:\/\/www.copyr.eu\/es\/wp-json\/wp\/v2\/utilizzo?post=5222"}],"curies":[{"name":"wp","href":"https:\/\/api.w.org\/{rel}","templated":true}]}}