{"id":5171,"date":"2022-04-29T12:09:26","date_gmt":"2022-04-29T10:09:26","guid":{"rendered":"https:\/\/www.copyr.eu\/es\/prodotto\/fortyl-concime-semina-e-rigenerazione-prato-in-granuli-1700115\/"},"modified":"2022-04-29T12:48:27","modified_gmt":"2022-04-29T10:48:27","slug":"fortyl-concime-semina-e-rigenerazione-prato-en-granulos","status":"publish","type":"product","link":"https:\/\/www.copyr.eu\/es\/prodotto\/fortyl-concime-semina-e-rigenerazione-prato-en-granulos\/","title":{"rendered":"FORTYL CONCIME SEMINA E RIGENERAZIONE PRATO en gr\u00e1nulos"},"content":{"rendered":"<p><span>Abono en gr\u00e1nulos ideado para la siembra y la regeneraci\u00f3n del prado. Gracias a su formulaci\u00f3n, es perfecto para aplicarlo al voleo y para abonar a fondo el prado. El f\u00f3sforo que contiene refuerza el aparato radical y mejora la absorci\u00f3n de los nutrientes.<\/span><\/p>\n<p>ABONO CE<br \/>NP (S) 9-32 (8) con zinc (Zn)<\/p>\n<p><iframe loading=\"lazy\" width=\"560\" height=\"315\" src=\"https:\/\/www.youtube.com\/embed\/5AfShszBIJg\" frameborder=\"0\" allow=\"accelerometer; autoplay; encrypted-media; gyroscope; picture-in-picture\" allowfullscreen><\/iframe><\/p>\n","protected":false},"excerpt":{"rendered":"<p>Abono en gr\u00e1nulos para la siembra y la regeneraci\u00f3n del prado.<\/p>\n","protected":false},"featured_media":11305,"comment_status":"closed","ping_status":"closed","template":"","meta":{"content-type":""},"product_cat":[26],"product_tag":[],"malattie-piante":[],"infestanti-ambiente":[],"infestanti-piante":[],"utilizzo":[758],"yoast_head":"<!-- This site is optimized with the Yoast SEO plugin v17.0 - https:\/\/yoast.com\/wordpress\/plugins\/seo\/ -->\n<title>FORTYL CONCIME SEMINA E RIGENERAZIONE PRATO en gr\u00e1nulos - Copyr.eu ES<\/title>\n<meta name=\"robots\" content=\"index, follow, max-snippet:-1, max-image-preview:large, max-video-preview:-1\" \/>\n<link rel=\"canonical\" href=\"https:\/\/www.copyr.eu\/es\/prodotto\/fortyl-concime-semina-e-rigenerazione-prato-en-granulos\/\" \/>\n<meta property=\"og:locale\" content=\"es_ES\" \/>\n<meta property=\"og:type\" content=\"article\" \/>\n<meta property=\"og:title\" content=\"FORTYL CONCIME SEMINA E RIGENERAZIONE PRATO en gr\u00e1nulos - Copyr.eu ES\" \/>\n<meta property=\"og:description\" content=\"Abono en gr\u00e1nulos para la siembra y la regeneraci\u00f3n del prado.\" \/>\n<meta property=\"og:url\" content=\"https:\/\/www.copyr.eu\/es\/prodotto\/fortyl-concime-semina-e-rigenerazione-prato-en-granulos\/\" \/>\n<meta property=\"og:site_name\" content=\"Copyr.eu ES\" \/>\n<meta property=\"article:modified_time\" content=\"2022-04-29T10:48:27+00:00\" \/>\n<meta property=\"og:image\" content=\"https:\/\/www.copyr.eu\/es\/wp-content\/uploads\/sites\/10\/2021\/08\/1700115_Fortyl_Semina-Rigen-prato-AST.jpg\" \/>\n\t<meta property=\"og:image:width\" content=\"1500\" \/>\n\t<meta property=\"og:image:height\" content=\"1500\" \/>\n<meta name=\"twitter:card\" content=\"summary_large_image\" \/>\n<script type=\"application\/ld+json\" class=\"yoast-schema-graph\">{\"@context\":\"https:\/\/schema.org\",\"@graph\":[{\"@type\":\"WebSite\",\"@id\":\"https:\/\/www.copyr.eu\/es\/#website\",\"url\":\"https:\/\/www.copyr.eu\/es\/\",\"name\":\"Copyr.eu ES\",\"description\":\"Migliorare la qualit\\u00e0, la sicurezza e l&#039;igiene dei luoghi in cui viviamo\",\"potentialAction\":[{\"@type\":\"SearchAction\",\"target\":{\"@type\":\"EntryPoint\",\"urlTemplate\":\"https:\/\/www.copyr.eu\/es\/?s={search_term_string}\"},\"query-input\":\"required name=search_term_string\"}],\"inLanguage\":\"es\"},{\"@type\":\"ImageObject\",\"@id\":\"https:\/\/www.copyr.eu\/es\/prodotto\/fortyl-concime-semina-e-rigenerazione-prato-en-granulos\/#primaryimage\",\"inLanguage\":\"es\",\"url\":\"https:\/\/www.copyr.eu\/es\/wp-content\/uploads\/sites\/10\/2021\/08\/1700115_Fortyl_Semina-Rigen-prato-AST.jpg\",\"contentUrl\":\"https:\/\/www.copyr.eu\/es\/wp-content\/uploads\/sites\/10\/2021\/08\/1700115_Fortyl_Semina-Rigen-prato-AST.jpg\",\"width\":\"1500\",\"height\":\"1500\"},{\"@type\":\"WebPage\",\"@id\":\"https:\/\/www.copyr.eu\/es\/prodotto\/fortyl-concime-semina-e-rigenerazione-prato-en-granulos\/#webpage\",\"url\":\"https:\/\/www.copyr.eu\/es\/prodotto\/fortyl-concime-semina-e-rigenerazione-prato-en-granulos\/\",\"name\":\"FORTYL CONCIME SEMINA E RIGENERAZIONE PRATO en gr\\u00e1nulos - Copyr.eu ES\",\"isPartOf\":{\"@id\":\"https:\/\/www.copyr.eu\/es\/#website\"},\"primaryImageOfPage\":{\"@id\":\"https:\/\/www.copyr.eu\/es\/prodotto\/fortyl-concime-semina-e-rigenerazione-prato-en-granulos\/#primaryimage\"},\"datePublished\":\"2022-04-29T10:09:26+00:00\",\"dateModified\":\"2022-04-29T10:48:27+00:00\",\"breadcrumb\":{\"@id\":\"https:\/\/www.copyr.eu\/es\/prodotto\/fortyl-concime-semina-e-rigenerazione-prato-en-granulos\/#breadcrumb\"},\"inLanguage\":\"es\",\"potentialAction\":[{\"@type\":\"ReadAction\",\"target\":[\"https:\/\/www.copyr.eu\/es\/prodotto\/fortyl-concime-semina-e-rigenerazione-prato-en-granulos\/\"]}]},{\"@type\":\"BreadcrumbList\",\"@id\":\"https:\/\/www.copyr.eu\/es\/prodotto\/fortyl-concime-semina-e-rigenerazione-prato-en-granulos\/#breadcrumb\",\"itemListElement\":[{\"@type\":\"ListItem\",\"position\":1,\"name\":\"Home\",\"item\":\"https:\/\/www.copyr.eu\/es\/\"},{\"@type\":\"ListItem\",\"position\":2,\"name\":\"Tutti i prodotti\",\"item\":\"https:\/\/www.copyr.eu\/es\/tutti-i-prodotti\/\"},{\"@type\":\"ListItem\",\"position\":3,\"name\":\"FORTYL CONCIME SEMINA E RIGENERAZIONE PRATO en gr\\u00e1nulos\"}]}]}<\/script>\n<!-- \/ Yoast SEO plugin. -->","yoast_head_json":{"title":"FORTYL CONCIME SEMINA E RIGENERAZIONE PRATO en gr\u00e1nulos - Copyr.eu ES","robots":{"index":"index","follow":"follow","max-snippet":"max-snippet:-1","max-image-preview":"max-image-preview:large","max-video-preview":"max-video-preview:-1"},"canonical":"https:\/\/www.copyr.eu\/es\/prodotto\/fortyl-concime-semina-e-rigenerazione-prato-en-granulos\/","og_locale":"es_ES","og_type":"article","og_title":"FORTYL CONCIME SEMINA E RIGENERAZIONE PRATO en gr\u00e1nulos - Copyr.eu ES","og_description":"Abono en gr\u00e1nulos para la siembra y la regeneraci\u00f3n del prado.","og_url":"https:\/\/www.copyr.eu\/es\/prodotto\/fortyl-concime-semina-e-rigenerazione-prato-en-granulos\/","og_site_name":"Copyr.eu ES","article_modified_time":"2022-04-29T10:48:27+00:00","og_image":[{"width":"1500","height":"1500","url":"https:\/\/www.copyr.eu\/es\/wp-content\/uploads\/sites\/10\/2021\/08\/1700115_Fortyl_Semina-Rigen-prato-AST.jpg","path":"\/var\/www\/vhosts\/copyr.eu\/httpdocs\/wp-content\/uploads\/sites\/10\/2021\/08\/1700115_Fortyl_Semina-Rigen-prato-AST.jpg","size":"full","id":11305,"alt":"","pixels":2250000,"type":"image\/jpeg"}],"twitter_card":"summary_large_image","schema":{"@context":"https:\/\/schema.org","@graph":[{"@type":"WebSite","@id":"https:\/\/www.copyr.eu\/es\/#website","url":"https:\/\/www.copyr.eu\/es\/","name":"Copyr.eu ES","description":"Migliorare la qualit\u00e0, la sicurezza e l&#039;igiene dei luoghi in cui viviamo","potentialAction":[{"@type":"SearchAction","target":{"@type":"EntryPoint","urlTemplate":"https:\/\/www.copyr.eu\/es\/?s={search_term_string}"},"query-input":"required name=search_term_string"}],"inLanguage":"es"},{"@type":"ImageObject","@id":"https:\/\/www.copyr.eu\/es\/prodotto\/fortyl-concime-semina-e-rigenerazione-prato-en-granulos\/#primaryimage","inLanguage":"es","url":"https:\/\/www.copyr.eu\/es\/wp-content\/uploads\/sites\/10\/2021\/08\/1700115_Fortyl_Semina-Rigen-prato-AST.jpg","contentUrl":"https:\/\/www.copyr.eu\/es\/wp-content\/uploads\/sites\/10\/2021\/08\/1700115_Fortyl_Semina-Rigen-prato-AST.jpg","width":"1500","height":"1500"},{"@type":"WebPage","@id":"https:\/\/www.copyr.eu\/es\/prodotto\/fortyl-concime-semina-e-rigenerazione-prato-en-granulos\/#webpage","url":"https:\/\/www.copyr.eu\/es\/prodotto\/fortyl-concime-semina-e-rigenerazione-prato-en-granulos\/","name":"FORTYL CONCIME SEMINA E RIGENERAZIONE PRATO en gr\u00e1nulos - Copyr.eu ES","isPartOf":{"@id":"https:\/\/www.copyr.eu\/es\/#website"},"primaryImageOfPage":{"@id":"https:\/\/www.copyr.eu\/es\/prodotto\/fortyl-concime-semina-e-rigenerazione-prato-en-granulos\/#primaryimage"},"datePublished":"2022-04-29T10:09:26+00:00","dateModified":"2022-04-29T10:48:27+00:00","breadcrumb":{"@id":"https:\/\/www.copyr.eu\/es\/prodotto\/fortyl-concime-semina-e-rigenerazione-prato-en-granulos\/#breadcrumb"},"inLanguage":"es","potentialAction":[{"@type":"ReadAction","target":["https:\/\/www.copyr.eu\/es\/prodotto\/fortyl-concime-semina-e-rigenerazione-prato-en-granulos\/"]}]},{"@type":"BreadcrumbList","@id":"https:\/\/www.copyr.eu\/es\/prodotto\/fortyl-concime-semina-e-rigenerazione-prato-en-granulos\/#breadcrumb","itemListElement":[{"@type":"ListItem","position":1,"name":"Home","item":"https:\/\/www.copyr.eu\/es\/"},{"@type":"ListItem","position":2,"name":"Tutti i prodotti","item":"https:\/\/www.copyr.eu\/es\/tutti-i-prodotti\/"},{"@type":"ListItem","position":3,"name":"FORTYL CONCIME SEMINA E RIGENERAZIONE PRATO en gr\u00e1nulos"}]}]}},"_links":{"self":[{"href":"https:\/\/www.copyr.eu\/es\/wp-json\/wp\/v2\/product\/5171"}],"collection":[{"href":"https:\/\/www.copyr.eu\/es\/wp-json\/wp\/v2\/product"}],"about":[{"href":"https:\/\/www.copyr.eu\/es\/wp-json\/wp\/v2\/types\/product"}],"replies":[{"embeddable":true,"href":"https:\/\/www.copyr.eu\/es\/wp-json\/wp\/v2\/comments?post=5171"}],"wp:featuredmedia":[{"embeddable":true,"href":"https:\/\/www.copyr.eu\/es\/wp-json\/wp\/v2\/media\/11305"}],"wp:attachment":[{"href":"https:\/\/www.copyr.eu\/es\/wp-json\/wp\/v2\/media?parent=5171"}],"wp:term":[{"taxonomy":"product_cat","embeddable":true,"href":"https:\/\/www.copyr.eu\/es\/wp-json\/wp\/v2\/product_cat?post=5171"},{"taxonomy":"product_tag","embeddable":true,"href":"https:\/\/www.copyr.eu\/es\/wp-json\/wp\/v2\/product_tag?post=5171"},{"taxonomy":"malattie-piante","embeddable":true,"href":"https:\/\/www.copyr.eu\/es\/wp-json\/wp\/v2\/malattie-piante?post=5171"},{"taxonomy":"infestanti-ambiente","embeddable":true,"href":"https:\/\/www.copyr.eu\/es\/wp-json\/wp\/v2\/infestanti-ambiente?post=5171"},{"taxonomy":"infestanti-piante","embeddable":true,"href":"https:\/\/www.copyr.eu\/es\/wp-json\/wp\/v2\/infestanti-piante?post=5171"},{"taxonomy":"utilizzo","embeddable":true,"href":"https:\/\/www.copyr.eu\/es\/wp-json\/wp\/v2\/utilizzo?post=5171"}],"curies":[{"name":"wp","href":"https:\/\/api.w.org\/{rel}","templated":true}]}}