{"id":5012,"date":"2022-04-29T12:08:57","date_gmt":"2022-04-29T10:08:57","guid":{"rendered":"https:\/\/www.copyr.eu\/es\/prodotto\/mouse-box-2530450\/"},"modified":"2022-04-29T12:39:18","modified_gmt":"2022-04-29T10:39:18","slug":"mouse-box","status":"publish","type":"product","link":"https:\/\/www.copyr.eu\/es\/prodotto\/mouse-box\/","title":{"rendered":"MOUSE BOX"},"content":{"rendered":"<p style=\"text-align: justify;\">Portacebos de pl\u00e1stico para cebos rodenticidas, s\u00f3lido y seguro. La tapa est\u00e1 unida a la base con un mecanismo de bisagra que permite extraerla f\u00e1cilmente. Posee una cerradura de seguridad. Es id\u00f3neo para todo tipo de cebo, viene preparado de f\u00e1brica para combinarlo con la trampa CRAWL TRAP.<\/p>\n","protected":false},"excerpt":{"rendered":"<p>Portacebos para rodenticidas espec\u00edfico para el control de los ratones.<\/p>\n","protected":false},"featured_media":11281,"comment_status":"closed","ping_status":"open","template":"","meta":{"content-type":""},"product_cat":[23],"product_tag":[],"malattie-piante":[],"infestanti-ambiente":[1458],"infestanti-piante":[],"utilizzo":[1429],"yoast_head":"<!-- This site is optimized with the Yoast SEO plugin v17.0 - https:\/\/yoast.com\/wordpress\/plugins\/seo\/ -->\n<title>MOUSE BOX - Copyr.eu ES<\/title>\n<meta name=\"robots\" content=\"index, follow, max-snippet:-1, max-image-preview:large, max-video-preview:-1\" \/>\n<link rel=\"canonical\" href=\"https:\/\/www.copyr.eu\/es\/prodotto\/mouse-box\/\" \/>\n<meta property=\"og:locale\" content=\"es_ES\" \/>\n<meta property=\"og:type\" content=\"article\" \/>\n<meta property=\"og:title\" content=\"MOUSE BOX - Copyr.eu ES\" \/>\n<meta property=\"og:description\" content=\"Portacebos para rodenticidas espec\u00edfico para el control de los ratones.\" \/>\n<meta property=\"og:url\" content=\"https:\/\/www.copyr.eu\/es\/prodotto\/mouse-box\/\" \/>\n<meta property=\"og:site_name\" content=\"Copyr.eu ES\" \/>\n<meta property=\"article:modified_time\" content=\"2022-04-29T10:39:18+00:00\" \/>\n<meta property=\"og:image\" content=\"https:\/\/www.copyr.eu\/es\/wp-content\/uploads\/sites\/10\/2021\/08\/2530450_Mouse-Box.jpg\" \/>\n\t<meta property=\"og:image:width\" content=\"1500\" \/>\n\t<meta property=\"og:image:height\" content=\"1500\" \/>\n<meta name=\"twitter:card\" content=\"summary_large_image\" \/>\n<script type=\"application\/ld+json\" class=\"yoast-schema-graph\">{\"@context\":\"https:\/\/schema.org\",\"@graph\":[{\"@type\":\"WebSite\",\"@id\":\"https:\/\/www.copyr.eu\/es\/#website\",\"url\":\"https:\/\/www.copyr.eu\/es\/\",\"name\":\"Copyr.eu ES\",\"description\":\"Migliorare la qualit\\u00e0, la sicurezza e l&#039;igiene dei luoghi in cui viviamo\",\"potentialAction\":[{\"@type\":\"SearchAction\",\"target\":{\"@type\":\"EntryPoint\",\"urlTemplate\":\"https:\/\/www.copyr.eu\/es\/?s={search_term_string}\"},\"query-input\":\"required name=search_term_string\"}],\"inLanguage\":\"es\"},{\"@type\":\"ImageObject\",\"@id\":\"https:\/\/www.copyr.eu\/es\/prodotto\/mouse-box\/#primaryimage\",\"inLanguage\":\"es\",\"url\":\"https:\/\/www.copyr.eu\/es\/wp-content\/uploads\/sites\/10\/2021\/08\/2530450_Mouse-Box.jpg\",\"contentUrl\":\"https:\/\/www.copyr.eu\/es\/wp-content\/uploads\/sites\/10\/2021\/08\/2530450_Mouse-Box.jpg\",\"width\":\"1500\",\"height\":\"1500\"},{\"@type\":\"WebPage\",\"@id\":\"https:\/\/www.copyr.eu\/es\/prodotto\/mouse-box\/#webpage\",\"url\":\"https:\/\/www.copyr.eu\/es\/prodotto\/mouse-box\/\",\"name\":\"MOUSE BOX - Copyr.eu ES\",\"isPartOf\":{\"@id\":\"https:\/\/www.copyr.eu\/es\/#website\"},\"primaryImageOfPage\":{\"@id\":\"https:\/\/www.copyr.eu\/es\/prodotto\/mouse-box\/#primaryimage\"},\"datePublished\":\"2022-04-29T10:08:57+00:00\",\"dateModified\":\"2022-04-29T10:39:18+00:00\",\"breadcrumb\":{\"@id\":\"https:\/\/www.copyr.eu\/es\/prodotto\/mouse-box\/#breadcrumb\"},\"inLanguage\":\"es\",\"potentialAction\":[{\"@type\":\"ReadAction\",\"target\":[\"https:\/\/www.copyr.eu\/es\/prodotto\/mouse-box\/\"]}]},{\"@type\":\"BreadcrumbList\",\"@id\":\"https:\/\/www.copyr.eu\/es\/prodotto\/mouse-box\/#breadcrumb\",\"itemListElement\":[{\"@type\":\"ListItem\",\"position\":1,\"name\":\"Home\",\"item\":\"https:\/\/www.copyr.eu\/es\/\"},{\"@type\":\"ListItem\",\"position\":2,\"name\":\"Tutti i prodotti\",\"item\":\"https:\/\/www.copyr.eu\/es\/tutti-i-prodotti\/\"},{\"@type\":\"ListItem\",\"position\":3,\"name\":\"MOUSE BOX\"}]}]}<\/script>\n<!-- \/ Yoast SEO plugin. -->","yoast_head_json":{"title":"MOUSE BOX - Copyr.eu ES","robots":{"index":"index","follow":"follow","max-snippet":"max-snippet:-1","max-image-preview":"max-image-preview:large","max-video-preview":"max-video-preview:-1"},"canonical":"https:\/\/www.copyr.eu\/es\/prodotto\/mouse-box\/","og_locale":"es_ES","og_type":"article","og_title":"MOUSE BOX - Copyr.eu ES","og_description":"Portacebos para rodenticidas espec\u00edfico para el control de los ratones.","og_url":"https:\/\/www.copyr.eu\/es\/prodotto\/mouse-box\/","og_site_name":"Copyr.eu ES","article_modified_time":"2022-04-29T10:39:18+00:00","og_image":[{"width":"1500","height":"1500","url":"https:\/\/www.copyr.eu\/es\/wp-content\/uploads\/sites\/10\/2021\/08\/2530450_Mouse-Box.jpg","path":"\/var\/www\/vhosts\/copyr.eu\/httpdocs\/wp-content\/uploads\/sites\/10\/2021\/08\/2530450_Mouse-Box.jpg","size":"full","id":11281,"alt":"","pixels":2250000,"type":"image\/jpeg"}],"twitter_card":"summary_large_image","schema":{"@context":"https:\/\/schema.org","@graph":[{"@type":"WebSite","@id":"https:\/\/www.copyr.eu\/es\/#website","url":"https:\/\/www.copyr.eu\/es\/","name":"Copyr.eu ES","description":"Migliorare la qualit\u00e0, la sicurezza e l&#039;igiene dei luoghi in cui viviamo","potentialAction":[{"@type":"SearchAction","target":{"@type":"EntryPoint","urlTemplate":"https:\/\/www.copyr.eu\/es\/?s={search_term_string}"},"query-input":"required name=search_term_string"}],"inLanguage":"es"},{"@type":"ImageObject","@id":"https:\/\/www.copyr.eu\/es\/prodotto\/mouse-box\/#primaryimage","inLanguage":"es","url":"https:\/\/www.copyr.eu\/es\/wp-content\/uploads\/sites\/10\/2021\/08\/2530450_Mouse-Box.jpg","contentUrl":"https:\/\/www.copyr.eu\/es\/wp-content\/uploads\/sites\/10\/2021\/08\/2530450_Mouse-Box.jpg","width":"1500","height":"1500"},{"@type":"WebPage","@id":"https:\/\/www.copyr.eu\/es\/prodotto\/mouse-box\/#webpage","url":"https:\/\/www.copyr.eu\/es\/prodotto\/mouse-box\/","name":"MOUSE BOX - Copyr.eu ES","isPartOf":{"@id":"https:\/\/www.copyr.eu\/es\/#website"},"primaryImageOfPage":{"@id":"https:\/\/www.copyr.eu\/es\/prodotto\/mouse-box\/#primaryimage"},"datePublished":"2022-04-29T10:08:57+00:00","dateModified":"2022-04-29T10:39:18+00:00","breadcrumb":{"@id":"https:\/\/www.copyr.eu\/es\/prodotto\/mouse-box\/#breadcrumb"},"inLanguage":"es","potentialAction":[{"@type":"ReadAction","target":["https:\/\/www.copyr.eu\/es\/prodotto\/mouse-box\/"]}]},{"@type":"BreadcrumbList","@id":"https:\/\/www.copyr.eu\/es\/prodotto\/mouse-box\/#breadcrumb","itemListElement":[{"@type":"ListItem","position":1,"name":"Home","item":"https:\/\/www.copyr.eu\/es\/"},{"@type":"ListItem","position":2,"name":"Tutti i prodotti","item":"https:\/\/www.copyr.eu\/es\/tutti-i-prodotti\/"},{"@type":"ListItem","position":3,"name":"MOUSE BOX"}]}]}},"_links":{"self":[{"href":"https:\/\/www.copyr.eu\/es\/wp-json\/wp\/v2\/product\/5012"}],"collection":[{"href":"https:\/\/www.copyr.eu\/es\/wp-json\/wp\/v2\/product"}],"about":[{"href":"https:\/\/www.copyr.eu\/es\/wp-json\/wp\/v2\/types\/product"}],"replies":[{"embeddable":true,"href":"https:\/\/www.copyr.eu\/es\/wp-json\/wp\/v2\/comments?post=5012"}],"wp:featuredmedia":[{"embeddable":true,"href":"https:\/\/www.copyr.eu\/es\/wp-json\/wp\/v2\/media\/11281"}],"wp:attachment":[{"href":"https:\/\/www.copyr.eu\/es\/wp-json\/wp\/v2\/media?parent=5012"}],"wp:term":[{"taxonomy":"product_cat","embeddable":true,"href":"https:\/\/www.copyr.eu\/es\/wp-json\/wp\/v2\/product_cat?post=5012"},{"taxonomy":"product_tag","embeddable":true,"href":"https:\/\/www.copyr.eu\/es\/wp-json\/wp\/v2\/product_tag?post=5012"},{"taxonomy":"malattie-piante","embeddable":true,"href":"https:\/\/www.copyr.eu\/es\/wp-json\/wp\/v2\/malattie-piante?post=5012"},{"taxonomy":"infestanti-ambiente","embeddable":true,"href":"https:\/\/www.copyr.eu\/es\/wp-json\/wp\/v2\/infestanti-ambiente?post=5012"},{"taxonomy":"infestanti-piante","embeddable":true,"href":"https:\/\/www.copyr.eu\/es\/wp-json\/wp\/v2\/infestanti-piante?post=5012"},{"taxonomy":"utilizzo","embeddable":true,"href":"https:\/\/www.copyr.eu\/es\/wp-json\/wp\/v2\/utilizzo?post=5012"}],"curies":[{"name":"wp","href":"https:\/\/api.w.org\/{rel}","templated":true}]}}