{"id":5002,"date":"2022-04-29T12:08:57","date_gmt":"2022-04-29T10:08:57","guid":{"rendered":"https:\/\/www.copyr.eu\/es\/prodotto\/nebulo-evo-3205300\/"},"modified":"2022-04-29T12:42:58","modified_gmt":"2022-04-29T10:42:58","slug":"nebulo-evo","status":"publish","type":"product","link":"https:\/\/www.copyr.eu\/es\/prodotto\/nebulo-evo\/","title":{"rendered":"NEBULO\u00ae EVO"},"content":{"rendered":"<p>NEBULO Evo es el nuevo nebulizador de Copyr que, hoy, resulta m\u00e1s vers\u00e1til todav\u00eda gracias a la extensi\u00f3n que ampl\u00eda el radio de acci\u00f3n de Nebulo Europa.<br \/>\nLas caracter\u00edsticas m\u00e1s destacadas de NEBULO Evo son:<\/p>\n<ul>\n<li>estructura de material termopl\u00e1stico resistente a los golpes y a los agentes qu\u00edmicos<\/li>\n<li>motor el\u00e9ctrico de gran potencia<\/li>\n<li>nueva boquilla y sistema innovador de regulaci\u00f3n del flujo<\/li>\n<li>es posible orientar a la perfecci\u00f3n el chorro gracias a la extensi\u00f3n (opcional)<\/li>\n<li>es posible cargarlo al hombro gracias al arn\u00e9s en forma de morral (opcional).<\/li>\n<\/ul>\n<p>El regulador de flujo le permitir\u00e1 saber siempre qu\u00e9 cantidad de l\u00edquido est\u00e1 nebulizando (de 15 a 200 cm3 por minuto, en funci\u00f3n del grado de viscosidad del l\u00edquido a nebulizar).<\/p>\n<p>Las part\u00edculas, que se emiten durante el funcionamiento de NEBULO EVO, poseen un di\u00e1metro regular de aproximadamente 20 micrones. La niebla generada se clasifica como de ultra bajo volumen (ULV) y garantiza un per\u00edodo m\u00e1s prolongado de flotaci\u00f3n en el aire.<\/p>\n<p style=\"background-color: #239d46; padding: 10px; margin-bottom: 30px; width: 200px;\"><a style=\"color: #ffffff; text-decoration: none; text-transformation: uppercase;\" href=\"https:\/\/www.copyr.eu\/wp-content\/uploads\/2020\/02\/NEBULO_EVO_NEBUROTOR_MANUALE_USO_Rev2_ITA.pdf\">Bajar el Manual de Instrucciones<\/a><\/p>\n","protected":false},"excerpt":{"rendered":"<p>Nebulizador el\u00e9ctrico en fr\u00edo de ultra bajo volumen (ULV) con extensi\u00f3n<\/p>\n","protected":false},"featured_media":11275,"comment_status":"closed","ping_status":"open","template":"","meta":{"content-type":""},"product_cat":[25],"product_tag":[],"malattie-piante":[],"infestanti-ambiente":[],"infestanti-piante":[],"utilizzo":[1429],"yoast_head":"<!-- This site is optimized with the Yoast SEO plugin v17.0 - https:\/\/yoast.com\/wordpress\/plugins\/seo\/ -->\n<title>NEBULO\u00ae EVO - Copyr.eu ES<\/title>\n<meta name=\"robots\" content=\"index, follow, max-snippet:-1, max-image-preview:large, max-video-preview:-1\" \/>\n<link rel=\"canonical\" href=\"https:\/\/www.copyr.eu\/es\/prodotto\/nebulo-evo\/\" \/>\n<meta property=\"og:locale\" content=\"es_ES\" \/>\n<meta property=\"og:type\" content=\"article\" \/>\n<meta property=\"og:title\" content=\"NEBULO\u00ae EVO - Copyr.eu ES\" \/>\n<meta property=\"og:description\" content=\"Nebulizador el\u00e9ctrico en fr\u00edo de ultra bajo volumen (ULV) con extensi\u00f3n\" \/>\n<meta property=\"og:url\" content=\"https:\/\/www.copyr.eu\/es\/prodotto\/nebulo-evo\/\" \/>\n<meta property=\"og:site_name\" content=\"Copyr.eu ES\" \/>\n<meta property=\"article:modified_time\" content=\"2022-04-29T10:42:58+00:00\" \/>\n<meta property=\"og:image\" content=\"https:\/\/www.copyr.eu\/es\/wp-content\/uploads\/sites\/10\/2021\/08\/3205303_Nebulo-Evo_senza-prolunga.jpg\" \/>\n\t<meta property=\"og:image:width\" content=\"1500\" \/>\n\t<meta property=\"og:image:height\" content=\"1500\" \/>\n<meta name=\"twitter:card\" content=\"summary_large_image\" \/>\n<meta name=\"twitter:label1\" content=\"Tiempo de lectura\" \/>\n\t<meta name=\"twitter:data1\" content=\"1 minuto\" \/>\n<script type=\"application\/ld+json\" class=\"yoast-schema-graph\">{\"@context\":\"https:\/\/schema.org\",\"@graph\":[{\"@type\":\"WebSite\",\"@id\":\"https:\/\/www.copyr.eu\/es\/#website\",\"url\":\"https:\/\/www.copyr.eu\/es\/\",\"name\":\"Copyr.eu ES\",\"description\":\"Migliorare la qualit\\u00e0, la sicurezza e l&#039;igiene dei luoghi in cui viviamo\",\"potentialAction\":[{\"@type\":\"SearchAction\",\"target\":{\"@type\":\"EntryPoint\",\"urlTemplate\":\"https:\/\/www.copyr.eu\/es\/?s={search_term_string}\"},\"query-input\":\"required name=search_term_string\"}],\"inLanguage\":\"es\"},{\"@type\":\"ImageObject\",\"@id\":\"https:\/\/www.copyr.eu\/es\/prodotto\/nebulo-evo\/#primaryimage\",\"inLanguage\":\"es\",\"url\":\"https:\/\/www.copyr.eu\/es\/wp-content\/uploads\/sites\/10\/2021\/08\/3205303_Nebulo-Evo_senza-prolunga.jpg\",\"contentUrl\":\"https:\/\/www.copyr.eu\/es\/wp-content\/uploads\/sites\/10\/2021\/08\/3205303_Nebulo-Evo_senza-prolunga.jpg\",\"width\":\"1500\",\"height\":\"1500\"},{\"@type\":\"WebPage\",\"@id\":\"https:\/\/www.copyr.eu\/es\/prodotto\/nebulo-evo\/#webpage\",\"url\":\"https:\/\/www.copyr.eu\/es\/prodotto\/nebulo-evo\/\",\"name\":\"NEBULO\\u00ae EVO - Copyr.eu ES\",\"isPartOf\":{\"@id\":\"https:\/\/www.copyr.eu\/es\/#website\"},\"primaryImageOfPage\":{\"@id\":\"https:\/\/www.copyr.eu\/es\/prodotto\/nebulo-evo\/#primaryimage\"},\"datePublished\":\"2022-04-29T10:08:57+00:00\",\"dateModified\":\"2022-04-29T10:42:58+00:00\",\"breadcrumb\":{\"@id\":\"https:\/\/www.copyr.eu\/es\/prodotto\/nebulo-evo\/#breadcrumb\"},\"inLanguage\":\"es\",\"potentialAction\":[{\"@type\":\"ReadAction\",\"target\":[\"https:\/\/www.copyr.eu\/es\/prodotto\/nebulo-evo\/\"]}]},{\"@type\":\"BreadcrumbList\",\"@id\":\"https:\/\/www.copyr.eu\/es\/prodotto\/nebulo-evo\/#breadcrumb\",\"itemListElement\":[{\"@type\":\"ListItem\",\"position\":1,\"name\":\"Home\",\"item\":\"https:\/\/www.copyr.eu\/es\/\"},{\"@type\":\"ListItem\",\"position\":2,\"name\":\"Tutti i prodotti\",\"item\":\"https:\/\/www.copyr.eu\/es\/tutti-i-prodotti\/\"},{\"@type\":\"ListItem\",\"position\":3,\"name\":\"NEBULO\\u00ae EVO\"}]}]}<\/script>\n<!-- \/ Yoast SEO plugin. -->","yoast_head_json":{"title":"NEBULO\u00ae EVO - Copyr.eu ES","robots":{"index":"index","follow":"follow","max-snippet":"max-snippet:-1","max-image-preview":"max-image-preview:large","max-video-preview":"max-video-preview:-1"},"canonical":"https:\/\/www.copyr.eu\/es\/prodotto\/nebulo-evo\/","og_locale":"es_ES","og_type":"article","og_title":"NEBULO\u00ae EVO - Copyr.eu ES","og_description":"Nebulizador el\u00e9ctrico en fr\u00edo de ultra bajo volumen (ULV) con extensi\u00f3n","og_url":"https:\/\/www.copyr.eu\/es\/prodotto\/nebulo-evo\/","og_site_name":"Copyr.eu ES","article_modified_time":"2022-04-29T10:42:58+00:00","og_image":[{"width":"1500","height":"1500","url":"https:\/\/www.copyr.eu\/es\/wp-content\/uploads\/sites\/10\/2021\/08\/3205303_Nebulo-Evo_senza-prolunga.jpg","path":"\/var\/www\/vhosts\/copyr.eu\/httpdocs\/wp-content\/uploads\/sites\/10\/2021\/08\/3205303_Nebulo-Evo_senza-prolunga.jpg","size":"full","id":11275,"alt":"","pixels":2250000,"type":"image\/jpeg"}],"twitter_card":"summary_large_image","twitter_misc":{"Tiempo de lectura":"1 minuto"},"schema":{"@context":"https:\/\/schema.org","@graph":[{"@type":"WebSite","@id":"https:\/\/www.copyr.eu\/es\/#website","url":"https:\/\/www.copyr.eu\/es\/","name":"Copyr.eu ES","description":"Migliorare la qualit\u00e0, la sicurezza e l&#039;igiene dei luoghi in cui viviamo","potentialAction":[{"@type":"SearchAction","target":{"@type":"EntryPoint","urlTemplate":"https:\/\/www.copyr.eu\/es\/?s={search_term_string}"},"query-input":"required name=search_term_string"}],"inLanguage":"es"},{"@type":"ImageObject","@id":"https:\/\/www.copyr.eu\/es\/prodotto\/nebulo-evo\/#primaryimage","inLanguage":"es","url":"https:\/\/www.copyr.eu\/es\/wp-content\/uploads\/sites\/10\/2021\/08\/3205303_Nebulo-Evo_senza-prolunga.jpg","contentUrl":"https:\/\/www.copyr.eu\/es\/wp-content\/uploads\/sites\/10\/2021\/08\/3205303_Nebulo-Evo_senza-prolunga.jpg","width":"1500","height":"1500"},{"@type":"WebPage","@id":"https:\/\/www.copyr.eu\/es\/prodotto\/nebulo-evo\/#webpage","url":"https:\/\/www.copyr.eu\/es\/prodotto\/nebulo-evo\/","name":"NEBULO\u00ae EVO - Copyr.eu ES","isPartOf":{"@id":"https:\/\/www.copyr.eu\/es\/#website"},"primaryImageOfPage":{"@id":"https:\/\/www.copyr.eu\/es\/prodotto\/nebulo-evo\/#primaryimage"},"datePublished":"2022-04-29T10:08:57+00:00","dateModified":"2022-04-29T10:42:58+00:00","breadcrumb":{"@id":"https:\/\/www.copyr.eu\/es\/prodotto\/nebulo-evo\/#breadcrumb"},"inLanguage":"es","potentialAction":[{"@type":"ReadAction","target":["https:\/\/www.copyr.eu\/es\/prodotto\/nebulo-evo\/"]}]},{"@type":"BreadcrumbList","@id":"https:\/\/www.copyr.eu\/es\/prodotto\/nebulo-evo\/#breadcrumb","itemListElement":[{"@type":"ListItem","position":1,"name":"Home","item":"https:\/\/www.copyr.eu\/es\/"},{"@type":"ListItem","position":2,"name":"Tutti i prodotti","item":"https:\/\/www.copyr.eu\/es\/tutti-i-prodotti\/"},{"@type":"ListItem","position":3,"name":"NEBULO\u00ae EVO"}]}]}},"_links":{"self":[{"href":"https:\/\/www.copyr.eu\/es\/wp-json\/wp\/v2\/product\/5002"}],"collection":[{"href":"https:\/\/www.copyr.eu\/es\/wp-json\/wp\/v2\/product"}],"about":[{"href":"https:\/\/www.copyr.eu\/es\/wp-json\/wp\/v2\/types\/product"}],"replies":[{"embeddable":true,"href":"https:\/\/www.copyr.eu\/es\/wp-json\/wp\/v2\/comments?post=5002"}],"wp:featuredmedia":[{"embeddable":true,"href":"https:\/\/www.copyr.eu\/es\/wp-json\/wp\/v2\/media\/11275"}],"wp:attachment":[{"href":"https:\/\/www.copyr.eu\/es\/wp-json\/wp\/v2\/media?parent=5002"}],"wp:term":[{"taxonomy":"product_cat","embeddable":true,"href":"https:\/\/www.copyr.eu\/es\/wp-json\/wp\/v2\/product_cat?post=5002"},{"taxonomy":"product_tag","embeddable":true,"href":"https:\/\/www.copyr.eu\/es\/wp-json\/wp\/v2\/product_tag?post=5002"},{"taxonomy":"malattie-piante","embeddable":true,"href":"https:\/\/www.copyr.eu\/es\/wp-json\/wp\/v2\/malattie-piante?post=5002"},{"taxonomy":"infestanti-ambiente","embeddable":true,"href":"https:\/\/www.copyr.eu\/es\/wp-json\/wp\/v2\/infestanti-ambiente?post=5002"},{"taxonomy":"infestanti-piante","embeddable":true,"href":"https:\/\/www.copyr.eu\/es\/wp-json\/wp\/v2\/infestanti-piante?post=5002"},{"taxonomy":"utilizzo","embeddable":true,"href":"https:\/\/www.copyr.eu\/es\/wp-json\/wp\/v2\/utilizzo?post=5002"}],"curies":[{"name":"wp","href":"https:\/\/api.w.org\/{rel}","templated":true}]}}