{"id":4928,"date":"2022-04-29T12:08:57","date_gmt":"2022-04-29T10:08:57","guid":{"rendered":"https:\/\/www.copyr.eu\/es\/prodotto\/kenyatox-i-a-300015\/"},"modified":"2022-04-29T12:40:16","modified_gmt":"2022-04-29T10:40:16","slug":"kenyatox-i-a","status":"publish","type":"product","link":"https:\/\/www.copyr.eu\/es\/prodotto\/kenyatox-i-a\/","title":{"rendered":"KENYATOX  I. A."},"content":{"rendered":"<p style=\"text-align: justify;\">Este insecticida, exclusivamente a base de Piretro natural y otros ingredientes sin\u00e9rgicos, se estudi\u00f3 especialmente para la industria alimentaria y posee las siguientes caracter\u00edsticas: es inodoro, no mancha y despliega una efectividad elevada contra una gran variedad de insectos voladores y rastreros. Debido a su acci\u00f3n insecticida, KENYATOX es r\u00e1pido: en pocos minutos, los espacios tratados se ven libres de insectos. Gracias al Piretro natural: no provoca fen\u00f3menos de resistencia ni de dependencia. Por tanto, en virtud de sus caracter\u00edsticas, KENYATOX es un insecticida que se puede usar con seguridad en las f\u00e1bricas de embutidos, carne procesada, conservas alimenticias, golosinas, productos en bote, productos l\u00e1cteos, zumos de fruta y bebidas, al igual que en las pescader\u00edas, carnicer\u00edas, panader\u00edas y f\u00e1bricas de pastas, confiter\u00edas, ultramarinos y almacenes de g\u00e9neros alimenticios, molinos, etc.<\/p>\n","protected":false},"excerpt":{"rendered":"<p>Insecticida a base de Piretro natural. F\u00f3rmula para la industria alimentaria.<\/p>\n","protected":false},"featured_media":11262,"comment_status":"closed","ping_status":"open","template":"","meta":{"content-type":""},"product_cat":[22],"product_tag":[],"malattie-piante":[],"infestanti-ambiente":[1424,1450,1472,1425,1428],"infestanti-piante":[],"utilizzo":[1429],"yoast_head":"<!-- This site is optimized with the Yoast SEO plugin v17.0 - https:\/\/yoast.com\/wordpress\/plugins\/seo\/ -->\n<title>KENYATOX I. A. - Copyr.eu ES<\/title>\n<meta name=\"robots\" content=\"index, follow, max-snippet:-1, max-image-preview:large, max-video-preview:-1\" \/>\n<link rel=\"canonical\" href=\"https:\/\/www.copyr.eu\/es\/prodotto\/kenyatox-i-a\/\" \/>\n<meta property=\"og:locale\" content=\"es_ES\" \/>\n<meta property=\"og:type\" content=\"article\" \/>\n<meta property=\"og:title\" content=\"KENYATOX I. A. - Copyr.eu ES\" \/>\n<meta property=\"og:description\" content=\"Insecticida a base de Piretro natural. F\u00f3rmula para la industria alimentaria.\" \/>\n<meta property=\"og:url\" content=\"https:\/\/www.copyr.eu\/es\/prodotto\/kenyatox-i-a\/\" \/>\n<meta property=\"og:site_name\" content=\"Copyr.eu ES\" \/>\n<meta property=\"article:modified_time\" content=\"2022-04-29T10:40:16+00:00\" \/>\n<meta property=\"og:image\" content=\"https:\/\/www.copyr.eu\/es\/wp-content\/uploads\/sites\/10\/2021\/08\/0300015_KENYATOX-I.A._1L.jpg\" \/>\n\t<meta property=\"og:image:width\" content=\"1500\" \/>\n\t<meta property=\"og:image:height\" content=\"1500\" \/>\n<meta name=\"twitter:card\" content=\"summary_large_image\" \/>\n<meta name=\"twitter:label1\" content=\"Tiempo de lectura\" \/>\n\t<meta name=\"twitter:data1\" content=\"1 minuto\" \/>\n<script type=\"application\/ld+json\" class=\"yoast-schema-graph\">{\"@context\":\"https:\/\/schema.org\",\"@graph\":[{\"@type\":\"WebSite\",\"@id\":\"https:\/\/www.copyr.eu\/es\/#website\",\"url\":\"https:\/\/www.copyr.eu\/es\/\",\"name\":\"Copyr.eu ES\",\"description\":\"Migliorare la qualit\\u00e0, la sicurezza e l&#039;igiene dei luoghi in cui viviamo\",\"potentialAction\":[{\"@type\":\"SearchAction\",\"target\":{\"@type\":\"EntryPoint\",\"urlTemplate\":\"https:\/\/www.copyr.eu\/es\/?s={search_term_string}\"},\"query-input\":\"required name=search_term_string\"}],\"inLanguage\":\"es\"},{\"@type\":\"ImageObject\",\"@id\":\"https:\/\/www.copyr.eu\/es\/prodotto\/kenyatox-i-a\/#primaryimage\",\"inLanguage\":\"es\",\"url\":\"https:\/\/www.copyr.eu\/es\/wp-content\/uploads\/sites\/10\/2021\/08\/0300015_KENYATOX-I.A._1L.jpg\",\"contentUrl\":\"https:\/\/www.copyr.eu\/es\/wp-content\/uploads\/sites\/10\/2021\/08\/0300015_KENYATOX-I.A._1L.jpg\",\"width\":\"1500\",\"height\":\"1500\"},{\"@type\":\"WebPage\",\"@id\":\"https:\/\/www.copyr.eu\/es\/prodotto\/kenyatox-i-a\/#webpage\",\"url\":\"https:\/\/www.copyr.eu\/es\/prodotto\/kenyatox-i-a\/\",\"name\":\"KENYATOX I. A. - Copyr.eu ES\",\"isPartOf\":{\"@id\":\"https:\/\/www.copyr.eu\/es\/#website\"},\"primaryImageOfPage\":{\"@id\":\"https:\/\/www.copyr.eu\/es\/prodotto\/kenyatox-i-a\/#primaryimage\"},\"datePublished\":\"2022-04-29T10:08:57+00:00\",\"dateModified\":\"2022-04-29T10:40:16+00:00\",\"breadcrumb\":{\"@id\":\"https:\/\/www.copyr.eu\/es\/prodotto\/kenyatox-i-a\/#breadcrumb\"},\"inLanguage\":\"es\",\"potentialAction\":[{\"@type\":\"ReadAction\",\"target\":[\"https:\/\/www.copyr.eu\/es\/prodotto\/kenyatox-i-a\/\"]}]},{\"@type\":\"BreadcrumbList\",\"@id\":\"https:\/\/www.copyr.eu\/es\/prodotto\/kenyatox-i-a\/#breadcrumb\",\"itemListElement\":[{\"@type\":\"ListItem\",\"position\":1,\"name\":\"Home\",\"item\":\"https:\/\/www.copyr.eu\/es\/\"},{\"@type\":\"ListItem\",\"position\":2,\"name\":\"Tutti i prodotti\",\"item\":\"https:\/\/www.copyr.eu\/es\/tutti-i-prodotti\/\"},{\"@type\":\"ListItem\",\"position\":3,\"name\":\"KENYATOX I. A.\"}]}]}<\/script>\n<!-- \/ Yoast SEO plugin. -->","yoast_head_json":{"title":"KENYATOX I. A. - Copyr.eu ES","robots":{"index":"index","follow":"follow","max-snippet":"max-snippet:-1","max-image-preview":"max-image-preview:large","max-video-preview":"max-video-preview:-1"},"canonical":"https:\/\/www.copyr.eu\/es\/prodotto\/kenyatox-i-a\/","og_locale":"es_ES","og_type":"article","og_title":"KENYATOX I. A. - Copyr.eu ES","og_description":"Insecticida a base de Piretro natural. F\u00f3rmula para la industria alimentaria.","og_url":"https:\/\/www.copyr.eu\/es\/prodotto\/kenyatox-i-a\/","og_site_name":"Copyr.eu ES","article_modified_time":"2022-04-29T10:40:16+00:00","og_image":[{"width":"1500","height":"1500","url":"https:\/\/www.copyr.eu\/es\/wp-content\/uploads\/sites\/10\/2021\/08\/0300015_KENYATOX-I.A._1L.jpg","path":"\/var\/www\/vhosts\/copyr.eu\/httpdocs\/wp-content\/uploads\/sites\/10\/2021\/08\/0300015_KENYATOX-I.A._1L.jpg","size":"full","id":11262,"alt":"","pixels":2250000,"type":"image\/jpeg"}],"twitter_card":"summary_large_image","twitter_misc":{"Tiempo de lectura":"1 minuto"},"schema":{"@context":"https:\/\/schema.org","@graph":[{"@type":"WebSite","@id":"https:\/\/www.copyr.eu\/es\/#website","url":"https:\/\/www.copyr.eu\/es\/","name":"Copyr.eu ES","description":"Migliorare la qualit\u00e0, la sicurezza e l&#039;igiene dei luoghi in cui viviamo","potentialAction":[{"@type":"SearchAction","target":{"@type":"EntryPoint","urlTemplate":"https:\/\/www.copyr.eu\/es\/?s={search_term_string}"},"query-input":"required name=search_term_string"}],"inLanguage":"es"},{"@type":"ImageObject","@id":"https:\/\/www.copyr.eu\/es\/prodotto\/kenyatox-i-a\/#primaryimage","inLanguage":"es","url":"https:\/\/www.copyr.eu\/es\/wp-content\/uploads\/sites\/10\/2021\/08\/0300015_KENYATOX-I.A._1L.jpg","contentUrl":"https:\/\/www.copyr.eu\/es\/wp-content\/uploads\/sites\/10\/2021\/08\/0300015_KENYATOX-I.A._1L.jpg","width":"1500","height":"1500"},{"@type":"WebPage","@id":"https:\/\/www.copyr.eu\/es\/prodotto\/kenyatox-i-a\/#webpage","url":"https:\/\/www.copyr.eu\/es\/prodotto\/kenyatox-i-a\/","name":"KENYATOX I. A. - Copyr.eu ES","isPartOf":{"@id":"https:\/\/www.copyr.eu\/es\/#website"},"primaryImageOfPage":{"@id":"https:\/\/www.copyr.eu\/es\/prodotto\/kenyatox-i-a\/#primaryimage"},"datePublished":"2022-04-29T10:08:57+00:00","dateModified":"2022-04-29T10:40:16+00:00","breadcrumb":{"@id":"https:\/\/www.copyr.eu\/es\/prodotto\/kenyatox-i-a\/#breadcrumb"},"inLanguage":"es","potentialAction":[{"@type":"ReadAction","target":["https:\/\/www.copyr.eu\/es\/prodotto\/kenyatox-i-a\/"]}]},{"@type":"BreadcrumbList","@id":"https:\/\/www.copyr.eu\/es\/prodotto\/kenyatox-i-a\/#breadcrumb","itemListElement":[{"@type":"ListItem","position":1,"name":"Home","item":"https:\/\/www.copyr.eu\/es\/"},{"@type":"ListItem","position":2,"name":"Tutti i prodotti","item":"https:\/\/www.copyr.eu\/es\/tutti-i-prodotti\/"},{"@type":"ListItem","position":3,"name":"KENYATOX I. A."}]}]}},"_links":{"self":[{"href":"https:\/\/www.copyr.eu\/es\/wp-json\/wp\/v2\/product\/4928"}],"collection":[{"href":"https:\/\/www.copyr.eu\/es\/wp-json\/wp\/v2\/product"}],"about":[{"href":"https:\/\/www.copyr.eu\/es\/wp-json\/wp\/v2\/types\/product"}],"replies":[{"embeddable":true,"href":"https:\/\/www.copyr.eu\/es\/wp-json\/wp\/v2\/comments?post=4928"}],"wp:featuredmedia":[{"embeddable":true,"href":"https:\/\/www.copyr.eu\/es\/wp-json\/wp\/v2\/media\/11262"}],"wp:attachment":[{"href":"https:\/\/www.copyr.eu\/es\/wp-json\/wp\/v2\/media?parent=4928"}],"wp:term":[{"taxonomy":"product_cat","embeddable":true,"href":"https:\/\/www.copyr.eu\/es\/wp-json\/wp\/v2\/product_cat?post=4928"},{"taxonomy":"product_tag","embeddable":true,"href":"https:\/\/www.copyr.eu\/es\/wp-json\/wp\/v2\/product_tag?post=4928"},{"taxonomy":"malattie-piante","embeddable":true,"href":"https:\/\/www.copyr.eu\/es\/wp-json\/wp\/v2\/malattie-piante?post=4928"},{"taxonomy":"infestanti-ambiente","embeddable":true,"href":"https:\/\/www.copyr.eu\/es\/wp-json\/wp\/v2\/infestanti-ambiente?post=4928"},{"taxonomy":"infestanti-piante","embeddable":true,"href":"https:\/\/www.copyr.eu\/es\/wp-json\/wp\/v2\/infestanti-piante?post=4928"},{"taxonomy":"utilizzo","embeddable":true,"href":"https:\/\/www.copyr.eu\/es\/wp-json\/wp\/v2\/utilizzo?post=4928"}],"curies":[{"name":"wp","href":"https:\/\/api.w.org\/{rel}","templated":true}]}}