{"id":4861,"date":"2022-04-29T12:08:33","date_gmt":"2022-04-29T10:08:33","guid":{"rendered":"https:\/\/www.copyr.eu\/es\/prodotto\/decapy-flow-1538020\/"},"modified":"2022-04-29T12:40:20","modified_gmt":"2022-04-29T10:40:20","slug":"decapy-flow","status":"publish","type":"product","link":"https:\/\/www.copyr.eu\/es\/prodotto\/decapy-flow\/","title":{"rendered":"DECAPY  FLOW"},"content":{"rendered":"<p>Decapy Flow es una suspoemulsi\u00f3n que se caracteriza por su r\u00e1pido efecto de derribo, desanidante y residual contra los insectos rastreros y voladores y otras plagas.<br \/>Decapy Flow se emplea en la lucha contra cucarachas, hormigas, pulgas, garrapatas, chinches, moscas, t\u00e1banos, mosquitos, avispas, avispones, Lasioderma spp., polillas de los cultivos, Tribleustes ventricosus, gorgojos, derm\u00e9stidos, pececillos de plata, ara\u00f1as, etc. Para desinfectar espacios interiores. Tambi\u00e9n se aplica al aire libre.<br \/><span><strong>Tratamientos en espacios interiores<\/strong><br \/><\/span>Viviendas, comunidades, hospitales, cuarteles, bares, restaurantes, hoteles, cines, teatros, naves, aviones, almacenes, establecimientos industriales en general, incluidos los de la industria alimentaria.<br \/><strong>Tratamientos al aire libre<\/strong><br \/>Zonas que rodean las viviendas y pol\u00edgonos industriales, avenidas y parques urbanos, contenedores de basura y vertederos.<\/p>\n","protected":false},"excerpt":{"rendered":"<p>Insecticida en suspoemulsi\u00f3n concentrado para superficies no industriales.<\/p>\n","protected":false},"featured_media":11241,"comment_status":"closed","ping_status":"open","template":"","meta":{"content-type":""},"product_cat":[22],"product_tag":[],"malattie-piante":[],"infestanti-ambiente":[1481,1427,1466,1422,1454,1423,1468,1472,1425,1428,1480,1426],"infestanti-piante":[],"utilizzo":[1429],"yoast_head":"<!-- This site is optimized with the Yoast SEO plugin v17.0 - https:\/\/yoast.com\/wordpress\/plugins\/seo\/ -->\n<title>DECAPY FLOW - Copyr.eu ES<\/title>\n<meta name=\"robots\" content=\"index, follow, max-snippet:-1, max-image-preview:large, max-video-preview:-1\" \/>\n<link rel=\"canonical\" href=\"https:\/\/www.copyr.eu\/es\/prodotto\/decapy-flow\/\" \/>\n<meta property=\"og:locale\" content=\"es_ES\" \/>\n<meta property=\"og:type\" content=\"article\" \/>\n<meta property=\"og:title\" content=\"DECAPY FLOW - Copyr.eu ES\" \/>\n<meta property=\"og:description\" content=\"Insecticida en suspoemulsi\u00f3n concentrado para superficies no industriales.\" \/>\n<meta property=\"og:url\" content=\"https:\/\/www.copyr.eu\/es\/prodotto\/decapy-flow\/\" \/>\n<meta property=\"og:site_name\" content=\"Copyr.eu ES\" \/>\n<meta property=\"article:modified_time\" content=\"2022-04-29T10:40:20+00:00\" \/>\n<meta property=\"og:image\" content=\"https:\/\/www.copyr.eu\/es\/wp-content\/uploads\/sites\/10\/2021\/08\/1538020_DECAPY-FLOW-1Lt.jpg\" \/>\n\t<meta property=\"og:image:width\" content=\"1500\" \/>\n\t<meta property=\"og:image:height\" content=\"1500\" \/>\n<meta name=\"twitter:card\" content=\"summary_large_image\" \/>\n<meta name=\"twitter:label1\" content=\"Tiempo de lectura\" \/>\n\t<meta name=\"twitter:data1\" content=\"1 minuto\" \/>\n<script type=\"application\/ld+json\" class=\"yoast-schema-graph\">{\"@context\":\"https:\/\/schema.org\",\"@graph\":[{\"@type\":\"WebSite\",\"@id\":\"https:\/\/www.copyr.eu\/es\/#website\",\"url\":\"https:\/\/www.copyr.eu\/es\/\",\"name\":\"Copyr.eu ES\",\"description\":\"Migliorare la qualit\\u00e0, la sicurezza e l&#039;igiene dei luoghi in cui viviamo\",\"potentialAction\":[{\"@type\":\"SearchAction\",\"target\":{\"@type\":\"EntryPoint\",\"urlTemplate\":\"https:\/\/www.copyr.eu\/es\/?s={search_term_string}\"},\"query-input\":\"required name=search_term_string\"}],\"inLanguage\":\"es\"},{\"@type\":\"ImageObject\",\"@id\":\"https:\/\/www.copyr.eu\/es\/prodotto\/decapy-flow\/#primaryimage\",\"inLanguage\":\"es\",\"url\":\"https:\/\/www.copyr.eu\/es\/wp-content\/uploads\/sites\/10\/2021\/08\/1538020_DECAPY-FLOW-1Lt.jpg\",\"contentUrl\":\"https:\/\/www.copyr.eu\/es\/wp-content\/uploads\/sites\/10\/2021\/08\/1538020_DECAPY-FLOW-1Lt.jpg\",\"width\":\"1500\",\"height\":\"1500\"},{\"@type\":\"WebPage\",\"@id\":\"https:\/\/www.copyr.eu\/es\/prodotto\/decapy-flow\/#webpage\",\"url\":\"https:\/\/www.copyr.eu\/es\/prodotto\/decapy-flow\/\",\"name\":\"DECAPY FLOW - Copyr.eu ES\",\"isPartOf\":{\"@id\":\"https:\/\/www.copyr.eu\/es\/#website\"},\"primaryImageOfPage\":{\"@id\":\"https:\/\/www.copyr.eu\/es\/prodotto\/decapy-flow\/#primaryimage\"},\"datePublished\":\"2022-04-29T10:08:33+00:00\",\"dateModified\":\"2022-04-29T10:40:20+00:00\",\"breadcrumb\":{\"@id\":\"https:\/\/www.copyr.eu\/es\/prodotto\/decapy-flow\/#breadcrumb\"},\"inLanguage\":\"es\",\"potentialAction\":[{\"@type\":\"ReadAction\",\"target\":[\"https:\/\/www.copyr.eu\/es\/prodotto\/decapy-flow\/\"]}]},{\"@type\":\"BreadcrumbList\",\"@id\":\"https:\/\/www.copyr.eu\/es\/prodotto\/decapy-flow\/#breadcrumb\",\"itemListElement\":[{\"@type\":\"ListItem\",\"position\":1,\"name\":\"Home\",\"item\":\"https:\/\/www.copyr.eu\/es\/\"},{\"@type\":\"ListItem\",\"position\":2,\"name\":\"Tutti i prodotti\",\"item\":\"https:\/\/www.copyr.eu\/es\/tutti-i-prodotti\/\"},{\"@type\":\"ListItem\",\"position\":3,\"name\":\"DECAPY FLOW\"}]}]}<\/script>\n<!-- \/ Yoast SEO plugin. -->","yoast_head_json":{"title":"DECAPY FLOW - Copyr.eu ES","robots":{"index":"index","follow":"follow","max-snippet":"max-snippet:-1","max-image-preview":"max-image-preview:large","max-video-preview":"max-video-preview:-1"},"canonical":"https:\/\/www.copyr.eu\/es\/prodotto\/decapy-flow\/","og_locale":"es_ES","og_type":"article","og_title":"DECAPY FLOW - Copyr.eu ES","og_description":"Insecticida en suspoemulsi\u00f3n concentrado para superficies no industriales.","og_url":"https:\/\/www.copyr.eu\/es\/prodotto\/decapy-flow\/","og_site_name":"Copyr.eu ES","article_modified_time":"2022-04-29T10:40:20+00:00","og_image":[{"width":"1500","height":"1500","url":"https:\/\/www.copyr.eu\/es\/wp-content\/uploads\/sites\/10\/2021\/08\/1538020_DECAPY-FLOW-1Lt.jpg","path":"\/var\/www\/vhosts\/copyr.eu\/httpdocs\/wp-content\/uploads\/sites\/10\/2021\/08\/1538020_DECAPY-FLOW-1Lt.jpg","size":"full","id":11241,"alt":"","pixels":2250000,"type":"image\/jpeg"}],"twitter_card":"summary_large_image","twitter_misc":{"Tiempo de lectura":"1 minuto"},"schema":{"@context":"https:\/\/schema.org","@graph":[{"@type":"WebSite","@id":"https:\/\/www.copyr.eu\/es\/#website","url":"https:\/\/www.copyr.eu\/es\/","name":"Copyr.eu ES","description":"Migliorare la qualit\u00e0, la sicurezza e l&#039;igiene dei luoghi in cui viviamo","potentialAction":[{"@type":"SearchAction","target":{"@type":"EntryPoint","urlTemplate":"https:\/\/www.copyr.eu\/es\/?s={search_term_string}"},"query-input":"required name=search_term_string"}],"inLanguage":"es"},{"@type":"ImageObject","@id":"https:\/\/www.copyr.eu\/es\/prodotto\/decapy-flow\/#primaryimage","inLanguage":"es","url":"https:\/\/www.copyr.eu\/es\/wp-content\/uploads\/sites\/10\/2021\/08\/1538020_DECAPY-FLOW-1Lt.jpg","contentUrl":"https:\/\/www.copyr.eu\/es\/wp-content\/uploads\/sites\/10\/2021\/08\/1538020_DECAPY-FLOW-1Lt.jpg","width":"1500","height":"1500"},{"@type":"WebPage","@id":"https:\/\/www.copyr.eu\/es\/prodotto\/decapy-flow\/#webpage","url":"https:\/\/www.copyr.eu\/es\/prodotto\/decapy-flow\/","name":"DECAPY FLOW - Copyr.eu ES","isPartOf":{"@id":"https:\/\/www.copyr.eu\/es\/#website"},"primaryImageOfPage":{"@id":"https:\/\/www.copyr.eu\/es\/prodotto\/decapy-flow\/#primaryimage"},"datePublished":"2022-04-29T10:08:33+00:00","dateModified":"2022-04-29T10:40:20+00:00","breadcrumb":{"@id":"https:\/\/www.copyr.eu\/es\/prodotto\/decapy-flow\/#breadcrumb"},"inLanguage":"es","potentialAction":[{"@type":"ReadAction","target":["https:\/\/www.copyr.eu\/es\/prodotto\/decapy-flow\/"]}]},{"@type":"BreadcrumbList","@id":"https:\/\/www.copyr.eu\/es\/prodotto\/decapy-flow\/#breadcrumb","itemListElement":[{"@type":"ListItem","position":1,"name":"Home","item":"https:\/\/www.copyr.eu\/es\/"},{"@type":"ListItem","position":2,"name":"Tutti i prodotti","item":"https:\/\/www.copyr.eu\/es\/tutti-i-prodotti\/"},{"@type":"ListItem","position":3,"name":"DECAPY FLOW"}]}]}},"_links":{"self":[{"href":"https:\/\/www.copyr.eu\/es\/wp-json\/wp\/v2\/product\/4861"}],"collection":[{"href":"https:\/\/www.copyr.eu\/es\/wp-json\/wp\/v2\/product"}],"about":[{"href":"https:\/\/www.copyr.eu\/es\/wp-json\/wp\/v2\/types\/product"}],"replies":[{"embeddable":true,"href":"https:\/\/www.copyr.eu\/es\/wp-json\/wp\/v2\/comments?post=4861"}],"wp:featuredmedia":[{"embeddable":true,"href":"https:\/\/www.copyr.eu\/es\/wp-json\/wp\/v2\/media\/11241"}],"wp:attachment":[{"href":"https:\/\/www.copyr.eu\/es\/wp-json\/wp\/v2\/media?parent=4861"}],"wp:term":[{"taxonomy":"product_cat","embeddable":true,"href":"https:\/\/www.copyr.eu\/es\/wp-json\/wp\/v2\/product_cat?post=4861"},{"taxonomy":"product_tag","embeddable":true,"href":"https:\/\/www.copyr.eu\/es\/wp-json\/wp\/v2\/product_tag?post=4861"},{"taxonomy":"malattie-piante","embeddable":true,"href":"https:\/\/www.copyr.eu\/es\/wp-json\/wp\/v2\/malattie-piante?post=4861"},{"taxonomy":"infestanti-ambiente","embeddable":true,"href":"https:\/\/www.copyr.eu\/es\/wp-json\/wp\/v2\/infestanti-ambiente?post=4861"},{"taxonomy":"infestanti-piante","embeddable":true,"href":"https:\/\/www.copyr.eu\/es\/wp-json\/wp\/v2\/infestanti-piante?post=4861"},{"taxonomy":"utilizzo","embeddable":true,"href":"https:\/\/www.copyr.eu\/es\/wp-json\/wp\/v2\/utilizzo?post=4861"}],"curies":[{"name":"wp","href":"https:\/\/api.w.org\/{rel}","templated":true}]}}