{"id":4834,"date":"2022-04-29T12:08:33","date_gmt":"2022-04-29T10:08:33","guid":{"rendered":"https:\/\/www.copyr.eu\/es\/prodotto\/flylamp-monitor-3250003\/"},"modified":"2022-04-29T12:40:19","modified_gmt":"2022-04-29T10:40:19","slug":"flylamp-monitor","status":"publish","type":"product","link":"https:\/\/www.copyr.eu\/es\/prodotto\/flylamp-monitor\/","title":{"rendered":"FLYLAMP  MONITOR"},"content":{"rendered":"<p style=\"text-align: justify;\">Trampa electroluminosa doble faz, con un radio de protecci\u00f3n de aproximadamente 250-300 m2. Es de aluminio. Cu\u00e9lguela del techo para capturar los insectos mediante el cart\u00f3n con pegamento doble, que est\u00e1 ubicado en medio de las 4 l\u00e1mparas UV.<span>Espacios de uso: I<\/span><span>lugares p\u00fablicos, hoteles, bares, restaurantes, gimnasios, cuarteles, establecimientos industriales en general y la industria alimentaria.<\/span><\/p>\n","protected":false},"excerpt":{"rendered":"<p>Trampa electroluminosa para insectos voladores.<\/p>\n","protected":false},"featured_media":11237,"comment_status":"closed","ping_status":"open","template":"","meta":{"content-type":""},"product_cat":[22],"product_tag":[],"malattie-piante":[],"infestanti-ambiente":[1468,1450,1472,1425],"infestanti-piante":[],"utilizzo":[1429],"yoast_head":"<!-- This site is optimized with the Yoast SEO plugin v17.0 - https:\/\/yoast.com\/wordpress\/plugins\/seo\/ -->\n<title>FLYLAMP MONITOR - Copyr.eu ES<\/title>\n<meta name=\"robots\" content=\"index, follow, max-snippet:-1, max-image-preview:large, max-video-preview:-1\" \/>\n<link rel=\"canonical\" href=\"https:\/\/www.copyr.eu\/es\/prodotto\/flylamp-monitor\/\" \/>\n<meta property=\"og:locale\" content=\"es_ES\" \/>\n<meta property=\"og:type\" content=\"article\" \/>\n<meta property=\"og:title\" content=\"FLYLAMP MONITOR - Copyr.eu ES\" \/>\n<meta property=\"og:description\" content=\"Trampa electroluminosa para insectos voladores.\" \/>\n<meta property=\"og:url\" content=\"https:\/\/www.copyr.eu\/es\/prodotto\/flylamp-monitor\/\" \/>\n<meta property=\"og:site_name\" content=\"Copyr.eu ES\" \/>\n<meta property=\"article:modified_time\" content=\"2022-04-29T10:40:19+00:00\" \/>\n<meta property=\"og:image\" content=\"https:\/\/www.copyr.eu\/es\/wp-content\/uploads\/sites\/10\/2021\/08\/3250003_Flylamp-Monitor.jpg\" \/>\n\t<meta property=\"og:image:width\" content=\"1000\" \/>\n\t<meta property=\"og:image:height\" content=\"1000\" \/>\n<meta name=\"twitter:card\" content=\"summary_large_image\" \/>\n<script type=\"application\/ld+json\" class=\"yoast-schema-graph\">{\"@context\":\"https:\/\/schema.org\",\"@graph\":[{\"@type\":\"WebSite\",\"@id\":\"https:\/\/www.copyr.eu\/es\/#website\",\"url\":\"https:\/\/www.copyr.eu\/es\/\",\"name\":\"Copyr.eu ES\",\"description\":\"Migliorare la qualit\\u00e0, la sicurezza e l&#039;igiene dei luoghi in cui viviamo\",\"potentialAction\":[{\"@type\":\"SearchAction\",\"target\":{\"@type\":\"EntryPoint\",\"urlTemplate\":\"https:\/\/www.copyr.eu\/es\/?s={search_term_string}\"},\"query-input\":\"required name=search_term_string\"}],\"inLanguage\":\"es\"},{\"@type\":\"ImageObject\",\"@id\":\"https:\/\/www.copyr.eu\/es\/prodotto\/flylamp-monitor\/#primaryimage\",\"inLanguage\":\"es\",\"url\":\"https:\/\/www.copyr.eu\/es\/wp-content\/uploads\/sites\/10\/2021\/08\/3250003_Flylamp-Monitor.jpg\",\"contentUrl\":\"https:\/\/www.copyr.eu\/es\/wp-content\/uploads\/sites\/10\/2021\/08\/3250003_Flylamp-Monitor.jpg\",\"width\":\"1000\",\"height\":\"1000\"},{\"@type\":\"WebPage\",\"@id\":\"https:\/\/www.copyr.eu\/es\/prodotto\/flylamp-monitor\/#webpage\",\"url\":\"https:\/\/www.copyr.eu\/es\/prodotto\/flylamp-monitor\/\",\"name\":\"FLYLAMP MONITOR - Copyr.eu ES\",\"isPartOf\":{\"@id\":\"https:\/\/www.copyr.eu\/es\/#website\"},\"primaryImageOfPage\":{\"@id\":\"https:\/\/www.copyr.eu\/es\/prodotto\/flylamp-monitor\/#primaryimage\"},\"datePublished\":\"2022-04-29T10:08:33+00:00\",\"dateModified\":\"2022-04-29T10:40:19+00:00\",\"breadcrumb\":{\"@id\":\"https:\/\/www.copyr.eu\/es\/prodotto\/flylamp-monitor\/#breadcrumb\"},\"inLanguage\":\"es\",\"potentialAction\":[{\"@type\":\"ReadAction\",\"target\":[\"https:\/\/www.copyr.eu\/es\/prodotto\/flylamp-monitor\/\"]}]},{\"@type\":\"BreadcrumbList\",\"@id\":\"https:\/\/www.copyr.eu\/es\/prodotto\/flylamp-monitor\/#breadcrumb\",\"itemListElement\":[{\"@type\":\"ListItem\",\"position\":1,\"name\":\"Home\",\"item\":\"https:\/\/www.copyr.eu\/es\/\"},{\"@type\":\"ListItem\",\"position\":2,\"name\":\"Tutti i prodotti\",\"item\":\"https:\/\/www.copyr.eu\/es\/tutti-i-prodotti\/\"},{\"@type\":\"ListItem\",\"position\":3,\"name\":\"FLYLAMP MONITOR\"}]}]}<\/script>\n<!-- \/ Yoast SEO plugin. -->","yoast_head_json":{"title":"FLYLAMP MONITOR - Copyr.eu ES","robots":{"index":"index","follow":"follow","max-snippet":"max-snippet:-1","max-image-preview":"max-image-preview:large","max-video-preview":"max-video-preview:-1"},"canonical":"https:\/\/www.copyr.eu\/es\/prodotto\/flylamp-monitor\/","og_locale":"es_ES","og_type":"article","og_title":"FLYLAMP MONITOR - Copyr.eu ES","og_description":"Trampa electroluminosa para insectos voladores.","og_url":"https:\/\/www.copyr.eu\/es\/prodotto\/flylamp-monitor\/","og_site_name":"Copyr.eu ES","article_modified_time":"2022-04-29T10:40:19+00:00","og_image":[{"width":"1000","height":"1000","url":"https:\/\/www.copyr.eu\/es\/wp-content\/uploads\/sites\/10\/2021\/08\/3250003_Flylamp-Monitor.jpg","path":"\/var\/www\/vhosts\/copyr.eu\/httpdocs\/wp-content\/uploads\/sites\/10\/2021\/08\/3250003_Flylamp-Monitor.jpg","size":"full","id":11237,"alt":"","pixels":1000000,"type":"image\/jpeg"}],"twitter_card":"summary_large_image","schema":{"@context":"https:\/\/schema.org","@graph":[{"@type":"WebSite","@id":"https:\/\/www.copyr.eu\/es\/#website","url":"https:\/\/www.copyr.eu\/es\/","name":"Copyr.eu ES","description":"Migliorare la qualit\u00e0, la sicurezza e l&#039;igiene dei luoghi in cui viviamo","potentialAction":[{"@type":"SearchAction","target":{"@type":"EntryPoint","urlTemplate":"https:\/\/www.copyr.eu\/es\/?s={search_term_string}"},"query-input":"required name=search_term_string"}],"inLanguage":"es"},{"@type":"ImageObject","@id":"https:\/\/www.copyr.eu\/es\/prodotto\/flylamp-monitor\/#primaryimage","inLanguage":"es","url":"https:\/\/www.copyr.eu\/es\/wp-content\/uploads\/sites\/10\/2021\/08\/3250003_Flylamp-Monitor.jpg","contentUrl":"https:\/\/www.copyr.eu\/es\/wp-content\/uploads\/sites\/10\/2021\/08\/3250003_Flylamp-Monitor.jpg","width":"1000","height":"1000"},{"@type":"WebPage","@id":"https:\/\/www.copyr.eu\/es\/prodotto\/flylamp-monitor\/#webpage","url":"https:\/\/www.copyr.eu\/es\/prodotto\/flylamp-monitor\/","name":"FLYLAMP MONITOR - Copyr.eu ES","isPartOf":{"@id":"https:\/\/www.copyr.eu\/es\/#website"},"primaryImageOfPage":{"@id":"https:\/\/www.copyr.eu\/es\/prodotto\/flylamp-monitor\/#primaryimage"},"datePublished":"2022-04-29T10:08:33+00:00","dateModified":"2022-04-29T10:40:19+00:00","breadcrumb":{"@id":"https:\/\/www.copyr.eu\/es\/prodotto\/flylamp-monitor\/#breadcrumb"},"inLanguage":"es","potentialAction":[{"@type":"ReadAction","target":["https:\/\/www.copyr.eu\/es\/prodotto\/flylamp-monitor\/"]}]},{"@type":"BreadcrumbList","@id":"https:\/\/www.copyr.eu\/es\/prodotto\/flylamp-monitor\/#breadcrumb","itemListElement":[{"@type":"ListItem","position":1,"name":"Home","item":"https:\/\/www.copyr.eu\/es\/"},{"@type":"ListItem","position":2,"name":"Tutti i prodotti","item":"https:\/\/www.copyr.eu\/es\/tutti-i-prodotti\/"},{"@type":"ListItem","position":3,"name":"FLYLAMP MONITOR"}]}]}},"_links":{"self":[{"href":"https:\/\/www.copyr.eu\/es\/wp-json\/wp\/v2\/product\/4834"}],"collection":[{"href":"https:\/\/www.copyr.eu\/es\/wp-json\/wp\/v2\/product"}],"about":[{"href":"https:\/\/www.copyr.eu\/es\/wp-json\/wp\/v2\/types\/product"}],"replies":[{"embeddable":true,"href":"https:\/\/www.copyr.eu\/es\/wp-json\/wp\/v2\/comments?post=4834"}],"wp:featuredmedia":[{"embeddable":true,"href":"https:\/\/www.copyr.eu\/es\/wp-json\/wp\/v2\/media\/11237"}],"wp:attachment":[{"href":"https:\/\/www.copyr.eu\/es\/wp-json\/wp\/v2\/media?parent=4834"}],"wp:term":[{"taxonomy":"product_cat","embeddable":true,"href":"https:\/\/www.copyr.eu\/es\/wp-json\/wp\/v2\/product_cat?post=4834"},{"taxonomy":"product_tag","embeddable":true,"href":"https:\/\/www.copyr.eu\/es\/wp-json\/wp\/v2\/product_tag?post=4834"},{"taxonomy":"malattie-piante","embeddable":true,"href":"https:\/\/www.copyr.eu\/es\/wp-json\/wp\/v2\/malattie-piante?post=4834"},{"taxonomy":"infestanti-ambiente","embeddable":true,"href":"https:\/\/www.copyr.eu\/es\/wp-json\/wp\/v2\/infestanti-ambiente?post=4834"},{"taxonomy":"infestanti-piante","embeddable":true,"href":"https:\/\/www.copyr.eu\/es\/wp-json\/wp\/v2\/infestanti-piante?post=4834"},{"taxonomy":"utilizzo","embeddable":true,"href":"https:\/\/www.copyr.eu\/es\/wp-json\/wp\/v2\/utilizzo?post=4834"}],"curies":[{"name":"wp","href":"https:\/\/api.w.org\/{rel}","templated":true}]}}