{"id":4772,"date":"2022-04-29T12:08:04","date_gmt":"2022-04-29T10:08:04","guid":{"rendered":"https:\/\/www.copyr.eu\/es\/prodotto\/pit-box-traslucido-con-monitoraggio-blatte-2530375\/"},"modified":"2022-04-29T12:39:22","modified_gmt":"2022-04-29T10:39:22","slug":"pit-box-caja-trampa-translucida-con-monitorizacion-de-cucarachas","status":"publish","type":"product","link":"https:\/\/www.copyr.eu\/es\/prodotto\/pit-box-caja-trampa-translucida-con-monitorizacion-de-cucarachas\/","title":{"rendered":"PIT BOX &#8211; CAJA TRAMPA TRANSL\u00daCIDA CON MONITORIZACI\u00d3N DE CUCARACHAS"},"content":{"rendered":"<p class=\"p1\" style=\"text-align: justify;\">Trampa de pl\u00e1stico, conforme a todas las reglas de seguridad e higiene, que desempe\u00f1a dos funciones: en la parte superior, un cart\u00f3n con pegamento permite monitorizar y cazar ratones y ratas, mientras que en el caj\u00f3n inferior se puede colocar un cart\u00f3n con pegamento ad hoc, para monitorizar insectos rastreros. Es posible introducir una cuba para cebos rodenticidas. Consta de cerradura con llave de seguridad.<\/p>\n","protected":false},"excerpt":{"rendered":"<p class=\"p1\">Trampa con pegamento para roedores e insectos rastreros<\/p>\n","protected":false},"featured_media":11217,"comment_status":"closed","ping_status":"open","template":"","meta":{"content-type":""},"product_cat":[23],"product_tag":[],"malattie-piante":[],"infestanti-ambiente":[1457,1458],"infestanti-piante":[],"utilizzo":[1429],"yoast_head":"<!-- This site is optimized with the Yoast SEO plugin v17.0 - https:\/\/yoast.com\/wordpress\/plugins\/seo\/ -->\n<title>PIT BOX - CAJA TRAMPA TRANSL\u00daCIDA CON MONITORIZACI\u00d3N DE CUCARACHAS - Copyr.eu ES<\/title>\n<meta name=\"robots\" content=\"index, follow, max-snippet:-1, max-image-preview:large, max-video-preview:-1\" \/>\n<link rel=\"canonical\" href=\"https:\/\/www.copyr.eu\/es\/prodotto\/pit-box-caja-trampa-translucida-con-monitorizacion-de-cucarachas\/\" \/>\n<meta property=\"og:locale\" content=\"es_ES\" \/>\n<meta property=\"og:type\" content=\"article\" \/>\n<meta property=\"og:title\" content=\"PIT BOX - CAJA TRAMPA TRANSL\u00daCIDA CON MONITORIZACI\u00d3N DE CUCARACHAS - Copyr.eu ES\" \/>\n<meta property=\"og:description\" content=\"Trampa con pegamento para roedores e insectos rastreros\" \/>\n<meta property=\"og:url\" content=\"https:\/\/www.copyr.eu\/es\/prodotto\/pit-box-caja-trampa-translucida-con-monitorizacion-de-cucarachas\/\" \/>\n<meta property=\"og:site_name\" content=\"Copyr.eu ES\" \/>\n<meta property=\"article:modified_time\" content=\"2022-04-29T10:39:22+00:00\" \/>\n<meta property=\"og:image\" content=\"https:\/\/www.copyr.eu\/es\/wp-content\/uploads\/sites\/10\/2021\/08\/2530375_PIT-BOX-con-monitoraggio-striscianti.jpg\" \/>\n\t<meta property=\"og:image:width\" content=\"1500\" \/>\n\t<meta property=\"og:image:height\" content=\"1500\" \/>\n<meta name=\"twitter:card\" content=\"summary_large_image\" \/>\n<script type=\"application\/ld+json\" class=\"yoast-schema-graph\">{\"@context\":\"https:\/\/schema.org\",\"@graph\":[{\"@type\":\"WebSite\",\"@id\":\"https:\/\/www.copyr.eu\/es\/#website\",\"url\":\"https:\/\/www.copyr.eu\/es\/\",\"name\":\"Copyr.eu ES\",\"description\":\"Migliorare la qualit\\u00e0, la sicurezza e l&#039;igiene dei luoghi in cui viviamo\",\"potentialAction\":[{\"@type\":\"SearchAction\",\"target\":{\"@type\":\"EntryPoint\",\"urlTemplate\":\"https:\/\/www.copyr.eu\/es\/?s={search_term_string}\"},\"query-input\":\"required name=search_term_string\"}],\"inLanguage\":\"es\"},{\"@type\":\"ImageObject\",\"@id\":\"https:\/\/www.copyr.eu\/es\/prodotto\/pit-box-caja-trampa-translucida-con-monitorizacion-de-cucarachas\/#primaryimage\",\"inLanguage\":\"es\",\"url\":\"https:\/\/www.copyr.eu\/es\/wp-content\/uploads\/sites\/10\/2021\/08\/2530375_PIT-BOX-con-monitoraggio-striscianti.jpg\",\"contentUrl\":\"https:\/\/www.copyr.eu\/es\/wp-content\/uploads\/sites\/10\/2021\/08\/2530375_PIT-BOX-con-monitoraggio-striscianti.jpg\",\"width\":\"1500\",\"height\":\"1500\"},{\"@type\":\"WebPage\",\"@id\":\"https:\/\/www.copyr.eu\/es\/prodotto\/pit-box-caja-trampa-translucida-con-monitorizacion-de-cucarachas\/#webpage\",\"url\":\"https:\/\/www.copyr.eu\/es\/prodotto\/pit-box-caja-trampa-translucida-con-monitorizacion-de-cucarachas\/\",\"name\":\"PIT BOX - CAJA TRAMPA TRANSL\\u00daCIDA CON MONITORIZACI\\u00d3N DE CUCARACHAS - Copyr.eu ES\",\"isPartOf\":{\"@id\":\"https:\/\/www.copyr.eu\/es\/#website\"},\"primaryImageOfPage\":{\"@id\":\"https:\/\/www.copyr.eu\/es\/prodotto\/pit-box-caja-trampa-translucida-con-monitorizacion-de-cucarachas\/#primaryimage\"},\"datePublished\":\"2022-04-29T10:08:04+00:00\",\"dateModified\":\"2022-04-29T10:39:22+00:00\",\"breadcrumb\":{\"@id\":\"https:\/\/www.copyr.eu\/es\/prodotto\/pit-box-caja-trampa-translucida-con-monitorizacion-de-cucarachas\/#breadcrumb\"},\"inLanguage\":\"es\",\"potentialAction\":[{\"@type\":\"ReadAction\",\"target\":[\"https:\/\/www.copyr.eu\/es\/prodotto\/pit-box-caja-trampa-translucida-con-monitorizacion-de-cucarachas\/\"]}]},{\"@type\":\"BreadcrumbList\",\"@id\":\"https:\/\/www.copyr.eu\/es\/prodotto\/pit-box-caja-trampa-translucida-con-monitorizacion-de-cucarachas\/#breadcrumb\",\"itemListElement\":[{\"@type\":\"ListItem\",\"position\":1,\"name\":\"Home\",\"item\":\"https:\/\/www.copyr.eu\/es\/\"},{\"@type\":\"ListItem\",\"position\":2,\"name\":\"Tutti i prodotti\",\"item\":\"https:\/\/www.copyr.eu\/es\/tutti-i-prodotti\/\"},{\"@type\":\"ListItem\",\"position\":3,\"name\":\"PIT BOX &#8211; CAJA TRAMPA TRANSL\\u00daCIDA CON MONITORIZACI\\u00d3N DE CUCARACHAS\"}]}]}<\/script>\n<!-- \/ Yoast SEO plugin. -->","yoast_head_json":{"title":"PIT BOX - CAJA TRAMPA TRANSL\u00daCIDA CON MONITORIZACI\u00d3N DE CUCARACHAS - Copyr.eu ES","robots":{"index":"index","follow":"follow","max-snippet":"max-snippet:-1","max-image-preview":"max-image-preview:large","max-video-preview":"max-video-preview:-1"},"canonical":"https:\/\/www.copyr.eu\/es\/prodotto\/pit-box-caja-trampa-translucida-con-monitorizacion-de-cucarachas\/","og_locale":"es_ES","og_type":"article","og_title":"PIT BOX - CAJA TRAMPA TRANSL\u00daCIDA CON MONITORIZACI\u00d3N DE CUCARACHAS - Copyr.eu ES","og_description":"Trampa con pegamento para roedores e insectos rastreros","og_url":"https:\/\/www.copyr.eu\/es\/prodotto\/pit-box-caja-trampa-translucida-con-monitorizacion-de-cucarachas\/","og_site_name":"Copyr.eu ES","article_modified_time":"2022-04-29T10:39:22+00:00","og_image":[{"width":"1500","height":"1500","url":"https:\/\/www.copyr.eu\/es\/wp-content\/uploads\/sites\/10\/2021\/08\/2530375_PIT-BOX-con-monitoraggio-striscianti.jpg","path":"\/var\/www\/vhosts\/copyr.eu\/httpdocs\/wp-content\/uploads\/sites\/10\/2021\/08\/2530375_PIT-BOX-con-monitoraggio-striscianti.jpg","size":"full","id":11217,"alt":"","pixels":2250000,"type":"image\/jpeg"}],"twitter_card":"summary_large_image","schema":{"@context":"https:\/\/schema.org","@graph":[{"@type":"WebSite","@id":"https:\/\/www.copyr.eu\/es\/#website","url":"https:\/\/www.copyr.eu\/es\/","name":"Copyr.eu ES","description":"Migliorare la qualit\u00e0, la sicurezza e l&#039;igiene dei luoghi in cui viviamo","potentialAction":[{"@type":"SearchAction","target":{"@type":"EntryPoint","urlTemplate":"https:\/\/www.copyr.eu\/es\/?s={search_term_string}"},"query-input":"required name=search_term_string"}],"inLanguage":"es"},{"@type":"ImageObject","@id":"https:\/\/www.copyr.eu\/es\/prodotto\/pit-box-caja-trampa-translucida-con-monitorizacion-de-cucarachas\/#primaryimage","inLanguage":"es","url":"https:\/\/www.copyr.eu\/es\/wp-content\/uploads\/sites\/10\/2021\/08\/2530375_PIT-BOX-con-monitoraggio-striscianti.jpg","contentUrl":"https:\/\/www.copyr.eu\/es\/wp-content\/uploads\/sites\/10\/2021\/08\/2530375_PIT-BOX-con-monitoraggio-striscianti.jpg","width":"1500","height":"1500"},{"@type":"WebPage","@id":"https:\/\/www.copyr.eu\/es\/prodotto\/pit-box-caja-trampa-translucida-con-monitorizacion-de-cucarachas\/#webpage","url":"https:\/\/www.copyr.eu\/es\/prodotto\/pit-box-caja-trampa-translucida-con-monitorizacion-de-cucarachas\/","name":"PIT BOX - CAJA TRAMPA TRANSL\u00daCIDA CON MONITORIZACI\u00d3N DE CUCARACHAS - Copyr.eu ES","isPartOf":{"@id":"https:\/\/www.copyr.eu\/es\/#website"},"primaryImageOfPage":{"@id":"https:\/\/www.copyr.eu\/es\/prodotto\/pit-box-caja-trampa-translucida-con-monitorizacion-de-cucarachas\/#primaryimage"},"datePublished":"2022-04-29T10:08:04+00:00","dateModified":"2022-04-29T10:39:22+00:00","breadcrumb":{"@id":"https:\/\/www.copyr.eu\/es\/prodotto\/pit-box-caja-trampa-translucida-con-monitorizacion-de-cucarachas\/#breadcrumb"},"inLanguage":"es","potentialAction":[{"@type":"ReadAction","target":["https:\/\/www.copyr.eu\/es\/prodotto\/pit-box-caja-trampa-translucida-con-monitorizacion-de-cucarachas\/"]}]},{"@type":"BreadcrumbList","@id":"https:\/\/www.copyr.eu\/es\/prodotto\/pit-box-caja-trampa-translucida-con-monitorizacion-de-cucarachas\/#breadcrumb","itemListElement":[{"@type":"ListItem","position":1,"name":"Home","item":"https:\/\/www.copyr.eu\/es\/"},{"@type":"ListItem","position":2,"name":"Tutti i prodotti","item":"https:\/\/www.copyr.eu\/es\/tutti-i-prodotti\/"},{"@type":"ListItem","position":3,"name":"PIT BOX &#8211; CAJA TRAMPA TRANSL\u00daCIDA CON MONITORIZACI\u00d3N DE CUCARACHAS"}]}]}},"_links":{"self":[{"href":"https:\/\/www.copyr.eu\/es\/wp-json\/wp\/v2\/product\/4772"}],"collection":[{"href":"https:\/\/www.copyr.eu\/es\/wp-json\/wp\/v2\/product"}],"about":[{"href":"https:\/\/www.copyr.eu\/es\/wp-json\/wp\/v2\/types\/product"}],"replies":[{"embeddable":true,"href":"https:\/\/www.copyr.eu\/es\/wp-json\/wp\/v2\/comments?post=4772"}],"wp:featuredmedia":[{"embeddable":true,"href":"https:\/\/www.copyr.eu\/es\/wp-json\/wp\/v2\/media\/11217"}],"wp:attachment":[{"href":"https:\/\/www.copyr.eu\/es\/wp-json\/wp\/v2\/media?parent=4772"}],"wp:term":[{"taxonomy":"product_cat","embeddable":true,"href":"https:\/\/www.copyr.eu\/es\/wp-json\/wp\/v2\/product_cat?post=4772"},{"taxonomy":"product_tag","embeddable":true,"href":"https:\/\/www.copyr.eu\/es\/wp-json\/wp\/v2\/product_tag?post=4772"},{"taxonomy":"malattie-piante","embeddable":true,"href":"https:\/\/www.copyr.eu\/es\/wp-json\/wp\/v2\/malattie-piante?post=4772"},{"taxonomy":"infestanti-ambiente","embeddable":true,"href":"https:\/\/www.copyr.eu\/es\/wp-json\/wp\/v2\/infestanti-ambiente?post=4772"},{"taxonomy":"infestanti-piante","embeddable":true,"href":"https:\/\/www.copyr.eu\/es\/wp-json\/wp\/v2\/infestanti-piante?post=4772"},{"taxonomy":"utilizzo","embeddable":true,"href":"https:\/\/www.copyr.eu\/es\/wp-json\/wp\/v2\/utilizzo?post=4772"}],"curies":[{"name":"wp","href":"https:\/\/api.w.org\/{rel}","templated":true}]}}