{"id":4751,"date":"2022-04-29T12:08:04","date_gmt":"2022-04-29T10:08:04","guid":{"rendered":"https:\/\/www.copyr.eu\/es\/prodotto\/sicurbox-complex-2530405\/"},"modified":"2022-04-29T12:39:22","modified_gmt":"2022-04-29T10:39:22","slug":"sicurbox-complex","status":"publish","type":"product","link":"https:\/\/www.copyr.eu\/es\/prodotto\/sicurbox-complex\/","title":{"rendered":"SICURBOX COMPLEX"},"content":{"rendered":"<p class=\"p1\" style=\"text-align: justify;\">Portacebos para rodenticidas, de peque\u00f1as dimensiones, con tapa transparente, conforme a todas las reglas de seguridad e higiene. El producto est\u00e1 indicado para cazar ratones y ratas en espacios interiores y al aire libre. Gracias al caj\u00f3n inferior, donde se puede colocar el cart\u00f3n con pegamento ad hoc, es posible monitorizar los insectos rastreros. Consta de cerradura con llave de seguridad. En el interior, el cebo se puede ubicar en la cuba al efecto o en el portabloque de hierro que se puede posicionar tanto en sentido horizontal como vertical.<\/p>\n","protected":false},"excerpt":{"rendered":"<p class=\"p1\">Portacebos para rodenticidas, que permite monitorizar los insectos rastreros. <\/p>\n","protected":false},"featured_media":11211,"comment_status":"closed","ping_status":"open","template":"","meta":{"content-type":""},"product_cat":[23],"product_tag":[],"malattie-piante":[],"infestanti-ambiente":[1424,1457,1458],"infestanti-piante":[],"utilizzo":[1429],"yoast_head":"<!-- This site is optimized with the Yoast SEO plugin v17.0 - https:\/\/yoast.com\/wordpress\/plugins\/seo\/ -->\n<title>SICURBOX COMPLEX - Copyr.eu ES<\/title>\n<meta name=\"robots\" content=\"index, follow, max-snippet:-1, max-image-preview:large, max-video-preview:-1\" \/>\n<link rel=\"canonical\" href=\"https:\/\/www.copyr.eu\/es\/prodotto\/sicurbox-complex\/\" \/>\n<meta property=\"og:locale\" content=\"es_ES\" \/>\n<meta property=\"og:type\" content=\"article\" \/>\n<meta property=\"og:title\" content=\"SICURBOX COMPLEX - Copyr.eu ES\" \/>\n<meta property=\"og:description\" content=\"Portacebos para rodenticidas, que permite monitorizar los insectos rastreros.\" \/>\n<meta property=\"og:url\" content=\"https:\/\/www.copyr.eu\/es\/prodotto\/sicurbox-complex\/\" \/>\n<meta property=\"og:site_name\" content=\"Copyr.eu ES\" \/>\n<meta property=\"article:modified_time\" content=\"2022-04-29T10:39:22+00:00\" \/>\n<meta property=\"og:image\" content=\"https:\/\/www.copyr.eu\/es\/wp-content\/uploads\/sites\/10\/2021\/08\/2530405_Sicurbox-Complex-con-monit-striscianti.jpg\" \/>\n\t<meta property=\"og:image:width\" content=\"1500\" \/>\n\t<meta property=\"og:image:height\" content=\"1500\" \/>\n<meta name=\"twitter:card\" content=\"summary_large_image\" \/>\n<script type=\"application\/ld+json\" class=\"yoast-schema-graph\">{\"@context\":\"https:\/\/schema.org\",\"@graph\":[{\"@type\":\"WebSite\",\"@id\":\"https:\/\/www.copyr.eu\/es\/#website\",\"url\":\"https:\/\/www.copyr.eu\/es\/\",\"name\":\"Copyr.eu ES\",\"description\":\"Migliorare la qualit\\u00e0, la sicurezza e l&#039;igiene dei luoghi in cui viviamo\",\"potentialAction\":[{\"@type\":\"SearchAction\",\"target\":{\"@type\":\"EntryPoint\",\"urlTemplate\":\"https:\/\/www.copyr.eu\/es\/?s={search_term_string}\"},\"query-input\":\"required name=search_term_string\"}],\"inLanguage\":\"es\"},{\"@type\":\"ImageObject\",\"@id\":\"https:\/\/www.copyr.eu\/es\/prodotto\/sicurbox-complex\/#primaryimage\",\"inLanguage\":\"es\",\"url\":\"https:\/\/www.copyr.eu\/es\/wp-content\/uploads\/sites\/10\/2021\/08\/2530405_Sicurbox-Complex-con-monit-striscianti.jpg\",\"contentUrl\":\"https:\/\/www.copyr.eu\/es\/wp-content\/uploads\/sites\/10\/2021\/08\/2530405_Sicurbox-Complex-con-monit-striscianti.jpg\",\"width\":\"1500\",\"height\":\"1500\"},{\"@type\":\"WebPage\",\"@id\":\"https:\/\/www.copyr.eu\/es\/prodotto\/sicurbox-complex\/#webpage\",\"url\":\"https:\/\/www.copyr.eu\/es\/prodotto\/sicurbox-complex\/\",\"name\":\"SICURBOX COMPLEX - Copyr.eu ES\",\"isPartOf\":{\"@id\":\"https:\/\/www.copyr.eu\/es\/#website\"},\"primaryImageOfPage\":{\"@id\":\"https:\/\/www.copyr.eu\/es\/prodotto\/sicurbox-complex\/#primaryimage\"},\"datePublished\":\"2022-04-29T10:08:04+00:00\",\"dateModified\":\"2022-04-29T10:39:22+00:00\",\"breadcrumb\":{\"@id\":\"https:\/\/www.copyr.eu\/es\/prodotto\/sicurbox-complex\/#breadcrumb\"},\"inLanguage\":\"es\",\"potentialAction\":[{\"@type\":\"ReadAction\",\"target\":[\"https:\/\/www.copyr.eu\/es\/prodotto\/sicurbox-complex\/\"]}]},{\"@type\":\"BreadcrumbList\",\"@id\":\"https:\/\/www.copyr.eu\/es\/prodotto\/sicurbox-complex\/#breadcrumb\",\"itemListElement\":[{\"@type\":\"ListItem\",\"position\":1,\"name\":\"Home\",\"item\":\"https:\/\/www.copyr.eu\/es\/\"},{\"@type\":\"ListItem\",\"position\":2,\"name\":\"Tutti i prodotti\",\"item\":\"https:\/\/www.copyr.eu\/es\/tutti-i-prodotti\/\"},{\"@type\":\"ListItem\",\"position\":3,\"name\":\"SICURBOX COMPLEX\"}]}]}<\/script>\n<!-- \/ Yoast SEO plugin. -->","yoast_head_json":{"title":"SICURBOX COMPLEX - Copyr.eu ES","robots":{"index":"index","follow":"follow","max-snippet":"max-snippet:-1","max-image-preview":"max-image-preview:large","max-video-preview":"max-video-preview:-1"},"canonical":"https:\/\/www.copyr.eu\/es\/prodotto\/sicurbox-complex\/","og_locale":"es_ES","og_type":"article","og_title":"SICURBOX COMPLEX - Copyr.eu ES","og_description":"Portacebos para rodenticidas, que permite monitorizar los insectos rastreros.","og_url":"https:\/\/www.copyr.eu\/es\/prodotto\/sicurbox-complex\/","og_site_name":"Copyr.eu ES","article_modified_time":"2022-04-29T10:39:22+00:00","og_image":[{"width":"1500","height":"1500","url":"https:\/\/www.copyr.eu\/es\/wp-content\/uploads\/sites\/10\/2021\/08\/2530405_Sicurbox-Complex-con-monit-striscianti.jpg","path":"\/var\/www\/vhosts\/copyr.eu\/httpdocs\/wp-content\/uploads\/sites\/10\/2021\/08\/2530405_Sicurbox-Complex-con-monit-striscianti.jpg","size":"full","id":11211,"alt":"","pixels":2250000,"type":"image\/jpeg"}],"twitter_card":"summary_large_image","schema":{"@context":"https:\/\/schema.org","@graph":[{"@type":"WebSite","@id":"https:\/\/www.copyr.eu\/es\/#website","url":"https:\/\/www.copyr.eu\/es\/","name":"Copyr.eu ES","description":"Migliorare la qualit\u00e0, la sicurezza e l&#039;igiene dei luoghi in cui viviamo","potentialAction":[{"@type":"SearchAction","target":{"@type":"EntryPoint","urlTemplate":"https:\/\/www.copyr.eu\/es\/?s={search_term_string}"},"query-input":"required name=search_term_string"}],"inLanguage":"es"},{"@type":"ImageObject","@id":"https:\/\/www.copyr.eu\/es\/prodotto\/sicurbox-complex\/#primaryimage","inLanguage":"es","url":"https:\/\/www.copyr.eu\/es\/wp-content\/uploads\/sites\/10\/2021\/08\/2530405_Sicurbox-Complex-con-monit-striscianti.jpg","contentUrl":"https:\/\/www.copyr.eu\/es\/wp-content\/uploads\/sites\/10\/2021\/08\/2530405_Sicurbox-Complex-con-monit-striscianti.jpg","width":"1500","height":"1500"},{"@type":"WebPage","@id":"https:\/\/www.copyr.eu\/es\/prodotto\/sicurbox-complex\/#webpage","url":"https:\/\/www.copyr.eu\/es\/prodotto\/sicurbox-complex\/","name":"SICURBOX COMPLEX - Copyr.eu ES","isPartOf":{"@id":"https:\/\/www.copyr.eu\/es\/#website"},"primaryImageOfPage":{"@id":"https:\/\/www.copyr.eu\/es\/prodotto\/sicurbox-complex\/#primaryimage"},"datePublished":"2022-04-29T10:08:04+00:00","dateModified":"2022-04-29T10:39:22+00:00","breadcrumb":{"@id":"https:\/\/www.copyr.eu\/es\/prodotto\/sicurbox-complex\/#breadcrumb"},"inLanguage":"es","potentialAction":[{"@type":"ReadAction","target":["https:\/\/www.copyr.eu\/es\/prodotto\/sicurbox-complex\/"]}]},{"@type":"BreadcrumbList","@id":"https:\/\/www.copyr.eu\/es\/prodotto\/sicurbox-complex\/#breadcrumb","itemListElement":[{"@type":"ListItem","position":1,"name":"Home","item":"https:\/\/www.copyr.eu\/es\/"},{"@type":"ListItem","position":2,"name":"Tutti i prodotti","item":"https:\/\/www.copyr.eu\/es\/tutti-i-prodotti\/"},{"@type":"ListItem","position":3,"name":"SICURBOX COMPLEX"}]}]}},"_links":{"self":[{"href":"https:\/\/www.copyr.eu\/es\/wp-json\/wp\/v2\/product\/4751"}],"collection":[{"href":"https:\/\/www.copyr.eu\/es\/wp-json\/wp\/v2\/product"}],"about":[{"href":"https:\/\/www.copyr.eu\/es\/wp-json\/wp\/v2\/types\/product"}],"replies":[{"embeddable":true,"href":"https:\/\/www.copyr.eu\/es\/wp-json\/wp\/v2\/comments?post=4751"}],"wp:featuredmedia":[{"embeddable":true,"href":"https:\/\/www.copyr.eu\/es\/wp-json\/wp\/v2\/media\/11211"}],"wp:attachment":[{"href":"https:\/\/www.copyr.eu\/es\/wp-json\/wp\/v2\/media?parent=4751"}],"wp:term":[{"taxonomy":"product_cat","embeddable":true,"href":"https:\/\/www.copyr.eu\/es\/wp-json\/wp\/v2\/product_cat?post=4751"},{"taxonomy":"product_tag","embeddable":true,"href":"https:\/\/www.copyr.eu\/es\/wp-json\/wp\/v2\/product_tag?post=4751"},{"taxonomy":"malattie-piante","embeddable":true,"href":"https:\/\/www.copyr.eu\/es\/wp-json\/wp\/v2\/malattie-piante?post=4751"},{"taxonomy":"infestanti-ambiente","embeddable":true,"href":"https:\/\/www.copyr.eu\/es\/wp-json\/wp\/v2\/infestanti-ambiente?post=4751"},{"taxonomy":"infestanti-piante","embeddable":true,"href":"https:\/\/www.copyr.eu\/es\/wp-json\/wp\/v2\/infestanti-piante?post=4751"},{"taxonomy":"utilizzo","embeddable":true,"href":"https:\/\/www.copyr.eu\/es\/wp-json\/wp\/v2\/utilizzo?post=4751"}],"curies":[{"name":"wp","href":"https:\/\/api.w.org\/{rel}","templated":true}]}}