{"id":4706,"date":"2022-04-29T12:08:04","date_gmt":"2022-04-29T10:08:04","guid":{"rendered":"https:\/\/www.copyr.eu\/es\/prodotto\/piretro-verde-2770550\/"},"modified":"2022-04-29T12:41:10","modified_gmt":"2022-04-29T10:41:10","slug":"piretro-verde","status":"publish","type":"product","link":"https:\/\/www.copyr.eu\/es\/prodotto\/piretro-verde\/","title":{"rendered":"PIRETRO VERDE"},"content":{"rendered":"<p style=\"text-align: justify;\"><strong>PIRETRO VERDE<\/strong>es un insecticida exclusivamente  a base de Piretro natural en soporte l\u00edquido de origen vegetal, que se puede emplear en un gran n\u00famero de cultivos agr\u00edcolas en todas las estaciones del a\u00f1o.<\/p>\n<p style=\"text-align: justify;\"><strong>PIRETRO VERDE<\/strong> es un insecticida de contacto que act\u00faa r\u00e1pidamente contra varios tipos de par\u00e1sitos de cultivos hort\u00edcolas, frut\u00edcolas y florales.<\/p>\n<p style=\"text-align: justify;\"><strong>PIRETRO VERDE<\/strong> es compatible con fertilizantes foliares. El producto no se debe mezclar con el caldo bordel\u00e9s.<\/p>\n","protected":false},"excerpt":{"rendered":"<p style=\"text-align: justify;\">Insecticida l\u00edquido, concentrado y emulsionable a base de Piretro natural.<\/p>\n","protected":false},"featured_media":11198,"comment_status":"closed","ping_status":"open","template":"","meta":{"content-type":""},"product_cat":[21],"product_tag":[],"malattie-piante":[],"infestanti-ambiente":[],"infestanti-piante":[1438,1439,1440],"utilizzo":[758],"yoast_head":"<!-- This site is optimized with the Yoast SEO plugin v17.0 - https:\/\/yoast.com\/wordpress\/plugins\/seo\/ -->\n<title>PIRETRO VERDE - Copyr.eu ES<\/title>\n<meta name=\"robots\" content=\"index, follow, max-snippet:-1, max-image-preview:large, max-video-preview:-1\" \/>\n<link rel=\"canonical\" href=\"https:\/\/www.copyr.eu\/es\/prodotto\/piretro-verde\/\" \/>\n<meta property=\"og:locale\" content=\"es_ES\" \/>\n<meta property=\"og:type\" content=\"article\" \/>\n<meta property=\"og:title\" content=\"PIRETRO VERDE - Copyr.eu ES\" \/>\n<meta property=\"og:description\" content=\"Insecticida l\u00edquido, concentrado y emulsionable a base de Piretro natural.\" \/>\n<meta property=\"og:url\" content=\"https:\/\/www.copyr.eu\/es\/prodotto\/piretro-verde\/\" \/>\n<meta property=\"og:site_name\" content=\"Copyr.eu ES\" \/>\n<meta property=\"article:modified_time\" content=\"2022-04-29T10:41:10+00:00\" \/>\n<meta property=\"og:image\" content=\"https:\/\/www.copyr.eu\/es\/wp-content\/uploads\/sites\/10\/2021\/08\/PIRETRO-VERDE-500ml-scaled-1.jpg\" \/>\n\t<meta property=\"og:image:width\" content=\"1109\" \/>\n\t<meta property=\"og:image:height\" content=\"2048\" \/>\n<meta name=\"twitter:card\" content=\"summary_large_image\" \/>\n<script type=\"application\/ld+json\" class=\"yoast-schema-graph\">{\"@context\":\"https:\/\/schema.org\",\"@graph\":[{\"@type\":\"WebSite\",\"@id\":\"https:\/\/www.copyr.eu\/es\/#website\",\"url\":\"https:\/\/www.copyr.eu\/es\/\",\"name\":\"Copyr.eu ES\",\"description\":\"Migliorare la qualit\\u00e0, la sicurezza e l&#039;igiene dei luoghi in cui viviamo\",\"potentialAction\":[{\"@type\":\"SearchAction\",\"target\":{\"@type\":\"EntryPoint\",\"urlTemplate\":\"https:\/\/www.copyr.eu\/es\/?s={search_term_string}\"},\"query-input\":\"required name=search_term_string\"}],\"inLanguage\":\"es\"},{\"@type\":\"ImageObject\",\"@id\":\"https:\/\/www.copyr.eu\/es\/prodotto\/piretro-verde\/#primaryimage\",\"inLanguage\":\"es\",\"url\":\"https:\/\/www.copyr.eu\/es\/wp-content\/uploads\/sites\/10\/2021\/08\/PIRETRO-VERDE-500ml-scaled-1.jpg\",\"contentUrl\":\"https:\/\/www.copyr.eu\/es\/wp-content\/uploads\/sites\/10\/2021\/08\/PIRETRO-VERDE-500ml-scaled-1.jpg\",\"width\":\"1109\",\"height\":\"2048\"},{\"@type\":\"WebPage\",\"@id\":\"https:\/\/www.copyr.eu\/es\/prodotto\/piretro-verde\/#webpage\",\"url\":\"https:\/\/www.copyr.eu\/es\/prodotto\/piretro-verde\/\",\"name\":\"PIRETRO VERDE - Copyr.eu ES\",\"isPartOf\":{\"@id\":\"https:\/\/www.copyr.eu\/es\/#website\"},\"primaryImageOfPage\":{\"@id\":\"https:\/\/www.copyr.eu\/es\/prodotto\/piretro-verde\/#primaryimage\"},\"datePublished\":\"2022-04-29T10:08:04+00:00\",\"dateModified\":\"2022-04-29T10:41:10+00:00\",\"breadcrumb\":{\"@id\":\"https:\/\/www.copyr.eu\/es\/prodotto\/piretro-verde\/#breadcrumb\"},\"inLanguage\":\"es\",\"potentialAction\":[{\"@type\":\"ReadAction\",\"target\":[\"https:\/\/www.copyr.eu\/es\/prodotto\/piretro-verde\/\"]}]},{\"@type\":\"BreadcrumbList\",\"@id\":\"https:\/\/www.copyr.eu\/es\/prodotto\/piretro-verde\/#breadcrumb\",\"itemListElement\":[{\"@type\":\"ListItem\",\"position\":1,\"name\":\"Home\",\"item\":\"https:\/\/www.copyr.eu\/es\/\"},{\"@type\":\"ListItem\",\"position\":2,\"name\":\"Tutti i prodotti\",\"item\":\"https:\/\/www.copyr.eu\/es\/tutti-i-prodotti\/\"},{\"@type\":\"ListItem\",\"position\":3,\"name\":\"PIRETRO VERDE\"}]}]}<\/script>\n<!-- \/ Yoast SEO plugin. -->","yoast_head_json":{"title":"PIRETRO VERDE - Copyr.eu ES","robots":{"index":"index","follow":"follow","max-snippet":"max-snippet:-1","max-image-preview":"max-image-preview:large","max-video-preview":"max-video-preview:-1"},"canonical":"https:\/\/www.copyr.eu\/es\/prodotto\/piretro-verde\/","og_locale":"es_ES","og_type":"article","og_title":"PIRETRO VERDE - Copyr.eu ES","og_description":"Insecticida l\u00edquido, concentrado y emulsionable a base de Piretro natural.","og_url":"https:\/\/www.copyr.eu\/es\/prodotto\/piretro-verde\/","og_site_name":"Copyr.eu ES","article_modified_time":"2022-04-29T10:41:10+00:00","og_image":[{"width":"1109","height":"2048","url":"https:\/\/www.copyr.eu\/es\/wp-content\/uploads\/sites\/10\/2021\/08\/PIRETRO-VERDE-500ml-scaled-1.jpg","path":"\/var\/www\/vhosts\/copyr.eu\/httpdocs\/wp-content\/uploads\/sites\/10\/2021\/08\/PIRETRO-VERDE-500ml-scaled-1.jpg","size":"full","id":11198,"alt":"","pixels":2271232,"type":"image\/jpeg"}],"twitter_card":"summary_large_image","schema":{"@context":"https:\/\/schema.org","@graph":[{"@type":"WebSite","@id":"https:\/\/www.copyr.eu\/es\/#website","url":"https:\/\/www.copyr.eu\/es\/","name":"Copyr.eu ES","description":"Migliorare la qualit\u00e0, la sicurezza e l&#039;igiene dei luoghi in cui viviamo","potentialAction":[{"@type":"SearchAction","target":{"@type":"EntryPoint","urlTemplate":"https:\/\/www.copyr.eu\/es\/?s={search_term_string}"},"query-input":"required name=search_term_string"}],"inLanguage":"es"},{"@type":"ImageObject","@id":"https:\/\/www.copyr.eu\/es\/prodotto\/piretro-verde\/#primaryimage","inLanguage":"es","url":"https:\/\/www.copyr.eu\/es\/wp-content\/uploads\/sites\/10\/2021\/08\/PIRETRO-VERDE-500ml-scaled-1.jpg","contentUrl":"https:\/\/www.copyr.eu\/es\/wp-content\/uploads\/sites\/10\/2021\/08\/PIRETRO-VERDE-500ml-scaled-1.jpg","width":"1109","height":"2048"},{"@type":"WebPage","@id":"https:\/\/www.copyr.eu\/es\/prodotto\/piretro-verde\/#webpage","url":"https:\/\/www.copyr.eu\/es\/prodotto\/piretro-verde\/","name":"PIRETRO VERDE - Copyr.eu ES","isPartOf":{"@id":"https:\/\/www.copyr.eu\/es\/#website"},"primaryImageOfPage":{"@id":"https:\/\/www.copyr.eu\/es\/prodotto\/piretro-verde\/#primaryimage"},"datePublished":"2022-04-29T10:08:04+00:00","dateModified":"2022-04-29T10:41:10+00:00","breadcrumb":{"@id":"https:\/\/www.copyr.eu\/es\/prodotto\/piretro-verde\/#breadcrumb"},"inLanguage":"es","potentialAction":[{"@type":"ReadAction","target":["https:\/\/www.copyr.eu\/es\/prodotto\/piretro-verde\/"]}]},{"@type":"BreadcrumbList","@id":"https:\/\/www.copyr.eu\/es\/prodotto\/piretro-verde\/#breadcrumb","itemListElement":[{"@type":"ListItem","position":1,"name":"Home","item":"https:\/\/www.copyr.eu\/es\/"},{"@type":"ListItem","position":2,"name":"Tutti i prodotti","item":"https:\/\/www.copyr.eu\/es\/tutti-i-prodotti\/"},{"@type":"ListItem","position":3,"name":"PIRETRO VERDE"}]}]}},"_links":{"self":[{"href":"https:\/\/www.copyr.eu\/es\/wp-json\/wp\/v2\/product\/4706"}],"collection":[{"href":"https:\/\/www.copyr.eu\/es\/wp-json\/wp\/v2\/product"}],"about":[{"href":"https:\/\/www.copyr.eu\/es\/wp-json\/wp\/v2\/types\/product"}],"replies":[{"embeddable":true,"href":"https:\/\/www.copyr.eu\/es\/wp-json\/wp\/v2\/comments?post=4706"}],"wp:featuredmedia":[{"embeddable":true,"href":"https:\/\/www.copyr.eu\/es\/wp-json\/wp\/v2\/media\/11198"}],"wp:attachment":[{"href":"https:\/\/www.copyr.eu\/es\/wp-json\/wp\/v2\/media?parent=4706"}],"wp:term":[{"taxonomy":"product_cat","embeddable":true,"href":"https:\/\/www.copyr.eu\/es\/wp-json\/wp\/v2\/product_cat?post=4706"},{"taxonomy":"product_tag","embeddable":true,"href":"https:\/\/www.copyr.eu\/es\/wp-json\/wp\/v2\/product_tag?post=4706"},{"taxonomy":"malattie-piante","embeddable":true,"href":"https:\/\/www.copyr.eu\/es\/wp-json\/wp\/v2\/malattie-piante?post=4706"},{"taxonomy":"infestanti-ambiente","embeddable":true,"href":"https:\/\/www.copyr.eu\/es\/wp-json\/wp\/v2\/infestanti-ambiente?post=4706"},{"taxonomy":"infestanti-piante","embeddable":true,"href":"https:\/\/www.copyr.eu\/es\/wp-json\/wp\/v2\/infestanti-piante?post=4706"},{"taxonomy":"utilizzo","embeddable":true,"href":"https:\/\/www.copyr.eu\/es\/wp-json\/wp\/v2\/utilizzo?post=4706"}],"curies":[{"name":"wp","href":"https:\/\/api.w.org\/{rel}","templated":true}]}}