{"id":11975,"date":"2024-02-07T17:05:56","date_gmt":"2024-02-07T16:05:56","guid":{"rendered":"https:\/\/www.copyr.eu\/es\/?post_type=product&#038;p=11975"},"modified":"2024-02-07T17:05:57","modified_gmt":"2024-02-07T16:05:57","slug":"py-cipertrin-t-1l","status":"publish","type":"product","link":"https:\/\/www.copyr.eu\/es\/prodotto\/py-cipertrin-t-1l\/","title":{"rendered":"PY CIPERTRIN T &#8211; 1l"},"content":{"rendered":"<p><strong>PY CIPERTRIN T <\/strong>es un insecticida y l\u00edquido concentrado en microemulsi\u00f3n a base solvente. Contiene Cipermetrina, Piretrinas naturales (extracto de Chrysanthemum cinerariaefolium) y el sinergizante MGK 264, qu\u00e9 se desarroll\u00f3 en los EE. UU. La combinaci\u00f3n de estos principios activos garantiza una acci\u00f3n de derribo inmediata, que perdura hasta 8 semanas.<\/p>\n<p><strong>PY CIPERTRIN T <\/strong>Es eficaz contra:<br \/>\n\u2022 insectos voladores en general (moscas y mosquitos, incluido el mosquito tigre Aedes albopictus)<br \/>\n\u2022 insectos rastreros en general (cucarachas, hormigas, pulgas)<br \/>\n\u2022 insectos de los g\u00e9neros alimentarios: voladores (como la polilla india de la harina y la Ephestia kuehniella) y rastreros (como el gorgojo del pan y el escarabajo del tabaco)<br \/>\n\u2022 garrapatas.<\/p>\n<p>PY CIPERTRIN T se puede usar para controlar insectos infestantes en espacios interiores y exteriores. Tratamiento en espacios interiores: \u2022 industrias alimentarias: f\u00e1bricas de pastas, panader\u00edas, confiter\u00edas, restaurantes, bares, comedores de empresas o escolares y cocinas (cuando no haya alimentos) \u2022 almacenes y silos (cuando no haya alimentos) \u2022 zonas rurales y refugios para animales \u2022 viviendas, oficinas, tiendas, hoteles, cuarteles militares, cines, teatros, campamentos, urbanizaciones tur\u00edsticas \u2022 escuelas, refugios de acogida, hospitales, cl\u00ednicas, residencias de mayores \u2022 medios de transporte: embarcaciones, trenes, autobuses, containers (cuando no haya alimentos) \u2022 industrias en general \u2022 vertederos, alcantarillas, alcantarillado. Tratamiento en espacios exteriores: \u2022 zonas perim\u00e9tricas de viviendas y establecimientos industriales \u2022 partes exteriores de edificios y arcenes \u2022 zonas rurales y refugios para animales \u2022 campamentos, urbanizaciones tur\u00edsticas \u2022 zonas verdes: setos, jardines, parques p\u00fablicos y privados, arboledas y plantas ornamentales en general \u2022 contenedores de basura, vertederos y dep\u00f3sitos de residuos.<\/p>\n","protected":false},"excerpt":{"rendered":"<p>Insecticida-acaricida l\u00edquido, concentrado en microemulsi\u00f3n a base solvente. Para uso profesional.<\/p>\n","protected":false},"featured_media":11976,"comment_status":"open","ping_status":"closed","template":"","meta":{"content-type":""},"product_cat":[22],"product_tag":[],"malattie-piante":[],"infestanti-ambiente":[1422,1423,1468,1424,1450,1425,1428,1426],"infestanti-piante":[],"utilizzo":[],"yoast_head":"<!-- This site is optimized with the Yoast SEO plugin v17.0 - https:\/\/yoast.com\/wordpress\/plugins\/seo\/ -->\n<title>PY CIPERTRIN T - 1l - Copyr.eu ES<\/title>\n<meta name=\"robots\" content=\"index, follow, max-snippet:-1, max-image-preview:large, max-video-preview:-1\" \/>\n<link rel=\"canonical\" href=\"https:\/\/www.copyr.eu\/es\/prodotto\/py-cipertrin-t-1l\/\" \/>\n<meta property=\"og:locale\" content=\"es_ES\" \/>\n<meta property=\"og:type\" content=\"article\" \/>\n<meta property=\"og:title\" content=\"PY CIPERTRIN T - 1l - Copyr.eu ES\" \/>\n<meta property=\"og:description\" content=\"Insecticida-acaricida l\u00edquido, concentrado en microemulsi\u00f3n a base solvente. Para uso profesional.\" \/>\n<meta property=\"og:url\" content=\"https:\/\/www.copyr.eu\/es\/prodotto\/py-cipertrin-t-1l\/\" \/>\n<meta property=\"og:site_name\" content=\"Copyr.eu ES\" \/>\n<meta property=\"article:modified_time\" content=\"2024-02-07T16:05:57+00:00\" \/>\n<meta property=\"og:image\" content=\"https:\/\/www.copyr.eu\/es\/wp-content\/uploads\/sites\/10\/2024\/02\/PY-CIPERTRIN-T-flacone-1L-1420014-scaled.jpg\" \/>\n\t<meta property=\"og:image:width\" content=\"1396\" \/>\n\t<meta property=\"og:image:height\" content=\"2560\" \/>\n<meta name=\"twitter:card\" content=\"summary_large_image\" \/>\n<meta name=\"twitter:label1\" content=\"Tiempo de lectura\" \/>\n\t<meta name=\"twitter:data1\" content=\"1 minuto\" \/>\n<script type=\"application\/ld+json\" class=\"yoast-schema-graph\">{\"@context\":\"https:\/\/schema.org\",\"@graph\":[{\"@type\":\"WebSite\",\"@id\":\"https:\/\/www.copyr.eu\/es\/#website\",\"url\":\"https:\/\/www.copyr.eu\/es\/\",\"name\":\"Copyr.eu ES\",\"description\":\"Migliorare la qualit\\u00e0, la sicurezza e l&#039;igiene dei luoghi in cui viviamo\",\"potentialAction\":[{\"@type\":\"SearchAction\",\"target\":{\"@type\":\"EntryPoint\",\"urlTemplate\":\"https:\/\/www.copyr.eu\/es\/?s={search_term_string}\"},\"query-input\":\"required name=search_term_string\"}],\"inLanguage\":\"es\"},{\"@type\":\"ImageObject\",\"@id\":\"https:\/\/www.copyr.eu\/es\/prodotto\/py-cipertrin-t-1l\/#primaryimage\",\"inLanguage\":\"es\",\"url\":\"https:\/\/www.copyr.eu\/es\/wp-content\/uploads\/sites\/10\/2024\/02\/PY-CIPERTRIN-T-flacone-1L-1420014-scaled.jpg\",\"contentUrl\":\"https:\/\/www.copyr.eu\/es\/wp-content\/uploads\/sites\/10\/2024\/02\/PY-CIPERTRIN-T-flacone-1L-1420014-scaled.jpg\",\"width\":1117,\"height\":2048},{\"@type\":\"WebPage\",\"@id\":\"https:\/\/www.copyr.eu\/es\/prodotto\/py-cipertrin-t-1l\/#webpage\",\"url\":\"https:\/\/www.copyr.eu\/es\/prodotto\/py-cipertrin-t-1l\/\",\"name\":\"PY CIPERTRIN T - 1l - Copyr.eu ES\",\"isPartOf\":{\"@id\":\"https:\/\/www.copyr.eu\/es\/#website\"},\"primaryImageOfPage\":{\"@id\":\"https:\/\/www.copyr.eu\/es\/prodotto\/py-cipertrin-t-1l\/#primaryimage\"},\"datePublished\":\"2024-02-07T16:05:56+00:00\",\"dateModified\":\"2024-02-07T16:05:57+00:00\",\"breadcrumb\":{\"@id\":\"https:\/\/www.copyr.eu\/es\/prodotto\/py-cipertrin-t-1l\/#breadcrumb\"},\"inLanguage\":\"es\",\"potentialAction\":[{\"@type\":\"ReadAction\",\"target\":[\"https:\/\/www.copyr.eu\/es\/prodotto\/py-cipertrin-t-1l\/\"]}]},{\"@type\":\"BreadcrumbList\",\"@id\":\"https:\/\/www.copyr.eu\/es\/prodotto\/py-cipertrin-t-1l\/#breadcrumb\",\"itemListElement\":[{\"@type\":\"ListItem\",\"position\":1,\"name\":\"Home\",\"item\":\"https:\/\/www.copyr.eu\/es\/\"},{\"@type\":\"ListItem\",\"position\":2,\"name\":\"Tutti i prodotti\",\"item\":\"https:\/\/www.copyr.eu\/es\/tutti-i-prodotti\/\"},{\"@type\":\"ListItem\",\"position\":3,\"name\":\"PY CIPERTRIN T &#8211; 1l\"}]}]}<\/script>\n<!-- \/ Yoast SEO plugin. -->","yoast_head_json":{"title":"PY CIPERTRIN T - 1l - Copyr.eu ES","robots":{"index":"index","follow":"follow","max-snippet":"max-snippet:-1","max-image-preview":"max-image-preview:large","max-video-preview":"max-video-preview:-1"},"canonical":"https:\/\/www.copyr.eu\/es\/prodotto\/py-cipertrin-t-1l\/","og_locale":"es_ES","og_type":"article","og_title":"PY CIPERTRIN T - 1l - Copyr.eu ES","og_description":"Insecticida-acaricida l\u00edquido, concentrado en microemulsi\u00f3n a base solvente. Para uso profesional.","og_url":"https:\/\/www.copyr.eu\/es\/prodotto\/py-cipertrin-t-1l\/","og_site_name":"Copyr.eu ES","article_modified_time":"2024-02-07T16:05:57+00:00","og_image":[{"width":1396,"height":2560,"url":"https:\/\/www.copyr.eu\/es\/wp-content\/uploads\/sites\/10\/2024\/02\/PY-CIPERTRIN-T-flacone-1L-1420014-scaled.jpg","path":"\/var\/www\/vhosts\/copyr.eu\/httpdocs\/wp-content\/uploads\/sites\/10\/2024\/02\/PY-CIPERTRIN-T-flacone-1L-1420014-scaled.jpg","size":"full","id":11976,"alt":"","pixels":3573760,"type":"image\/jpeg"}],"twitter_card":"summary_large_image","twitter_misc":{"Tiempo de lectura":"1 minuto"},"schema":{"@context":"https:\/\/schema.org","@graph":[{"@type":"WebSite","@id":"https:\/\/www.copyr.eu\/es\/#website","url":"https:\/\/www.copyr.eu\/es\/","name":"Copyr.eu ES","description":"Migliorare la qualit\u00e0, la sicurezza e l&#039;igiene dei luoghi in cui viviamo","potentialAction":[{"@type":"SearchAction","target":{"@type":"EntryPoint","urlTemplate":"https:\/\/www.copyr.eu\/es\/?s={search_term_string}"},"query-input":"required name=search_term_string"}],"inLanguage":"es"},{"@type":"ImageObject","@id":"https:\/\/www.copyr.eu\/es\/prodotto\/py-cipertrin-t-1l\/#primaryimage","inLanguage":"es","url":"https:\/\/www.copyr.eu\/es\/wp-content\/uploads\/sites\/10\/2024\/02\/PY-CIPERTRIN-T-flacone-1L-1420014-scaled.jpg","contentUrl":"https:\/\/www.copyr.eu\/es\/wp-content\/uploads\/sites\/10\/2024\/02\/PY-CIPERTRIN-T-flacone-1L-1420014-scaled.jpg","width":1117,"height":2048},{"@type":"WebPage","@id":"https:\/\/www.copyr.eu\/es\/prodotto\/py-cipertrin-t-1l\/#webpage","url":"https:\/\/www.copyr.eu\/es\/prodotto\/py-cipertrin-t-1l\/","name":"PY CIPERTRIN T - 1l - Copyr.eu ES","isPartOf":{"@id":"https:\/\/www.copyr.eu\/es\/#website"},"primaryImageOfPage":{"@id":"https:\/\/www.copyr.eu\/es\/prodotto\/py-cipertrin-t-1l\/#primaryimage"},"datePublished":"2024-02-07T16:05:56+00:00","dateModified":"2024-02-07T16:05:57+00:00","breadcrumb":{"@id":"https:\/\/www.copyr.eu\/es\/prodotto\/py-cipertrin-t-1l\/#breadcrumb"},"inLanguage":"es","potentialAction":[{"@type":"ReadAction","target":["https:\/\/www.copyr.eu\/es\/prodotto\/py-cipertrin-t-1l\/"]}]},{"@type":"BreadcrumbList","@id":"https:\/\/www.copyr.eu\/es\/prodotto\/py-cipertrin-t-1l\/#breadcrumb","itemListElement":[{"@type":"ListItem","position":1,"name":"Home","item":"https:\/\/www.copyr.eu\/es\/"},{"@type":"ListItem","position":2,"name":"Tutti i prodotti","item":"https:\/\/www.copyr.eu\/es\/tutti-i-prodotti\/"},{"@type":"ListItem","position":3,"name":"PY CIPERTRIN T &#8211; 1l"}]}]}},"_links":{"self":[{"href":"https:\/\/www.copyr.eu\/es\/wp-json\/wp\/v2\/product\/11975"}],"collection":[{"href":"https:\/\/www.copyr.eu\/es\/wp-json\/wp\/v2\/product"}],"about":[{"href":"https:\/\/www.copyr.eu\/es\/wp-json\/wp\/v2\/types\/product"}],"replies":[{"embeddable":true,"href":"https:\/\/www.copyr.eu\/es\/wp-json\/wp\/v2\/comments?post=11975"}],"wp:featuredmedia":[{"embeddable":true,"href":"https:\/\/www.copyr.eu\/es\/wp-json\/wp\/v2\/media\/11976"}],"wp:attachment":[{"href":"https:\/\/www.copyr.eu\/es\/wp-json\/wp\/v2\/media?parent=11975"}],"wp:term":[{"taxonomy":"product_cat","embeddable":true,"href":"https:\/\/www.copyr.eu\/es\/wp-json\/wp\/v2\/product_cat?post=11975"},{"taxonomy":"product_tag","embeddable":true,"href":"https:\/\/www.copyr.eu\/es\/wp-json\/wp\/v2\/product_tag?post=11975"},{"taxonomy":"malattie-piante","embeddable":true,"href":"https:\/\/www.copyr.eu\/es\/wp-json\/wp\/v2\/malattie-piante?post=11975"},{"taxonomy":"infestanti-ambiente","embeddable":true,"href":"https:\/\/www.copyr.eu\/es\/wp-json\/wp\/v2\/infestanti-ambiente?post=11975"},{"taxonomy":"infestanti-piante","embeddable":true,"href":"https:\/\/www.copyr.eu\/es\/wp-json\/wp\/v2\/infestanti-piante?post=11975"},{"taxonomy":"utilizzo","embeddable":true,"href":"https:\/\/www.copyr.eu\/es\/wp-json\/wp\/v2\/utilizzo?post=11975"}],"curies":[{"name":"wp","href":"https:\/\/api.w.org\/{rel}","templated":true}]}}