{"id":11973,"date":"2024-02-07T16:35:25","date_gmt":"2024-02-07T15:35:25","guid":{"rendered":"https:\/\/www.copyr.eu\/es\/?post_type=product&#038;p=11973"},"modified":"2024-02-07T16:35:25","modified_gmt":"2024-02-07T15:35:25","slug":"py-cipertrin-l-1l","status":"publish","type":"product","link":"https:\/\/www.copyr.eu\/es\/prodotto\/py-cipertrin-l-1l\/","title":{"rendered":"PY CIPERTRIN L 1l"},"content":{"rendered":"<p>PY CIPERTRIN L es un insecticida l\u00edquido que viene listo para usar a base de disolvente, Contiene Cipermetrina y Piretrinas de origen vegetal (extracto de Chrysanthemum cinerariaefolium) en sinergia con MGK264, sinergizante que se desarroll\u00f3 en EE. UU. La combinaci\u00f3n de estos principios activos garantiza una acci\u00f3n de derribo inmediata, que perdura hasta 8 semanas. Es eficaz contra: insectos voladores en general (moscas y mosquitos, incluido el mosquito tigre), insectos rastreros en general (cucarachas, hormigas, pececillos de plata y pulgas), insectos de los g\u00e9neros alimenticios: voladores y rastreros, as\u00ed como contra las garrapatas. PY CIPERTRIN L se puede emplear para controlar insectos infestantes en espacios interiores y exteriores.<\/p>\n","protected":false},"excerpt":{"rendered":"<p>Insecticida &#8211; acaricida l\u00edquido que viene listo para usar. Producto a base disolvente.<\/p>\n","protected":false},"featured_media":11974,"comment_status":"open","ping_status":"closed","template":"","meta":{"content-type":""},"product_cat":[22],"product_tag":[],"malattie-piante":[],"infestanti-ambiente":[1422,1423,1468,1424,1450,1425,1428,1426],"infestanti-piante":[],"utilizzo":[],"yoast_head":"<!-- This site is optimized with the Yoast SEO plugin v17.0 - https:\/\/yoast.com\/wordpress\/plugins\/seo\/ -->\n<title>PY CIPERTRIN L 1l - Copyr.eu ES<\/title>\n<meta name=\"robots\" content=\"index, follow, max-snippet:-1, max-image-preview:large, max-video-preview:-1\" \/>\n<link rel=\"canonical\" href=\"https:\/\/www.copyr.eu\/es\/prodotto\/py-cipertrin-l-1l\/\" \/>\n<meta property=\"og:locale\" content=\"es_ES\" \/>\n<meta property=\"og:type\" content=\"article\" \/>\n<meta property=\"og:title\" content=\"PY CIPERTRIN L 1l - Copyr.eu ES\" \/>\n<meta property=\"og:description\" content=\"Insecticida - acaricida l\u00edquido que viene listo para usar. Producto a base disolvente.\" \/>\n<meta property=\"og:url\" content=\"https:\/\/www.copyr.eu\/es\/prodotto\/py-cipertrin-l-1l\/\" \/>\n<meta property=\"og:site_name\" content=\"Copyr.eu ES\" \/>\n<meta property=\"og:image\" content=\"https:\/\/www.copyr.eu\/es\/wp-content\/uploads\/sites\/10\/2024\/02\/PY-CIPERTRIN-L-flacone-750ml-1420015-scaled.jpg\" \/>\n\t<meta property=\"og:image:width\" content=\"1280\" \/>\n\t<meta property=\"og:image:height\" content=\"2560\" \/>\n<meta name=\"twitter:card\" content=\"summary_large_image\" \/>\n<meta name=\"twitter:label1\" content=\"Tiempo de lectura\" \/>\n\t<meta name=\"twitter:data1\" content=\"1 minuto\" \/>\n<script type=\"application\/ld+json\" class=\"yoast-schema-graph\">{\"@context\":\"https:\/\/schema.org\",\"@graph\":[{\"@type\":\"WebSite\",\"@id\":\"https:\/\/www.copyr.eu\/es\/#website\",\"url\":\"https:\/\/www.copyr.eu\/es\/\",\"name\":\"Copyr.eu ES\",\"description\":\"Migliorare la qualit\\u00e0, la sicurezza e l&#039;igiene dei luoghi in cui viviamo\",\"potentialAction\":[{\"@type\":\"SearchAction\",\"target\":{\"@type\":\"EntryPoint\",\"urlTemplate\":\"https:\/\/www.copyr.eu\/es\/?s={search_term_string}\"},\"query-input\":\"required name=search_term_string\"}],\"inLanguage\":\"es\"},{\"@type\":\"ImageObject\",\"@id\":\"https:\/\/www.copyr.eu\/es\/prodotto\/py-cipertrin-l-1l\/#primaryimage\",\"inLanguage\":\"es\",\"url\":\"https:\/\/www.copyr.eu\/es\/wp-content\/uploads\/sites\/10\/2024\/02\/PY-CIPERTRIN-L-flacone-750ml-1420015-scaled.jpg\",\"contentUrl\":\"https:\/\/www.copyr.eu\/es\/wp-content\/uploads\/sites\/10\/2024\/02\/PY-CIPERTRIN-L-flacone-750ml-1420015-scaled.jpg\",\"width\":1024,\"height\":2048},{\"@type\":\"WebPage\",\"@id\":\"https:\/\/www.copyr.eu\/es\/prodotto\/py-cipertrin-l-1l\/#webpage\",\"url\":\"https:\/\/www.copyr.eu\/es\/prodotto\/py-cipertrin-l-1l\/\",\"name\":\"PY CIPERTRIN L 1l - Copyr.eu ES\",\"isPartOf\":{\"@id\":\"https:\/\/www.copyr.eu\/es\/#website\"},\"primaryImageOfPage\":{\"@id\":\"https:\/\/www.copyr.eu\/es\/prodotto\/py-cipertrin-l-1l\/#primaryimage\"},\"datePublished\":\"2024-02-07T15:35:25+00:00\",\"dateModified\":\"2024-02-07T15:35:25+00:00\",\"breadcrumb\":{\"@id\":\"https:\/\/www.copyr.eu\/es\/prodotto\/py-cipertrin-l-1l\/#breadcrumb\"},\"inLanguage\":\"es\",\"potentialAction\":[{\"@type\":\"ReadAction\",\"target\":[\"https:\/\/www.copyr.eu\/es\/prodotto\/py-cipertrin-l-1l\/\"]}]},{\"@type\":\"BreadcrumbList\",\"@id\":\"https:\/\/www.copyr.eu\/es\/prodotto\/py-cipertrin-l-1l\/#breadcrumb\",\"itemListElement\":[{\"@type\":\"ListItem\",\"position\":1,\"name\":\"Home\",\"item\":\"https:\/\/www.copyr.eu\/es\/\"},{\"@type\":\"ListItem\",\"position\":2,\"name\":\"Tutti i prodotti\",\"item\":\"https:\/\/www.copyr.eu\/es\/tutti-i-prodotti\/\"},{\"@type\":\"ListItem\",\"position\":3,\"name\":\"PY CIPERTRIN L 1l\"}]}]}<\/script>\n<!-- \/ Yoast SEO plugin. -->","yoast_head_json":{"title":"PY CIPERTRIN L 1l - Copyr.eu ES","robots":{"index":"index","follow":"follow","max-snippet":"max-snippet:-1","max-image-preview":"max-image-preview:large","max-video-preview":"max-video-preview:-1"},"canonical":"https:\/\/www.copyr.eu\/es\/prodotto\/py-cipertrin-l-1l\/","og_locale":"es_ES","og_type":"article","og_title":"PY CIPERTRIN L 1l - Copyr.eu ES","og_description":"Insecticida - acaricida l\u00edquido que viene listo para usar. Producto a base disolvente.","og_url":"https:\/\/www.copyr.eu\/es\/prodotto\/py-cipertrin-l-1l\/","og_site_name":"Copyr.eu ES","og_image":[{"width":1280,"height":2560,"url":"https:\/\/www.copyr.eu\/es\/wp-content\/uploads\/sites\/10\/2024\/02\/PY-CIPERTRIN-L-flacone-750ml-1420015-scaled.jpg","path":"\/var\/www\/vhosts\/copyr.eu\/httpdocs\/wp-content\/uploads\/sites\/10\/2024\/02\/PY-CIPERTRIN-L-flacone-750ml-1420015-scaled.jpg","size":"full","id":11974,"alt":"","pixels":3276800,"type":"image\/jpeg"}],"twitter_card":"summary_large_image","twitter_misc":{"Tiempo de lectura":"1 minuto"},"schema":{"@context":"https:\/\/schema.org","@graph":[{"@type":"WebSite","@id":"https:\/\/www.copyr.eu\/es\/#website","url":"https:\/\/www.copyr.eu\/es\/","name":"Copyr.eu ES","description":"Migliorare la qualit\u00e0, la sicurezza e l&#039;igiene dei luoghi in cui viviamo","potentialAction":[{"@type":"SearchAction","target":{"@type":"EntryPoint","urlTemplate":"https:\/\/www.copyr.eu\/es\/?s={search_term_string}"},"query-input":"required name=search_term_string"}],"inLanguage":"es"},{"@type":"ImageObject","@id":"https:\/\/www.copyr.eu\/es\/prodotto\/py-cipertrin-l-1l\/#primaryimage","inLanguage":"es","url":"https:\/\/www.copyr.eu\/es\/wp-content\/uploads\/sites\/10\/2024\/02\/PY-CIPERTRIN-L-flacone-750ml-1420015-scaled.jpg","contentUrl":"https:\/\/www.copyr.eu\/es\/wp-content\/uploads\/sites\/10\/2024\/02\/PY-CIPERTRIN-L-flacone-750ml-1420015-scaled.jpg","width":1024,"height":2048},{"@type":"WebPage","@id":"https:\/\/www.copyr.eu\/es\/prodotto\/py-cipertrin-l-1l\/#webpage","url":"https:\/\/www.copyr.eu\/es\/prodotto\/py-cipertrin-l-1l\/","name":"PY CIPERTRIN L 1l - Copyr.eu ES","isPartOf":{"@id":"https:\/\/www.copyr.eu\/es\/#website"},"primaryImageOfPage":{"@id":"https:\/\/www.copyr.eu\/es\/prodotto\/py-cipertrin-l-1l\/#primaryimage"},"datePublished":"2024-02-07T15:35:25+00:00","dateModified":"2024-02-07T15:35:25+00:00","breadcrumb":{"@id":"https:\/\/www.copyr.eu\/es\/prodotto\/py-cipertrin-l-1l\/#breadcrumb"},"inLanguage":"es","potentialAction":[{"@type":"ReadAction","target":["https:\/\/www.copyr.eu\/es\/prodotto\/py-cipertrin-l-1l\/"]}]},{"@type":"BreadcrumbList","@id":"https:\/\/www.copyr.eu\/es\/prodotto\/py-cipertrin-l-1l\/#breadcrumb","itemListElement":[{"@type":"ListItem","position":1,"name":"Home","item":"https:\/\/www.copyr.eu\/es\/"},{"@type":"ListItem","position":2,"name":"Tutti i prodotti","item":"https:\/\/www.copyr.eu\/es\/tutti-i-prodotti\/"},{"@type":"ListItem","position":3,"name":"PY CIPERTRIN L 1l"}]}]}},"_links":{"self":[{"href":"https:\/\/www.copyr.eu\/es\/wp-json\/wp\/v2\/product\/11973"}],"collection":[{"href":"https:\/\/www.copyr.eu\/es\/wp-json\/wp\/v2\/product"}],"about":[{"href":"https:\/\/www.copyr.eu\/es\/wp-json\/wp\/v2\/types\/product"}],"replies":[{"embeddable":true,"href":"https:\/\/www.copyr.eu\/es\/wp-json\/wp\/v2\/comments?post=11973"}],"wp:featuredmedia":[{"embeddable":true,"href":"https:\/\/www.copyr.eu\/es\/wp-json\/wp\/v2\/media\/11974"}],"wp:attachment":[{"href":"https:\/\/www.copyr.eu\/es\/wp-json\/wp\/v2\/media?parent=11973"}],"wp:term":[{"taxonomy":"product_cat","embeddable":true,"href":"https:\/\/www.copyr.eu\/es\/wp-json\/wp\/v2\/product_cat?post=11973"},{"taxonomy":"product_tag","embeddable":true,"href":"https:\/\/www.copyr.eu\/es\/wp-json\/wp\/v2\/product_tag?post=11973"},{"taxonomy":"malattie-piante","embeddable":true,"href":"https:\/\/www.copyr.eu\/es\/wp-json\/wp\/v2\/malattie-piante?post=11973"},{"taxonomy":"infestanti-ambiente","embeddable":true,"href":"https:\/\/www.copyr.eu\/es\/wp-json\/wp\/v2\/infestanti-ambiente?post=11973"},{"taxonomy":"infestanti-piante","embeddable":true,"href":"https:\/\/www.copyr.eu\/es\/wp-json\/wp\/v2\/infestanti-piante?post=11973"},{"taxonomy":"utilizzo","embeddable":true,"href":"https:\/\/www.copyr.eu\/es\/wp-json\/wp\/v2\/utilizzo?post=11973"}],"curies":[{"name":"wp","href":"https:\/\/api.w.org\/{rel}","templated":true}]}}