{"id":11971,"date":"2024-02-07T15:35:13","date_gmt":"2024-02-07T14:35:13","guid":{"rendered":"https:\/\/www.copyr.eu\/es\/?post_type=product&#038;p=11971"},"modified":"2024-02-07T15:35:13","modified_gmt":"2024-02-07T14:35:13","slug":"only-py-rtu","status":"publish","type":"product","link":"https:\/\/www.copyr.eu\/es\/prodotto\/only-py-rtu\/","title":{"rendered":"ONLY PY RTU"},"content":{"rendered":"<p><strong>ONLY PY RTU <\/strong>es un insecticida l\u00edquido que viene listo para usar en disolvente acuoso, exclusivamente a base de Piretrinas. Sustancia activa de origen vegetal de toxicidad baja para el ser humano y los animales de sangre caliente. El producto se caracteriza por su acci\u00f3n de derribo sumamente eficaz (knock down). Y, por consiguiente, por actuar muy r\u00e1pidamente contra los insectos rastreros (como cucarachas y hormigas) y los insectos voladores (como mosquitos, incluidos el mosquito tigre y las moscas). Las caracter\u00edsticas de las piretrinas tambi\u00e9n permiten usarlo en zonas sensibles, como las escuelas hospitales e industrias alimentarias. ONLY PY RTU es eficaz contra los insectos rastreros y voladores y se puede utilizar en: industrias alimentarias: f\u00e1bricas de pastas, panader\u00edas, confiter\u00edas, restaurantes, bares y comedores de escuelas o empresas almacenes y silos (cuando no contengan g\u00e9neros alimentarios) refugios de animales (hoy se puede usar en explotaciones agr\u00edcolas y criaderos de ganados biol\u00f3gicos) viviendas, oficinas, tiendas, hoteles, campamentos, y urbanizaciones tur\u00edsticas escuelas, centros geri\u00e1tricos o cl\u00ednicas y hospitales medios de transporte: embarcaciones, trenes, autobuses, containers (cuando no contengan g\u00e9neros alimentarios), naves industriales en general<\/p>\n","protected":false},"excerpt":{"rendered":"<p>Insecticida que viene listo para usar en base agua, con Piretro de origen vegetal.<\/p>\n","protected":false},"featured_media":11972,"comment_status":"open","ping_status":"closed","template":"","meta":{"content-type":""},"product_cat":[22],"product_tag":[],"malattie-piante":[],"infestanti-ambiente":[1422,1423,1450,1425,1428],"infestanti-piante":[],"utilizzo":[],"yoast_head":"<!-- This site is optimized with the Yoast SEO plugin v17.0 - https:\/\/yoast.com\/wordpress\/plugins\/seo\/ -->\n<title>ONLY PY RTU - Copyr.eu ES<\/title>\n<meta name=\"robots\" content=\"index, follow, max-snippet:-1, max-image-preview:large, max-video-preview:-1\" \/>\n<link rel=\"canonical\" href=\"https:\/\/www.copyr.eu\/es\/prodotto\/only-py-rtu\/\" \/>\n<meta property=\"og:locale\" content=\"es_ES\" \/>\n<meta property=\"og:type\" content=\"article\" \/>\n<meta property=\"og:title\" content=\"ONLY PY RTU - Copyr.eu ES\" \/>\n<meta property=\"og:description\" content=\"Insecticida que viene listo para usar en base agua, con Piretro de origen vegetal.\" \/>\n<meta property=\"og:url\" content=\"https:\/\/www.copyr.eu\/es\/prodotto\/only-py-rtu\/\" \/>\n<meta property=\"og:site_name\" content=\"Copyr.eu ES\" \/>\n<meta property=\"og:image\" content=\"https:\/\/www.copyr.eu\/es\/wp-content\/uploads\/sites\/10\/2024\/02\/ONLY-PY-RTU-trigger-750-ml-2770480-scaled.jpg\" \/>\n\t<meta property=\"og:image:width\" content=\"1034\" \/>\n\t<meta property=\"og:image:height\" content=\"2048\" \/>\n<meta name=\"twitter:card\" content=\"summary_large_image\" \/>\n<meta name=\"twitter:label1\" content=\"Tiempo de lectura\" \/>\n\t<meta name=\"twitter:data1\" content=\"1 minuto\" \/>\n<script type=\"application\/ld+json\" class=\"yoast-schema-graph\">{\"@context\":\"https:\/\/schema.org\",\"@graph\":[{\"@type\":\"WebSite\",\"@id\":\"https:\/\/www.copyr.eu\/es\/#website\",\"url\":\"https:\/\/www.copyr.eu\/es\/\",\"name\":\"Copyr.eu ES\",\"description\":\"Migliorare la qualit\\u00e0, la sicurezza e l&#039;igiene dei luoghi in cui viviamo\",\"potentialAction\":[{\"@type\":\"SearchAction\",\"target\":{\"@type\":\"EntryPoint\",\"urlTemplate\":\"https:\/\/www.copyr.eu\/es\/?s={search_term_string}\"},\"query-input\":\"required name=search_term_string\"}],\"inLanguage\":\"es\"},{\"@type\":\"ImageObject\",\"@id\":\"https:\/\/www.copyr.eu\/es\/prodotto\/only-py-rtu\/#primaryimage\",\"inLanguage\":\"es\",\"url\":\"https:\/\/www.copyr.eu\/es\/wp-content\/uploads\/sites\/10\/2024\/02\/ONLY-PY-RTU-trigger-750-ml-2770480-scaled.jpg\",\"contentUrl\":\"https:\/\/www.copyr.eu\/es\/wp-content\/uploads\/sites\/10\/2024\/02\/ONLY-PY-RTU-trigger-750-ml-2770480-scaled.jpg\",\"width\":1034,\"height\":2048},{\"@type\":\"WebPage\",\"@id\":\"https:\/\/www.copyr.eu\/es\/prodotto\/only-py-rtu\/#webpage\",\"url\":\"https:\/\/www.copyr.eu\/es\/prodotto\/only-py-rtu\/\",\"name\":\"ONLY PY RTU - Copyr.eu ES\",\"isPartOf\":{\"@id\":\"https:\/\/www.copyr.eu\/es\/#website\"},\"primaryImageOfPage\":{\"@id\":\"https:\/\/www.copyr.eu\/es\/prodotto\/only-py-rtu\/#primaryimage\"},\"datePublished\":\"2024-02-07T14:35:13+00:00\",\"dateModified\":\"2024-02-07T14:35:13+00:00\",\"breadcrumb\":{\"@id\":\"https:\/\/www.copyr.eu\/es\/prodotto\/only-py-rtu\/#breadcrumb\"},\"inLanguage\":\"es\",\"potentialAction\":[{\"@type\":\"ReadAction\",\"target\":[\"https:\/\/www.copyr.eu\/es\/prodotto\/only-py-rtu\/\"]}]},{\"@type\":\"BreadcrumbList\",\"@id\":\"https:\/\/www.copyr.eu\/es\/prodotto\/only-py-rtu\/#breadcrumb\",\"itemListElement\":[{\"@type\":\"ListItem\",\"position\":1,\"name\":\"Home\",\"item\":\"https:\/\/www.copyr.eu\/es\/\"},{\"@type\":\"ListItem\",\"position\":2,\"name\":\"Tutti i prodotti\",\"item\":\"https:\/\/www.copyr.eu\/es\/tutti-i-prodotti\/\"},{\"@type\":\"ListItem\",\"position\":3,\"name\":\"ONLY PY RTU\"}]}]}<\/script>\n<!-- \/ Yoast SEO plugin. -->","yoast_head_json":{"title":"ONLY PY RTU - Copyr.eu ES","robots":{"index":"index","follow":"follow","max-snippet":"max-snippet:-1","max-image-preview":"max-image-preview:large","max-video-preview":"max-video-preview:-1"},"canonical":"https:\/\/www.copyr.eu\/es\/prodotto\/only-py-rtu\/","og_locale":"es_ES","og_type":"article","og_title":"ONLY PY RTU - Copyr.eu ES","og_description":"Insecticida que viene listo para usar en base agua, con Piretro de origen vegetal.","og_url":"https:\/\/www.copyr.eu\/es\/prodotto\/only-py-rtu\/","og_site_name":"Copyr.eu ES","og_image":[{"width":1034,"height":2048,"url":"https:\/\/www.copyr.eu\/es\/wp-content\/uploads\/sites\/10\/2024\/02\/ONLY-PY-RTU-trigger-750-ml-2770480-scaled.jpg","path":"\/var\/www\/vhosts\/copyr.eu\/httpdocs\/wp-content\/uploads\/sites\/10\/2024\/02\/ONLY-PY-RTU-trigger-750-ml-2770480-scaled.jpg","size":"full","id":11972,"alt":"","pixels":2117632,"type":"image\/jpeg"}],"twitter_card":"summary_large_image","twitter_misc":{"Tiempo de lectura":"1 minuto"},"schema":{"@context":"https:\/\/schema.org","@graph":[{"@type":"WebSite","@id":"https:\/\/www.copyr.eu\/es\/#website","url":"https:\/\/www.copyr.eu\/es\/","name":"Copyr.eu ES","description":"Migliorare la qualit\u00e0, la sicurezza e l&#039;igiene dei luoghi in cui viviamo","potentialAction":[{"@type":"SearchAction","target":{"@type":"EntryPoint","urlTemplate":"https:\/\/www.copyr.eu\/es\/?s={search_term_string}"},"query-input":"required name=search_term_string"}],"inLanguage":"es"},{"@type":"ImageObject","@id":"https:\/\/www.copyr.eu\/es\/prodotto\/only-py-rtu\/#primaryimage","inLanguage":"es","url":"https:\/\/www.copyr.eu\/es\/wp-content\/uploads\/sites\/10\/2024\/02\/ONLY-PY-RTU-trigger-750-ml-2770480-scaled.jpg","contentUrl":"https:\/\/www.copyr.eu\/es\/wp-content\/uploads\/sites\/10\/2024\/02\/ONLY-PY-RTU-trigger-750-ml-2770480-scaled.jpg","width":1034,"height":2048},{"@type":"WebPage","@id":"https:\/\/www.copyr.eu\/es\/prodotto\/only-py-rtu\/#webpage","url":"https:\/\/www.copyr.eu\/es\/prodotto\/only-py-rtu\/","name":"ONLY PY RTU - Copyr.eu ES","isPartOf":{"@id":"https:\/\/www.copyr.eu\/es\/#website"},"primaryImageOfPage":{"@id":"https:\/\/www.copyr.eu\/es\/prodotto\/only-py-rtu\/#primaryimage"},"datePublished":"2024-02-07T14:35:13+00:00","dateModified":"2024-02-07T14:35:13+00:00","breadcrumb":{"@id":"https:\/\/www.copyr.eu\/es\/prodotto\/only-py-rtu\/#breadcrumb"},"inLanguage":"es","potentialAction":[{"@type":"ReadAction","target":["https:\/\/www.copyr.eu\/es\/prodotto\/only-py-rtu\/"]}]},{"@type":"BreadcrumbList","@id":"https:\/\/www.copyr.eu\/es\/prodotto\/only-py-rtu\/#breadcrumb","itemListElement":[{"@type":"ListItem","position":1,"name":"Home","item":"https:\/\/www.copyr.eu\/es\/"},{"@type":"ListItem","position":2,"name":"Tutti i prodotti","item":"https:\/\/www.copyr.eu\/es\/tutti-i-prodotti\/"},{"@type":"ListItem","position":3,"name":"ONLY PY RTU"}]}]}},"_links":{"self":[{"href":"https:\/\/www.copyr.eu\/es\/wp-json\/wp\/v2\/product\/11971"}],"collection":[{"href":"https:\/\/www.copyr.eu\/es\/wp-json\/wp\/v2\/product"}],"about":[{"href":"https:\/\/www.copyr.eu\/es\/wp-json\/wp\/v2\/types\/product"}],"replies":[{"embeddable":true,"href":"https:\/\/www.copyr.eu\/es\/wp-json\/wp\/v2\/comments?post=11971"}],"wp:featuredmedia":[{"embeddable":true,"href":"https:\/\/www.copyr.eu\/es\/wp-json\/wp\/v2\/media\/11972"}],"wp:attachment":[{"href":"https:\/\/www.copyr.eu\/es\/wp-json\/wp\/v2\/media?parent=11971"}],"wp:term":[{"taxonomy":"product_cat","embeddable":true,"href":"https:\/\/www.copyr.eu\/es\/wp-json\/wp\/v2\/product_cat?post=11971"},{"taxonomy":"product_tag","embeddable":true,"href":"https:\/\/www.copyr.eu\/es\/wp-json\/wp\/v2\/product_tag?post=11971"},{"taxonomy":"malattie-piante","embeddable":true,"href":"https:\/\/www.copyr.eu\/es\/wp-json\/wp\/v2\/malattie-piante?post=11971"},{"taxonomy":"infestanti-ambiente","embeddable":true,"href":"https:\/\/www.copyr.eu\/es\/wp-json\/wp\/v2\/infestanti-ambiente?post=11971"},{"taxonomy":"infestanti-piante","embeddable":true,"href":"https:\/\/www.copyr.eu\/es\/wp-json\/wp\/v2\/infestanti-piante?post=11971"},{"taxonomy":"utilizzo","embeddable":true,"href":"https:\/\/www.copyr.eu\/es\/wp-json\/wp\/v2\/utilizzo?post=11971"}],"curies":[{"name":"wp","href":"https:\/\/api.w.org\/{rel}","templated":true}]}}