{"id":11969,"date":"2024-02-07T12:33:40","date_gmt":"2024-02-07T11:33:40","guid":{"rendered":"https:\/\/www.copyr.eu\/es\/?post_type=product&#038;p=11969"},"modified":"2024-02-07T12:33:41","modified_gmt":"2024-02-07T11:33:41","slug":"kenyasafe-py-plus","status":"publish","type":"product","link":"https:\/\/www.copyr.eu\/es\/prodotto\/kenyasafe-py-plus\/","title":{"rendered":"KENYASAFE PY PLUS"},"content":{"rendered":"<p>KENYASAFE PY PLUS es un insecticida en aerosol a base de Piretrinas naturales (extracto de Chrysanthemum cinerariaefolium), geraniol y el sinergizante MGK264, que se desarroll\u00f3 en EE. UU. Se usa con el dispensador autom\u00e1tico ad hoc Copyrmatic que se estudi\u00f3 especialmente, para proteger contra la irrupci\u00f3n de insectos voladores las casas, oficinas, bares, restaurantes, hoteles, escuelas, tiendas, hospitales, espacios p\u00fablicos en general, almacenes, industrias alimentarias y criaderos de ganado y refugios de animales. KENYASAFE PY PLUS garantiza el control de todos los insectos voladores, como las moscas (Musca dom\u00e9stica y Stomoxys calcitrans), mosquitos (incluido el mosquito tigre) e insectos de productos alimenticios (la polilla india de la harina y la polilla Ephestia kuehniella), en virtud del poder de derribo que ejercen el Piretro y el Geraniol contra todos los insectos que, por consiguiente, se eliminan de los entornos tratados.<\/p>\n","protected":false},"excerpt":{"rendered":"<p>Insecticida en aerosol, estudiado para uso dom\u00e9stico y superficies no industriales. Forma de aplicaci\u00f3n: con dispensador autom\u00e1tico Copyrmatic.<\/p>\n","protected":false},"featured_media":11970,"comment_status":"open","ping_status":"closed","template":"","meta":{"content-type":""},"product_cat":[22],"product_tag":[],"malattie-piante":[],"infestanti-ambiente":[1468,1450,1425,1428],"infestanti-piante":[],"utilizzo":[],"yoast_head":"<!-- This site is optimized with the Yoast SEO plugin v17.0 - https:\/\/yoast.com\/wordpress\/plugins\/seo\/ -->\n<title>KENYASAFE PY PLUS - Copyr.eu ES<\/title>\n<meta name=\"robots\" content=\"index, follow, max-snippet:-1, max-image-preview:large, max-video-preview:-1\" \/>\n<link rel=\"canonical\" href=\"https:\/\/www.copyr.eu\/es\/prodotto\/kenyasafe-py-plus\/\" \/>\n<meta property=\"og:locale\" content=\"es_ES\" \/>\n<meta property=\"og:type\" content=\"article\" \/>\n<meta property=\"og:title\" content=\"KENYASAFE PY PLUS - Copyr.eu ES\" \/>\n<meta property=\"og:description\" content=\"Insecticida en aerosol, estudiado para uso dom\u00e9stico y superficies no industriales. Forma de aplicaci\u00f3n: con dispensador autom\u00e1tico Copyrmatic.\" \/>\n<meta property=\"og:url\" content=\"https:\/\/www.copyr.eu\/es\/prodotto\/kenyasafe-py-plus\/\" \/>\n<meta property=\"og:site_name\" content=\"Copyr.eu ES\" \/>\n<meta property=\"article:modified_time\" content=\"2024-02-07T11:33:41+00:00\" \/>\n<meta property=\"og:image\" content=\"https:\/\/www.copyr.eu\/es\/wp-content\/uploads\/sites\/10\/2024\/02\/KENYASAFE-PY-PLUS-bombola-250ml-3400372.jpg\" \/>\n\t<meta property=\"og:image:width\" content=\"1417\" \/>\n\t<meta property=\"og:image:height\" content=\"2244\" \/>\n<meta name=\"twitter:card\" content=\"summary_large_image\" \/>\n<meta name=\"twitter:label1\" content=\"Tiempo de lectura\" \/>\n\t<meta name=\"twitter:data1\" content=\"1 minuto\" \/>\n<script type=\"application\/ld+json\" class=\"yoast-schema-graph\">{\"@context\":\"https:\/\/schema.org\",\"@graph\":[{\"@type\":\"WebSite\",\"@id\":\"https:\/\/www.copyr.eu\/es\/#website\",\"url\":\"https:\/\/www.copyr.eu\/es\/\",\"name\":\"Copyr.eu ES\",\"description\":\"Migliorare la qualit\\u00e0, la sicurezza e l&#039;igiene dei luoghi in cui viviamo\",\"potentialAction\":[{\"@type\":\"SearchAction\",\"target\":{\"@type\":\"EntryPoint\",\"urlTemplate\":\"https:\/\/www.copyr.eu\/es\/?s={search_term_string}\"},\"query-input\":\"required name=search_term_string\"}],\"inLanguage\":\"es\"},{\"@type\":\"ImageObject\",\"@id\":\"https:\/\/www.copyr.eu\/es\/prodotto\/kenyasafe-py-plus\/#primaryimage\",\"inLanguage\":\"es\",\"url\":\"https:\/\/www.copyr.eu\/es\/wp-content\/uploads\/sites\/10\/2024\/02\/KENYASAFE-PY-PLUS-bombola-250ml-3400372.jpg\",\"contentUrl\":\"https:\/\/www.copyr.eu\/es\/wp-content\/uploads\/sites\/10\/2024\/02\/KENYASAFE-PY-PLUS-bombola-250ml-3400372.jpg\",\"width\":1293,\"height\":2048},{\"@type\":\"WebPage\",\"@id\":\"https:\/\/www.copyr.eu\/es\/prodotto\/kenyasafe-py-plus\/#webpage\",\"url\":\"https:\/\/www.copyr.eu\/es\/prodotto\/kenyasafe-py-plus\/\",\"name\":\"KENYASAFE PY PLUS - Copyr.eu ES\",\"isPartOf\":{\"@id\":\"https:\/\/www.copyr.eu\/es\/#website\"},\"primaryImageOfPage\":{\"@id\":\"https:\/\/www.copyr.eu\/es\/prodotto\/kenyasafe-py-plus\/#primaryimage\"},\"datePublished\":\"2024-02-07T11:33:40+00:00\",\"dateModified\":\"2024-02-07T11:33:41+00:00\",\"breadcrumb\":{\"@id\":\"https:\/\/www.copyr.eu\/es\/prodotto\/kenyasafe-py-plus\/#breadcrumb\"},\"inLanguage\":\"es\",\"potentialAction\":[{\"@type\":\"ReadAction\",\"target\":[\"https:\/\/www.copyr.eu\/es\/prodotto\/kenyasafe-py-plus\/\"]}]},{\"@type\":\"BreadcrumbList\",\"@id\":\"https:\/\/www.copyr.eu\/es\/prodotto\/kenyasafe-py-plus\/#breadcrumb\",\"itemListElement\":[{\"@type\":\"ListItem\",\"position\":1,\"name\":\"Home\",\"item\":\"https:\/\/www.copyr.eu\/es\/\"},{\"@type\":\"ListItem\",\"position\":2,\"name\":\"Tutti i prodotti\",\"item\":\"https:\/\/www.copyr.eu\/es\/tutti-i-prodotti\/\"},{\"@type\":\"ListItem\",\"position\":3,\"name\":\"KENYASAFE PY PLUS\"}]}]}<\/script>\n<!-- \/ Yoast SEO plugin. -->","yoast_head_json":{"title":"KENYASAFE PY PLUS - Copyr.eu ES","robots":{"index":"index","follow":"follow","max-snippet":"max-snippet:-1","max-image-preview":"max-image-preview:large","max-video-preview":"max-video-preview:-1"},"canonical":"https:\/\/www.copyr.eu\/es\/prodotto\/kenyasafe-py-plus\/","og_locale":"es_ES","og_type":"article","og_title":"KENYASAFE PY PLUS - Copyr.eu ES","og_description":"Insecticida en aerosol, estudiado para uso dom\u00e9stico y superficies no industriales. Forma de aplicaci\u00f3n: con dispensador autom\u00e1tico Copyrmatic.","og_url":"https:\/\/www.copyr.eu\/es\/prodotto\/kenyasafe-py-plus\/","og_site_name":"Copyr.eu ES","article_modified_time":"2024-02-07T11:33:41+00:00","og_image":[{"width":1417,"height":2244,"url":"https:\/\/www.copyr.eu\/es\/wp-content\/uploads\/sites\/10\/2024\/02\/KENYASAFE-PY-PLUS-bombola-250ml-3400372.jpg","path":"\/var\/www\/vhosts\/copyr.eu\/httpdocs\/wp-content\/uploads\/sites\/10\/2024\/02\/KENYASAFE-PY-PLUS-bombola-250ml-3400372.jpg","size":"full","id":11970,"alt":"","pixels":3179748,"type":"image\/jpeg"}],"twitter_card":"summary_large_image","twitter_misc":{"Tiempo de lectura":"1 minuto"},"schema":{"@context":"https:\/\/schema.org","@graph":[{"@type":"WebSite","@id":"https:\/\/www.copyr.eu\/es\/#website","url":"https:\/\/www.copyr.eu\/es\/","name":"Copyr.eu ES","description":"Migliorare la qualit\u00e0, la sicurezza e l&#039;igiene dei luoghi in cui viviamo","potentialAction":[{"@type":"SearchAction","target":{"@type":"EntryPoint","urlTemplate":"https:\/\/www.copyr.eu\/es\/?s={search_term_string}"},"query-input":"required name=search_term_string"}],"inLanguage":"es"},{"@type":"ImageObject","@id":"https:\/\/www.copyr.eu\/es\/prodotto\/kenyasafe-py-plus\/#primaryimage","inLanguage":"es","url":"https:\/\/www.copyr.eu\/es\/wp-content\/uploads\/sites\/10\/2024\/02\/KENYASAFE-PY-PLUS-bombola-250ml-3400372.jpg","contentUrl":"https:\/\/www.copyr.eu\/es\/wp-content\/uploads\/sites\/10\/2024\/02\/KENYASAFE-PY-PLUS-bombola-250ml-3400372.jpg","width":1293,"height":2048},{"@type":"WebPage","@id":"https:\/\/www.copyr.eu\/es\/prodotto\/kenyasafe-py-plus\/#webpage","url":"https:\/\/www.copyr.eu\/es\/prodotto\/kenyasafe-py-plus\/","name":"KENYASAFE PY PLUS - Copyr.eu ES","isPartOf":{"@id":"https:\/\/www.copyr.eu\/es\/#website"},"primaryImageOfPage":{"@id":"https:\/\/www.copyr.eu\/es\/prodotto\/kenyasafe-py-plus\/#primaryimage"},"datePublished":"2024-02-07T11:33:40+00:00","dateModified":"2024-02-07T11:33:41+00:00","breadcrumb":{"@id":"https:\/\/www.copyr.eu\/es\/prodotto\/kenyasafe-py-plus\/#breadcrumb"},"inLanguage":"es","potentialAction":[{"@type":"ReadAction","target":["https:\/\/www.copyr.eu\/es\/prodotto\/kenyasafe-py-plus\/"]}]},{"@type":"BreadcrumbList","@id":"https:\/\/www.copyr.eu\/es\/prodotto\/kenyasafe-py-plus\/#breadcrumb","itemListElement":[{"@type":"ListItem","position":1,"name":"Home","item":"https:\/\/www.copyr.eu\/es\/"},{"@type":"ListItem","position":2,"name":"Tutti i prodotti","item":"https:\/\/www.copyr.eu\/es\/tutti-i-prodotti\/"},{"@type":"ListItem","position":3,"name":"KENYASAFE PY PLUS"}]}]}},"_links":{"self":[{"href":"https:\/\/www.copyr.eu\/es\/wp-json\/wp\/v2\/product\/11969"}],"collection":[{"href":"https:\/\/www.copyr.eu\/es\/wp-json\/wp\/v2\/product"}],"about":[{"href":"https:\/\/www.copyr.eu\/es\/wp-json\/wp\/v2\/types\/product"}],"replies":[{"embeddable":true,"href":"https:\/\/www.copyr.eu\/es\/wp-json\/wp\/v2\/comments?post=11969"}],"wp:featuredmedia":[{"embeddable":true,"href":"https:\/\/www.copyr.eu\/es\/wp-json\/wp\/v2\/media\/11970"}],"wp:attachment":[{"href":"https:\/\/www.copyr.eu\/es\/wp-json\/wp\/v2\/media?parent=11969"}],"wp:term":[{"taxonomy":"product_cat","embeddable":true,"href":"https:\/\/www.copyr.eu\/es\/wp-json\/wp\/v2\/product_cat?post=11969"},{"taxonomy":"product_tag","embeddable":true,"href":"https:\/\/www.copyr.eu\/es\/wp-json\/wp\/v2\/product_tag?post=11969"},{"taxonomy":"malattie-piante","embeddable":true,"href":"https:\/\/www.copyr.eu\/es\/wp-json\/wp\/v2\/malattie-piante?post=11969"},{"taxonomy":"infestanti-ambiente","embeddable":true,"href":"https:\/\/www.copyr.eu\/es\/wp-json\/wp\/v2\/infestanti-ambiente?post=11969"},{"taxonomy":"infestanti-piante","embeddable":true,"href":"https:\/\/www.copyr.eu\/es\/wp-json\/wp\/v2\/infestanti-piante?post=11969"},{"taxonomy":"utilizzo","embeddable":true,"href":"https:\/\/www.copyr.eu\/es\/wp-json\/wp\/v2\/utilizzo?post=11969"}],"curies":[{"name":"wp","href":"https:\/\/api.w.org\/{rel}","templated":true}]}}