{"id":11963,"date":"2024-02-07T11:46:27","date_gmt":"2024-02-07T10:46:27","guid":{"rendered":"https:\/\/www.copyr.eu\/es\/?post_type=product&#038;p=11963"},"modified":"2024-02-07T12:15:55","modified_gmt":"2024-02-07T11:15:55","slug":"gulp-box-rhino-2","status":"publish","type":"product","link":"https:\/\/www.copyr.eu\/es\/prodotto\/gulp-box-rhino-2\/","title":{"rendered":"GULP BOX RHINO"},"content":{"rendered":"<p>Dispensador para cebo rodenticida, de color negro con llave universal. El producto se fabrica completamente en Italia. Se realiza con material pl\u00e1stico antirrayos UV. Antichoques de 3 mm de espesor. Consta de un elemento divisorio central de seguridad de quita y pon, para impedir que los animales no diana entren en contacto con los cebos. El dispensador contiene 1 elemento de acero inoxidable y 4 puntos de asiento verticales para colocar los cebos. Viene con dos ganchos traseros para anclarlo contra la pared y con un estribo que permite desengancharlo velozmente para efectuar un mantenimiento r\u00e1pido. Si se lo usa combin\u00e1ndolo con <strong>MOUSE STATION<\/strong><strong> PEQUE\u00d1A, <\/strong>se convierte en una excelente estaci\u00f3n de captura m\u00faltiple. La versi\u00f3n con vidrio permite inspeccionar el interior sin abrir la tapa, de manera tal que resulte viable constatar r\u00e1pidamente si ha pasado un animal o se ha capturado un roedor en base al sistema de monitorizaci\u00f3n (por ejemplo: cebos placebo) o si se efectu\u00f3 una captura (por ejemplo: mouse station peque\u00f1a, gulp trap) con el que est\u00e1 equipada la estaci\u00f3n.<\/p>\n","protected":false},"excerpt":{"rendered":"<p>Dispensador para cebo rodenticida negro con llave universal.<\/p>\n","protected":false},"featured_media":11967,"comment_status":"open","ping_status":"closed","template":"","meta":{"content-type":""},"product_cat":[23],"product_tag":[],"malattie-piante":[],"infestanti-ambiente":[1457,1458],"infestanti-piante":[],"utilizzo":[],"yoast_head":"<!-- This site is optimized with the Yoast SEO plugin v17.0 - https:\/\/yoast.com\/wordpress\/plugins\/seo\/ -->\n<title>GULP BOX RHINO - Copyr.eu ES<\/title>\n<meta name=\"robots\" content=\"index, follow, max-snippet:-1, max-image-preview:large, max-video-preview:-1\" \/>\n<link rel=\"canonical\" href=\"https:\/\/www.copyr.eu\/es\/prodotto\/gulp-box-rhino-2\/\" \/>\n<meta property=\"og:locale\" content=\"es_ES\" \/>\n<meta property=\"og:type\" content=\"article\" \/>\n<meta property=\"og:title\" content=\"GULP BOX RHINO - Copyr.eu ES\" \/>\n<meta property=\"og:description\" content=\"Dispensador para cebo rodenticida negro con llave universal.\" \/>\n<meta property=\"og:url\" content=\"https:\/\/www.copyr.eu\/es\/prodotto\/gulp-box-rhino-2\/\" \/>\n<meta property=\"og:site_name\" content=\"Copyr.eu ES\" \/>\n<meta property=\"article:modified_time\" content=\"2024-02-07T11:15:55+00:00\" \/>\n<meta property=\"og:image\" content=\"https:\/\/www.copyr.eu\/es\/wp-content\/uploads\/sites\/10\/2024\/02\/Gulp-box-rhino_2530498.png\" \/>\n\t<meta property=\"og:image:width\" content=\"2500\" \/>\n\t<meta property=\"og:image:height\" content=\"1875\" \/>\n<meta name=\"twitter:card\" content=\"summary_large_image\" \/>\n<meta name=\"twitter:label1\" content=\"Tiempo de lectura\" \/>\n\t<meta name=\"twitter:data1\" content=\"1 minuto\" \/>\n<script type=\"application\/ld+json\" class=\"yoast-schema-graph\">{\"@context\":\"https:\/\/schema.org\",\"@graph\":[{\"@type\":\"WebSite\",\"@id\":\"https:\/\/www.copyr.eu\/es\/#website\",\"url\":\"https:\/\/www.copyr.eu\/es\/\",\"name\":\"Copyr.eu ES\",\"description\":\"Migliorare la qualit\\u00e0, la sicurezza e l&#039;igiene dei luoghi in cui viviamo\",\"potentialAction\":[{\"@type\":\"SearchAction\",\"target\":{\"@type\":\"EntryPoint\",\"urlTemplate\":\"https:\/\/www.copyr.eu\/es\/?s={search_term_string}\"},\"query-input\":\"required name=search_term_string\"}],\"inLanguage\":\"es\"},{\"@type\":\"ImageObject\",\"@id\":\"https:\/\/www.copyr.eu\/es\/prodotto\/gulp-box-rhino-2\/#primaryimage\",\"inLanguage\":\"es\",\"url\":\"https:\/\/www.copyr.eu\/es\/wp-content\/uploads\/sites\/10\/2024\/02\/Gulp-box-rhino_2530498.png\",\"contentUrl\":\"https:\/\/www.copyr.eu\/es\/wp-content\/uploads\/sites\/10\/2024\/02\/Gulp-box-rhino_2530498.png\",\"width\":2048,\"height\":1536},{\"@type\":\"WebPage\",\"@id\":\"https:\/\/www.copyr.eu\/es\/prodotto\/gulp-box-rhino-2\/#webpage\",\"url\":\"https:\/\/www.copyr.eu\/es\/prodotto\/gulp-box-rhino-2\/\",\"name\":\"GULP BOX RHINO - Copyr.eu ES\",\"isPartOf\":{\"@id\":\"https:\/\/www.copyr.eu\/es\/#website\"},\"primaryImageOfPage\":{\"@id\":\"https:\/\/www.copyr.eu\/es\/prodotto\/gulp-box-rhino-2\/#primaryimage\"},\"datePublished\":\"2024-02-07T10:46:27+00:00\",\"dateModified\":\"2024-02-07T11:15:55+00:00\",\"breadcrumb\":{\"@id\":\"https:\/\/www.copyr.eu\/es\/prodotto\/gulp-box-rhino-2\/#breadcrumb\"},\"inLanguage\":\"es\",\"potentialAction\":[{\"@type\":\"ReadAction\",\"target\":[\"https:\/\/www.copyr.eu\/es\/prodotto\/gulp-box-rhino-2\/\"]}]},{\"@type\":\"BreadcrumbList\",\"@id\":\"https:\/\/www.copyr.eu\/es\/prodotto\/gulp-box-rhino-2\/#breadcrumb\",\"itemListElement\":[{\"@type\":\"ListItem\",\"position\":1,\"name\":\"Home\",\"item\":\"https:\/\/www.copyr.eu\/es\/\"},{\"@type\":\"ListItem\",\"position\":2,\"name\":\"Tutti i prodotti\",\"item\":\"https:\/\/www.copyr.eu\/es\/tutti-i-prodotti\/\"},{\"@type\":\"ListItem\",\"position\":3,\"name\":\"GULP BOX RHINO\"}]}]}<\/script>\n<!-- \/ Yoast SEO plugin. -->","yoast_head_json":{"title":"GULP BOX RHINO - Copyr.eu ES","robots":{"index":"index","follow":"follow","max-snippet":"max-snippet:-1","max-image-preview":"max-image-preview:large","max-video-preview":"max-video-preview:-1"},"canonical":"https:\/\/www.copyr.eu\/es\/prodotto\/gulp-box-rhino-2\/","og_locale":"es_ES","og_type":"article","og_title":"GULP BOX RHINO - Copyr.eu ES","og_description":"Dispensador para cebo rodenticida negro con llave universal.","og_url":"https:\/\/www.copyr.eu\/es\/prodotto\/gulp-box-rhino-2\/","og_site_name":"Copyr.eu ES","article_modified_time":"2024-02-07T11:15:55+00:00","og_image":[{"width":2500,"height":1875,"url":"https:\/\/www.copyr.eu\/es\/wp-content\/uploads\/sites\/10\/2024\/02\/Gulp-box-rhino_2530498.png","path":"\/var\/www\/vhosts\/copyr.eu\/httpdocs\/wp-content\/uploads\/sites\/10\/2024\/02\/Gulp-box-rhino_2530498.png","size":"full","id":11967,"alt":"","pixels":4687500,"type":"image\/png"}],"twitter_card":"summary_large_image","twitter_misc":{"Tiempo de lectura":"1 minuto"},"schema":{"@context":"https:\/\/schema.org","@graph":[{"@type":"WebSite","@id":"https:\/\/www.copyr.eu\/es\/#website","url":"https:\/\/www.copyr.eu\/es\/","name":"Copyr.eu ES","description":"Migliorare la qualit\u00e0, la sicurezza e l&#039;igiene dei luoghi in cui viviamo","potentialAction":[{"@type":"SearchAction","target":{"@type":"EntryPoint","urlTemplate":"https:\/\/www.copyr.eu\/es\/?s={search_term_string}"},"query-input":"required name=search_term_string"}],"inLanguage":"es"},{"@type":"ImageObject","@id":"https:\/\/www.copyr.eu\/es\/prodotto\/gulp-box-rhino-2\/#primaryimage","inLanguage":"es","url":"https:\/\/www.copyr.eu\/es\/wp-content\/uploads\/sites\/10\/2024\/02\/Gulp-box-rhino_2530498.png","contentUrl":"https:\/\/www.copyr.eu\/es\/wp-content\/uploads\/sites\/10\/2024\/02\/Gulp-box-rhino_2530498.png","width":2048,"height":1536},{"@type":"WebPage","@id":"https:\/\/www.copyr.eu\/es\/prodotto\/gulp-box-rhino-2\/#webpage","url":"https:\/\/www.copyr.eu\/es\/prodotto\/gulp-box-rhino-2\/","name":"GULP BOX RHINO - Copyr.eu ES","isPartOf":{"@id":"https:\/\/www.copyr.eu\/es\/#website"},"primaryImageOfPage":{"@id":"https:\/\/www.copyr.eu\/es\/prodotto\/gulp-box-rhino-2\/#primaryimage"},"datePublished":"2024-02-07T10:46:27+00:00","dateModified":"2024-02-07T11:15:55+00:00","breadcrumb":{"@id":"https:\/\/www.copyr.eu\/es\/prodotto\/gulp-box-rhino-2\/#breadcrumb"},"inLanguage":"es","potentialAction":[{"@type":"ReadAction","target":["https:\/\/www.copyr.eu\/es\/prodotto\/gulp-box-rhino-2\/"]}]},{"@type":"BreadcrumbList","@id":"https:\/\/www.copyr.eu\/es\/prodotto\/gulp-box-rhino-2\/#breadcrumb","itemListElement":[{"@type":"ListItem","position":1,"name":"Home","item":"https:\/\/www.copyr.eu\/es\/"},{"@type":"ListItem","position":2,"name":"Tutti i prodotti","item":"https:\/\/www.copyr.eu\/es\/tutti-i-prodotti\/"},{"@type":"ListItem","position":3,"name":"GULP BOX RHINO"}]}]}},"_links":{"self":[{"href":"https:\/\/www.copyr.eu\/es\/wp-json\/wp\/v2\/product\/11963"}],"collection":[{"href":"https:\/\/www.copyr.eu\/es\/wp-json\/wp\/v2\/product"}],"about":[{"href":"https:\/\/www.copyr.eu\/es\/wp-json\/wp\/v2\/types\/product"}],"replies":[{"embeddable":true,"href":"https:\/\/www.copyr.eu\/es\/wp-json\/wp\/v2\/comments?post=11963"}],"wp:featuredmedia":[{"embeddable":true,"href":"https:\/\/www.copyr.eu\/es\/wp-json\/wp\/v2\/media\/11967"}],"wp:attachment":[{"href":"https:\/\/www.copyr.eu\/es\/wp-json\/wp\/v2\/media?parent=11963"}],"wp:term":[{"taxonomy":"product_cat","embeddable":true,"href":"https:\/\/www.copyr.eu\/es\/wp-json\/wp\/v2\/product_cat?post=11963"},{"taxonomy":"product_tag","embeddable":true,"href":"https:\/\/www.copyr.eu\/es\/wp-json\/wp\/v2\/product_tag?post=11963"},{"taxonomy":"malattie-piante","embeddable":true,"href":"https:\/\/www.copyr.eu\/es\/wp-json\/wp\/v2\/malattie-piante?post=11963"},{"taxonomy":"infestanti-ambiente","embeddable":true,"href":"https:\/\/www.copyr.eu\/es\/wp-json\/wp\/v2\/infestanti-ambiente?post=11963"},{"taxonomy":"infestanti-piante","embeddable":true,"href":"https:\/\/www.copyr.eu\/es\/wp-json\/wp\/v2\/infestanti-piante?post=11963"},{"taxonomy":"utilizzo","embeddable":true,"href":"https:\/\/www.copyr.eu\/es\/wp-json\/wp\/v2\/utilizzo?post=11963"}],"curies":[{"name":"wp","href":"https:\/\/api.w.org\/{rel}","templated":true}]}}