{"id":11958,"date":"2024-02-07T11:05:14","date_gmt":"2024-02-07T10:05:14","guid":{"rendered":"https:\/\/www.copyr.eu\/es\/?post_type=product&#038;p=11958"},"modified":"2024-02-07T12:17:36","modified_gmt":"2024-02-07T11:17:36","slug":"gulp-box-mammoth","status":"publish","type":"product","link":"https:\/\/www.copyr.eu\/es\/prodotto\/gulp-box-mammoth\/","title":{"rendered":"GULP BOX MAMMOTH"},"content":{"rendered":"<p>Dispensador para cebo rodenticida, de color negro con mirilla de control y llave universal. El producto se fabrica completamente en Italia. Se realiza con material pl\u00e1stico antirrayos UV. Antichoques de 3 mm de espesor. Es id\u00f3neo para usarlo en espacios exteriores e interiores. Se puede emplear contra ratones y ratas. Consta de un elemento divisorio central de quita y pon, de seguridad, para impedir que los animales no diana entren en contacto con los cebos. El dispensador contiene 1 elemento de acero inoxidable y cuatro puntos espec\u00edficos verticales para colocar los cebos.\u00a0 Viene con dos ganchos traseros para anclarlo contra la pared y con un estribo que permite desengancharlo velozmente para efectuar un mantenimiento r\u00e1pido. \u00a0Es posible reemplazar el gancho de cierre en caso de que sufra da\u00f1os. Si se lo usa combin\u00e1ndolo con MOUSE STATION GRANDE, se convierte en una excelente estaci\u00f3n de captura m\u00faltiple.<\/p>\n<p>Est\u00e1 preparado para introducir la plataforma de monitorizaci\u00f3n de insectos rastreros GULP INSECT.<\/p>\n","protected":false},"excerpt":{"rendered":"<p>Dispensador de cebo rodenticida negro con mirilla de control y llave universal.<\/p>\n","protected":false},"featured_media":11968,"comment_status":"open","ping_status":"closed","template":"","meta":{"content-type":""},"product_cat":[23],"product_tag":[],"malattie-piante":[],"infestanti-ambiente":[1457,1458],"infestanti-piante":[],"utilizzo":[],"yoast_head":"<!-- This site is optimized with the Yoast SEO plugin v17.0 - https:\/\/yoast.com\/wordpress\/plugins\/seo\/ -->\n<title>GULP BOX MAMMOTH - Copyr.eu ES<\/title>\n<meta name=\"robots\" content=\"index, follow, max-snippet:-1, max-image-preview:large, max-video-preview:-1\" \/>\n<link rel=\"canonical\" href=\"https:\/\/www.copyr.eu\/es\/prodotto\/gulp-box-mammoth\/\" \/>\n<meta property=\"og:locale\" content=\"es_ES\" \/>\n<meta property=\"og:type\" content=\"article\" \/>\n<meta property=\"og:title\" content=\"GULP BOX MAMMOTH - Copyr.eu ES\" \/>\n<meta property=\"og:description\" content=\"Dispensador de cebo rodenticida negro con mirilla de control y llave universal.\" \/>\n<meta property=\"og:url\" content=\"https:\/\/www.copyr.eu\/es\/prodotto\/gulp-box-mammoth\/\" \/>\n<meta property=\"og:site_name\" content=\"Copyr.eu ES\" \/>\n<meta property=\"article:modified_time\" content=\"2024-02-07T11:17:36+00:00\" \/>\n<meta property=\"og:image\" content=\"https:\/\/www.copyr.eu\/es\/wp-content\/uploads\/sites\/10\/2024\/02\/Mammoth5_COMPLETA.png\" \/>\n\t<meta property=\"og:image:width\" content=\"2500\" \/>\n\t<meta property=\"og:image:height\" content=\"1875\" \/>\n<meta name=\"twitter:card\" content=\"summary_large_image\" \/>\n<meta name=\"twitter:label1\" content=\"Tiempo de lectura\" \/>\n\t<meta name=\"twitter:data1\" content=\"1 minuto\" \/>\n<script type=\"application\/ld+json\" class=\"yoast-schema-graph\">{\"@context\":\"https:\/\/schema.org\",\"@graph\":[{\"@type\":\"WebSite\",\"@id\":\"https:\/\/www.copyr.eu\/es\/#website\",\"url\":\"https:\/\/www.copyr.eu\/es\/\",\"name\":\"Copyr.eu ES\",\"description\":\"Migliorare la qualit\\u00e0, la sicurezza e l&#039;igiene dei luoghi in cui viviamo\",\"potentialAction\":[{\"@type\":\"SearchAction\",\"target\":{\"@type\":\"EntryPoint\",\"urlTemplate\":\"https:\/\/www.copyr.eu\/es\/?s={search_term_string}\"},\"query-input\":\"required name=search_term_string\"}],\"inLanguage\":\"es\"},{\"@type\":\"ImageObject\",\"@id\":\"https:\/\/www.copyr.eu\/es\/prodotto\/gulp-box-mammoth\/#primaryimage\",\"inLanguage\":\"es\",\"url\":\"https:\/\/www.copyr.eu\/es\/wp-content\/uploads\/sites\/10\/2024\/02\/Mammoth5_COMPLETA.png\",\"contentUrl\":\"https:\/\/www.copyr.eu\/es\/wp-content\/uploads\/sites\/10\/2024\/02\/Mammoth5_COMPLETA.png\",\"width\":2048,\"height\":1536},{\"@type\":\"WebPage\",\"@id\":\"https:\/\/www.copyr.eu\/es\/prodotto\/gulp-box-mammoth\/#webpage\",\"url\":\"https:\/\/www.copyr.eu\/es\/prodotto\/gulp-box-mammoth\/\",\"name\":\"GULP BOX MAMMOTH - Copyr.eu ES\",\"isPartOf\":{\"@id\":\"https:\/\/www.copyr.eu\/es\/#website\"},\"primaryImageOfPage\":{\"@id\":\"https:\/\/www.copyr.eu\/es\/prodotto\/gulp-box-mammoth\/#primaryimage\"},\"datePublished\":\"2024-02-07T10:05:14+00:00\",\"dateModified\":\"2024-02-07T11:17:36+00:00\",\"breadcrumb\":{\"@id\":\"https:\/\/www.copyr.eu\/es\/prodotto\/gulp-box-mammoth\/#breadcrumb\"},\"inLanguage\":\"es\",\"potentialAction\":[{\"@type\":\"ReadAction\",\"target\":[\"https:\/\/www.copyr.eu\/es\/prodotto\/gulp-box-mammoth\/\"]}]},{\"@type\":\"BreadcrumbList\",\"@id\":\"https:\/\/www.copyr.eu\/es\/prodotto\/gulp-box-mammoth\/#breadcrumb\",\"itemListElement\":[{\"@type\":\"ListItem\",\"position\":1,\"name\":\"Home\",\"item\":\"https:\/\/www.copyr.eu\/es\/\"},{\"@type\":\"ListItem\",\"position\":2,\"name\":\"Tutti i prodotti\",\"item\":\"https:\/\/www.copyr.eu\/es\/tutti-i-prodotti\/\"},{\"@type\":\"ListItem\",\"position\":3,\"name\":\"GULP BOX MAMMOTH\"}]}]}<\/script>\n<!-- \/ Yoast SEO plugin. -->","yoast_head_json":{"title":"GULP BOX MAMMOTH - Copyr.eu ES","robots":{"index":"index","follow":"follow","max-snippet":"max-snippet:-1","max-image-preview":"max-image-preview:large","max-video-preview":"max-video-preview:-1"},"canonical":"https:\/\/www.copyr.eu\/es\/prodotto\/gulp-box-mammoth\/","og_locale":"es_ES","og_type":"article","og_title":"GULP BOX MAMMOTH - Copyr.eu ES","og_description":"Dispensador de cebo rodenticida negro con mirilla de control y llave universal.","og_url":"https:\/\/www.copyr.eu\/es\/prodotto\/gulp-box-mammoth\/","og_site_name":"Copyr.eu ES","article_modified_time":"2024-02-07T11:17:36+00:00","og_image":[{"width":2500,"height":1875,"url":"https:\/\/www.copyr.eu\/es\/wp-content\/uploads\/sites\/10\/2024\/02\/Mammoth5_COMPLETA.png","path":"\/var\/www\/vhosts\/copyr.eu\/httpdocs\/wp-content\/uploads\/sites\/10\/2024\/02\/Mammoth5_COMPLETA.png","size":"full","id":11968,"alt":"","pixels":4687500,"type":"image\/png"}],"twitter_card":"summary_large_image","twitter_misc":{"Tiempo de lectura":"1 minuto"},"schema":{"@context":"https:\/\/schema.org","@graph":[{"@type":"WebSite","@id":"https:\/\/www.copyr.eu\/es\/#website","url":"https:\/\/www.copyr.eu\/es\/","name":"Copyr.eu ES","description":"Migliorare la qualit\u00e0, la sicurezza e l&#039;igiene dei luoghi in cui viviamo","potentialAction":[{"@type":"SearchAction","target":{"@type":"EntryPoint","urlTemplate":"https:\/\/www.copyr.eu\/es\/?s={search_term_string}"},"query-input":"required name=search_term_string"}],"inLanguage":"es"},{"@type":"ImageObject","@id":"https:\/\/www.copyr.eu\/es\/prodotto\/gulp-box-mammoth\/#primaryimage","inLanguage":"es","url":"https:\/\/www.copyr.eu\/es\/wp-content\/uploads\/sites\/10\/2024\/02\/Mammoth5_COMPLETA.png","contentUrl":"https:\/\/www.copyr.eu\/es\/wp-content\/uploads\/sites\/10\/2024\/02\/Mammoth5_COMPLETA.png","width":2048,"height":1536},{"@type":"WebPage","@id":"https:\/\/www.copyr.eu\/es\/prodotto\/gulp-box-mammoth\/#webpage","url":"https:\/\/www.copyr.eu\/es\/prodotto\/gulp-box-mammoth\/","name":"GULP BOX MAMMOTH - Copyr.eu ES","isPartOf":{"@id":"https:\/\/www.copyr.eu\/es\/#website"},"primaryImageOfPage":{"@id":"https:\/\/www.copyr.eu\/es\/prodotto\/gulp-box-mammoth\/#primaryimage"},"datePublished":"2024-02-07T10:05:14+00:00","dateModified":"2024-02-07T11:17:36+00:00","breadcrumb":{"@id":"https:\/\/www.copyr.eu\/es\/prodotto\/gulp-box-mammoth\/#breadcrumb"},"inLanguage":"es","potentialAction":[{"@type":"ReadAction","target":["https:\/\/www.copyr.eu\/es\/prodotto\/gulp-box-mammoth\/"]}]},{"@type":"BreadcrumbList","@id":"https:\/\/www.copyr.eu\/es\/prodotto\/gulp-box-mammoth\/#breadcrumb","itemListElement":[{"@type":"ListItem","position":1,"name":"Home","item":"https:\/\/www.copyr.eu\/es\/"},{"@type":"ListItem","position":2,"name":"Tutti i prodotti","item":"https:\/\/www.copyr.eu\/es\/tutti-i-prodotti\/"},{"@type":"ListItem","position":3,"name":"GULP BOX MAMMOTH"}]}]}},"_links":{"self":[{"href":"https:\/\/www.copyr.eu\/es\/wp-json\/wp\/v2\/product\/11958"}],"collection":[{"href":"https:\/\/www.copyr.eu\/es\/wp-json\/wp\/v2\/product"}],"about":[{"href":"https:\/\/www.copyr.eu\/es\/wp-json\/wp\/v2\/types\/product"}],"replies":[{"embeddable":true,"href":"https:\/\/www.copyr.eu\/es\/wp-json\/wp\/v2\/comments?post=11958"}],"wp:featuredmedia":[{"embeddable":true,"href":"https:\/\/www.copyr.eu\/es\/wp-json\/wp\/v2\/media\/11968"}],"wp:attachment":[{"href":"https:\/\/www.copyr.eu\/es\/wp-json\/wp\/v2\/media?parent=11958"}],"wp:term":[{"taxonomy":"product_cat","embeddable":true,"href":"https:\/\/www.copyr.eu\/es\/wp-json\/wp\/v2\/product_cat?post=11958"},{"taxonomy":"product_tag","embeddable":true,"href":"https:\/\/www.copyr.eu\/es\/wp-json\/wp\/v2\/product_tag?post=11958"},{"taxonomy":"malattie-piante","embeddable":true,"href":"https:\/\/www.copyr.eu\/es\/wp-json\/wp\/v2\/malattie-piante?post=11958"},{"taxonomy":"infestanti-ambiente","embeddable":true,"href":"https:\/\/www.copyr.eu\/es\/wp-json\/wp\/v2\/infestanti-ambiente?post=11958"},{"taxonomy":"infestanti-piante","embeddable":true,"href":"https:\/\/www.copyr.eu\/es\/wp-json\/wp\/v2\/infestanti-piante?post=11958"},{"taxonomy":"utilizzo","embeddable":true,"href":"https:\/\/www.copyr.eu\/es\/wp-json\/wp\/v2\/utilizzo?post=11958"}],"curies":[{"name":"wp","href":"https:\/\/api.w.org\/{rel}","templated":true}]}}