{"id":11956,"date":"2024-02-07T10:43:55","date_gmt":"2024-02-07T09:43:55","guid":{"rendered":"https:\/\/www.copyr.eu\/es\/?post_type=product&#038;p=11956"},"modified":"2024-02-07T10:49:23","modified_gmt":"2024-02-07T09:49:23","slug":"ciperpy-1l","status":"publish","type":"product","link":"https:\/\/www.copyr.eu\/es\/prodotto\/ciperpy-1l\/","title":{"rendered":"CIPERPY 1l"},"content":{"rendered":"<p>CIPERPY es un insecticida concentrado en forma de microemulsi\u00f3n acuosa. Destaca por su r\u00e1pida acci\u00f3n de derribo y su poder residual y desanidante para controlar insectos voladores y rastreros. Producto a base de dos principios activos: la Cipermetrina y el Piretro. La Cipermetrina es un piretroide sint\u00e9tico, fotoestable, particularmente indicado para luchar contra los insectos de importancia sanitaria. Se utiliza com\u00fanmente para desanidar insectos de grieta y fisuras y por su poder residual. Por su parte, el Piretro es un principio activo natural que posee una toxicidad muy baja contra el ser humano y los animales de sangre caliente.<\/p>\n<p><strong>INSECTOS QUE CONTROLA<\/strong><br \/>\nCIPERPY despliega su acci\u00f3n contra insectos voladores, entre los que figuran las moscas (Musca domestica) y el mosquito tigre (Aedes albopictus), al igual que contra los rastreros, como las cucarachas y la cucaracha rubia (Blattella Germanica), las hormigas (Lasius Niger), las chinche hedionda (Halyomorpha halys) e insectos infestantes de los g\u00e9neros alimenticios, como la polilla india de la harina o polilla bandeada (Plodia interpunctellao).<\/p>\n<p><strong>\u00c1MBITO DE APLICACI\u00d3N<\/strong><br \/>\nCIPERPY es un producto indicado para desinfectar espacios p\u00fablicos (zonas urbanas, oficinas, comedores de empresas y escolares, hoteles, restaurantes, teatros, cocinas, campamentos, urbanizaciones tur\u00edsticas, edificios p\u00fablicos, incluidos hospitales, escuelas, cl\u00ednicas y cuarteles militares), zonas habitacionales (pisos, casas, cocinas, cobertizos, garajes, senderos, jardines, espacios verdes en general), zonas manufactureras, industria alimentaria (sin entrar en contacto directo con los alimentos) f\u00e1bricas de queso, lecher\u00edas, almacenes de curado o a\u00f1ejamiento, almacenamiento de embutidos, molinos, silos, mataderos, tabacaleras, almacenes y naves destinadas a la fabricaci\u00f3n de cigarrillos y al almacenamiento del tabaco, zonas destinadas a la ganader\u00eda y a guardar animales (criaderos, refugios de animales, establos, perreras y picaderos), medios de transporte (metros, autobuses, camiones, bodegas de embarcaciones, vagones de ferrocarril, medios de transporte de pasajeros, animales o mercanc\u00edas), plantas de compostaje, vertederos, depuradores, alcantarillados, alcantarillas. CIPERPY es un producto indicado tanto para el exterior como el interior de espacios dom\u00e9sticos: paredes, fisuras, pisos, per\u00edmetro de jambas de puertas y ventanas, z\u00f3calos, s\u00f3tanos, dep\u00f3sitos, en los alrededores de yacijas para perros, refugios de perros y gatos. En los espacios cerrados, la acci\u00f3n insecticida perdura durante algunas semanas (de 4 a 6). El tratamiento desinfectante tambi\u00e9n se puede aplicar en prados, setos, arbustos y arboledas exclusivamente para luchar contra los mosquitos. <strong>F\u00f3rmula de nueva generaci\u00f3n con sinergizante MGK-264.<\/strong><\/p>\n<p>&nbsp;<\/p>\n","protected":false},"excerpt":{"rendered":"<p>Insecticida acaricida concentrado, en forma de microemulsi\u00f3n acuosa. Con acci\u00f3n de derribo, poder residual y desanidante. Para uso profesional en superficies no industriales y dom\u00e9sticas.<\/p>\n","protected":false},"featured_media":11957,"comment_status":"open","ping_status":"closed","template":"","meta":{"content-type":""},"product_cat":[22],"product_tag":[],"malattie-piante":[],"infestanti-ambiente":[1495,1423,1468,1424,1450,1425,1428],"infestanti-piante":[],"utilizzo":[],"yoast_head":"<!-- This site is optimized with the Yoast SEO plugin v17.0 - https:\/\/yoast.com\/wordpress\/plugins\/seo\/ -->\n<title>CIPERPY 1l - Copyr.eu ES<\/title>\n<meta name=\"robots\" content=\"index, follow, max-snippet:-1, max-image-preview:large, max-video-preview:-1\" \/>\n<link rel=\"canonical\" href=\"https:\/\/www.copyr.eu\/es\/prodotto\/ciperpy-1l\/\" \/>\n<meta property=\"og:locale\" content=\"es_ES\" \/>\n<meta property=\"og:type\" content=\"article\" \/>\n<meta property=\"og:title\" content=\"CIPERPY 1l - Copyr.eu ES\" \/>\n<meta property=\"og:description\" content=\"Insecticida acaricida concentrado, en forma de microemulsi\u00f3n acuosa. Con acci\u00f3n de derribo, poder residual y desanidante. Para uso profesional en superficies no industriales y dom\u00e9sticas.\" \/>\n<meta property=\"og:url\" content=\"https:\/\/www.copyr.eu\/es\/prodotto\/ciperpy-1l\/\" \/>\n<meta property=\"og:site_name\" content=\"Copyr.eu ES\" \/>\n<meta property=\"article:modified_time\" content=\"2024-02-07T09:49:23+00:00\" \/>\n<meta property=\"og:image\" content=\"https:\/\/www.copyr.eu\/es\/wp-content\/uploads\/sites\/10\/2024\/02\/1531015_Ciperpy-1L.jpg\" \/>\n\t<meta property=\"og:image:width\" content=\"1500\" \/>\n\t<meta property=\"og:image:height\" content=\"1499\" \/>\n<meta name=\"twitter:card\" content=\"summary_large_image\" \/>\n<meta name=\"twitter:label1\" content=\"Tiempo de lectura\" \/>\n\t<meta name=\"twitter:data1\" content=\"2 minutos\" \/>\n<script type=\"application\/ld+json\" class=\"yoast-schema-graph\">{\"@context\":\"https:\/\/schema.org\",\"@graph\":[{\"@type\":\"WebSite\",\"@id\":\"https:\/\/www.copyr.eu\/es\/#website\",\"url\":\"https:\/\/www.copyr.eu\/es\/\",\"name\":\"Copyr.eu ES\",\"description\":\"Migliorare la qualit\\u00e0, la sicurezza e l&#039;igiene dei luoghi in cui viviamo\",\"potentialAction\":[{\"@type\":\"SearchAction\",\"target\":{\"@type\":\"EntryPoint\",\"urlTemplate\":\"https:\/\/www.copyr.eu\/es\/?s={search_term_string}\"},\"query-input\":\"required name=search_term_string\"}],\"inLanguage\":\"es\"},{\"@type\":\"ImageObject\",\"@id\":\"https:\/\/www.copyr.eu\/es\/prodotto\/ciperpy-1l\/#primaryimage\",\"inLanguage\":\"es\",\"url\":\"https:\/\/www.copyr.eu\/es\/wp-content\/uploads\/sites\/10\/2024\/02\/1531015_Ciperpy-1L.jpg\",\"contentUrl\":\"https:\/\/www.copyr.eu\/es\/wp-content\/uploads\/sites\/10\/2024\/02\/1531015_Ciperpy-1L.jpg\",\"width\":1500,\"height\":1499},{\"@type\":\"WebPage\",\"@id\":\"https:\/\/www.copyr.eu\/es\/prodotto\/ciperpy-1l\/#webpage\",\"url\":\"https:\/\/www.copyr.eu\/es\/prodotto\/ciperpy-1l\/\",\"name\":\"CIPERPY 1l - Copyr.eu ES\",\"isPartOf\":{\"@id\":\"https:\/\/www.copyr.eu\/es\/#website\"},\"primaryImageOfPage\":{\"@id\":\"https:\/\/www.copyr.eu\/es\/prodotto\/ciperpy-1l\/#primaryimage\"},\"datePublished\":\"2024-02-07T09:43:55+00:00\",\"dateModified\":\"2024-02-07T09:49:23+00:00\",\"breadcrumb\":{\"@id\":\"https:\/\/www.copyr.eu\/es\/prodotto\/ciperpy-1l\/#breadcrumb\"},\"inLanguage\":\"es\",\"potentialAction\":[{\"@type\":\"ReadAction\",\"target\":[\"https:\/\/www.copyr.eu\/es\/prodotto\/ciperpy-1l\/\"]}]},{\"@type\":\"BreadcrumbList\",\"@id\":\"https:\/\/www.copyr.eu\/es\/prodotto\/ciperpy-1l\/#breadcrumb\",\"itemListElement\":[{\"@type\":\"ListItem\",\"position\":1,\"name\":\"Home\",\"item\":\"https:\/\/www.copyr.eu\/es\/\"},{\"@type\":\"ListItem\",\"position\":2,\"name\":\"Tutti i prodotti\",\"item\":\"https:\/\/www.copyr.eu\/es\/tutti-i-prodotti\/\"},{\"@type\":\"ListItem\",\"position\":3,\"name\":\"CIPERPY 1l\"}]}]}<\/script>\n<!-- \/ Yoast SEO plugin. -->","yoast_head_json":{"title":"CIPERPY 1l - Copyr.eu ES","robots":{"index":"index","follow":"follow","max-snippet":"max-snippet:-1","max-image-preview":"max-image-preview:large","max-video-preview":"max-video-preview:-1"},"canonical":"https:\/\/www.copyr.eu\/es\/prodotto\/ciperpy-1l\/","og_locale":"es_ES","og_type":"article","og_title":"CIPERPY 1l - Copyr.eu ES","og_description":"Insecticida acaricida concentrado, en forma de microemulsi\u00f3n acuosa. Con acci\u00f3n de derribo, poder residual y desanidante. Para uso profesional en superficies no industriales y dom\u00e9sticas.","og_url":"https:\/\/www.copyr.eu\/es\/prodotto\/ciperpy-1l\/","og_site_name":"Copyr.eu ES","article_modified_time":"2024-02-07T09:49:23+00:00","og_image":[{"width":1500,"height":1499,"url":"https:\/\/www.copyr.eu\/es\/wp-content\/uploads\/sites\/10\/2024\/02\/1531015_Ciperpy-1L.jpg","path":"\/var\/www\/vhosts\/copyr.eu\/httpdocs\/wp-content\/uploads\/sites\/10\/2024\/02\/1531015_Ciperpy-1L.jpg","size":"full","id":11957,"alt":"","pixels":2248500,"type":"image\/jpeg"}],"twitter_card":"summary_large_image","twitter_misc":{"Tiempo de lectura":"2 minutos"},"schema":{"@context":"https:\/\/schema.org","@graph":[{"@type":"WebSite","@id":"https:\/\/www.copyr.eu\/es\/#website","url":"https:\/\/www.copyr.eu\/es\/","name":"Copyr.eu ES","description":"Migliorare la qualit\u00e0, la sicurezza e l&#039;igiene dei luoghi in cui viviamo","potentialAction":[{"@type":"SearchAction","target":{"@type":"EntryPoint","urlTemplate":"https:\/\/www.copyr.eu\/es\/?s={search_term_string}"},"query-input":"required name=search_term_string"}],"inLanguage":"es"},{"@type":"ImageObject","@id":"https:\/\/www.copyr.eu\/es\/prodotto\/ciperpy-1l\/#primaryimage","inLanguage":"es","url":"https:\/\/www.copyr.eu\/es\/wp-content\/uploads\/sites\/10\/2024\/02\/1531015_Ciperpy-1L.jpg","contentUrl":"https:\/\/www.copyr.eu\/es\/wp-content\/uploads\/sites\/10\/2024\/02\/1531015_Ciperpy-1L.jpg","width":1500,"height":1499},{"@type":"WebPage","@id":"https:\/\/www.copyr.eu\/es\/prodotto\/ciperpy-1l\/#webpage","url":"https:\/\/www.copyr.eu\/es\/prodotto\/ciperpy-1l\/","name":"CIPERPY 1l - Copyr.eu ES","isPartOf":{"@id":"https:\/\/www.copyr.eu\/es\/#website"},"primaryImageOfPage":{"@id":"https:\/\/www.copyr.eu\/es\/prodotto\/ciperpy-1l\/#primaryimage"},"datePublished":"2024-02-07T09:43:55+00:00","dateModified":"2024-02-07T09:49:23+00:00","breadcrumb":{"@id":"https:\/\/www.copyr.eu\/es\/prodotto\/ciperpy-1l\/#breadcrumb"},"inLanguage":"es","potentialAction":[{"@type":"ReadAction","target":["https:\/\/www.copyr.eu\/es\/prodotto\/ciperpy-1l\/"]}]},{"@type":"BreadcrumbList","@id":"https:\/\/www.copyr.eu\/es\/prodotto\/ciperpy-1l\/#breadcrumb","itemListElement":[{"@type":"ListItem","position":1,"name":"Home","item":"https:\/\/www.copyr.eu\/es\/"},{"@type":"ListItem","position":2,"name":"Tutti i prodotti","item":"https:\/\/www.copyr.eu\/es\/tutti-i-prodotti\/"},{"@type":"ListItem","position":3,"name":"CIPERPY 1l"}]}]}},"_links":{"self":[{"href":"https:\/\/www.copyr.eu\/es\/wp-json\/wp\/v2\/product\/11956"}],"collection":[{"href":"https:\/\/www.copyr.eu\/es\/wp-json\/wp\/v2\/product"}],"about":[{"href":"https:\/\/www.copyr.eu\/es\/wp-json\/wp\/v2\/types\/product"}],"replies":[{"embeddable":true,"href":"https:\/\/www.copyr.eu\/es\/wp-json\/wp\/v2\/comments?post=11956"}],"wp:featuredmedia":[{"embeddable":true,"href":"https:\/\/www.copyr.eu\/es\/wp-json\/wp\/v2\/media\/11957"}],"wp:attachment":[{"href":"https:\/\/www.copyr.eu\/es\/wp-json\/wp\/v2\/media?parent=11956"}],"wp:term":[{"taxonomy":"product_cat","embeddable":true,"href":"https:\/\/www.copyr.eu\/es\/wp-json\/wp\/v2\/product_cat?post=11956"},{"taxonomy":"product_tag","embeddable":true,"href":"https:\/\/www.copyr.eu\/es\/wp-json\/wp\/v2\/product_tag?post=11956"},{"taxonomy":"malattie-piante","embeddable":true,"href":"https:\/\/www.copyr.eu\/es\/wp-json\/wp\/v2\/malattie-piante?post=11956"},{"taxonomy":"infestanti-ambiente","embeddable":true,"href":"https:\/\/www.copyr.eu\/es\/wp-json\/wp\/v2\/infestanti-ambiente?post=11956"},{"taxonomy":"infestanti-piante","embeddable":true,"href":"https:\/\/www.copyr.eu\/es\/wp-json\/wp\/v2\/infestanti-piante?post=11956"},{"taxonomy":"utilizzo","embeddable":true,"href":"https:\/\/www.copyr.eu\/es\/wp-json\/wp\/v2\/utilizzo?post=11956"}],"curies":[{"name":"wp","href":"https:\/\/api.w.org\/{rel}","templated":true}]}}