{"id":5956,"date":"2020-02-14T10:38:10","date_gmt":"2020-02-14T09:38:10","guid":{"rendered":"https:\/\/www.copyr.eu\/es\/?page_id=5956"},"modified":"2022-05-19T10:12:09","modified_gmt":"2022-05-19T08:12:09","slug":"il-piretro","status":"publish","type":"page","link":"https:\/\/www.copyr.eu\/es\/copyr\/il-piretro\/","title":{"rendered":"El Piretro"},"content":{"rendered":"\t\t<div data-elementor-type=\"wp-page\" data-elementor-id=\"5956\" class=\"elementor elementor-5956\" data-elementor-settings=\"[]\">\n\t\t\t\t\t\t<div class=\"elementor-inner\">\n\t\t\t\t\t\t\t<div class=\"elementor-section-wrap\">\n\t\t\t\t\t\t\t<section class=\"elementor-section elementor-top-section elementor-element elementor-element-12dd576 elementor-section-boxed elementor-section-height-default elementor-section-height-default\" data-id=\"12dd576\" data-element_type=\"section\" data-settings=\"{&quot;background_background&quot;:&quot;classic&quot;}\">\n\t\t\t\t\t\t<div class=\"elementor-container elementor-column-gap-default\">\n\t\t\t\t\t\t\t<div class=\"elementor-row\">\n\t\t\t\t\t<div class=\"elementor-column elementor-col-100 elementor-top-column elementor-element elementor-element-67cada7\" data-id=\"67cada7\" data-element_type=\"column\">\n\t\t\t<div class=\"elementor-column-wrap elementor-element-populated\">\n\t\t\t\t\t\t\t<div class=\"elementor-widget-wrap\">\n\t\t\t\t\t\t<div class=\"elementor-element elementor-element-4319c06 elementor-widget elementor-widget-breadcrumbs\" data-id=\"4319c06\" data-element_type=\"widget\" data-widget_type=\"breadcrumbs.default\">\n\t\t\t\t<div class=\"elementor-widget-container\">\n\t\t\t<p id=\"breadcrumbs\"><span><span><a href=\"https:\/\/www.copyr.eu\/es\/\">Home<\/a><\/span><\/p>\t\t<\/div>\n\t\t\t\t<\/div>\n\t\t\t\t\t\t<\/div>\n\t\t\t\t\t<\/div>\n\t\t<\/div>\n\t\t\t\t\t\t\t\t<\/div>\n\t\t\t\t\t<\/div>\n\t\t<\/section>\n\t\t\t\t<section class=\"elementor-section elementor-top-section elementor-element elementor-element-2902dcb elementor-section-height-min-height elementor-section-boxed elementor-section-height-default elementor-section-items-middle\" data-id=\"2902dcb\" data-element_type=\"section\">\n\t\t\t\t\t\t<div class=\"elementor-container elementor-column-gap-default\">\n\t\t\t\t\t\t\t<div class=\"elementor-row\">\n\t\t\t\t\t<div class=\"elementor-column elementor-col-100 elementor-top-column elementor-element elementor-element-5cb54b6\" data-id=\"5cb54b6\" data-element_type=\"column\">\n\t\t\t<div class=\"elementor-column-wrap elementor-element-populated\">\n\t\t\t\t\t\t\t<div class=\"elementor-widget-wrap\">\n\t\t\t\t\t\t<div class=\"elementor-element elementor-element-7656c60 elementor-invisible elementor-widget elementor-widget-heading\" data-id=\"7656c60\" data-element_type=\"widget\" data-settings=\"{&quot;_animation&quot;:&quot;fadeIn&quot;}\" data-widget_type=\"heading.default\">\n\t\t\t\t<div class=\"elementor-widget-container\">\n\t\t\t<h2 class=\"elementor-heading-title elementor-size-default\">PIRETRO, UNA HISTORIA QUE VIENE DE LEJOS<\/h2>\t\t<\/div>\n\t\t\t\t<\/div>\n\t\t\t\t<section class=\"elementor-section elementor-inner-section elementor-element elementor-element-72addef elementor-reverse-mobile elementor-section-boxed elementor-section-height-default elementor-section-height-default\" data-id=\"72addef\" data-element_type=\"section\">\n\t\t\t\t\t\t<div class=\"elementor-container elementor-column-gap-default\">\n\t\t\t\t\t\t\t<div class=\"elementor-row\">\n\t\t\t\t\t<div class=\"elementor-column elementor-col-50 elementor-inner-column elementor-element elementor-element-7b1f58a\" data-id=\"7b1f58a\" data-element_type=\"column\">\n\t\t\t<div class=\"elementor-column-wrap elementor-element-populated\">\n\t\t\t\t\t\t\t<div class=\"elementor-widget-wrap\">\n\t\t\t\t\t\t<div class=\"elementor-element elementor-element-2ac4e5d elementor-invisible elementor-widget elementor-widget-text-editor\" data-id=\"2ac4e5d\" data-element_type=\"widget\" data-settings=\"{&quot;_animation&quot;:&quot;fadeInUp&quot;}\" data-widget_type=\"text-editor.default\">\n\t\t\t\t<div class=\"elementor-widget-container\">\n\t\t\t\t\t\t\t\t<div class=\"elementor-text-editor elementor-clearfix\">\n\t\t\t\t<p>El Piretro tiene una larga historia que contar.<\/p><p>En efecto, hace miles de a\u00f1os el ser humano descubri\u00f3 sus propiedades extraordinarias y lo viene cultivando desde la noche de los tiempos, sobre todo en el Lejano Oriente.<\/p><p>El <em>Chrysanthemum cinerariaefolium<\/em> es una planta de hoja perenne, perteneciente a la familia de las Aster\u00e1ceas. Se parece a la margarita com\u00fan como dos gotas de agua. Anta\u00f1o, crec\u00eda espont\u00e1neamente en la regi\u00f3n adri\u00e1tica oriental: desde Istria hasta Montenegro, en terrenos calizos y \u00e1ridos. Por ello, tambi\u00e9n se lo denomina Piretro de Dalmacia.\u00a0 En la actualidad, su cultivo se concentra en grandes plantaciones de Australia y Nueva Zelanda.<\/p><p>Es una planta salvaje que puede crecer espont\u00e1neamente hasta en los prados.\u00a0<\/p><p>Tambi\u00e9n se usa para adornar los jardines o los balcones y, con su sencillez, permite obtener resultados realmente encantadores.<\/p><p>Para fabricar el Piretro se usa la cabezuela o cap\u00edtulo de la flor; es decir la inflorescencia formada por un conjunto de flores peque\u00f1itas que se apoyan en el ped\u00fanculo. Tras la recolecci\u00f3n, se secan y muelen para obtener un formulado con el que se pueden rociar las plantas, pues desempe\u00f1a la funci\u00f3n de antiparasitario. <strong>Otro tanto, se hace en los espacios cerrados para luchar contra los\u00a0 insectos molestos<\/strong>.<\/p>\t\t\t\t\t<\/div>\n\t\t\t\t\t\t<\/div>\n\t\t\t\t<\/div>\n\t\t\t\t<div class=\"elementor-element elementor-element-cfbd6d8 elementor-invisible elementor-widget elementor-widget-text-editor\" data-id=\"cfbd6d8\" data-element_type=\"widget\" data-settings=\"{&quot;_animation&quot;:&quot;fadeInUp&quot;,&quot;_animation_delay&quot;:300}\" data-widget_type=\"text-editor.default\">\n\t\t\t\t<div class=\"elementor-widget-container\">\n\t\t\t\t\t\t\t\t<div class=\"elementor-text-editor elementor-clearfix\">\n\t\t\t\t<p>Gracias a su origen vegetal y natural, el Piretro es uno de los pocos insecticidas que se pueden utilizar en la agricultura org\u00e1nica<\/p>\t\t\t\t\t<\/div>\n\t\t\t\t\t\t<\/div>\n\t\t\t\t<\/div>\n\t\t\t\t\t\t<\/div>\n\t\t\t\t\t<\/div>\n\t\t<\/div>\n\t\t\t\t<div class=\"elementor-column elementor-col-50 elementor-inner-column elementor-element elementor-element-4b5b9ad\" data-id=\"4b5b9ad\" data-element_type=\"column\">\n\t\t\t<div class=\"elementor-column-wrap elementor-element-populated\">\n\t\t\t\t\t\t\t<div class=\"elementor-widget-wrap\">\n\t\t\t\t\t\t<div class=\"elementor-element elementor-element-44c3945 elementor-widget__width-initial elementor-absolute elementor-invisible elementor-widget elementor-widget-image\" data-id=\"44c3945\" data-element_type=\"widget\" data-settings=\"{&quot;_animation&quot;:&quot;fadeInRight&quot;,&quot;_position&quot;:&quot;absolute&quot;}\" data-widget_type=\"image.default\">\n\t\t\t\t<div class=\"elementor-widget-container\">\n\t\t\t\t\t\t\t\t<div class=\"elementor-image\">\n\t\t\t\t\t\t\t\t\t\t\t\t<img width=\"800\" height=\"764\" src=\"https:\/\/www.copyr.eu\/es\/wp-content\/uploads\/sites\/10\/2021\/01\/fiori.png\" class=\"attachment-large size-large\" alt=\"\" loading=\"lazy\" \/>\t\t\t\t\t\t\t\t\t\t\t\t\t\t<\/div>\n\t\t\t\t\t\t<\/div>\n\t\t\t\t<\/div>\n\t\t\t\t\t\t<\/div>\n\t\t\t\t\t<\/div>\n\t\t<\/div>\n\t\t\t\t\t\t\t\t<\/div>\n\t\t\t\t\t<\/div>\n\t\t<\/section>\n\t\t\t\t\t\t<\/div>\n\t\t\t\t\t<\/div>\n\t\t<\/div>\n\t\t\t\t\t\t\t\t<\/div>\n\t\t\t\t\t<\/div>\n\t\t<\/section>\n\t\t\t\t<section class=\"elementor-section elementor-top-section elementor-element elementor-element-972c080 elementor-section-stretched elementor-section-height-min-height elementor-section-boxed elementor-section-height-default elementor-section-items-middle\" data-id=\"972c080\" data-element_type=\"section\" data-settings=\"{&quot;stretch_section&quot;:&quot;section-stretched&quot;}\">\n\t\t\t\t\t\t<div class=\"elementor-container elementor-column-gap-default\">\n\t\t\t\t\t\t\t<div class=\"elementor-row\">\n\t\t\t\t\t<div class=\"elementor-column elementor-col-100 elementor-top-column elementor-element elementor-element-c78945a\" data-id=\"c78945a\" data-element_type=\"column\">\n\t\t\t<div class=\"elementor-column-wrap elementor-element-populated\">\n\t\t\t\t\t\t\t<div class=\"elementor-widget-wrap\">\n\t\t\t\t\t\t<div class=\"elementor-element elementor-element-fb7f18b elementor-invisible elementor-widget elementor-widget-image\" data-id=\"fb7f18b\" data-element_type=\"widget\" data-settings=\"{&quot;_animation&quot;:&quot;zoomIn&quot;}\" data-widget_type=\"image.default\">\n\t\t\t\t<div class=\"elementor-widget-container\">\n\t\t\t\t\t\t\t\t<div class=\"elementor-image\">\n\t\t\t\t\t\t\t\t\t\t\t\t<img width=\"800\" height=\"667\" src=\"https:\/\/www.copyr.eu\/es\/wp-content\/uploads\/sites\/10\/2022\/04\/piretro-grande-esp.png\" class=\"attachment-large size-large\" alt=\"\" loading=\"lazy\" \/>\t\t\t\t\t\t\t\t\t\t\t\t\t\t<\/div>\n\t\t\t\t\t\t<\/div>\n\t\t\t\t<\/div>\n\t\t\t\t<div class=\"elementor-element elementor-element-8e0c29e elementor-invisible elementor-widget elementor-widget-heading\" data-id=\"8e0c29e\" data-element_type=\"widget\" data-settings=\"{&quot;_animation&quot;:&quot;fadeIn&quot;}\" data-widget_type=\"heading.default\">\n\t\t\t\t<div class=\"elementor-widget-container\">\n\t\t\t<h2 class=\"elementor-heading-title elementor-size-default\">La efectividad m\u00e1s natural del mundo<\/h2>\t\t<\/div>\n\t\t\t\t<\/div>\n\t\t\t\t<div class=\"elementor-element elementor-element-ab664e9 elementor-invisible elementor-widget elementor-widget-text-editor\" data-id=\"ab664e9\" data-element_type=\"widget\" data-settings=\"{&quot;_animation&quot;:&quot;fadeInUp&quot;}\" data-widget_type=\"text-editor.default\">\n\t\t\t\t<div class=\"elementor-widget-container\">\n\t\t\t\t\t\t\t\t<div class=\"elementor-text-editor elementor-clearfix\">\n\t\t\t\t<p>La evoluci\u00f3n de la naturaleza suele ser extraordinariamente sorprendente. Por un lado, es capaz de generar millones de insectos diferentes. Y, al mismo tiempo, da vida a una flor que contiene un principio activo natural, capaz de eliminarlos.<\/p><p>La historia de dicho principio activo, tan valioso para el bienestar del ser humano, ha llegado hasta nosotros sin perder un \u00e1pice de su fuerza.<\/p><p>Las flores de esta planta contienen <strong>piretrinas<\/strong>, los principios activos cuya <strong>acci\u00f3n insecticida y repelente<\/strong> despliegan el efecto de eliminar todos los insectos r\u00e1pidamente. El Piretro no deja residuos t\u00f3xicos para los seres humanos. No es perjudicial para los cultivos. Tal es as\u00ed que, ya al d\u00eda siguiente, en los espacios donde se utilizara pr\u00e1cticamente no quedan rastros.<\/p><p>Gracias a su origen vegetal y natural, el Piretro es uno de los pocos insecticidas que se pueden emplear en agricultura org\u00e1nica o, mejor dicho, cuyo uso est\u00e1 aconsejado en la misma.<\/p><p>Una de las caracter\u00edsticas m\u00e1s apreciadas del Piretro estriba en que, al ser una sustancia natural, posee una mol\u00e9cula de complejidad elevada. Por tanto, esta peculiaridad exclusiva del Piretro impide que los insectos creen f\u00e1cilmente cepas\/poblaciones resistentes, garantizando siempre unos resultados cuya fiabilidad es extremadamente elevada.<\/p>\t\t\t\t\t<\/div>\n\t\t\t\t\t\t<\/div>\n\t\t\t\t<\/div>\n\t\t\t\t\t\t<\/div>\n\t\t\t\t\t<\/div>\n\t\t<\/div>\n\t\t\t\t\t\t\t\t<\/div>\n\t\t\t\t\t<\/div>\n\t\t<\/section>\n\t\t\t\t<section class=\"elementor-section elementor-top-section elementor-element elementor-element-84f7f14 elementor-section-height-min-height elementor-section-boxed elementor-section-height-default elementor-section-items-middle\" data-id=\"84f7f14\" data-element_type=\"section\">\n\t\t\t\t\t\t<div class=\"elementor-container elementor-column-gap-default\">\n\t\t\t\t\t\t\t<div class=\"elementor-row\">\n\t\t\t\t\t<div class=\"elementor-column elementor-col-100 elementor-top-column elementor-element elementor-element-e4a8410\" data-id=\"e4a8410\" data-element_type=\"column\">\n\t\t\t<div class=\"elementor-column-wrap elementor-element-populated\">\n\t\t\t\t\t\t\t<div class=\"elementor-widget-wrap\">\n\t\t\t\t\t\t<section class=\"elementor-section elementor-inner-section elementor-element elementor-element-638cd78 elementor-section-height-min-height elementor-section-content-top elementor-section-boxed elementor-section-height-default\" data-id=\"638cd78\" data-element_type=\"section\">\n\t\t\t\t\t\t<div class=\"elementor-container elementor-column-gap-default\">\n\t\t\t\t\t\t\t<div class=\"elementor-row\">\n\t\t\t\t\t<div class=\"elementor-column elementor-col-50 elementor-inner-column elementor-element elementor-element-1d46fba\" data-id=\"1d46fba\" data-element_type=\"column\">\n\t\t\t<div class=\"elementor-column-wrap elementor-element-populated\">\n\t\t\t\t\t\t\t<div class=\"elementor-widget-wrap\">\n\t\t\t\t\t\t<div class=\"elementor-element elementor-element-aea5e44 elementor-widget__width-initial elementor-absolute elementor-invisible elementor-widget elementor-widget-image\" data-id=\"aea5e44\" data-element_type=\"widget\" data-settings=\"{&quot;_animation&quot;:&quot;fadeInLeft&quot;,&quot;_position&quot;:&quot;absolute&quot;}\" data-widget_type=\"image.default\">\n\t\t\t\t<div class=\"elementor-widget-container\">\n\t\t\t\t\t\t\t\t<div class=\"elementor-image\">\n\t\t\t\t\t\t\t\t\t\t\t\t<img width=\"800\" height=\"764\" src=\"https:\/\/www.copyr.eu\/es\/wp-content\/uploads\/sites\/10\/2021\/01\/piretro-in-mano.png\" class=\"attachment-large size-large\" alt=\"\" loading=\"lazy\" \/>\t\t\t\t\t\t\t\t\t\t\t\t\t\t<\/div>\n\t\t\t\t\t\t<\/div>\n\t\t\t\t<\/div>\n\t\t\t\t\t\t<\/div>\n\t\t\t\t\t<\/div>\n\t\t<\/div>\n\t\t\t\t<div class=\"elementor-column elementor-col-50 elementor-inner-column elementor-element elementor-element-b769f32\" data-id=\"b769f32\" data-element_type=\"column\">\n\t\t\t<div class=\"elementor-column-wrap elementor-element-populated\">\n\t\t\t\t\t\t\t<div class=\"elementor-widget-wrap\">\n\t\t\t\t\t\t<div class=\"elementor-element elementor-element-199cdb0 elementor-invisible elementor-widget elementor-widget-heading\" data-id=\"199cdb0\" data-element_type=\"widget\" data-settings=\"{&quot;_animation&quot;:&quot;fadeIn&quot;}\" data-widget_type=\"heading.default\">\n\t\t\t\t<div class=\"elementor-widget-container\">\n\t\t\t<h2 class=\"elementor-heading-title elementor-size-default\">Un aliado con numerosas cualidades<\/h2>\t\t<\/div>\n\t\t\t\t<\/div>\n\t\t\t\t<div class=\"elementor-element elementor-element-785ef5e elementor-invisible elementor-widget elementor-widget-text-editor\" data-id=\"785ef5e\" data-element_type=\"widget\" data-settings=\"{&quot;_animation&quot;:&quot;fadeInUp&quot;}\" data-widget_type=\"text-editor.default\">\n\t\t\t\t<div class=\"elementor-widget-container\">\n\t\t\t\t\t\t\t\t<div class=\"elementor-text-editor elementor-clearfix\">\n\t\t\t\t<p>Pocos principios activos naturales contienen y ponen a disposici\u00f3n del ser humano tantas propiedades como el Piretro. Un aut\u00e9ntico patrimonio, al que la investigaci\u00f3n cient\u00edfica de Copyr a\u00f1adi\u00f3 m\u00e1s valor a\u00fan con la puesta a punto de <br \/>formulaciones que garantizan productos cada vez m\u00e1s eficientes y fiables, que se pueden utilizar respetando totalmente el medioambiente.Hoy, Copyr garantiza un Piretro natural y seguro, que es capaz de agredir a los insectos con su contundente acci\u00f3n multifuncional de derribo, desanidante y repelente. La versatilidad del Piretro realmente es \u00fanica y puede garantizar resultados excepcionales contra una elevada variedad de plagas, tanto al aire libre como en espacios cerrados de m\u00faltiples sectores. En especial, en los espacios sensibles y en la industria alimentaria.<\/p><p>Una de las excelencias que caracterizan al Piretro consiste en que es seguro en un cien por cien, merced a la degradabilidad elevada que le otorga su termo fotolabiliad. Por \u00faltimo, su efectividad r\u00e1pida, que se puede comprobar en el acto, no deja que se escape ni un insecto diana.<\/p>\t\t\t\t\t<\/div>\n\t\t\t\t\t\t<\/div>\n\t\t\t\t<\/div>\n\t\t\t\t<div class=\"elementor-element elementor-element-2fa13b3 elementor-invisible elementor-widget elementor-widget-text-editor\" data-id=\"2fa13b3\" data-element_type=\"widget\" data-settings=\"{&quot;_animation&quot;:&quot;fadeInUp&quot;,&quot;_animation_delay&quot;:300}\" data-widget_type=\"text-editor.default\">\n\t\t\t\t<div class=\"elementor-widget-container\">\n\t\t\t\t\t\t\t\t<div class=\"elementor-text-editor elementor-clearfix\">\n\t\t\t\t<p>Natural y seguro, es capaz de agredir a los insectos con su contundente acci\u00f3n multifuncional<\/p>\t\t\t\t\t<\/div>\n\t\t\t\t\t\t<\/div>\n\t\t\t\t<\/div>\n\t\t\t\t\t\t<\/div>\n\t\t\t\t\t<\/div>\n\t\t<\/div>\n\t\t\t\t\t\t\t\t<\/div>\n\t\t\t\t\t<\/div>\n\t\t<\/section>\n\t\t\t\t\t\t<\/div>\n\t\t\t\t\t<\/div>\n\t\t<\/div>\n\t\t\t\t\t\t\t\t<\/div>\n\t\t\t\t\t<\/div>\n\t\t<\/section>\n\t\t\t\t\t\t<\/div>\n\t\t\t\t\t\t<\/div>\n\t\t\t\t\t<\/div>\n\t\t","protected":false},"excerpt":{"rendered":"<p>PIRETRO, UNA HISTORIA QUE VIENE DE LEJOS El Piretro tiene una larga historia que contar. En efecto, hace miles de a\u00f1os el ser humano descubri\u00f3 sus propiedades extraordinarias y lo viene cultivando desde la noche de los tiempos, sobre todo en el Lejano Oriente. El Chrysanthemum cinerariaefolium es una planta de hoja perenne, perteneciente a [&hellip;]<\/p>\n","protected":false},"author":1,"featured_media":0,"parent":238,"menu_order":0,"comment_status":"closed","ping_status":"closed","template":"elementor_header_footer","meta":{"content-type":""},"yoast_head":"<!-- This site is optimized with the Yoast SEO plugin v17.0 - https:\/\/yoast.com\/wordpress\/plugins\/seo\/ -->\n<title>El Piretro - Copyr.eu ES<\/title>\n<meta name=\"description\" content=\"Copyr produce un formulato che pu\u00f2 essere irrorato sulle piante con funzione di antiparassitario o negli ambienti per combattere gli insetti molesti.\" \/>\n<meta name=\"robots\" content=\"index, follow, max-snippet:-1, max-image-preview:large, max-video-preview:-1\" \/>\n<link rel=\"canonical\" href=\"https:\/\/www.copyr.eu\/es\/copyr\/il-piretro\/\" \/>\n<meta property=\"og:locale\" content=\"es_ES\" \/>\n<meta property=\"og:type\" content=\"article\" \/>\n<meta property=\"og:title\" content=\"El Piretro - Copyr.eu ES\" \/>\n<meta property=\"og:description\" content=\"Copyr produce un formulato che pu\u00f2 essere irrorato sulle piante con funzione di antiparassitario o negli ambienti per combattere gli insetti molesti.\" \/>\n<meta property=\"og:url\" content=\"https:\/\/www.copyr.eu\/es\/copyr\/il-piretro\/\" \/>\n<meta property=\"og:site_name\" content=\"Copyr.eu ES\" \/>\n<meta property=\"article:modified_time\" content=\"2022-05-19T08:12:09+00:00\" \/>\n<meta property=\"og:image\" content=\"https:\/\/www.copyr.eu\/es\/wp-content\/uploads\/sites\/10\/2021\/01\/fiori.png\" \/>\n<meta name=\"twitter:card\" content=\"summary_large_image\" \/>\n<meta name=\"twitter:label1\" content=\"Tiempo de lectura\" \/>\n\t<meta name=\"twitter:data1\" content=\"4 minutos\" \/>\n<script type=\"application\/ld+json\" class=\"yoast-schema-graph\">{\"@context\":\"https:\/\/schema.org\",\"@graph\":[{\"@type\":\"WebSite\",\"@id\":\"https:\/\/www.copyr.eu\/es\/#website\",\"url\":\"https:\/\/www.copyr.eu\/es\/\",\"name\":\"Copyr.eu ES\",\"description\":\"Migliorare la qualit\\u00e0, la sicurezza e l&#039;igiene dei luoghi in cui viviamo\",\"potentialAction\":[{\"@type\":\"SearchAction\",\"target\":{\"@type\":\"EntryPoint\",\"urlTemplate\":\"https:\/\/www.copyr.eu\/es\/?s={search_term_string}\"},\"query-input\":\"required name=search_term_string\"}],\"inLanguage\":\"es\"},{\"@type\":\"ImageObject\",\"@id\":\"https:\/\/www.copyr.eu\/es\/copyr\/il-piretro\/#primaryimage\",\"inLanguage\":\"es\",\"url\":\"https:\/\/www.copyr.eu\/es\/wp-content\/uploads\/sites\/10\/2021\/01\/fiori.png\",\"contentUrl\":\"https:\/\/www.copyr.eu\/es\/wp-content\/uploads\/sites\/10\/2021\/01\/fiori.png\",\"width\":1000,\"height\":955},{\"@type\":\"WebPage\",\"@id\":\"https:\/\/www.copyr.eu\/es\/copyr\/il-piretro\/#webpage\",\"url\":\"https:\/\/www.copyr.eu\/es\/copyr\/il-piretro\/\",\"name\":\"El Piretro - Copyr.eu ES\",\"isPartOf\":{\"@id\":\"https:\/\/www.copyr.eu\/es\/#website\"},\"primaryImageOfPage\":{\"@id\":\"https:\/\/www.copyr.eu\/es\/copyr\/il-piretro\/#primaryimage\"},\"datePublished\":\"2020-02-14T09:38:10+00:00\",\"dateModified\":\"2022-05-19T08:12:09+00:00\",\"description\":\"Copyr produce un formulato che pu\\u00f2 essere irrorato sulle piante con funzione di antiparassitario o negli ambienti per combattere gli insetti molesti.\",\"breadcrumb\":{\"@id\":\"https:\/\/www.copyr.eu\/es\/copyr\/il-piretro\/#breadcrumb\"},\"inLanguage\":\"es\",\"potentialAction\":[{\"@type\":\"ReadAction\",\"target\":[\"https:\/\/www.copyr.eu\/es\/copyr\/il-piretro\/\"]}]},{\"@type\":\"BreadcrumbList\",\"@id\":\"https:\/\/www.copyr.eu\/es\/copyr\/il-piretro\/#breadcrumb\",\"itemListElement\":[{\"@type\":\"ListItem\",\"position\":1,\"name\":\"Home\",\"item\":\"https:\/\/www.copyr.eu\/es\/\"},{\"@type\":\"ListItem\",\"position\":2,\"name\":\"Copyr\",\"item\":\"https:\/\/www.copyr.eu\/es\/copyr\/\"},{\"@type\":\"ListItem\",\"position\":3,\"name\":\"El Piretro\"}]}]}<\/script>\n<!-- \/ Yoast SEO plugin. -->","yoast_head_json":{"title":"El Piretro - Copyr.eu ES","description":"Copyr produce un formulato che pu\u00f2 essere irrorato sulle piante con funzione di antiparassitario o negli ambienti per combattere gli insetti molesti.","robots":{"index":"index","follow":"follow","max-snippet":"max-snippet:-1","max-image-preview":"max-image-preview:large","max-video-preview":"max-video-preview:-1"},"canonical":"https:\/\/www.copyr.eu\/es\/copyr\/il-piretro\/","og_locale":"es_ES","og_type":"article","og_title":"El Piretro - Copyr.eu ES","og_description":"Copyr produce un formulato che pu\u00f2 essere irrorato sulle piante con funzione di antiparassitario o negli ambienti per combattere gli insetti molesti.","og_url":"https:\/\/www.copyr.eu\/es\/copyr\/il-piretro\/","og_site_name":"Copyr.eu ES","article_modified_time":"2022-05-19T08:12:09+00:00","og_image":[{"url":"https:\/\/www.copyr.eu\/es\/wp-content\/uploads\/sites\/10\/2021\/01\/fiori.png"}],"twitter_card":"summary_large_image","twitter_misc":{"Tiempo de lectura":"4 minutos"},"schema":{"@context":"https:\/\/schema.org","@graph":[{"@type":"WebSite","@id":"https:\/\/www.copyr.eu\/es\/#website","url":"https:\/\/www.copyr.eu\/es\/","name":"Copyr.eu ES","description":"Migliorare la qualit\u00e0, la sicurezza e l&#039;igiene dei luoghi in cui viviamo","potentialAction":[{"@type":"SearchAction","target":{"@type":"EntryPoint","urlTemplate":"https:\/\/www.copyr.eu\/es\/?s={search_term_string}"},"query-input":"required name=search_term_string"}],"inLanguage":"es"},{"@type":"ImageObject","@id":"https:\/\/www.copyr.eu\/es\/copyr\/il-piretro\/#primaryimage","inLanguage":"es","url":"https:\/\/www.copyr.eu\/es\/wp-content\/uploads\/sites\/10\/2021\/01\/fiori.png","contentUrl":"https:\/\/www.copyr.eu\/es\/wp-content\/uploads\/sites\/10\/2021\/01\/fiori.png","width":1000,"height":955},{"@type":"WebPage","@id":"https:\/\/www.copyr.eu\/es\/copyr\/il-piretro\/#webpage","url":"https:\/\/www.copyr.eu\/es\/copyr\/il-piretro\/","name":"El Piretro - Copyr.eu ES","isPartOf":{"@id":"https:\/\/www.copyr.eu\/es\/#website"},"primaryImageOfPage":{"@id":"https:\/\/www.copyr.eu\/es\/copyr\/il-piretro\/#primaryimage"},"datePublished":"2020-02-14T09:38:10+00:00","dateModified":"2022-05-19T08:12:09+00:00","description":"Copyr produce un formulato che pu\u00f2 essere irrorato sulle piante con funzione di antiparassitario o negli ambienti per combattere gli insetti molesti.","breadcrumb":{"@id":"https:\/\/www.copyr.eu\/es\/copyr\/il-piretro\/#breadcrumb"},"inLanguage":"es","potentialAction":[{"@type":"ReadAction","target":["https:\/\/www.copyr.eu\/es\/copyr\/il-piretro\/"]}]},{"@type":"BreadcrumbList","@id":"https:\/\/www.copyr.eu\/es\/copyr\/il-piretro\/#breadcrumb","itemListElement":[{"@type":"ListItem","position":1,"name":"Home","item":"https:\/\/www.copyr.eu\/es\/"},{"@type":"ListItem","position":2,"name":"Copyr","item":"https:\/\/www.copyr.eu\/es\/copyr\/"},{"@type":"ListItem","position":3,"name":"El Piretro"}]}]}},"_links":{"self":[{"href":"https:\/\/www.copyr.eu\/es\/wp-json\/wp\/v2\/pages\/5956"}],"collection":[{"href":"https:\/\/www.copyr.eu\/es\/wp-json\/wp\/v2\/pages"}],"about":[{"href":"https:\/\/www.copyr.eu\/es\/wp-json\/wp\/v2\/types\/page"}],"author":[{"embeddable":true,"href":"https:\/\/www.copyr.eu\/es\/wp-json\/wp\/v2\/users\/1"}],"replies":[{"embeddable":true,"href":"https:\/\/www.copyr.eu\/es\/wp-json\/wp\/v2\/comments?post=5956"}],"version-history":[{"count":4,"href":"https:\/\/www.copyr.eu\/es\/wp-json\/wp\/v2\/pages\/5956\/revisions"}],"predecessor-version":[{"id":11673,"href":"https:\/\/www.copyr.eu\/es\/wp-json\/wp\/v2\/pages\/5956\/revisions\/11673"}],"up":[{"embeddable":true,"href":"https:\/\/www.copyr.eu\/es\/wp-json\/wp\/v2\/pages\/238"}],"wp:attachment":[{"href":"https:\/\/www.copyr.eu\/es\/wp-json\/wp\/v2\/media?parent=5956"}],"curies":[{"name":"wp","href":"https:\/\/api.w.org\/{rel}","templated":true}]}}