{"id":367,"date":"2019-09-25T11:44:42","date_gmt":"2019-09-25T09:44:42","guid":{"rendered":"https:\/\/www.copyr.eu\/es\/?page_id=367"},"modified":"2022-05-19T09:53:48","modified_gmt":"2022-05-19T07:53:48","slug":"aree-di-business","status":"publish","type":"page","link":"https:\/\/www.copyr.eu\/es\/aree-di-business\/","title":{"rendered":"Divisi\u00f3n Negocios"},"content":{"rendered":"\t\t<div data-elementor-type=\"wp-page\" data-elementor-id=\"367\" class=\"elementor elementor-367\" data-elementor-settings=\"[]\">\n\t\t\t\t\t\t<div class=\"elementor-inner\">\n\t\t\t\t\t\t\t<div class=\"elementor-section-wrap\">\n\t\t\t\t\t\t\t<section class=\"elementor-section elementor-top-section elementor-element elementor-element-72fc0710 elementor-section-boxed elementor-section-height-default elementor-section-height-default\" data-id=\"72fc0710\" data-element_type=\"section\" data-settings=\"{&quot;background_background&quot;:&quot;classic&quot;}\">\n\t\t\t\t\t\t<div class=\"elementor-container elementor-column-gap-default\">\n\t\t\t\t\t\t\t<div class=\"elementor-row\">\n\t\t\t\t\t<div class=\"elementor-column elementor-col-100 elementor-top-column elementor-element elementor-element-2f9fda62\" data-id=\"2f9fda62\" data-element_type=\"column\">\n\t\t\t<div class=\"elementor-column-wrap elementor-element-populated\">\n\t\t\t\t\t\t\t<div class=\"elementor-widget-wrap\">\n\t\t\t\t\t\t<div class=\"elementor-element elementor-element-ab8d9e0 elementor-widget elementor-widget-breadcrumbs\" data-id=\"ab8d9e0\" data-element_type=\"widget\" data-widget_type=\"breadcrumbs.default\">\n\t\t\t\t<div class=\"elementor-widget-container\">\n\t\t\t<p id=\"breadcrumbs\"><span><span><a href=\"https:\/\/www.copyr.eu\/es\/\">Home<\/a><\/span><\/p>\t\t<\/div>\n\t\t\t\t<\/div>\n\t\t\t\t\t\t<\/div>\n\t\t\t\t\t<\/div>\n\t\t<\/div>\n\t\t\t\t\t\t\t\t<\/div>\n\t\t\t\t\t<\/div>\n\t\t<\/section>\n\t\t\t\t<section class=\"elementor-section elementor-top-section elementor-element elementor-element-45dc9033 elementor-section-height-min-height elementor-section-content-middle elementor-section-boxed elementor-section-height-default elementor-section-items-middle\" data-id=\"45dc9033\" data-element_type=\"section\" data-settings=\"{&quot;background_background&quot;:&quot;classic&quot;}\">\n\t\t\t\t\t\t<div class=\"elementor-container elementor-column-gap-default\">\n\t\t\t\t\t\t\t<div class=\"elementor-row\">\n\t\t\t\t\t<div class=\"elementor-column elementor-col-100 elementor-top-column elementor-element elementor-element-169e056a\" data-id=\"169e056a\" data-element_type=\"column\">\n\t\t\t<div class=\"elementor-column-wrap elementor-element-populated\">\n\t\t\t\t\t\t\t<div class=\"elementor-widget-wrap\">\n\t\t\t\t\t\t<div class=\"elementor-element elementor-element-3e2ef716 elementor-widget elementor-widget-heading\" data-id=\"3e2ef716\" data-element_type=\"widget\" data-widget_type=\"heading.default\">\n\t\t\t\t<div class=\"elementor-widget-container\">\n\t\t\t<h2 class=\"elementor-heading-title elementor-size-default\">Divisi\u00f3n negocios<\/h2>\t\t<\/div>\n\t\t\t\t<\/div>\n\t\t\t\t\t\t<\/div>\n\t\t\t\t\t<\/div>\n\t\t<\/div>\n\t\t\t\t\t\t\t\t<\/div>\n\t\t\t\t\t<\/div>\n\t\t<\/section>\n\t\t\t\t<section class=\"elementor-section elementor-top-section elementor-element elementor-element-03407e6 aree-business-page elementor-section-boxed elementor-section-height-default elementor-section-height-default\" data-id=\"03407e6\" data-element_type=\"section\">\n\t\t\t\t\t\t<div class=\"elementor-container elementor-column-gap-default\">\n\t\t\t\t\t\t\t<div class=\"elementor-row\">\n\t\t\t\t\t<div class=\"elementor-column elementor-col-100 elementor-top-column elementor-element elementor-element-97f1e80\" data-id=\"97f1e80\" data-element_type=\"column\">\n\t\t\t<div class=\"elementor-column-wrap elementor-element-populated\">\n\t\t\t\t\t\t\t<div class=\"elementor-widget-wrap\">\n\t\t\t\t\t\t<div class=\"elementor-element elementor-element-d1c3f7a home-aree-business-grid elementor-widget elementor-widget-shortcode\" data-id=\"d1c3f7a\" data-element_type=\"widget\" data-widget_type=\"shortcode.default\">\n\t\t\t\t<div class=\"elementor-widget-container\">\n\t\t\t\t\t<div class=\"elementor-shortcode\"><div class=\"aree-business-card elementor-element elementor-cta--skin-classic elementor-animated-content elementor-bg-transform elementor-bg-transform-zoom-in elementor-widget elementor-widget-call-to-action\"><div class=\"elementor-widget-container\"><div class=\"elementor-cta\"><a completed=\"\" href=\"https:\/\/www.copyr.eu\/es\/aree-di-business\/pco\/\"><div class=\"elementor-cta__bg-wrapper\"><div class=\"elementor-cta__bg elementor-bg\" style=\"background-image: url(https:\/\/www.copyr.eu\/es\/wp-content\/uploads\/sites\/10\/2019\/09\/area-di-business-pco.jpg) \"><\/div><\/div><\/a><div class=\"elementor-cta__content\"><a class=\"link-title\" href=\"https:\/\/www.copyr.eu\/es\/aree-di-business\/pco\/\"><h2 class=\"elementor-cta__title elementor-cta__content-item elementor-content-item\">PCO<\/h2><\/a><div class=\"elementor-cta__description elementor-cta__content-item elementor-content-item\">CONTROLADOR DE PLAGAS (o P.C.O. por su acr\u00f3nimo en ingl\u00e9s) M\u00e1s de 60 a\u00f1os de experiencia haciendo trabajo de campo, han convertido a Copyr en un colaborador exclusivo y en un punto de referencia para los desinfectadores profesionales y para todos los trabajadores del mundo de la desinfecci\u00f3n.<\/div><div class=\"elementor-cta__button-wrapper elementor-cta__content-item elementor-content-item\"><a class=\"elementor-cta__button elementor-button elementor-size-sm\" href=\"https:\/\/www.copyr.eu\/es\/aree-di-business\/pco\/\">Descubre m\u00e1s\n\n<\/a><\/div><\/div><\/div><\/div><\/div><div class=\"aree-business-card elementor-element elementor-cta--skin-classic elementor-animated-content elementor-bg-transform elementor-bg-transform-zoom-in elementor-widget elementor-widget-call-to-action\"><div class=\"elementor-widget-container\"><div class=\"elementor-cta\"><a completed=\"\" href=\"https:\/\/www.copyr.eu\/es\/aree-di-business\/ho-re-ca\/\"><div class=\"elementor-cta__bg-wrapper\"><div class=\"elementor-cta__bg elementor-bg\" style=\"background-image: url(https:\/\/www.copyr.eu\/es\/wp-content\/uploads\/sites\/10\/2020\/02\/horeca_bu.jpg) \"><\/div><\/div><\/a><div class=\"elementor-cta__content\"><a class=\"link-title\" href=\"https:\/\/www.copyr.eu\/es\/aree-di-business\/ho-re-ca\/\"><h2 class=\"elementor-cta__title elementor-cta__content-item elementor-content-item\">Ho.Re.Ca.<\/h2><\/a><div class=\"elementor-cta__description elementor-cta__content-item elementor-content-item\">Desde hace <b>m\u00e1s de 50 a\u00f1os<\/b>, respaldamos a los revendedores del canal HORECA, a la hora de proporcionar <b>soluciones y servicios para prevenir plagas y velar por el entorno<\/b>.<\/div><div class=\"elementor-cta__button-wrapper elementor-cta__content-item elementor-content-item\"><a class=\"elementor-cta__button elementor-button elementor-size-sm\" href=\"https:\/\/www.copyr.eu\/es\/aree-di-business\/ho-re-ca\/\">Descubre m\u00e1s\n\n<\/a><\/div><\/div><\/div><\/div><\/div><div class=\"aree-business-card elementor-element elementor-cta--skin-classic elementor-animated-content elementor-bg-transform elementor-bg-transform-zoom-in elementor-widget elementor-widget-call-to-action\"><div class=\"elementor-widget-container\"><div class=\"elementor-cta\"><a completed=\"Si\" href=\"https:\/\/www.copyr.eu\/es\/aree-di-business\/industria\/\"><div class=\"elementor-cta__bg-wrapper\"><div class=\"elementor-cta__bg elementor-bg\" style=\"background-image: url(https:\/\/www.copyr.eu\/es\/wp-content\/uploads\/sites\/10\/2019\/09\/area-di-business-industria.jpg) \"><\/div><\/div><\/a><div class=\"elementor-cta__content\"><a class=\"link-title\" href=\"https:\/\/www.copyr.eu\/es\/aree-di-business\/industria\/\"><h2 class=\"elementor-cta__title elementor-cta__content-item elementor-content-item\">Industria<\/h2><\/a><div class=\"elementor-cta__description elementor-cta__content-item elementor-content-item\">La protecci\u00f3n de los espacios y cultivos agr\u00edcolas y ornamentales, contra las numerosas plagas nocivas, requiere un esfuerzo enorme por parte de la sociedad civil.<\/div><div class=\"elementor-cta__button-wrapper elementor-cta__content-item elementor-content-item\"><a class=\"elementor-cta__button elementor-button elementor-size-sm\" href=\"https:\/\/www.copyr.eu\/es\/aree-di-business\/industria\/\">Descubre m\u00e1s\n\n<\/a><\/div><\/div><\/div><\/div><\/div><div class=\"aree-business-card elementor-element elementor-cta--skin-classic elementor-animated-content elementor-bg-transform elementor-bg-transform-zoom-in elementor-widget elementor-widget-call-to-action\"><div class=\"elementor-widget-container\"><div class=\"elementor-cta\"><a completed=\"Si\" href=\"https:\/\/www.copyr.eu\/es\/aree-di-business\/agricoltura\/\"><div class=\"elementor-cta__bg-wrapper\"><div class=\"elementor-cta__bg elementor-bg\" style=\"background-image: url(https:\/\/www.copyr.eu\/es\/wp-content\/uploads\/sites\/10\/2021\/01\/agricoltura-vigna-header.jpg) \"><\/div><\/div><\/a><div class=\"elementor-cta__content\"><a class=\"link-title\" href=\"https:\/\/www.copyr.eu\/es\/aree-di-business\/agricoltura\/\"><h2 class=\"elementor-cta__title elementor-cta__content-item elementor-content-item\">Agricultura<\/h2><\/a><div class=\"elementor-cta__description elementor-cta__content-item elementor-content-item\">Nuestra oferta de <b>agro-f\u00e1rmacos a base de piretro<\/b> es particularmente adecuada en la agricultura, para los <b>cultivos org\u00e1nicos e integrados<\/b>, debido a su <b>origen natural<\/b> y a los <b>cortos intervalos de precosecha<\/b> del piretro.<\/div><div class=\"elementor-cta__button-wrapper elementor-cta__content-item elementor-content-item\"><a class=\"elementor-cta__button elementor-button elementor-size-sm\" href=\"https:\/\/www.copyr.eu\/es\/aree-di-business\/agricoltura\/\">Descubre m\u00e1s\n\n<\/a><\/div><\/div><\/div><\/div><\/div><div class=\"aree-business-card elementor-element elementor-cta--skin-classic elementor-animated-content elementor-bg-transform elementor-bg-transform-zoom-in elementor-widget elementor-widget-call-to-action\"><div class=\"elementor-widget-container\"><div class=\"elementor-cta\"><a completed=\"\" href=\"https:\/\/www.copyr.eu\/es\/aree-di-business\/home-garden\/\"><div class=\"elementor-cta__bg-wrapper\"><div class=\"elementor-cta__bg elementor-bg\" style=\"background-image: url(https:\/\/www.copyr.eu\/es\/wp-content\/uploads\/sites\/10\/2019\/09\/area-di-business-home-garden.jpg) \"><\/div><\/div><\/a><div class=\"elementor-cta__content\"><a class=\"link-title\" href=\"https:\/\/www.copyr.eu\/es\/aree-di-business\/home-garden\/\"><h2 class=\"elementor-cta__title elementor-cta__content-item elementor-content-item\">Casas Y jardines<\/h2><\/a><div class=\"elementor-cta__description elementor-cta__content-item elementor-content-item\">Nuestra experiencia en materia de agricultura y desinfecci\u00f3n profesional da vida a una <strong>l\u00ednea espec\u00edfica, para los usuarios finales<\/strong>, que deseen proteger la vegetaci\u00f3n y los espacios hogare\u00f1os con <strong>productos espec\u00edficos y eficaces<\/strong>, entre los que priman los de <strong>origen natural<\/strong>.<\/div><div class=\"elementor-cta__button-wrapper elementor-cta__content-item elementor-content-item\"><a class=\"elementor-cta__button elementor-button elementor-size-sm\" href=\"https:\/\/www.copyr.eu\/es\/aree-di-business\/home-garden\/\">Descubre m\u00e1s\n\n<\/a><\/div><\/div><\/div><\/div><\/div><\/div>\n\t\t\t\t<\/div>\n\t\t\t\t<\/div>\n\t\t\t\t\t\t<\/div>\n\t\t\t\t\t<\/div>\n\t\t<\/div>\n\t\t\t\t\t\t\t\t<\/div>\n\t\t\t\t\t<\/div>\n\t\t<\/section>\n\t\t\t\t\t\t<\/div>\n\t\t\t\t\t\t<\/div>\n\t\t\t\t\t<\/div>\n\t\t","protected":false},"excerpt":{"rendered":"<p>Divisi\u00f3n negocios<\/p>\n","protected":false},"author":1,"featured_media":0,"parent":0,"menu_order":0,"comment_status":"closed","ping_status":"closed","template":"","meta":{"content-type":""},"yoast_head":"<!-- This site is optimized with the Yoast SEO plugin v17.0 - https:\/\/yoast.com\/wordpress\/plugins\/seo\/ -->\n<title>Divisi\u00f3n Negocios - Copyr.eu ES<\/title>\n<meta name=\"description\" content=\"Copyr sviluppa soluzioni efficaci per i diversi mercati in cui opera: Pest Control, Ho.re.ca., Agricoltura, Home&amp;Garden, Industria e Largo Consumo.\" \/>\n<meta name=\"robots\" content=\"index, follow, max-snippet:-1, max-image-preview:large, max-video-preview:-1\" \/>\n<link rel=\"canonical\" href=\"https:\/\/www.copyr.eu\/es\/aree-di-business\/\" \/>\n<meta property=\"og:locale\" content=\"es_ES\" \/>\n<meta property=\"og:type\" content=\"article\" \/>\n<meta property=\"og:title\" content=\"Divisi\u00f3n Negocios - Copyr.eu ES\" \/>\n<meta property=\"og:description\" content=\"Copyr sviluppa soluzioni efficaci per i diversi mercati in cui opera: Pest Control, Ho.re.ca., Agricoltura, Home&amp;Garden, Industria e Largo Consumo.\" \/>\n<meta property=\"og:url\" content=\"https:\/\/www.copyr.eu\/es\/aree-di-business\/\" \/>\n<meta property=\"og:site_name\" content=\"Copyr.eu ES\" \/>\n<meta property=\"article:modified_time\" content=\"2022-05-19T07:53:48+00:00\" \/>\n<meta name=\"twitter:card\" content=\"summary_large_image\" \/>\n<meta name=\"twitter:label1\" content=\"Tiempo de lectura\" \/>\n\t<meta name=\"twitter:data1\" content=\"2 minutos\" \/>\n<script type=\"application\/ld+json\" class=\"yoast-schema-graph\">{\"@context\":\"https:\/\/schema.org\",\"@graph\":[{\"@type\":\"WebSite\",\"@id\":\"https:\/\/www.copyr.eu\/es\/#website\",\"url\":\"https:\/\/www.copyr.eu\/es\/\",\"name\":\"Copyr.eu ES\",\"description\":\"Migliorare la qualit\\u00e0, la sicurezza e l&#039;igiene dei luoghi in cui viviamo\",\"potentialAction\":[{\"@type\":\"SearchAction\",\"target\":{\"@type\":\"EntryPoint\",\"urlTemplate\":\"https:\/\/www.copyr.eu\/es\/?s={search_term_string}\"},\"query-input\":\"required name=search_term_string\"}],\"inLanguage\":\"es\"},{\"@type\":\"WebPage\",\"@id\":\"https:\/\/www.copyr.eu\/es\/aree-di-business\/#webpage\",\"url\":\"https:\/\/www.copyr.eu\/es\/aree-di-business\/\",\"name\":\"Divisi\\u00f3n Negocios - Copyr.eu ES\",\"isPartOf\":{\"@id\":\"https:\/\/www.copyr.eu\/es\/#website\"},\"datePublished\":\"2019-09-25T09:44:42+00:00\",\"dateModified\":\"2022-05-19T07:53:48+00:00\",\"description\":\"Copyr sviluppa soluzioni efficaci per i diversi mercati in cui opera: Pest Control, Ho.re.ca., Agricoltura, Home&Garden, Industria e Largo Consumo.\",\"breadcrumb\":{\"@id\":\"https:\/\/www.copyr.eu\/es\/aree-di-business\/#breadcrumb\"},\"inLanguage\":\"es\",\"potentialAction\":[{\"@type\":\"ReadAction\",\"target\":[\"https:\/\/www.copyr.eu\/es\/aree-di-business\/\"]}]},{\"@type\":\"BreadcrumbList\",\"@id\":\"https:\/\/www.copyr.eu\/es\/aree-di-business\/#breadcrumb\",\"itemListElement\":[{\"@type\":\"ListItem\",\"position\":1,\"name\":\"Home\",\"item\":\"https:\/\/www.copyr.eu\/es\/\"},{\"@type\":\"ListItem\",\"position\":2,\"name\":\"Divisi\\u00f3n Negocios\"}]}]}<\/script>\n<!-- \/ Yoast SEO plugin. -->","yoast_head_json":{"title":"Divisi\u00f3n Negocios - Copyr.eu ES","description":"Copyr sviluppa soluzioni efficaci per i diversi mercati in cui opera: Pest Control, Ho.re.ca., Agricoltura, Home&Garden, Industria e Largo Consumo.","robots":{"index":"index","follow":"follow","max-snippet":"max-snippet:-1","max-image-preview":"max-image-preview:large","max-video-preview":"max-video-preview:-1"},"canonical":"https:\/\/www.copyr.eu\/es\/aree-di-business\/","og_locale":"es_ES","og_type":"article","og_title":"Divisi\u00f3n Negocios - Copyr.eu ES","og_description":"Copyr sviluppa soluzioni efficaci per i diversi mercati in cui opera: Pest Control, Ho.re.ca., Agricoltura, Home&Garden, Industria e Largo Consumo.","og_url":"https:\/\/www.copyr.eu\/es\/aree-di-business\/","og_site_name":"Copyr.eu ES","article_modified_time":"2022-05-19T07:53:48+00:00","twitter_card":"summary_large_image","twitter_misc":{"Tiempo de lectura":"2 minutos"},"schema":{"@context":"https:\/\/schema.org","@graph":[{"@type":"WebSite","@id":"https:\/\/www.copyr.eu\/es\/#website","url":"https:\/\/www.copyr.eu\/es\/","name":"Copyr.eu ES","description":"Migliorare la qualit\u00e0, la sicurezza e l&#039;igiene dei luoghi in cui viviamo","potentialAction":[{"@type":"SearchAction","target":{"@type":"EntryPoint","urlTemplate":"https:\/\/www.copyr.eu\/es\/?s={search_term_string}"},"query-input":"required name=search_term_string"}],"inLanguage":"es"},{"@type":"WebPage","@id":"https:\/\/www.copyr.eu\/es\/aree-di-business\/#webpage","url":"https:\/\/www.copyr.eu\/es\/aree-di-business\/","name":"Divisi\u00f3n Negocios - Copyr.eu ES","isPartOf":{"@id":"https:\/\/www.copyr.eu\/es\/#website"},"datePublished":"2019-09-25T09:44:42+00:00","dateModified":"2022-05-19T07:53:48+00:00","description":"Copyr sviluppa soluzioni efficaci per i diversi mercati in cui opera: Pest Control, Ho.re.ca., Agricoltura, Home&Garden, Industria e Largo Consumo.","breadcrumb":{"@id":"https:\/\/www.copyr.eu\/es\/aree-di-business\/#breadcrumb"},"inLanguage":"es","potentialAction":[{"@type":"ReadAction","target":["https:\/\/www.copyr.eu\/es\/aree-di-business\/"]}]},{"@type":"BreadcrumbList","@id":"https:\/\/www.copyr.eu\/es\/aree-di-business\/#breadcrumb","itemListElement":[{"@type":"ListItem","position":1,"name":"Home","item":"https:\/\/www.copyr.eu\/es\/"},{"@type":"ListItem","position":2,"name":"Divisi\u00f3n Negocios"}]}]}},"_links":{"self":[{"href":"https:\/\/www.copyr.eu\/es\/wp-json\/wp\/v2\/pages\/367"}],"collection":[{"href":"https:\/\/www.copyr.eu\/es\/wp-json\/wp\/v2\/pages"}],"about":[{"href":"https:\/\/www.copyr.eu\/es\/wp-json\/wp\/v2\/types\/page"}],"author":[{"embeddable":true,"href":"https:\/\/www.copyr.eu\/es\/wp-json\/wp\/v2\/users\/1"}],"replies":[{"embeddable":true,"href":"https:\/\/www.copyr.eu\/es\/wp-json\/wp\/v2\/comments?post=367"}],"version-history":[{"count":4,"href":"https:\/\/www.copyr.eu\/es\/wp-json\/wp\/v2\/pages\/367\/revisions"}],"predecessor-version":[{"id":11662,"href":"https:\/\/www.copyr.eu\/es\/wp-json\/wp\/v2\/pages\/367\/revisions\/11662"}],"wp:attachment":[{"href":"https:\/\/www.copyr.eu\/es\/wp-json\/wp\/v2\/media?parent=367"}],"curies":[{"name":"wp","href":"https:\/\/api.w.org\/{rel}","templated":true}]}}