{"id":289,"date":"2019-09-25T09:28:17","date_gmt":"2019-09-25T07:28:17","guid":{"rendered":"https:\/\/www.copyr.eu\/es\/?page_id=289"},"modified":"2022-05-27T16:44:01","modified_gmt":"2022-05-27T14:44:01","slug":"expertise","status":"publish","type":"page","link":"https:\/\/www.copyr.eu\/es\/copyr\/expertise\/","title":{"rendered":"Experiencia"},"content":{"rendered":"\t\t<div data-elementor-type=\"wp-page\" data-elementor-id=\"289\" class=\"elementor elementor-289\" data-elementor-settings=\"[]\">\n\t\t\t\t\t\t<div class=\"elementor-inner\">\n\t\t\t\t\t\t\t<div class=\"elementor-section-wrap\">\n\t\t\t\t\t\t\t<section class=\"elementor-section elementor-top-section elementor-element elementor-element-37c87d59 elementor-section-boxed elementor-section-height-default elementor-section-height-default\" data-id=\"37c87d59\" data-element_type=\"section\" data-settings=\"{&quot;background_background&quot;:&quot;classic&quot;}\">\n\t\t\t\t\t\t<div class=\"elementor-container elementor-column-gap-default\">\n\t\t\t\t\t\t\t<div class=\"elementor-row\">\n\t\t\t\t\t<div class=\"elementor-column elementor-col-100 elementor-top-column elementor-element elementor-element-3e534aeb\" data-id=\"3e534aeb\" data-element_type=\"column\">\n\t\t\t<div class=\"elementor-column-wrap elementor-element-populated\">\n\t\t\t\t\t\t\t<div class=\"elementor-widget-wrap\">\n\t\t\t\t\t\t<div class=\"elementor-element elementor-element-56fdd70d elementor-widget elementor-widget-breadcrumbs\" data-id=\"56fdd70d\" data-element_type=\"widget\" data-widget_type=\"breadcrumbs.default\">\n\t\t\t\t<div class=\"elementor-widget-container\">\n\t\t\t<p id=\"breadcrumbs\"><span><span><a href=\"https:\/\/www.copyr.eu\/es\/\">Home<\/a><\/span><\/p>\t\t<\/div>\n\t\t\t\t<\/div>\n\t\t\t\t\t\t<\/div>\n\t\t\t\t\t<\/div>\n\t\t<\/div>\n\t\t\t\t\t\t\t\t<\/div>\n\t\t\t\t\t<\/div>\n\t\t<\/section>\n\t\t\t\t<section class=\"elementor-section elementor-top-section elementor-element elementor-element-2461c66a elementor-section-height-min-height elementor-section-content-middle elementor-section-boxed elementor-section-height-default elementor-section-items-middle\" data-id=\"2461c66a\" data-element_type=\"section\" data-settings=\"{&quot;background_background&quot;:&quot;classic&quot;}\">\n\t\t\t\t\t\t\t<div class=\"elementor-background-overlay\"><\/div>\n\t\t\t\t\t\t\t<div class=\"elementor-container elementor-column-gap-default\">\n\t\t\t\t\t\t\t<div class=\"elementor-row\">\n\t\t\t\t\t<div class=\"elementor-column elementor-col-100 elementor-top-column elementor-element elementor-element-175a5441\" data-id=\"175a5441\" data-element_type=\"column\">\n\t\t\t<div class=\"elementor-column-wrap elementor-element-populated\">\n\t\t\t\t\t\t\t<div class=\"elementor-widget-wrap\">\n\t\t\t\t\t\t<div class=\"elementor-element elementor-element-3ba5e8a6 elementor-widget elementor-widget-heading\" data-id=\"3ba5e8a6\" data-element_type=\"widget\" data-widget_type=\"heading.default\">\n\t\t\t\t<div class=\"elementor-widget-container\">\n\t\t\t<h2 class=\"elementor-heading-title elementor-size-default\">Experiencia<\/h2>\t\t<\/div>\n\t\t\t\t<\/div>\n\t\t\t\t\t\t<\/div>\n\t\t\t\t\t<\/div>\n\t\t<\/div>\n\t\t\t\t\t\t\t\t<\/div>\n\t\t\t\t\t<\/div>\n\t\t<\/section>\n\t\t\t\t<section class=\"elementor-section elementor-top-section elementor-element elementor-element-043af5c exp-img-left elementor-section-boxed elementor-section-height-default elementor-section-height-default\" data-id=\"043af5c\" data-element_type=\"section\" data-settings=\"{&quot;background_background&quot;:&quot;classic&quot;}\">\n\t\t\t\t\t\t\t<div class=\"elementor-background-overlay\"><\/div>\n\t\t\t\t\t\t\t<div class=\"elementor-container elementor-column-gap-default\">\n\t\t\t\t\t\t\t<div class=\"elementor-row\">\n\t\t\t\t\t<div class=\"elementor-column elementor-col-50 elementor-top-column elementor-element elementor-element-8325e54\" data-id=\"8325e54\" data-element_type=\"column\">\n\t\t\t<div class=\"elementor-column-wrap elementor-element-populated\">\n\t\t\t\t\t\t\t<div class=\"elementor-widget-wrap\">\n\t\t\t\t\t\t<div class=\"elementor-element elementor-element-d9b3350 elementor-widget elementor-widget-image\" data-id=\"d9b3350\" data-element_type=\"widget\" data-widget_type=\"image.default\">\n\t\t\t\t<div class=\"elementor-widget-container\">\n\t\t\t\t\t\t\t\t<div class=\"elementor-image\">\n\t\t\t\t\t\t\t\t\t\t\t\t<img width=\"555\" height=\"457\" src=\"https:\/\/www.copyr.eu\/es\/wp-content\/uploads\/sites\/10\/2020\/02\/RnD.png\" class=\"attachment-large size-large\" alt=\"\" loading=\"lazy\" \/>\t\t\t\t\t\t\t\t\t\t\t\t\t\t<\/div>\n\t\t\t\t\t\t<\/div>\n\t\t\t\t<\/div>\n\t\t\t\t\t\t<\/div>\n\t\t\t\t\t<\/div>\n\t\t<\/div>\n\t\t\t\t<div class=\"elementor-column elementor-col-50 elementor-top-column elementor-element elementor-element-627a83f\" data-id=\"627a83f\" data-element_type=\"column\">\n\t\t\t<div class=\"elementor-column-wrap elementor-element-populated\">\n\t\t\t\t\t\t\t<div class=\"elementor-widget-wrap\">\n\t\t\t\t\t\t<div class=\"elementor-element elementor-element-707d5ed elementor-widget elementor-widget-heading\" data-id=\"707d5ed\" data-element_type=\"widget\" data-widget_type=\"heading.default\">\n\t\t\t\t<div class=\"elementor-widget-container\">\n\t\t\t<h2 class=\"elementor-heading-title elementor-size-default\">I + D<\/h2>\t\t<\/div>\n\t\t\t\t<\/div>\n\t\t\t\t<div class=\"elementor-element elementor-element-afbf3e8 elementor-widget elementor-widget-text-editor\" data-id=\"afbf3e8\" data-element_type=\"widget\" data-widget_type=\"text-editor.default\">\n\t\t\t\t<div class=\"elementor-widget-container\">\n\t\t\t\t\t\t\t\t<div class=\"elementor-text-editor elementor-clearfix\">\n\t\t\t\t<p>Con el objeto de conservar el equilibrio natural del ecosistema, nos obligamos a investigar y desarrollar formulaciones espec\u00edficas, a base de mol\u00e9culas que posean un perfil de seguridad elevado y que respeten el medioambiente, am\u00e9n de proteger a los usuarios conjugando la mejor tecnolog\u00eda con las formas de uso m\u00e1s id\u00f3neas.<\/p>\t\t\t\t\t<\/div>\n\t\t\t\t\t\t<\/div>\n\t\t\t\t<\/div>\n\t\t\t\t\t\t<\/div>\n\t\t\t\t\t<\/div>\n\t\t<\/div>\n\t\t\t\t\t\t\t\t<\/div>\n\t\t\t\t\t<\/div>\n\t\t<\/section>\n\t\t\t\t<section class=\"elementor-section elementor-top-section elementor-element elementor-element-54d67c8 exp-img-left elementor-reverse-mobile elementor-section-boxed elementor-section-height-default elementor-section-height-default\" data-id=\"54d67c8\" data-element_type=\"section\" data-settings=\"{&quot;background_background&quot;:&quot;classic&quot;}\">\n\t\t\t\t\t\t\t<div class=\"elementor-background-overlay\"><\/div>\n\t\t\t\t\t\t\t<div class=\"elementor-container elementor-column-gap-default\">\n\t\t\t\t\t\t\t<div class=\"elementor-row\">\n\t\t\t\t\t<div class=\"elementor-column elementor-col-50 elementor-top-column elementor-element elementor-element-791e79d\" data-id=\"791e79d\" data-element_type=\"column\">\n\t\t\t<div class=\"elementor-column-wrap elementor-element-populated\">\n\t\t\t\t\t\t\t<div class=\"elementor-widget-wrap\">\n\t\t\t\t\t\t<div class=\"elementor-element elementor-element-b6d4f13 elementor-widget elementor-widget-heading\" data-id=\"b6d4f13\" data-element_type=\"widget\" data-widget_type=\"heading.default\">\n\t\t\t\t<div class=\"elementor-widget-container\">\n\t\t\t<h2 class=\"elementor-heading-title elementor-size-default\">MARCO REGULATORIO<\/h2>\t\t<\/div>\n\t\t\t\t<\/div>\n\t\t\t\t<div class=\"elementor-element elementor-element-05c6eb9 elementor-widget elementor-widget-text-editor\" data-id=\"05c6eb9\" data-element_type=\"widget\" data-widget_type=\"text-editor.default\">\n\t\t\t\t<div class=\"elementor-widget-container\">\n\t\t\t\t\t\t\t\t<div class=\"elementor-text-editor elementor-clearfix\">\n\t\t\t\t<p>Nuestro sentido de la responsabilidad corporativa nos ha inducido siempre a dar la m\u00e1xima importancia a las reglamentaciones y las disposiciones legales.<\/p><p>Por esta raz\u00f3n, adoptamos una estructura interna y externa, que es capaz de:<\/p><ul><li><strong>interactuar con las autoridades<\/strong> competentes para cumplir con los compromisos comerciales de la firma;<\/li><li><strong>garantizar<\/strong> que nuestros productos cumplan siempre con los requisitos legales;<\/li><li><strong>desarrollar estudios y certificaciones espec\u00edficos<\/strong>, a fin de respaldar la eficacia y conformidad de los productos, para que sea posible proceder a su venta correctamente, acatando la normativa vigente.<\/li><\/ul>\t\t\t\t\t<\/div>\n\t\t\t\t\t\t<\/div>\n\t\t\t\t<\/div>\n\t\t\t\t\t\t<\/div>\n\t\t\t\t\t<\/div>\n\t\t<\/div>\n\t\t\t\t<div class=\"elementor-column elementor-col-50 elementor-top-column elementor-element elementor-element-c6d232e\" data-id=\"c6d232e\" data-element_type=\"column\">\n\t\t\t<div class=\"elementor-column-wrap elementor-element-populated\">\n\t\t\t\t\t\t\t<div class=\"elementor-widget-wrap\">\n\t\t\t\t\t\t<div class=\"elementor-element elementor-element-bf79baf elementor-widget elementor-widget-image\" data-id=\"bf79baf\" data-element_type=\"widget\" data-widget_type=\"image.default\">\n\t\t\t\t<div class=\"elementor-widget-container\">\n\t\t\t\t\t\t\t\t<div class=\"elementor-image\">\n\t\t\t\t\t\t\t\t\t\t\t\t<img width=\"555\" height=\"457\" src=\"https:\/\/www.copyr.eu\/es\/wp-content\/uploads\/sites\/10\/2020\/02\/regulatory.png\" class=\"attachment-large size-large\" alt=\"\" loading=\"lazy\" \/>\t\t\t\t\t\t\t\t\t\t\t\t\t\t<\/div>\n\t\t\t\t\t\t<\/div>\n\t\t\t\t<\/div>\n\t\t\t\t\t\t<\/div>\n\t\t\t\t\t<\/div>\n\t\t<\/div>\n\t\t\t\t\t\t\t\t<\/div>\n\t\t\t\t\t<\/div>\n\t\t<\/section>\n\t\t\t\t<section class=\"elementor-section elementor-top-section elementor-element elementor-element-75ac05e exp-img-left elementor-section-boxed elementor-section-height-default elementor-section-height-default\" data-id=\"75ac05e\" data-element_type=\"section\" data-settings=\"{&quot;background_background&quot;:&quot;classic&quot;}\">\n\t\t\t\t\t\t\t<div class=\"elementor-background-overlay\"><\/div>\n\t\t\t\t\t\t\t<div class=\"elementor-container elementor-column-gap-default\">\n\t\t\t\t\t\t\t<div class=\"elementor-row\">\n\t\t\t\t\t<div class=\"elementor-column elementor-col-50 elementor-top-column elementor-element elementor-element-8cd36d5\" data-id=\"8cd36d5\" data-element_type=\"column\">\n\t\t\t<div class=\"elementor-column-wrap elementor-element-populated\">\n\t\t\t\t\t\t\t<div class=\"elementor-widget-wrap\">\n\t\t\t\t\t\t<div class=\"elementor-element elementor-element-b2aa329 elementor-widget elementor-widget-image\" data-id=\"b2aa329\" data-element_type=\"widget\" data-widget_type=\"image.default\">\n\t\t\t\t<div class=\"elementor-widget-container\">\n\t\t\t\t\t\t\t\t<div class=\"elementor-image\">\n\t\t\t\t\t\t\t\t\t\t\t\t<img width=\"555\" height=\"457\" src=\"https:\/\/www.copyr.eu\/es\/wp-content\/uploads\/sites\/10\/2019\/09\/formazione.png\" class=\"attachment-large size-large\" alt=\"\" loading=\"lazy\" \/>\t\t\t\t\t\t\t\t\t\t\t\t\t\t<\/div>\n\t\t\t\t\t\t<\/div>\n\t\t\t\t<\/div>\n\t\t\t\t\t\t<\/div>\n\t\t\t\t\t<\/div>\n\t\t<\/div>\n\t\t\t\t<div class=\"elementor-column elementor-col-50 elementor-top-column elementor-element elementor-element-33b0a81\" data-id=\"33b0a81\" data-element_type=\"column\">\n\t\t\t<div class=\"elementor-column-wrap elementor-element-populated\">\n\t\t\t\t\t\t\t<div class=\"elementor-widget-wrap\">\n\t\t\t\t\t\t<div class=\"elementor-element elementor-element-8851021 elementor-widget elementor-widget-heading\" data-id=\"8851021\" data-element_type=\"widget\" data-widget_type=\"heading.default\">\n\t\t\t\t<div class=\"elementor-widget-container\">\n\t\t\t<h2 class=\"elementor-heading-title elementor-size-default\">FORMACI\u00d3N<\/h2>\t\t<\/div>\n\t\t\t\t<\/div>\n\t\t\t\t<div class=\"elementor-element elementor-element-663991b elementor-widget elementor-widget-text-editor\" data-id=\"663991b\" data-element_type=\"widget\" data-widget_type=\"text-editor.default\">\n\t\t\t\t<div class=\"elementor-widget-container\">\n\t\t\t\t\t\t\t\t<div class=\"elementor-text-editor elementor-clearfix\">\n\t\t\t\t<p>Copyr ha adquirido recientemente la certificaci\u00f3n ISO 14001: 2015 relativa a los sistemas de gesti\u00f3n ambiental y la certificaci\u00f3n ISO 21001: 2019 para la prestaci\u00f3n de servicios de formaci\u00f3n certificados<\/p><p>Nos enorgullece haber dado vida a una experiencia did\u00e1ctica certificada, que <strong>cualifica m\u00e1s a\u00fan nuestras competencias t\u00e9cnicas y el saber hacer que hemos ido adquiriendo en m\u00e1s de cincuenta a\u00f1os de actividad<\/strong>.<\/p><p>Creamos un equipo de trabajo integrado por el personal experto de Copyr, que cuenta con el respaldo de docentes e investigadores de las universidades y centros de investigaci\u00f3n italianos m\u00e1s destacados. Ello nos permite impartir una oferta de formaci\u00f3n multidisciplinar, modular y actualizada, tanto en las aulas como en trabajo de campo. Dicha formaci\u00f3n se dise\u00f1a siempre tomando en consideraci\u00f3n las necesidades de nuestros clientes y del mercado final. <strong>Todo ello encaja a la perfecci\u00f3n en el proyecto Campus COPYR de formaci\u00f3n e informaci\u00f3n on-line<\/strong>.<\/p>\t\t\t\t\t<\/div>\n\t\t\t\t\t\t<\/div>\n\t\t\t\t<\/div>\n\t\t\t\t<div class=\"elementor-element elementor-element-aa95750 elementor-align-left elementor-widget elementor-widget-button\" data-id=\"aa95750\" data-element_type=\"widget\" data-widget_type=\"button.default\">\n\t\t\t\t<div class=\"elementor-widget-container\">\n\t\t\t\t\t<div class=\"elementor-button-wrapper\">\n\t\t\t<a href=\"mailto:formazione_copyr@copyr.it\" class=\"elementor-button-link elementor-button elementor-size-md\" role=\"button\">\n\t\t\t\t\t\t<span class=\"elementor-button-content-wrapper\">\n\t\t\t\t\t\t<span class=\"elementor-button-text\">Para m\u00e1s informaci\u00f3n, haz clic aqu\u00ed<\/span>\n\t\t<\/span>\n\t\t\t\t\t<\/a>\n\t\t<\/div>\n\t\t\t\t<\/div>\n\t\t\t\t<\/div>\n\t\t\t\t\t\t<\/div>\n\t\t\t\t\t<\/div>\n\t\t<\/div>\n\t\t\t\t\t\t\t\t<\/div>\n\t\t\t\t\t<\/div>\n\t\t<\/section>\n\t\t\t\t\t\t<\/div>\n\t\t\t\t\t\t<\/div>\n\t\t\t\t\t<\/div>\n\t\t","protected":false},"excerpt":{"rendered":"<p>Experiencia I + D Con el objeto de conservar el equilibrio natural del ecosistema, nos obligamos a investigar y desarrollar formulaciones espec\u00edficas, a base de mol\u00e9culas que posean un perfil de seguridad elevado y que respeten el medioambiente, am\u00e9n de proteger a los usuarios conjugando la mejor tecnolog\u00eda con las formas de uso m\u00e1s id\u00f3neas. [&hellip;]<\/p>\n","protected":false},"author":1,"featured_media":0,"parent":238,"menu_order":0,"comment_status":"closed","ping_status":"closed","template":"","meta":{"content-type":""},"yoast_head":"<!-- This site is optimized with the Yoast SEO plugin v17.0 - https:\/\/yoast.com\/wordpress\/plugins\/seo\/ -->\n<title>Experiencia - Copyr.eu ES<\/title>\n<meta name=\"description\" content=\"Ricerca e sviluppo, adempimenti di legge e formazione. Copyr \u00e8 la Compagnia del Piretro, azienda globale caratterizzata da un\u2019elevata cultura scientifica.\" \/>\n<meta name=\"robots\" content=\"index, follow, max-snippet:-1, max-image-preview:large, max-video-preview:-1\" \/>\n<link rel=\"canonical\" href=\"https:\/\/www.copyr.eu\/es\/copyr\/expertise\/\" \/>\n<meta property=\"og:locale\" content=\"es_ES\" \/>\n<meta property=\"og:type\" content=\"article\" \/>\n<meta property=\"og:title\" content=\"Experiencia - Copyr.eu ES\" \/>\n<meta property=\"og:description\" content=\"Ricerca e sviluppo, adempimenti di legge e formazione. Copyr \u00e8 la Compagnia del Piretro, azienda globale caratterizzata da un\u2019elevata cultura scientifica.\" \/>\n<meta property=\"og:url\" content=\"https:\/\/www.copyr.eu\/es\/copyr\/expertise\/\" \/>\n<meta property=\"og:site_name\" content=\"Copyr.eu ES\" \/>\n<meta property=\"article:modified_time\" content=\"2022-05-27T14:44:01+00:00\" \/>\n<meta property=\"og:image\" content=\"https:\/\/www.copyr.eu\/es\/wp-content\/uploads\/sites\/10\/2020\/02\/RnD.png\" \/>\n<meta name=\"twitter:card\" content=\"summary_large_image\" \/>\n<meta name=\"twitter:label1\" content=\"Tiempo de lectura\" \/>\n\t<meta name=\"twitter:data1\" content=\"2 minutos\" \/>\n<script type=\"application\/ld+json\" class=\"yoast-schema-graph\">{\"@context\":\"https:\/\/schema.org\",\"@graph\":[{\"@type\":\"WebSite\",\"@id\":\"https:\/\/www.copyr.eu\/es\/#website\",\"url\":\"https:\/\/www.copyr.eu\/es\/\",\"name\":\"Copyr.eu ES\",\"description\":\"Migliorare la qualit\\u00e0, la sicurezza e l&#039;igiene dei luoghi in cui viviamo\",\"potentialAction\":[{\"@type\":\"SearchAction\",\"target\":{\"@type\":\"EntryPoint\",\"urlTemplate\":\"https:\/\/www.copyr.eu\/es\/?s={search_term_string}\"},\"query-input\":\"required name=search_term_string\"}],\"inLanguage\":\"es\"},{\"@type\":\"ImageObject\",\"@id\":\"https:\/\/www.copyr.eu\/es\/copyr\/expertise\/#primaryimage\",\"inLanguage\":\"es\",\"url\":\"https:\/\/www.copyr.eu\/es\/wp-content\/uploads\/sites\/10\/2020\/02\/RnD.png\",\"contentUrl\":\"https:\/\/www.copyr.eu\/es\/wp-content\/uploads\/sites\/10\/2020\/02\/RnD.png\",\"width\":555,\"height\":457},{\"@type\":\"WebPage\",\"@id\":\"https:\/\/www.copyr.eu\/es\/copyr\/expertise\/#webpage\",\"url\":\"https:\/\/www.copyr.eu\/es\/copyr\/expertise\/\",\"name\":\"Experiencia - Copyr.eu ES\",\"isPartOf\":{\"@id\":\"https:\/\/www.copyr.eu\/es\/#website\"},\"primaryImageOfPage\":{\"@id\":\"https:\/\/www.copyr.eu\/es\/copyr\/expertise\/#primaryimage\"},\"datePublished\":\"2019-09-25T07:28:17+00:00\",\"dateModified\":\"2022-05-27T14:44:01+00:00\",\"description\":\"Ricerca e sviluppo, adempimenti di legge e formazione. Copyr \\u00e8 la Compagnia del Piretro, azienda globale caratterizzata da un\\u2019elevata cultura scientifica.\",\"breadcrumb\":{\"@id\":\"https:\/\/www.copyr.eu\/es\/copyr\/expertise\/#breadcrumb\"},\"inLanguage\":\"es\",\"potentialAction\":[{\"@type\":\"ReadAction\",\"target\":[\"https:\/\/www.copyr.eu\/es\/copyr\/expertise\/\"]}]},{\"@type\":\"BreadcrumbList\",\"@id\":\"https:\/\/www.copyr.eu\/es\/copyr\/expertise\/#breadcrumb\",\"itemListElement\":[{\"@type\":\"ListItem\",\"position\":1,\"name\":\"Home\",\"item\":\"https:\/\/www.copyr.eu\/es\/\"},{\"@type\":\"ListItem\",\"position\":2,\"name\":\"Copyr\",\"item\":\"https:\/\/www.copyr.eu\/es\/copyr\/\"},{\"@type\":\"ListItem\",\"position\":3,\"name\":\"Experiencia\"}]}]}<\/script>\n<!-- \/ Yoast SEO plugin. -->","yoast_head_json":{"title":"Experiencia - Copyr.eu ES","description":"Ricerca e sviluppo, adempimenti di legge e formazione. Copyr \u00e8 la Compagnia del Piretro, azienda globale caratterizzata da un\u2019elevata cultura scientifica.","robots":{"index":"index","follow":"follow","max-snippet":"max-snippet:-1","max-image-preview":"max-image-preview:large","max-video-preview":"max-video-preview:-1"},"canonical":"https:\/\/www.copyr.eu\/es\/copyr\/expertise\/","og_locale":"es_ES","og_type":"article","og_title":"Experiencia - Copyr.eu ES","og_description":"Ricerca e sviluppo, adempimenti di legge e formazione. Copyr \u00e8 la Compagnia del Piretro, azienda globale caratterizzata da un\u2019elevata cultura scientifica.","og_url":"https:\/\/www.copyr.eu\/es\/copyr\/expertise\/","og_site_name":"Copyr.eu ES","article_modified_time":"2022-05-27T14:44:01+00:00","og_image":[{"url":"https:\/\/www.copyr.eu\/es\/wp-content\/uploads\/sites\/10\/2020\/02\/RnD.png"}],"twitter_card":"summary_large_image","twitter_misc":{"Tiempo de lectura":"2 minutos"},"schema":{"@context":"https:\/\/schema.org","@graph":[{"@type":"WebSite","@id":"https:\/\/www.copyr.eu\/es\/#website","url":"https:\/\/www.copyr.eu\/es\/","name":"Copyr.eu ES","description":"Migliorare la qualit\u00e0, la sicurezza e l&#039;igiene dei luoghi in cui viviamo","potentialAction":[{"@type":"SearchAction","target":{"@type":"EntryPoint","urlTemplate":"https:\/\/www.copyr.eu\/es\/?s={search_term_string}"},"query-input":"required name=search_term_string"}],"inLanguage":"es"},{"@type":"ImageObject","@id":"https:\/\/www.copyr.eu\/es\/copyr\/expertise\/#primaryimage","inLanguage":"es","url":"https:\/\/www.copyr.eu\/es\/wp-content\/uploads\/sites\/10\/2020\/02\/RnD.png","contentUrl":"https:\/\/www.copyr.eu\/es\/wp-content\/uploads\/sites\/10\/2020\/02\/RnD.png","width":555,"height":457},{"@type":"WebPage","@id":"https:\/\/www.copyr.eu\/es\/copyr\/expertise\/#webpage","url":"https:\/\/www.copyr.eu\/es\/copyr\/expertise\/","name":"Experiencia - Copyr.eu ES","isPartOf":{"@id":"https:\/\/www.copyr.eu\/es\/#website"},"primaryImageOfPage":{"@id":"https:\/\/www.copyr.eu\/es\/copyr\/expertise\/#primaryimage"},"datePublished":"2019-09-25T07:28:17+00:00","dateModified":"2022-05-27T14:44:01+00:00","description":"Ricerca e sviluppo, adempimenti di legge e formazione. Copyr \u00e8 la Compagnia del Piretro, azienda globale caratterizzata da un\u2019elevata cultura scientifica.","breadcrumb":{"@id":"https:\/\/www.copyr.eu\/es\/copyr\/expertise\/#breadcrumb"},"inLanguage":"es","potentialAction":[{"@type":"ReadAction","target":["https:\/\/www.copyr.eu\/es\/copyr\/expertise\/"]}]},{"@type":"BreadcrumbList","@id":"https:\/\/www.copyr.eu\/es\/copyr\/expertise\/#breadcrumb","itemListElement":[{"@type":"ListItem","position":1,"name":"Home","item":"https:\/\/www.copyr.eu\/es\/"},{"@type":"ListItem","position":2,"name":"Copyr","item":"https:\/\/www.copyr.eu\/es\/copyr\/"},{"@type":"ListItem","position":3,"name":"Experiencia"}]}]}},"_links":{"self":[{"href":"https:\/\/www.copyr.eu\/es\/wp-json\/wp\/v2\/pages\/289"}],"collection":[{"href":"https:\/\/www.copyr.eu\/es\/wp-json\/wp\/v2\/pages"}],"about":[{"href":"https:\/\/www.copyr.eu\/es\/wp-json\/wp\/v2\/types\/page"}],"author":[{"embeddable":true,"href":"https:\/\/www.copyr.eu\/es\/wp-json\/wp\/v2\/users\/1"}],"replies":[{"embeddable":true,"href":"https:\/\/www.copyr.eu\/es\/wp-json\/wp\/v2\/comments?post=289"}],"version-history":[{"count":19,"href":"https:\/\/www.copyr.eu\/es\/wp-json\/wp\/v2\/pages\/289\/revisions"}],"predecessor-version":[{"id":11771,"href":"https:\/\/www.copyr.eu\/es\/wp-json\/wp\/v2\/pages\/289\/revisions\/11771"}],"up":[{"embeddable":true,"href":"https:\/\/www.copyr.eu\/es\/wp-json\/wp\/v2\/pages\/238"}],"wp:attachment":[{"href":"https:\/\/www.copyr.eu\/es\/wp-json\/wp\/v2\/media?parent=289"}],"curies":[{"name":"wp","href":"https:\/\/api.w.org\/{rel}","templated":true}]}}