{"id":10100,"date":"2021-02-26T17:27:26","date_gmt":"2021-02-26T16:27:26","guid":{"rendered":"https:\/\/copyreu.myskia.net\/en\/?page_id=10100"},"modified":"2022-06-29T12:04:07","modified_gmt":"2022-06-29T10:04:07","slug":"informativa-gdpr-clienti-e-fornitori","status":"publish","type":"page","link":"https:\/\/www.copyr.eu\/en\/informativa-gdpr-clienti-e-fornitori\/","title":{"rendered":"Customer and Supplier GDPR"},"content":{"rendered":"\t\t<div data-elementor-type=\"wp-page\" data-elementor-id=\"10100\" class=\"elementor elementor-10100\" data-elementor-settings=\"[]\">\n\t\t\t\t\t\t<div class=\"elementor-inner\">\n\t\t\t\t\t\t\t<div class=\"elementor-section-wrap\">\n\t\t\t\t\t\t\t<section class=\"elementor-section elementor-top-section elementor-element elementor-element-21418ab0 elementor-section-stretched elementor-hidden-desktop elementor-hidden-tablet elementor-hidden-mobile elementor-section-boxed elementor-section-height-default elementor-section-height-default\" data-id=\"21418ab0\" data-element_type=\"section\" data-settings=\"{&quot;stretch_section&quot;:&quot;section-stretched&quot;}\">\n\t\t\t\t\t\t<div class=\"elementor-container elementor-column-gap-default\">\n\t\t\t\t\t\t\t<div class=\"elementor-row\">\n\t\t\t\t\t<div class=\"elementor-column elementor-col-100 elementor-top-column elementor-element elementor-element-39420feb\" data-id=\"39420feb\" data-element_type=\"column\">\n\t\t\t<div class=\"elementor-column-wrap elementor-element-populated\">\n\t\t\t\t\t\t\t<div class=\"elementor-widget-wrap\">\n\t\t\t\t\t\t<div class=\"elementor-element elementor-element-273cf9c3 elementor-widget elementor-widget-text-editor\" data-id=\"273cf9c3\" data-element_type=\"widget\" data-widget_type=\"text-editor.default\">\n\t\t\t\t<div class=\"elementor-widget-container\">\n\t\t\t\t\t\t\t\t<div class=\"elementor-text-editor elementor-clearfix\">\n\t\t\t\t<p><!-- wp:heading --><\/p>\n<h2><strong>Informativa &#8220;clienti e fornitori&#8221; ai sensi degli art. 13 e 14 &#8220;Regolamento Europeo in materia di protezione dei dati personali &#8211; GDPR&#8221; (REG. UE 2016\/679)<\/strong><\/h2>\n<h2><strong>Introduzione<\/strong><\/h2>\n<p><!-- \/wp:heading --><\/p>\n<p><!-- wp:paragraph --><\/p>\n<p>I dati personali saranno oggetto di trattamento nel rispetto della normativa applicabile e degli obblighi di riservatezza e sicurezza cui si ispira l&#8217;attivit\u00e0 di Copyr S.p.A.<\/p>\n<p><!-- \/wp:paragraph --><\/p>\n<p><!-- wp:heading --><\/p>\n<h2><strong>Titolare del trattamento<\/strong><\/h2>\n<p><!-- \/wp:heading --><\/p>\n<p><!-- wp:paragraph --><\/p>\n<p>Il Titolare del trattamento \u00e8 Copyr S.p.A., societ\u00e0 con socio unico, P.IVA 00878291004 e C.F. 00394920581, con sede legale in Via Stephenson, 73 &#8211; 20157 Milano (MI), contattabile ai seguenti recapiti:<\/p>\n<p><!-- \/wp:paragraph --><\/p>\n<p><!-- wp:list --><\/p>\n<ul>\n<li>scrivendo una e-mail a privacy_copyr@copyr.it<\/li>\n<li>telefonando al numero +39 02 390368.1<\/li>\n<li>per posta ordinaria all&#8217;indirizzo della sede legale<\/li>\n<\/ul>\n<p><!-- \/wp:list --><\/p>\n<p><!-- wp:heading --><\/p>\n<h2><strong>Categoria di dati trattati<\/strong><\/h2>\n<p><!-- \/wp:heading --><\/p>\n<p><!-- wp:paragraph --><\/p>\n<p>Le categorie di dati trattati sono le seguenti:<\/p>\n<p><!-- \/wp:paragraph --><\/p>\n<p><!-- wp:list --><\/p>\n<ul>\n<li>dati di identificazione dei dipendenti del cliente\/fornitore identificati come contatti del progetto o del cliente\/fornitore come persona fisica<\/li>\n<li>dati di contatto dei dipendenti del cliente\/fornitore identificati come contatti del progetto o del cliente\/fornitore come persona fisica<\/li>\n<li>modalit\u00e0 di pagamento dei servizi acquistati dai clienti<\/li>\n<\/ul>\n<p><!-- \/wp:list --><\/p>\n<p><!-- wp:heading --><\/p>\n<h2><strong>Fonte dei dati<\/strong><\/h2>\n<p><!-- \/wp:heading --><\/p>\n<p><!-- wp:paragraph --><\/p>\n<p>I dati dell&#8217;interessato sono forniti direttamente dal cliente\/fornitore o, solo per i dipendenti del cliente\/fornitore, acquisiti dal cliente\/fornitore stesso.<\/p>\n<p><!-- \/wp:paragraph --><\/p>\n<p><!-- wp:heading --><\/p>\n<h2><strong>Finalit\u00e0, basi giuridiche e tempo di conservazione<\/strong><\/h2>\n<p><!-- \/wp:heading --><\/p>\n<p><!-- wp:table --><\/p>\n<figure class=\"wp-block-table\">\n<table>\n<tbody>\n<tr>\n<td class=\"has-text-align-center\" data-align=\"center\"><strong>Finalit\u00e0<\/strong><\/td>\n<td class=\"has-text-align-center\" data-align=\"center\"><strong>Basi giuridiche<\/strong><\/td>\n<td class=\"has-text-align-center\" data-align=\"center\"><strong>Tempo conservazione<\/strong><\/td>\n<\/tr>\n<tr>\n<td class=\"has-text-align-center\" data-align=\"center\">Gestione delle attivit\u00e0 precontrattuali e contrattuali relative alla conclusione del contratto e alla sua esecuzione<\/td>\n<td class=\"has-text-align-center\" data-align=\"center\">esecuzione delle attivit\u00e0 precontrattuali\/contrattuali<\/td>\n<td class=\"has-text-align-center\" data-align=\"center\">10 anni dalla fine dell&#8217;esecuzione del contratto<\/td>\n<\/tr>\n<tr>\n<td class=\"has-text-align-center\" data-align=\"center\">Gestione dei contatti del cliente\/fornitore per la gestione contabile\/amministrativa del servizio acquistato<\/td>\n<td class=\"has-text-align-center\" data-align=\"center\">esecuzione delle attivit\u00e0 precontrattuali\/contrattuali<\/td>\n<td class=\"has-text-align-center\" data-align=\"center\">10 anni dalla fine dell&#8217;esecuzione del contratto<\/td>\n<\/tr>\n<tr>\n<td class=\"has-text-align-center\" data-align=\"center\">Condivisione dei dati identificativi del cliente\/fornitore a livello di Gruppo per la verifica contabile\/amministrativa<\/td>\n<td class=\"has-text-align-center\" data-align=\"center\">il legittimo interesse del Titolare del trattamento<\/td>\n<td class=\"has-text-align-center\" data-align=\"center\">2 anni dalla fine dell&#8217;esecuzione del contratto\u00a0<\/td>\n<\/tr>\n<tr>\n<td class=\"has-text-align-center\" data-align=\"center\">Gestione dei dati di contatto del cliente per la presentazione di servizi\/prodotti analoghi a quelli acquistati<\/td>\n<td class=\"has-text-align-center\" data-align=\"center\">il legittimo interesse del Titolare del trattamento<\/td>\n<td class=\"has-text-align-center\" data-align=\"center\">2 anni dalla fine dell&#8217;utilizzo dei servizi acquistati dal cliente<\/td>\n<\/tr>\n<\/tbody>\n<\/table>\n<\/figure>\n<p><!-- \/wp:table --><\/p>\n<p><!-- wp:separator --><\/p>\n<hr class=\"wp-block-separator\" \/>\n<p><!-- \/wp:separator --><\/p>\n<p><!-- wp:heading --><\/p>\n<h2><strong>Legittimo interesse<\/strong><\/h2>\n<p><!-- \/wp:heading --><\/p>\n<p><!-- wp:paragraph --><\/p>\n<p>Il Titolare del trattamento, dopo aver valutato gli interessi in gioco, ha ritenuto di:<\/p>\n<p><!-- \/wp:paragraph --><\/p>\n<p><!-- wp:list --><\/p>\n<ul>\n<li>condividere i dati del cliente\/fornitore a livello di gruppo al solo fine di controllare gli aspetti contabili\/amministrativi;<\/li>\n<li>contattare i clienti al solo scopo di presentare servizi o prodotti analoghi o correlati a quelli gi\u00e0 acquistati, ritenendo tale comunicazione anche a vantaggio dell&#8217;interessato e limitando tale trattamento ai soli dati necessari al raggiungimento di tale finalit\u00e0.<\/li>\n<\/ul>\n<p><!-- \/wp:list --><\/p>\n<p><!-- wp:heading --><\/p>\n<h2><strong>Modalit\u00e0 di trattamento dei dati<\/strong><\/h2>\n<p><!-- \/wp:heading --><\/p>\n<p><!-- wp:paragraph --><\/p>\n<p>Il trattamento dei dati personali sar\u00e0 improntato a principi di correttezza, liceit\u00e0 e trasparenza, tutelando la sua riservatezza ed i suoi diritti, ed avverr\u00e0 mediante strumenti idonei a garantirne la sicurezza.<\/p>\n<p><!-- \/wp:paragraph --><\/p>\n<p><!-- wp:heading --><\/p>\n<h2><strong>Conseguenze del mancato conferimento dei dati<\/strong><\/h2>\n<p><!-- \/wp:heading --><\/p>\n<p><!-- wp:paragraph --><\/p>\n<p>Il conferimento dei dati personali sopra indicati \u00e8 necessario per perseguire le finalit\u00e0 indicate, pertanto non fornire tali dati comporta l&#8217;impossibilit\u00e0 di effettuare il trattamento.<\/p>\n<p><!-- \/wp:paragraph --><\/p>\n<p><!-- wp:heading --><\/p>\n<h2><strong>Categorie di soggetti ai quali i dati personali possono essere comunicati o che possono venirne a conoscenza; ambito di diffusione dei dati personali<\/strong><\/h2>\n<p><!-- \/wp:heading --><\/p>\n<p><!-- wp:paragraph --><\/p>\n<p>Nei limiti degli obblighi, dei compiti o delle finalit\u00e0 sopra indicati:<\/p>\n<p><!-- \/wp:paragraph --><\/p>\n<p><!-- wp:list --><\/p>\n<ul>\n<li>i dati personali saranno trattati esclusivamente da dipendenti e\/o collaboratori del Titolare, anche mediante soggetti terzi nominati quali Responsabili, e da societ\u00e0 del Gruppo PharmaMar, nel rispetto di quanto previsto dalla legge anche con riguardo alle misure di sicurezza a protezione e salvaguardia dei dati stessi;<\/li>\n<li>i dati non saranno in alcun modo diffusi, salvo consenso dell\u2019interessato.<\/li>\n<\/ul>\n<p><!-- \/wp:list --><\/p>\n<p><!-- wp:paragraph --><\/p>\n<p>L&#8217;elenco dei Responsabili pu\u00f2 essere richiesto al Titolare.<\/p>\n<p><!-- \/wp:paragraph --><\/p>\n<p><!-- wp:paragraph --><\/p>\n<p>Il Titolare potr\u00e0 comunicare e diffondere i dati personali al solo fine di dare esecuzione ad obblighi di legge.<\/p>\n<p><!-- \/wp:paragraph --><\/p>\n<p><!-- wp:paragraph --><\/p>\n<p>I dati personali potranno essere trasferiti in Paesi terzi a soggetti con i quali sono state sottoscritte clausole contrattuali tipo approvate dall\u2019Unione Europea. Per ulteriori informazioni \u00e8 possibile contattare il Titolare.<\/p>\n<p><!-- \/wp:paragraph --><\/p>\n<p><!-- wp:heading --><\/p>\n<h2><strong>Diritti dell&#8217;interessato<\/strong><\/h2>\n<p><!-- \/wp:heading --><\/p>\n<p><!-- wp:paragraph --><\/p>\n<p>L\u2019interessato potr\u00e0, in qualsiasi momento, esercitare i diritti previsti dal Regolamento Europeo n. 2016\/679. In particolare il diritto:<\/p>\n<p><!-- \/wp:paragraph --><\/p>\n<p><!-- wp:list --><\/p>\n<ul>\n<li>di accedere ai suoi dati personali;<\/li>\n<li>di ottenere la rettifica o la cancellazione degli stessi o la limitazione del trattamento che la riguardano;<\/li>\n<li>di opporsi al trattamento;<\/li>\n<li>alla portabilit\u00e0 dei dati;<\/li>\n<li>di revocare il consenso, ove previsto: la revoca del consenso non pregiudica la liceit\u00e0 del trattamento basata sul consenso conferito prima della revoca;<\/li>\n<li>di proporre reclamo all&#8217;autorit\u00e0 di controllo. Per l\u2019Italia, l\u2019autorit\u00e0 di controllo \u00e8 l\u2019Autorit\u00e0 Garante per la protezione dei dati personali.<\/li>\n<\/ul>\n<p><!-- \/wp:list --><\/p>\n<p><!-- wp:paragraph --><\/p>\n<p>L\u2019esercizio dei diritti sopra richiamati potr\u00e0 avvenire attraverso l\u2019invio di una richiesta mediante e-mail all\u2019indirizzo privacy_copyr@copyr.it.<\/p>\n<p><!-- \/wp:paragraph --><\/p>\n<p><!-- wp:paragraph --><\/p>\n<p>\u00a0<\/p>\n<p>\u00a0<\/p>\n<p>Ultimo aggiornamento dell\u2019informativa: aprile 2021<\/p>\n<p><!-- \/wp:paragraph --><\/p>\t\t\t\t\t<\/div>\n\t\t\t\t\t\t<\/div>\n\t\t\t\t<\/div>\n\t\t\t\t\t\t<\/div>\n\t\t\t\t\t<\/div>\n\t\t<\/div>\n\t\t\t\t\t\t\t\t<\/div>\n\t\t\t\t\t<\/div>\n\t\t<\/section>\n\t\t\t\t<section class=\"elementor-section elementor-top-section elementor-element elementor-element-a4ca938 elementor-section-boxed elementor-section-height-default elementor-section-height-default\" data-id=\"a4ca938\" data-element_type=\"section\">\n\t\t\t\t\t\t<div class=\"elementor-container elementor-column-gap-default\">\n\t\t\t\t\t\t\t<div class=\"elementor-row\">\n\t\t\t\t\t<div class=\"elementor-column elementor-col-100 elementor-top-column elementor-element elementor-element-b9d8697\" data-id=\"b9d8697\" data-element_type=\"column\">\n\t\t\t<div class=\"elementor-column-wrap elementor-element-populated\">\n\t\t\t\t\t\t\t<div class=\"elementor-widget-wrap\">\n\t\t\t\t\t\t<div class=\"elementor-element elementor-element-504e949 elementor-widget-divider--view-line elementor-widget elementor-widget-divider\" data-id=\"504e949\" data-element_type=\"widget\" data-widget_type=\"divider.default\">\n\t\t\t\t<div class=\"elementor-widget-container\">\n\t\t\t\t\t<div class=\"elementor-divider\">\n\t\t\t<span class=\"elementor-divider-separator\">\n\t\t\t\t\t\t<\/span>\n\t\t<\/div>\n\t\t\t\t<\/div>\n\t\t\t\t<\/div>\n\t\t\t\t\t\t<\/div>\n\t\t\t\t\t<\/div>\n\t\t<\/div>\n\t\t\t\t\t\t\t\t<\/div>\n\t\t\t\t\t<\/div>\n\t\t<\/section>\n\t\t\t\t<section class=\"elementor-section elementor-top-section elementor-element elementor-element-5fdd5d5 elementor-section-boxed elementor-section-height-default elementor-section-height-default\" data-id=\"5fdd5d5\" data-element_type=\"section\">\n\t\t\t\t\t\t<div class=\"elementor-container elementor-column-gap-default\">\n\t\t\t\t\t\t\t<div class=\"elementor-row\">\n\t\t\t\t\t<div class=\"elementor-column elementor-col-100 elementor-top-column elementor-element elementor-element-f73d060\" data-id=\"f73d060\" data-element_type=\"column\">\n\t\t\t<div class=\"elementor-column-wrap elementor-element-populated\">\n\t\t\t\t\t\t\t<div class=\"elementor-widget-wrap\">\n\t\t\t\t\t\t<div class=\"elementor-element elementor-element-5d8f7a4 elementor-widget elementor-widget-text-editor\" data-id=\"5d8f7a4\" data-element_type=\"widget\" data-widget_type=\"text-editor.default\">\n\t\t\t\t<div class=\"elementor-widget-container\">\n\t\t\t\t\t\t\t\t<div class=\"elementor-text-editor elementor-clearfix\">\n\t\t\t\t<h2><strong>Privacy policy &#8220;customer and supplier&#8221; according to Articles 13 and 14 of the &#8220;European Regulation on the protection of personal data &#8211; GDPR&#8221; (REG. EU 2016\/679)<\/strong><\/h2>\n<p>The Data Controller will process personal data in compliance with applicable legislation and confidentiality and security obligations that inspire Copyr&#8217;s activity.<\/p>\n<h2><strong>Data Controller: <\/strong><\/h2>\n<p>Copyr S.p.A., a sole shareholder company, VAT number 00878291004, Fiscal Code: 00394920581, with registered office in Via Stephenson, 73 &#8211; 20157 Milano. The data subject can contact Copyr at the following addresses:<\/p>\n<ul>\n<li>by writing an e-mail to privacy_copyr@copyr.it<\/li>\n<li>by calling +39 02 390368.1<\/li>\n<li>by ordinary mail to the address of the registered office<\/li>\n<\/ul>\n<h2><strong>Data processed: <\/strong><\/h2>\n<p>the categories of data processed are as follows:<\/p>\n<ul>\n<li>identification data of the customer&#8217;s\/supplier&#8217;s employees identified as project contacts or of the customer\/supplier as a natural person<\/li>\n<li>contact details of the customer&#8217;s\/supplier&#8217;s employees identified as project contacts or of the customer\/supplier as a natural person<\/li>\n<li>payment methods for services purchased by customers<\/li>\n<\/ul>\n<h2><strong>Data source: <\/strong><\/h2>\n<p>the data subject&#8217;s data are provided directly by the customer\/supplier or, only for the customer\u2019s\/supplier\u2019s employees, acquired from the customer\/supplier itself.<\/p>\n<p><\/p>\n<table width=\"641\">\n<tbody>\n<tr>\n<td>\n<p><strong>Purposes<\/strong><\/p>\n<\/td>\n<td>\n<p><strong>Legal basis<\/strong><\/p>\n<\/td>\n<td>\n<p><strong>Data retention period<\/strong><\/p>\n<\/td>\n<\/tr>\n<tr>\n<td>\n<p>management of pre-contractual and contractual activities relating to the conclusion of the contract and its execution<\/p>\n<\/td>\n<td>\n<p>performance of pre-contractual\/contractual activities<\/p>\n<\/td>\n<td>\n<p>10 years from the end of the implementation of the contract<\/p>\n<\/td>\n<\/tr>\n<tr>\n<td>\n<p>management of customer\/supplier contact details for accounting\/administrative management of the service purchased<\/p>\n<\/td>\n<td>\n<p>performance of pre-contractual\/contractual activities<\/p>\n<\/td>\n<td>\n<p>10 years from the end of the execution of the contract<\/p>\n<\/td>\n<\/tr>\n<tr>\n<td>\n<p>sharing of customer\/supplier identification data at Group level for accounting\/administrative verification purposes<\/p>\n<\/td>\n<td>\n<p>the legitimate interest of the Data Controller<\/p>\n<\/td>\n<td>\n<p>2 years from the end of the execution of the contract<\/p>\n<\/td>\n<\/tr>\n<tr>\n<td>\n<p>management of the customer&#8217;s contact data for the presentation of services\/products similar to those purchased<\/p>\n<\/td>\n<td>\n<p>the legitimate interest of the Data Controller<\/p>\n<\/td>\n<td>\n<p>2 years from the end of the use of the services purchased by the customer<\/p>\n<\/td>\n<\/tr>\n<\/tbody>\n<\/table>\n<h2><strong>&nbsp;<\/strong><strong>Legitimate interest: <\/strong><\/h2>\n<p>the Data Controller, having balanced the interests at stake, has decided to:<\/p>\n<ul>\n<li>share customer&#8217;s\/supplier&#8217;s details at group level for the sole purpose of control accounting\/administrative aspects;<\/li>\n<li>contact customers for the sole purpose of presenting services or products similar or related to those already purchased, considering this communication also in the interest of the data subject and limiting such processing only to the data necessary to achieve this purpose.<\/li>\n<\/ul>\n<h2><strong>Data processing rules: <\/strong><\/h2>\n<p>the processing of personal data will be based on principles of correctness, lawfulness and transparency, protecting the confidentiality and rights of the data subject, and will be carried out through instruments that guarantee the information security.<\/p>\n<h2><strong>Consequences of refusal to provide data:<\/strong><\/h2>\n<p>the provision of the above-mentioned personal data is necessary to pursue the purposes indicated. Therefore, failure to provide such data will make it impossible to carry out the processing.<\/p>\n<h2><strong>Categories of persons to whom the personal data may be communicated or who may become aware of them; dissemination of personal data:<\/strong><\/h2>\n<p>within the limits of the obligations, tasks or purposes indicated above:<\/p>\n<ul>\n<li>personal data will be processed exclusively by employees or collaborators of the Data Controller, also through third parties appointed as Data Processors, and by companies of the Zelnova Zeltia Group, in compliance with the provisions of the law also concerning security measures to protect and safeguard the data;<\/li>\n<li>Copyr will not disseminate the data in any way except with the consent of the data subject.<\/li>\n<\/ul>\n<p>The data subject can request the list of Data Processors from the Data Controller at any time.<\/p>\n<p>The Data Controller may communicate and disseminate personal data for the sole purpose of fulfilling legal obligations.<\/p>\n<p>The Data Controller may transfer personal data to third countries to parties with whom standard contractual clauses approved by the European Union have been signed. For further information, the data subject may contact the Data Controller.<\/p>\n<h2><strong>Rights of the data subject: <\/strong><\/h2>\n<p>the data subject may, at any time, exercise the rights provided for in European Regulation No. 2016\/679. In particular, the right:<\/p>\n<ul>\n<li>to access his\/her personal data;<\/li>\n<li>to obtain the rectification or erasure of the same or the limitation of the processing concerning him\/her;<\/li>\n<li>to object to the processing;<\/li>\n<li>to have access to data portability;<\/li>\n<li>to withdraw consent, where provided: withdrawal of consent does not affect the lawfulness of processing based on consent given before withdrawal;<\/li>\n<li>to lodge a complaint with the supervisory authority.<\/li>\n<\/ul>\n<p>The data subject may exercise the rights mentioned above by sending a request by e-mail to privacy_copyr@copyr.it.<\/p>\n<p><\/p>\t\t\t\t\t<\/div>\n\t\t\t\t\t\t<\/div>\n\t\t\t\t<\/div>\n\t\t\t\t\t\t<\/div>\n\t\t\t\t\t<\/div>\n\t\t<\/div>\n\t\t\t\t\t\t\t\t<\/div>\n\t\t\t\t\t<\/div>\n\t\t<\/section>\n\t\t\t\t\t\t<\/div>\n\t\t\t\t\t\t<\/div>\n\t\t\t\t\t<\/div>\n\t\t","protected":false},"excerpt":{"rendered":"<p>Informativa &#8220;clienti e fornitori&#8221; ai sensi degli art. 13 e 14 &#8220;Regolamento Europeo in materia di protezione dei dati personali &#8211; GDPR&#8221; (REG. UE 2016\/679) Introduzione I dati personali saranno oggetto di trattamento nel rispetto della normativa applicabile e degli obblighi di riservatezza e sicurezza cui si ispira l&#8217;attivit\u00e0 di Copyr S.p.A. Titolare del trattamento [&hellip;]<\/p>\n","protected":false},"author":2,"featured_media":0,"parent":0,"menu_order":0,"comment_status":"closed","ping_status":"closed","template":"","meta":{"content-type":""},"yoast_head":"<!-- This site is optimized with the Yoast SEO plugin v17.0 - https:\/\/yoast.com\/wordpress\/plugins\/seo\/ -->\n<title>Customer and Supplier GDPR - Copyr.eu EN<\/title>\n<meta name=\"robots\" content=\"index, follow, max-snippet:-1, max-image-preview:large, max-video-preview:-1\" \/>\n<link rel=\"canonical\" href=\"https:\/\/www.copyr.eu\/en\/informativa-gdpr-clienti-e-fornitori\/\" \/>\n<meta property=\"og:locale\" content=\"en_US\" \/>\n<meta property=\"og:type\" content=\"article\" \/>\n<meta property=\"og:title\" content=\"Customer and Supplier GDPR - Copyr.eu EN\" \/>\n<meta property=\"og:description\" content=\"Informativa &#8220;clienti e fornitori&#8221; ai sensi degli art. 13 e 14 &#8220;Regolamento Europeo in materia di protezione dei dati personali &#8211; GDPR&#8221; (REG. UE 2016\/679) Introduzione I dati personali saranno oggetto di trattamento nel rispetto della normativa applicabile e degli obblighi di riservatezza e sicurezza cui si ispira l&#8217;attivit\u00e0 di Copyr S.p.A. Titolare del trattamento [&hellip;]\" \/>\n<meta property=\"og:url\" content=\"https:\/\/www.copyr.eu\/en\/informativa-gdpr-clienti-e-fornitori\/\" \/>\n<meta property=\"og:site_name\" content=\"Copyr.eu EN\" \/>\n<meta property=\"article:modified_time\" content=\"2022-06-29T10:04:07+00:00\" \/>\n<meta name=\"twitter:card\" content=\"summary_large_image\" \/>\n<meta name=\"twitter:label1\" content=\"Est. reading time\" \/>\n\t<meta name=\"twitter:data1\" content=\"7 minutes\" \/>\n<script type=\"application\/ld+json\" class=\"yoast-schema-graph\">{\"@context\":\"https:\/\/schema.org\",\"@graph\":[{\"@type\":\"WebSite\",\"@id\":\"https:\/\/www.copyr.eu\/en\/#website\",\"url\":\"https:\/\/www.copyr.eu\/en\/\",\"name\":\"Copyr.eu EN\",\"description\":\"Migliorare la qualit\\u00e0, la sicurezza e l&#039;igiene dei luoghi in cui viviamo\",\"potentialAction\":[{\"@type\":\"SearchAction\",\"target\":{\"@type\":\"EntryPoint\",\"urlTemplate\":\"https:\/\/www.copyr.eu\/en\/?s={search_term_string}\"},\"query-input\":\"required name=search_term_string\"}],\"inLanguage\":\"en-US\"},{\"@type\":\"WebPage\",\"@id\":\"https:\/\/www.copyr.eu\/en\/informativa-gdpr-clienti-e-fornitori\/#webpage\",\"url\":\"https:\/\/www.copyr.eu\/en\/informativa-gdpr-clienti-e-fornitori\/\",\"name\":\"Customer and Supplier GDPR - Copyr.eu EN\",\"isPartOf\":{\"@id\":\"https:\/\/www.copyr.eu\/en\/#website\"},\"datePublished\":\"2021-02-26T16:27:26+00:00\",\"dateModified\":\"2022-06-29T10:04:07+00:00\",\"breadcrumb\":{\"@id\":\"https:\/\/www.copyr.eu\/en\/informativa-gdpr-clienti-e-fornitori\/#breadcrumb\"},\"inLanguage\":\"en-US\",\"potentialAction\":[{\"@type\":\"ReadAction\",\"target\":[\"https:\/\/www.copyr.eu\/en\/informativa-gdpr-clienti-e-fornitori\/\"]}]},{\"@type\":\"BreadcrumbList\",\"@id\":\"https:\/\/www.copyr.eu\/en\/informativa-gdpr-clienti-e-fornitori\/#breadcrumb\",\"itemListElement\":[{\"@type\":\"ListItem\",\"position\":1,\"name\":\"Home\",\"item\":\"https:\/\/www.copyr.eu\/en\/\"},{\"@type\":\"ListItem\",\"position\":2,\"name\":\"Customer and Supplier GDPR\"}]}]}<\/script>\n<!-- \/ Yoast SEO plugin. -->","yoast_head_json":{"title":"Customer and Supplier GDPR - Copyr.eu EN","robots":{"index":"index","follow":"follow","max-snippet":"max-snippet:-1","max-image-preview":"max-image-preview:large","max-video-preview":"max-video-preview:-1"},"canonical":"https:\/\/www.copyr.eu\/en\/informativa-gdpr-clienti-e-fornitori\/","og_locale":"en_US","og_type":"article","og_title":"Customer and Supplier GDPR - Copyr.eu EN","og_description":"Informativa &#8220;clienti e fornitori&#8221; ai sensi degli art. 13 e 14 &#8220;Regolamento Europeo in materia di protezione dei dati personali &#8211; GDPR&#8221; (REG. UE 2016\/679) Introduzione I dati personali saranno oggetto di trattamento nel rispetto della normativa applicabile e degli obblighi di riservatezza e sicurezza cui si ispira l&#8217;attivit\u00e0 di Copyr S.p.A. Titolare del trattamento [&hellip;]","og_url":"https:\/\/www.copyr.eu\/en\/informativa-gdpr-clienti-e-fornitori\/","og_site_name":"Copyr.eu EN","article_modified_time":"2022-06-29T10:04:07+00:00","twitter_card":"summary_large_image","twitter_misc":{"Est. reading time":"7 minutes"},"schema":{"@context":"https:\/\/schema.org","@graph":[{"@type":"WebSite","@id":"https:\/\/www.copyr.eu\/en\/#website","url":"https:\/\/www.copyr.eu\/en\/","name":"Copyr.eu EN","description":"Migliorare la qualit\u00e0, la sicurezza e l&#039;igiene dei luoghi in cui viviamo","potentialAction":[{"@type":"SearchAction","target":{"@type":"EntryPoint","urlTemplate":"https:\/\/www.copyr.eu\/en\/?s={search_term_string}"},"query-input":"required name=search_term_string"}],"inLanguage":"en-US"},{"@type":"WebPage","@id":"https:\/\/www.copyr.eu\/en\/informativa-gdpr-clienti-e-fornitori\/#webpage","url":"https:\/\/www.copyr.eu\/en\/informativa-gdpr-clienti-e-fornitori\/","name":"Customer and Supplier GDPR - Copyr.eu EN","isPartOf":{"@id":"https:\/\/www.copyr.eu\/en\/#website"},"datePublished":"2021-02-26T16:27:26+00:00","dateModified":"2022-06-29T10:04:07+00:00","breadcrumb":{"@id":"https:\/\/www.copyr.eu\/en\/informativa-gdpr-clienti-e-fornitori\/#breadcrumb"},"inLanguage":"en-US","potentialAction":[{"@type":"ReadAction","target":["https:\/\/www.copyr.eu\/en\/informativa-gdpr-clienti-e-fornitori\/"]}]},{"@type":"BreadcrumbList","@id":"https:\/\/www.copyr.eu\/en\/informativa-gdpr-clienti-e-fornitori\/#breadcrumb","itemListElement":[{"@type":"ListItem","position":1,"name":"Home","item":"https:\/\/www.copyr.eu\/en\/"},{"@type":"ListItem","position":2,"name":"Customer and Supplier GDPR"}]}]}},"_links":{"self":[{"href":"https:\/\/www.copyr.eu\/en\/wp-json\/wp\/v2\/pages\/10100"}],"collection":[{"href":"https:\/\/www.copyr.eu\/en\/wp-json\/wp\/v2\/pages"}],"about":[{"href":"https:\/\/www.copyr.eu\/en\/wp-json\/wp\/v2\/types\/page"}],"author":[{"embeddable":true,"href":"https:\/\/www.copyr.eu\/en\/wp-json\/wp\/v2\/users\/2"}],"replies":[{"embeddable":true,"href":"https:\/\/www.copyr.eu\/en\/wp-json\/wp\/v2\/comments?post=10100"}],"version-history":[{"count":7,"href":"https:\/\/www.copyr.eu\/en\/wp-json\/wp\/v2\/pages\/10100\/revisions"}],"predecessor-version":[{"id":11806,"href":"https:\/\/www.copyr.eu\/en\/wp-json\/wp\/v2\/pages\/10100\/revisions\/11806"}],"wp:attachment":[{"href":"https:\/\/www.copyr.eu\/en\/wp-json\/wp\/v2\/media?parent=10100"}],"curies":[{"name":"wp","href":"https:\/\/api.w.org\/{rel}","templated":true}]}}